{"id":2523,"date":"2018-11-26T12:21:26","date_gmt":"2018-11-26T12:21:26","guid":{"rendered":"https:\/\/ccscleaning.com\/?page_id=2523"},"modified":"2025-08-19T07:05:45","modified_gmt":"2025-08-19T07:05:45","slug":"diversity","status":"publish","type":"page","link":"https:\/\/ccscleaning.com\/de\/diversity\/","title":{"rendered":"Diversity"},"content":{"rendered":"<div class=\"diver\">\r\n<div class=\"container\">\r\n<div class=\"row\">\r\n<div class=\"innerpage-content center\">\r\n<h2>CHARTA DER VIELFALT<\/h2>\r\n<p>Wir sind stolz darauf, dass wir ein Unternehmen mit \u00fcber 2.000 Mitarbeitern sind, das in acht L\u00e4ndern Teams mit insgesamt 88 verschiedenen Nationalit\u00e4ten besch\u00e4ftigt. Vielfalt ist einer der Eckpfeiler unseres Erfolgs und deshalb schlie\u00dfen wir uns der Charta der Vielfalt jedes Unternehmens an, in dem wir t\u00e4tig sind.<\/p>\r\n<ul class=\"content-list\">\r\n<li>Kontinuierliche Arbeit an einer Unternehmenskultur, die Vielfalt respektiert und wertsch\u00e4tzt.<\/li>\r\n<li>Ausbau unseres Engagements f\u00fcr Vielfalt am Arbeitsplatz durch entsprechende Schulungen des Managements und der Mitarbeiter.<\/li>\r\n<li>Anerkennung und F\u00f6rderung der Umsetzung aller Aspekte des Grundsatzes der Nichtdiskriminierung in Unternehmen.<\/li>\r\n<li>Bestreben, die Vielfalt der Gesellschaft auf allen Ebenen unserer Organisation widerzuspiegeln.<\/li>\r\n<li>Einbindung von Mitarbeitern, Kunden und Lieferanten in unsere Initiativen f\u00fcr Vielfalt und Gleichstellung.<\/li>\r\n<li>Bekr\u00e4ftigung unseres Engagements f\u00fcr Nichtdiskriminierung und Vielfalt in unseren Ver\u00f6ffentlichungen, wo es angebracht erscheint.<\/li>\r\n<li>Beteilitung an der irischen Charta der Vielfalt.<\/li>\r\n<\/ul>\r\n<div class=\"diversity-logo\" style=\"text-align: center\"><img loading=\"lazy\" decoding=\"async\" class=\"alignnone wp-image-2571\" src=\"https:\/\/ccscleaning.com\/nl\/wp-content\/uploads\/sites\/4\/2018\/11\/CCS_Diversity_bar-1.jpg\" alt=\"\" width=\"1109\" height=\"152\" \/><\/div>\r\n<\/div>\r\n<\/div>\r\n<\/div>\r\n<\/div>","protected":false},"excerpt":{"rendered":"<p>CHARTA DER VIELFALT Wir sind stolz darauf, dass wir ein Unternehmen mit \u00fcber 2.000 Mitarbeitern sind, das in acht L\u00e4ndern Teams mit insgesamt 88 verschiedenen Nationalit\u00e4ten besch\u00e4ftigt. Vielfalt ist einer der Eckpfeiler unseres Erfolgs und deshalb schlie\u00dfen wir uns der Charta der Vielfalt jedes Unternehmens an, in dem wir t\u00e4tig sind. Kontinuierliche Arbeit an einer&#8230;  <a href=\"https:\/\/ccscleaning.com\/de\/diversity\/\" class=\"more-link\" title=\"Read Diversity\">Read more &raquo;<\/a><\/p>\n","protected":false},"author":1,"featured_media":0,"parent":0,"menu_order":0,"comment_status":"closed","ping_status":"closed","template":"","meta":{"footnotes":""},"class_list":["post-2523","page","type-page","status-publish","hentry"],"yoast_head":"<!-- This site is optimized with the Yoast SEO plugin v27.1.1 - https:\/\/yoast.com\/product\/yoast-seo-wordpress\/ -->\n<title>Charta der Vielfalt \u2013 CCS Cleaning<\/title>\n<meta name=\"description\" content=\"CCS Cleaning besteht aus \u00fcber 2000 Mitarbeitern in 8 verschiedenen L\u00e4ndern, die an der Charta der Vielfalt in Irland teilgenommen haben.\" \/>\n<meta name=\"robots\" content=\"index, follow, max-snippet:-1, max-image-preview:large, max-video-preview:-1\" \/>\n<link rel=\"canonical\" href=\"https:\/\/ccscleaning.com\/de\/diversity\/\" \/>\n<meta property=\"og:locale\" content=\"de_DE\" \/>\n<meta property=\"og:type\" content=\"article\" \/>\n<meta property=\"og:title\" content=\"Charta der Vielfalt \u2013 CCS Cleaning\" \/>\n<meta property=\"og:description\" content=\"CCS Cleaning besteht aus \u00fcber 2000 Mitarbeitern in 8 verschiedenen L\u00e4ndern, die an der Charta der Vielfalt in Irland teilgenommen haben.\" \/>\n<meta property=\"og:url\" content=\"https:\/\/ccscleaning.com\/de\/diversity\/\" \/>\n<meta property=\"og:site_name\" content=\"CCS Cleaning German\" \/>\n<meta property=\"article:modified_time\" content=\"2025-08-19T07:05:45+00:00\" \/>\n<meta property=\"og:image\" content=\"https:\/\/ccscleaning.com\/nl\/wp-content\/uploads\/sites\/4\/2018\/11\/CCS_Diversity_bar-1.jpg\" \/>\n<meta name=\"twitter:card\" content=\"summary_large_image\" \/>\n<meta name=\"twitter:label1\" content=\"Est. reading time\" \/>\n\t<meta name=\"twitter:data1\" content=\"1\u00a0Minute\" \/>\n<!-- \/ Yoast SEO plugin. -->","yoast_head_json":{"title":"Charta der Vielfalt \u2013 CCS Cleaning","description":"CCS Cleaning besteht aus \u00fcber 2000 Mitarbeitern in 8 verschiedenen L\u00e4ndern, die an der Charta der Vielfalt in Irland teilgenommen haben.","robots":{"index":"index","follow":"follow","max-snippet":"max-snippet:-1","max-image-preview":"max-image-preview:large","max-video-preview":"max-video-preview:-1"},"canonical":"https:\/\/ccscleaning.com\/de\/diversity\/","og_locale":"de_DE","og_type":"article","og_title":"Charta der Vielfalt \u2013 CCS Cleaning","og_description":"CCS Cleaning besteht aus \u00fcber 2000 Mitarbeitern in 8 verschiedenen L\u00e4ndern, die an der Charta der Vielfalt in Irland teilgenommen haben.","og_url":"https:\/\/ccscleaning.com\/de\/diversity\/","og_site_name":"CCS Cleaning German","article_modified_time":"2025-08-19T07:05:45+00:00","og_image":[{"url":"https:\/\/ccscleaning.com\/nl\/wp-content\/uploads\/sites\/4\/2018\/11\/CCS_Diversity_bar-1.jpg","type":"","width":"","height":""}],"twitter_card":"summary_large_image","twitter_misc":{"Est. reading time":"1\u00a0Minute"},"schema":{"@context":"https:\/\/schema.org","@graph":[{"@type":"WebPage","@id":"https:\/\/ccscleaning.com\/de\/diversity\/","url":"https:\/\/ccscleaning.com\/de\/diversity\/","name":"Charta der Vielfalt \u2013 CCS Cleaning","isPartOf":{"@id":"https:\/\/ccscleaning.com\/de\/#website"},"primaryImageOfPage":{"@id":"https:\/\/ccscleaning.com\/de\/diversity\/#primaryimage"},"image":{"@id":"https:\/\/ccscleaning.com\/de\/diversity\/#primaryimage"},"thumbnailUrl":"https:\/\/ccscleaning.com\/nl\/wp-content\/uploads\/sites\/4\/2018\/11\/CCS_Diversity_bar-1.jpg","datePublished":"2018-11-26T12:21:26+00:00","dateModified":"2025-08-19T07:05:45+00:00","description":"CCS Cleaning besteht aus \u00fcber 2000 Mitarbeitern in 8 verschiedenen L\u00e4ndern, die an der Charta der Vielfalt in Irland teilgenommen haben.","breadcrumb":{"@id":"https:\/\/ccscleaning.com\/de\/diversity\/#breadcrumb"},"inLanguage":"de","potentialAction":[{"@type":"ReadAction","target":["https:\/\/ccscleaning.com\/de\/diversity\/"]}]},{"@type":"ImageObject","inLanguage":"de","@id":"https:\/\/ccscleaning.com\/de\/diversity\/#primaryimage","url":"https:\/\/ccscleaning.com\/nl\/wp-content\/uploads\/sites\/4\/2018\/11\/CCS_Diversity_bar-1.jpg","contentUrl":"https:\/\/ccscleaning.com\/nl\/wp-content\/uploads\/sites\/4\/2018\/11\/CCS_Diversity_bar-1.jpg"},{"@type":"BreadcrumbList","@id":"https:\/\/ccscleaning.com\/de\/diversity\/#breadcrumb","itemListElement":[{"@type":"ListItem","position":1,"name":"Startseite","item":"https:\/\/ccscleaning.com\/de\/"},{"@type":"ListItem","position":2,"name":"Diversity"}]},{"@type":"WebSite","@id":"https:\/\/ccscleaning.com\/de\/#website","url":"https:\/\/ccscleaning.com\/de\/","name":"CCS Cleaning German","description":"","potentialAction":[{"@type":"SearchAction","target":{"@type":"EntryPoint","urlTemplate":"https:\/\/ccscleaning.com\/de\/?s={search_term_string}"},"query-input":{"@type":"PropertyValueSpecification","valueRequired":true,"valueName":"search_term_string"}}],"inLanguage":"de"}]}},"acf":[],"_links":{"self":[{"href":"https:\/\/ccscleaning.com\/de\/wp-json\/wp\/v2\/pages\/2523","targetHints":{"allow":["GET"]}}],"collection":[{"href":"https:\/\/ccscleaning.com\/de\/wp-json\/wp\/v2\/pages"}],"about":[{"href":"https:\/\/ccscleaning.com\/de\/wp-json\/wp\/v2\/types\/page"}],"author":[{"embeddable":true,"href":"https:\/\/ccscleaning.com\/de\/wp-json\/wp\/v2\/users\/1"}],"replies":[{"embeddable":true,"href":"https:\/\/ccscleaning.com\/de\/wp-json\/wp\/v2\/comments?post=2523"}],"version-history":[{"count":5,"href":"https:\/\/ccscleaning.com\/de\/wp-json\/wp\/v2\/pages\/2523\/revisions"}],"predecessor-version":[{"id":7536,"href":"https:\/\/ccscleaning.com\/de\/wp-json\/wp\/v2\/pages\/2523\/revisions\/7536"}],"wp:attachment":[{"href":"https:\/\/ccscleaning.com\/de\/wp-json\/wp\/v2\/media?parent=2523"}],"curies":[{"name":"wp","href":"https:\/\/api.w.org\/{rel}","templated":true}]}}