{"id":2917,"date":"2018-12-03T07:23:15","date_gmt":"2018-12-03T07:23:15","guid":{"rendered":"https:\/\/ccscleaning.com\/?page_id=2917"},"modified":"2025-08-19T07:05:45","modified_gmt":"2025-08-19T07:05:45","slug":"smart-clean","status":"publish","type":"page","link":"https:\/\/ccscleaning.com\/de\/smart-clean\/","title":{"rendered":"Smart Clean"},"content":{"rendered":"<div class=\"smteam\">\r\n<div class=\"container\">\r\n<div class=\"row\">\r\n<div class=\"innerpage-content center\">\r\n<h2>INTELLIGENTE REINIGUNG:<\/h2>\r\n<p>CCS ist ein intelligentes und innovatives Reinigungsunternehmen. Alle unsere Mitarbeiter werden \u00fcberpr\u00fcft und ihr Fortschritt wird genau \u00fcberwacht. Dieser klare und fokussierte Ansatz wird durch unsere interaktiven IT-Systeme unterst\u00fctzt. CCS bringt bereits die Vorteile von k\u00fcnstlicher Intelligenz, Echtzeit-Metriken und kundenspezifischen Web-Portalen f\u00fcr unsere Kunden.<\/p>\r\n<\/br>\r\n<h2>SMART PR\u00dcFUNG.<\/h2>\r\n<p>Jeden Tag werden unsere intelligenten IT-Systeme von unseren Smart Teams genutzt. Unser Ende der Schicht-Audits wird jeden Tag von unseren Vorgesetzten auf unseren Kunden-Standorten abgeschlossen, \u00dcberpr\u00fcfung der Reinigungsstandards, Umwelt-Gesundheit und Sicherheitskontrollen und Mitarbeiter Feedback. Unsere spezialisierten Pr\u00fcfungen werden monatlich f\u00fcr jeden Kundenstandort durch unser erfahrenes Managementteam durchgef\u00fchrt. Unsere Echtzeit-Informationen k\u00f6nnen wertvolle Berichte f\u00fcr unsere Kunden aus einer Reinigungs- und Compliance-Perspektive liefern.<\/p>\r\n<\/br>\r\n<h2>SMART ANTWORT.<\/h2>\r\n<p>CCS hat die M\u00f6glichkeit, alle unsere Reinigungsmaschinen \u00fcber unser einzigartiges SAMGO Service- und Wartungswerkzeug zu \u00fcberwachen. Damit wird Zeit und Effizienz optimiert.<\/p>\r\n<\/br>\r\n<h2>MA\u00dfGESCHNEIDERTES. PORTAL.<\/h2>\r\n<p>CCS bietet den Kunden ein ma\u00dfgeschneidertes Management-Informations-Portal. Das System kann \u00fcber eine sichere Internetverbindung 365 Tage im Jahr erreicht werden. Das Portal erm\u00f6glicht es uns, mit Ihnen in Echtzeit zusammenzuarbeiten, um Probleme schnell zu l\u00f6sen.<\/p>\r\n<\/br>\r\n<h2>AKTIVIERT.<\/h2>\r\n<p>CCS hat in eine Cloud-basierte HR-Plattform investiert, die es uns erm\u00f6glicht, auf Informationen zuzugreifen und zu aktualisieren, Urlaubsanspr\u00fcche und Anfragen und Performance und disziplinarische Emission zu ver\u00f6ffentlichen. Dies stellt sicher, dass Sie einen brillant zuverl\u00e4ssigen und rechenschaftspflichtigen Service erhalten.<\/p>\r\n<\/div>\r\n<\/div>\r\n<\/div>\r\n<\/div>","protected":false},"excerpt":{"rendered":"<p>INTELLIGENTE REINIGUNG: CCS ist ein intelligentes und innovatives Reinigungsunternehmen. Alle unsere Mitarbeiter werden \u00fcberpr\u00fcft und ihr Fortschritt wird genau \u00fcberwacht. Dieser klare und fokussierte Ansatz wird durch unsere interaktiven IT-Systeme unterst\u00fctzt. CCS bringt bereits die Vorteile von k\u00fcnstlicher Intelligenz, Echtzeit-Metriken und kundenspezifischen Web-Portalen f\u00fcr unsere Kunden. SMART PR\u00dcFUNG. Jeden Tag werden unsere intelligenten IT-Systeme von&#8230;  <a href=\"https:\/\/ccscleaning.com\/de\/smart-clean\/\" class=\"more-link\" title=\"Read Smart Clean\">Read more &raquo;<\/a><\/p>\n","protected":false},"author":1,"featured_media":0,"parent":0,"menu_order":0,"comment_status":"closed","ping_status":"closed","template":"","meta":{"footnotes":""},"class_list":["post-2917","page","type-page","status-publish","hentry"],"yoast_head":"<!-- This site is optimized with the Yoast SEO plugin v27.1.1 - https:\/\/yoast.com\/product\/yoast-seo-wordpress\/ -->\n<title>Clever Sauber Dienstleistungen - Einzelhandel B\u00fcroreinigung<\/title>\n<meta name=\"description\" content=\"CCS Cleaning, ISO zertifiziertes Unternehmen verwendet intelligente Reinigungsmittel, Ger\u00e4te f\u00fcr B\u00fcro Reinigungsdienste im Einzelhandel. 4800+ Projekte abgeschlossen.\" \/>\n<meta name=\"robots\" content=\"index, follow, max-snippet:-1, max-image-preview:large, max-video-preview:-1\" \/>\n<link rel=\"canonical\" href=\"https:\/\/ccscleaning.com\/de\/smart-clean\/\" \/>\n<meta property=\"og:locale\" content=\"de_DE\" \/>\n<meta property=\"og:type\" content=\"article\" \/>\n<meta property=\"og:title\" content=\"Clever Sauber Dienstleistungen - Einzelhandel B\u00fcroreinigung\" \/>\n<meta property=\"og:description\" content=\"CCS Cleaning, ISO zertifiziertes Unternehmen verwendet intelligente Reinigungsmittel, Ger\u00e4te f\u00fcr B\u00fcro Reinigungsdienste im Einzelhandel. 4800+ Projekte abgeschlossen.\" \/>\n<meta property=\"og:url\" content=\"https:\/\/ccscleaning.com\/de\/smart-clean\/\" \/>\n<meta property=\"og:site_name\" content=\"CCS Cleaning German\" \/>\n<meta property=\"article:modified_time\" content=\"2025-08-19T07:05:45+00:00\" \/>\n<meta name=\"twitter:card\" content=\"summary_large_image\" \/>\n<meta name=\"twitter:label1\" content=\"Est. reading time\" \/>\n\t<meta name=\"twitter:data1\" content=\"2\u00a0Minuten\" \/>\n<!-- \/ Yoast SEO plugin. -->","yoast_head_json":{"title":"Clever Sauber Dienstleistungen - Einzelhandel B\u00fcroreinigung","description":"CCS Cleaning, ISO zertifiziertes Unternehmen verwendet intelligente Reinigungsmittel, Ger\u00e4te f\u00fcr B\u00fcro Reinigungsdienste im Einzelhandel. 4800+ Projekte abgeschlossen.","robots":{"index":"index","follow":"follow","max-snippet":"max-snippet:-1","max-image-preview":"max-image-preview:large","max-video-preview":"max-video-preview:-1"},"canonical":"https:\/\/ccscleaning.com\/de\/smart-clean\/","og_locale":"de_DE","og_type":"article","og_title":"Clever Sauber Dienstleistungen - Einzelhandel B\u00fcroreinigung","og_description":"CCS Cleaning, ISO zertifiziertes Unternehmen verwendet intelligente Reinigungsmittel, Ger\u00e4te f\u00fcr B\u00fcro Reinigungsdienste im Einzelhandel. 4800+ Projekte abgeschlossen.","og_url":"https:\/\/ccscleaning.com\/de\/smart-clean\/","og_site_name":"CCS Cleaning German","article_modified_time":"2025-08-19T07:05:45+00:00","twitter_card":"summary_large_image","twitter_misc":{"Est. reading time":"2\u00a0Minuten"},"schema":{"@context":"https:\/\/schema.org","@graph":[{"@type":"WebPage","@id":"https:\/\/ccscleaning.com\/de\/smart-clean\/","url":"https:\/\/ccscleaning.com\/de\/smart-clean\/","name":"Clever Sauber Dienstleistungen - Einzelhandel B\u00fcroreinigung","isPartOf":{"@id":"https:\/\/ccscleaning.com\/de\/#website"},"datePublished":"2018-12-03T07:23:15+00:00","dateModified":"2025-08-19T07:05:45+00:00","description":"CCS Cleaning, ISO zertifiziertes Unternehmen verwendet intelligente Reinigungsmittel, Ger\u00e4te f\u00fcr B\u00fcro Reinigungsdienste im Einzelhandel. 4800+ Projekte abgeschlossen.","breadcrumb":{"@id":"https:\/\/ccscleaning.com\/de\/smart-clean\/#breadcrumb"},"inLanguage":"de","potentialAction":[{"@type":"ReadAction","target":["https:\/\/ccscleaning.com\/de\/smart-clean\/"]}]},{"@type":"BreadcrumbList","@id":"https:\/\/ccscleaning.com\/de\/smart-clean\/#breadcrumb","itemListElement":[{"@type":"ListItem","position":1,"name":"Startseite","item":"https:\/\/ccscleaning.com\/de\/"},{"@type":"ListItem","position":2,"name":"Smart Clean"}]},{"@type":"WebSite","@id":"https:\/\/ccscleaning.com\/de\/#website","url":"https:\/\/ccscleaning.com\/de\/","name":"CCS Cleaning German","description":"","potentialAction":[{"@type":"SearchAction","target":{"@type":"EntryPoint","urlTemplate":"https:\/\/ccscleaning.com\/de\/?s={search_term_string}"},"query-input":{"@type":"PropertyValueSpecification","valueRequired":true,"valueName":"search_term_string"}}],"inLanguage":"de"}]}},"acf":[],"_links":{"self":[{"href":"https:\/\/ccscleaning.com\/de\/wp-json\/wp\/v2\/pages\/2917","targetHints":{"allow":["GET"]}}],"collection":[{"href":"https:\/\/ccscleaning.com\/de\/wp-json\/wp\/v2\/pages"}],"about":[{"href":"https:\/\/ccscleaning.com\/de\/wp-json\/wp\/v2\/types\/page"}],"author":[{"embeddable":true,"href":"https:\/\/ccscleaning.com\/de\/wp-json\/wp\/v2\/users\/1"}],"replies":[{"embeddable":true,"href":"https:\/\/ccscleaning.com\/de\/wp-json\/wp\/v2\/comments?post=2917"}],"version-history":[{"count":3,"href":"https:\/\/ccscleaning.com\/de\/wp-json\/wp\/v2\/pages\/2917\/revisions"}],"predecessor-version":[{"id":7546,"href":"https:\/\/ccscleaning.com\/de\/wp-json\/wp\/v2\/pages\/2917\/revisions\/7546"}],"wp:attachment":[{"href":"https:\/\/ccscleaning.com\/de\/wp-json\/wp\/v2\/media?parent=2917"}],"curies":[{"name":"wp","href":"https:\/\/api.w.org\/{rel}","templated":true}]}}