{"id":3453,"date":"2019-07-18T13:58:23","date_gmt":"2019-07-18T13:58:23","guid":{"rendered":"https:\/\/ccscleaning.com\/?page_id=3453"},"modified":"2025-08-19T07:05:44","modified_gmt":"2025-08-19T07:05:44","slug":"solutions","status":"publish","type":"page","link":"https:\/\/ccscleaning.com\/de\/solutions\/","title":{"rendered":"Solutions"},"content":{"rendered":"","protected":false},"excerpt":{"rendered":"","protected":false},"author":1,"featured_media":0,"parent":0,"menu_order":0,"comment_status":"closed","ping_status":"closed","template":"page-templates\/page-solutions-main.php","meta":{"footnotes":""},"class_list":["post-3453","page","type-page","status-publish","hentry"],"yoast_head":"<!-- This site is optimized with the Yoast SEO plugin v27.1.1 - https:\/\/yoast.com\/product\/yoast-seo-wordpress\/ -->\n<title>Einfache kundenspezifische Reinigungsl\u00f6sungen von CCS<\/title>\n<meta name=\"description\" content=\"Unsere ma\u00dfgeschneiderten Reinigungsl\u00f6sungen und ma\u00dfgeschneiderten Studien bieten effektive Reinigungsservices, bei denen der Kunde individuell nach seinen Bed\u00fcrfnissen ausw\u00e4hlt.\" \/>\n<meta name=\"robots\" content=\"index, follow, max-snippet:-1, max-image-preview:large, max-video-preview:-1\" \/>\n<link rel=\"canonical\" href=\"https:\/\/ccscleaning.com\/de\/solutions\/\" \/>\n<meta property=\"og:locale\" content=\"de_DE\" \/>\n<meta property=\"og:type\" content=\"article\" \/>\n<meta property=\"og:title\" content=\"Einfache kundenspezifische Reinigungsl\u00f6sungen von CCS\" \/>\n<meta property=\"og:description\" content=\"Unsere ma\u00dfgeschneiderten Reinigungsl\u00f6sungen und ma\u00dfgeschneiderten Studien bieten effektive Reinigungsservices, bei denen der Kunde individuell nach seinen Bed\u00fcrfnissen ausw\u00e4hlt.\" \/>\n<meta property=\"og:url\" content=\"https:\/\/ccscleaning.com\/de\/solutions\/\" \/>\n<meta property=\"og:site_name\" content=\"CCS Cleaning German\" \/>\n<meta property=\"article:modified_time\" content=\"2025-08-19T07:05:44+00:00\" \/>\n<meta name=\"twitter:card\" content=\"summary_large_image\" \/>\n<!-- \/ Yoast SEO plugin. -->","yoast_head_json":{"title":"Einfache kundenspezifische Reinigungsl\u00f6sungen von CCS","description":"Unsere ma\u00dfgeschneiderten Reinigungsl\u00f6sungen und ma\u00dfgeschneiderten Studien bieten effektive Reinigungsservices, bei denen der Kunde individuell nach seinen Bed\u00fcrfnissen ausw\u00e4hlt.","robots":{"index":"index","follow":"follow","max-snippet":"max-snippet:-1","max-image-preview":"max-image-preview:large","max-video-preview":"max-video-preview:-1"},"canonical":"https:\/\/ccscleaning.com\/de\/solutions\/","og_locale":"de_DE","og_type":"article","og_title":"Einfache kundenspezifische Reinigungsl\u00f6sungen von CCS","og_description":"Unsere ma\u00dfgeschneiderten Reinigungsl\u00f6sungen und ma\u00dfgeschneiderten Studien bieten effektive Reinigungsservices, bei denen der Kunde individuell nach seinen Bed\u00fcrfnissen ausw\u00e4hlt.","og_url":"https:\/\/ccscleaning.com\/de\/solutions\/","og_site_name":"CCS Cleaning German","article_modified_time":"2025-08-19T07:05:44+00:00","twitter_card":"summary_large_image","schema":{"@context":"https:\/\/schema.org","@graph":[{"@type":"WebPage","@id":"https:\/\/ccscleaning.com\/de\/solutions\/","url":"https:\/\/ccscleaning.com\/de\/solutions\/","name":"Einfache kundenspezifische Reinigungsl\u00f6sungen von CCS","isPartOf":{"@id":"https:\/\/ccscleaning.com\/de\/#website"},"datePublished":"2019-07-18T13:58:23+00:00","dateModified":"2025-08-19T07:05:44+00:00","description":"Unsere ma\u00dfgeschneiderten Reinigungsl\u00f6sungen und ma\u00dfgeschneiderten Studien bieten effektive Reinigungsservices, bei denen der Kunde individuell nach seinen Bed\u00fcrfnissen ausw\u00e4hlt.","breadcrumb":{"@id":"https:\/\/ccscleaning.com\/de\/solutions\/#breadcrumb"},"inLanguage":"de","potentialAction":[{"@type":"ReadAction","target":["https:\/\/ccscleaning.com\/de\/solutions\/"]}]},{"@type":"BreadcrumbList","@id":"https:\/\/ccscleaning.com\/de\/solutions\/#breadcrumb","itemListElement":[{"@type":"ListItem","position":1,"name":"Startseite","item":"https:\/\/ccscleaning.com\/de\/"},{"@type":"ListItem","position":2,"name":"Solutions"}]},{"@type":"WebSite","@id":"https:\/\/ccscleaning.com\/de\/#website","url":"https:\/\/ccscleaning.com\/de\/","name":"CCS Cleaning German","description":"","potentialAction":[{"@type":"SearchAction","target":{"@type":"EntryPoint","urlTemplate":"https:\/\/ccscleaning.com\/de\/?s={search_term_string}"},"query-input":{"@type":"PropertyValueSpecification","valueRequired":true,"valueName":"search_term_string"}}],"inLanguage":"de"}]}},"acf":[],"_links":{"self":[{"href":"https:\/\/ccscleaning.com\/de\/wp-json\/wp\/v2\/pages\/3453","targetHints":{"allow":["GET"]}}],"collection":[{"href":"https:\/\/ccscleaning.com\/de\/wp-json\/wp\/v2\/pages"}],"about":[{"href":"https:\/\/ccscleaning.com\/de\/wp-json\/wp\/v2\/types\/page"}],"author":[{"embeddable":true,"href":"https:\/\/ccscleaning.com\/de\/wp-json\/wp\/v2\/users\/1"}],"replies":[{"embeddable":true,"href":"https:\/\/ccscleaning.com\/de\/wp-json\/wp\/v2\/comments?post=3453"}],"version-history":[{"count":6,"href":"https:\/\/ccscleaning.com\/de\/wp-json\/wp\/v2\/pages\/3453\/revisions"}],"predecessor-version":[{"id":7420,"href":"https:\/\/ccscleaning.com\/de\/wp-json\/wp\/v2\/pages\/3453\/revisions\/7420"}],"wp:attachment":[{"href":"https:\/\/ccscleaning.com\/de\/wp-json\/wp\/v2\/media?parent=3453"}],"curies":[{"name":"wp","href":"https:\/\/api.w.org\/{rel}","templated":true}]}}