{"id":3612,"date":"2019-07-30T07:54:57","date_gmt":"2019-07-30T07:54:57","guid":{"rendered":"https:\/\/ccscleaning.com\/?page_id=3612"},"modified":"2025-08-19T12:33:59","modified_gmt":"2025-08-19T12:33:59","slug":"core","status":"publish","type":"page","link":"https:\/\/ccscleaning.com\/de\/core\/","title":{"rendered":"CORE"},"content":{"rendered":"","protected":false},"excerpt":{"rendered":"","protected":false},"author":1,"featured_media":0,"parent":0,"menu_order":0,"comment_status":"closed","ping_status":"closed","template":"page-templates\/page-solution-amie.php","meta":{"footnotes":""},"class_list":["post-3612","page","type-page","status-publish","hentry"],"yoast_head":"<!-- This site is optimized with the Yoast SEO plugin v27.1.1 - https:\/\/yoast.com\/product\/yoast-seo-wordpress\/ -->\n<title>Reinigungsmanagement-Software - Core von CCS Cleaning<\/title>\n<meta name=\"description\" content=\"Benutzerfreundliche Reinigungsmanagement-Software, die es dem Kunden erm\u00f6glicht, den Reinigungsstatus von \u00fcberall aus einzusehen oder zu \u00fcberpr\u00fcfen.\" \/>\n<meta name=\"robots\" content=\"index, follow, max-snippet:-1, max-image-preview:large, max-video-preview:-1\" \/>\n<link rel=\"canonical\" href=\"https:\/\/ccscleaning.com\/de\/core\/\" \/>\n<meta property=\"og:locale\" content=\"de_DE\" \/>\n<meta property=\"og:type\" content=\"article\" \/>\n<meta property=\"og:title\" content=\"Reinigungsmanagement-Software - Core von CCS Cleaning\" \/>\n<meta property=\"og:description\" content=\"Benutzerfreundliche Reinigungsmanagement-Software, die es dem Kunden erm\u00f6glicht, den Reinigungsstatus von \u00fcberall aus einzusehen oder zu \u00fcberpr\u00fcfen.\" \/>\n<meta property=\"og:url\" content=\"https:\/\/ccscleaning.com\/de\/core\/\" \/>\n<meta property=\"og:site_name\" content=\"CCS Cleaning German\" \/>\n<meta property=\"article:modified_time\" content=\"2025-08-19T12:33:59+00:00\" \/>\n<meta name=\"twitter:card\" content=\"summary_large_image\" \/>\n<!-- \/ Yoast SEO plugin. -->","yoast_head_json":{"title":"Reinigungsmanagement-Software - Core von CCS Cleaning","description":"Benutzerfreundliche Reinigungsmanagement-Software, die es dem Kunden erm\u00f6glicht, den Reinigungsstatus von \u00fcberall aus einzusehen oder zu \u00fcberpr\u00fcfen.","robots":{"index":"index","follow":"follow","max-snippet":"max-snippet:-1","max-image-preview":"max-image-preview:large","max-video-preview":"max-video-preview:-1"},"canonical":"https:\/\/ccscleaning.com\/de\/core\/","og_locale":"de_DE","og_type":"article","og_title":"Reinigungsmanagement-Software - Core von CCS Cleaning","og_description":"Benutzerfreundliche Reinigungsmanagement-Software, die es dem Kunden erm\u00f6glicht, den Reinigungsstatus von \u00fcberall aus einzusehen oder zu \u00fcberpr\u00fcfen.","og_url":"https:\/\/ccscleaning.com\/de\/core\/","og_site_name":"CCS Cleaning German","article_modified_time":"2025-08-19T12:33:59+00:00","twitter_card":"summary_large_image","schema":{"@context":"https:\/\/schema.org","@graph":[{"@type":"WebPage","@id":"https:\/\/ccscleaning.com\/de\/core\/","url":"https:\/\/ccscleaning.com\/de\/core\/","name":"Reinigungsmanagement-Software - Core von CCS Cleaning","isPartOf":{"@id":"https:\/\/ccscleaning.com\/de\/#website"},"datePublished":"2019-07-30T07:54:57+00:00","dateModified":"2025-08-19T12:33:59+00:00","description":"Benutzerfreundliche Reinigungsmanagement-Software, die es dem Kunden erm\u00f6glicht, den Reinigungsstatus von \u00fcberall aus einzusehen oder zu \u00fcberpr\u00fcfen.","breadcrumb":{"@id":"https:\/\/ccscleaning.com\/de\/core\/#breadcrumb"},"inLanguage":"de","potentialAction":[{"@type":"ReadAction","target":["https:\/\/ccscleaning.com\/de\/core\/"]}]},{"@type":"BreadcrumbList","@id":"https:\/\/ccscleaning.com\/de\/core\/#breadcrumb","itemListElement":[{"@type":"ListItem","position":1,"name":"Startseite","item":"https:\/\/ccscleaning.com\/de\/"},{"@type":"ListItem","position":2,"name":"CORE"}]},{"@type":"WebSite","@id":"https:\/\/ccscleaning.com\/de\/#website","url":"https:\/\/ccscleaning.com\/de\/","name":"CCS Cleaning German","description":"","potentialAction":[{"@type":"SearchAction","target":{"@type":"EntryPoint","urlTemplate":"https:\/\/ccscleaning.com\/de\/?s={search_term_string}"},"query-input":{"@type":"PropertyValueSpecification","valueRequired":true,"valueName":"search_term_string"}}],"inLanguage":"de"}]}},"acf":[],"_links":{"self":[{"href":"https:\/\/ccscleaning.com\/de\/wp-json\/wp\/v2\/pages\/3612","targetHints":{"allow":["GET"]}}],"collection":[{"href":"https:\/\/ccscleaning.com\/de\/wp-json\/wp\/v2\/pages"}],"about":[{"href":"https:\/\/ccscleaning.com\/de\/wp-json\/wp\/v2\/types\/page"}],"author":[{"embeddable":true,"href":"https:\/\/ccscleaning.com\/de\/wp-json\/wp\/v2\/users\/1"}],"replies":[{"embeddable":true,"href":"https:\/\/ccscleaning.com\/de\/wp-json\/wp\/v2\/comments?post=3612"}],"version-history":[{"count":19,"href":"https:\/\/ccscleaning.com\/de\/wp-json\/wp\/v2\/pages\/3612\/revisions"}],"predecessor-version":[{"id":7661,"href":"https:\/\/ccscleaning.com\/de\/wp-json\/wp\/v2\/pages\/3612\/revisions\/7661"}],"wp:attachment":[{"href":"https:\/\/ccscleaning.com\/de\/wp-json\/wp\/v2\/media?parent=3612"}],"curies":[{"name":"wp","href":"https:\/\/api.w.org\/{rel}","templated":true}]}}