{"id":3674,"date":"2019-07-30T13:03:51","date_gmt":"2019-07-30T13:03:51","guid":{"rendered":"https:\/\/ccscleaning.com\/?page_id=3674"},"modified":"2025-08-19T07:05:43","modified_gmt":"2025-08-19T07:05:43","slug":"legislation","status":"publish","type":"page","link":"https:\/\/ccscleaning.com\/de\/legislation\/","title":{"rendered":"Legislation"},"content":{"rendered":"","protected":false},"excerpt":{"rendered":"","protected":false},"author":1,"featured_media":0,"parent":0,"menu_order":0,"comment_status":"closed","ping_status":"closed","template":"page-templates\/page-csr-inner.php","meta":{"footnotes":""},"class_list":["post-3674","page","type-page","status-publish","hentry"],"yoast_head":"<!-- This site is optimized with the Yoast SEO plugin v27.1.1 - https:\/\/yoast.com\/product\/yoast-seo-wordpress\/ -->\n<title>Gesetzgebung | CCS<\/title>\n<meta name=\"description\" content=\"CCS verf\u00fcgt \u00fcber umfassende Kenntnisse des europ\u00e4ischen Arbeitsrechts. Das CCS HR-Team f\u00fchrt eine Vorpr\u00fcfung durch, um sicherzustellen, dass alle Mitarbeiter vor ihrem Beitritt die erforderlichen Unterlagen vorlegen k\u00f6nnen.\" \/>\n<meta name=\"robots\" content=\"index, follow, max-snippet:-1, max-image-preview:large, max-video-preview:-1\" \/>\n<link rel=\"canonical\" href=\"https:\/\/ccscleaning.com\/de\/legislation\/\" \/>\n<meta property=\"og:locale\" content=\"de_DE\" \/>\n<meta property=\"og:type\" content=\"article\" \/>\n<meta property=\"og:title\" content=\"Gesetzgebung | CCS\" \/>\n<meta property=\"og:description\" content=\"CCS verf\u00fcgt \u00fcber umfassende Kenntnisse des europ\u00e4ischen Arbeitsrechts. Das CCS HR-Team f\u00fchrt eine Vorpr\u00fcfung durch, um sicherzustellen, dass alle Mitarbeiter vor ihrem Beitritt die erforderlichen Unterlagen vorlegen k\u00f6nnen.\" \/>\n<meta property=\"og:url\" content=\"https:\/\/ccscleaning.com\/de\/legislation\/\" \/>\n<meta property=\"og:site_name\" content=\"CCS Cleaning German\" \/>\n<meta property=\"article:modified_time\" content=\"2025-08-19T07:05:43+00:00\" \/>\n<meta name=\"twitter:card\" content=\"summary_large_image\" \/>\n<!-- \/ Yoast SEO plugin. -->","yoast_head_json":{"title":"Gesetzgebung | CCS","description":"CCS verf\u00fcgt \u00fcber umfassende Kenntnisse des europ\u00e4ischen Arbeitsrechts. Das CCS HR-Team f\u00fchrt eine Vorpr\u00fcfung durch, um sicherzustellen, dass alle Mitarbeiter vor ihrem Beitritt die erforderlichen Unterlagen vorlegen k\u00f6nnen.","robots":{"index":"index","follow":"follow","max-snippet":"max-snippet:-1","max-image-preview":"max-image-preview:large","max-video-preview":"max-video-preview:-1"},"canonical":"https:\/\/ccscleaning.com\/de\/legislation\/","og_locale":"de_DE","og_type":"article","og_title":"Gesetzgebung | CCS","og_description":"CCS verf\u00fcgt \u00fcber umfassende Kenntnisse des europ\u00e4ischen Arbeitsrechts. Das CCS HR-Team f\u00fchrt eine Vorpr\u00fcfung durch, um sicherzustellen, dass alle Mitarbeiter vor ihrem Beitritt die erforderlichen Unterlagen vorlegen k\u00f6nnen.","og_url":"https:\/\/ccscleaning.com\/de\/legislation\/","og_site_name":"CCS Cleaning German","article_modified_time":"2025-08-19T07:05:43+00:00","twitter_card":"summary_large_image","schema":{"@context":"https:\/\/schema.org","@graph":[{"@type":"WebPage","@id":"https:\/\/ccscleaning.com\/de\/legislation\/","url":"https:\/\/ccscleaning.com\/de\/legislation\/","name":"Gesetzgebung | CCS","isPartOf":{"@id":"https:\/\/ccscleaning.com\/de\/#website"},"datePublished":"2019-07-30T13:03:51+00:00","dateModified":"2025-08-19T07:05:43+00:00","description":"CCS verf\u00fcgt \u00fcber umfassende Kenntnisse des europ\u00e4ischen Arbeitsrechts. Das CCS HR-Team f\u00fchrt eine Vorpr\u00fcfung durch, um sicherzustellen, dass alle Mitarbeiter vor ihrem Beitritt die erforderlichen Unterlagen vorlegen k\u00f6nnen.","breadcrumb":{"@id":"https:\/\/ccscleaning.com\/de\/legislation\/#breadcrumb"},"inLanguage":"de","potentialAction":[{"@type":"ReadAction","target":["https:\/\/ccscleaning.com\/de\/legislation\/"]}]},{"@type":"BreadcrumbList","@id":"https:\/\/ccscleaning.com\/de\/legislation\/#breadcrumb","itemListElement":[{"@type":"ListItem","position":1,"name":"Startseite","item":"https:\/\/ccscleaning.com\/de\/"},{"@type":"ListItem","position":2,"name":"Legislation"}]},{"@type":"WebSite","@id":"https:\/\/ccscleaning.com\/de\/#website","url":"https:\/\/ccscleaning.com\/de\/","name":"CCS Cleaning German","description":"","potentialAction":[{"@type":"SearchAction","target":{"@type":"EntryPoint","urlTemplate":"https:\/\/ccscleaning.com\/de\/?s={search_term_string}"},"query-input":{"@type":"PropertyValueSpecification","valueRequired":true,"valueName":"search_term_string"}}],"inLanguage":"de"}]}},"acf":[],"_links":{"self":[{"href":"https:\/\/ccscleaning.com\/de\/wp-json\/wp\/v2\/pages\/3674","targetHints":{"allow":["GET"]}}],"collection":[{"href":"https:\/\/ccscleaning.com\/de\/wp-json\/wp\/v2\/pages"}],"about":[{"href":"https:\/\/ccscleaning.com\/de\/wp-json\/wp\/v2\/types\/page"}],"author":[{"embeddable":true,"href":"https:\/\/ccscleaning.com\/de\/wp-json\/wp\/v2\/users\/1"}],"replies":[{"embeddable":true,"href":"https:\/\/ccscleaning.com\/de\/wp-json\/wp\/v2\/comments?post=3674"}],"version-history":[{"count":6,"href":"https:\/\/ccscleaning.com\/de\/wp-json\/wp\/v2\/pages\/3674\/revisions"}],"predecessor-version":[{"id":7450,"href":"https:\/\/ccscleaning.com\/de\/wp-json\/wp\/v2\/pages\/3674\/revisions\/7450"}],"wp:attachment":[{"href":"https:\/\/ccscleaning.com\/de\/wp-json\/wp\/v2\/media?parent=3674"}],"curies":[{"name":"wp","href":"https:\/\/api.w.org\/{rel}","templated":true}]}}