{"id":4501,"date":"2020-04-30T13:35:44","date_gmt":"2020-04-30T13:35:44","guid":{"rendered":"https:\/\/ccscleaning.com\/?page_id=4501"},"modified":"2025-08-19T12:35:02","modified_gmt":"2025-08-19T12:35:02","slug":"covid-19-cleaning-services","status":"publish","type":"page","link":"https:\/\/ccscleaning.com\/de\/covid-19-cleaning-services\/","title":{"rendered":"COVID 19"},"content":{"rendered":"<div class=\"new-cov\">\r\n<div class=\"container\">\r\n<div class=\"row\">\r\n<div class=\"covid-wrap\">\r\n<div class=\"row cont-sec\">\r\n<div class=\"col-custm col-contn\">\r\n<h3>Wie CCS auf COVID-19 reagiert<\/h3>\r\n<p>Seit dem Ausbruch der globalen Pandemie hat sich die Art und Weise, wie wir Gesch\u00e4fte machen, stark ver\u00e4ndert. Unsere Priorit\u00e4t ist es, unsere Teams, unsere Kunden und die \u00d6ffentlichkeit zu sch\u00fctzen. Wir halten uns an die von der WHO ver\u00f6ffentlichten Richtlinien und befolgen die lokale Gesetzgebung in jedem der L\u00e4nder, in denen wir t\u00e4tig sind.<\/p>\r\n<p>Eine Sache, die wir w\u00e4hrend der globalen Pandemie bemerkt haben, ist das wunderbare Gef\u00fchl der Zusammenarbeit und des Miteinanders unserer Teams. Viele unserer Mitarbeiter arbeiten aus der Ferne, um zu planen und sich darauf vorzubereiten, wann alle unsere Teams wieder ihre Arbeit aufnehmen k\u00f6nnen.<\/p>\r\n<p>Diese Pandemie hat die unersetzliche und wesentliche Rolle, die Reinigungskr\u00e4fte in unserem Leben spielen, deutlich gemacht. CCS ist so stolz auf unsere Teams, die ihren Teil dazu beitragen, die Sauberkeit aufrechtzuerhalten und die Ausbreitung des Virus w\u00e4hrend der Krise zu stoppen.<\/p>\r\n<div class=\"covid-btn-sec\">\r\n<a href=\"#contact-section\" class=\"cta-btn\">Contact Us<\/a>\r\n<a href=\"https:\/\/ccscleaning.com\/de\/cleaning-services\/\" class=\"cta-btn bg-blue\" target=\"_blank\" rel=\"noopener noreferrer\">Our Services<\/a>\r\n<\/div>\r\n<\/div>\r\n<div class=\"col-custm col-imge\"><img loading=\"lazy\" decoding=\"async\" width=\"665\" height=\"359\" src=\"https:\/\/ccscleaning.com\/nl\/wp-content\/uploads\/sites\/4\/2020\/05\/covid-19-virus-shield-mask.jpg\" alt=\"covid-19 Virus Shield Mask\" class=\"alignright size-full wp-image-4573 img-fluid\" srcset=\"https:\/\/ccscleaning.com\/de\/wp-content\/uploads\/sites\/3\/2020\/05\/covid-19-virus-shield-mask.jpg 665w, https:\/\/ccscleaning.com\/de\/wp-content\/uploads\/sites\/3\/2020\/05\/covid-19-virus-shield-mask-300x162.jpg 300w\" sizes=\"auto, (max-width: 665px) 100vw, 665px\" \/> <\/div>\r\n<\/div>\r\n<div class=\"row cont-sec\">\r\n \r\n<div class=\"col-custm col-imge\"><img loading=\"lazy\" decoding=\"async\" width=\"332\" height=\"230\" src=\"https:\/\/ccscleaning.com\/nl\/wp-content\/uploads\/sites\/4\/2020\/05\/coronavirus-virus-shield-mask.jpg\" alt=\"Coronavirus Virus Shield Mask\" class=\"alignright size-full wp-image-4574 img-fluid\" srcset=\"https:\/\/ccscleaning.com\/de\/wp-content\/uploads\/sites\/3\/2020\/05\/coronavirus-virus-shield-mask.jpg 332w, https:\/\/ccscleaning.com\/de\/wp-content\/uploads\/sites\/3\/2020\/05\/coronavirus-virus-shield-mask-300x208.jpg 300w\" sizes=\"auto, (max-width: 332px) 100vw, 332px\" \/><\/div>\r\n<div class=\"col-custm col-contn\">\r\n<h3>Das Pandemie-Einsatzteam der CCS<\/h3>\r\n<p>In Vorbereitung auf den zus\u00e4tzlichen Bedarf unserer Kunden haben CCS-Teams den GBAC-Grundlagenkurs absolviert, um unsere F\u00e4higkeiten zu st\u00e4rken und unser Wissen \u00fcber pr\u00e4ventive und reaktionsf\u00e4hige Ma\u00dfnahmen zur Infektions- und Kontaminationskontrolle in aktuellen oder potenziellen Ausbruchssituationen zu vertiefen. CCS-Teams sind GBAC-zertifiziert, was das Reaktionsprotokoll und die Verwendung pers\u00f6nlicher Schutzausr\u00fcstung betrifft.<\/p>\r\n<p>Unsere Spezialistenteams sind sich der Bedeutung einer ordnungsgem\u00e4\u00dfen Reinigung und Desinfektion w\u00e4hrend dieser Zeit bewusst. Wir sind bereit und gut ausger\u00fcstet, um unseren Kunden in den kommenden Wochen zus\u00e4tzliche Unterst\u00fctzung bei der Reinigung zu bieten, wenn die Gesch\u00e4fte wieder ge\u00f6ffnet werden.<\/p>\r\n<h3>Gesch\u00e4ftskontinuit\u00e4tsplan<\/h3>\r\n<p>In herausfordernden Zeiten beweglich zu bleiben, ist f\u00fcr die Gesch\u00e4ftskontinuit\u00e4t unerl\u00e4sslich. Vor diesem Hintergrund hat unser Risiko- und Compliance-Team zusammen mit unserer Finanzabteilung detaillierte Aktionspunkte innerhalb unseres bereits bestehenden BCP geschaffen. Diese Aktualisierungen dienen als Leitfaden, um uns bei der Vorbereitung und Reaktion auf die sich ver\u00e4ndernde Situation zu unterst\u00fctzen.<\/p>\r\n<\/div>\r\n \r\n<\/div>\r\n<div class=\"row cont-sec\">\r\n    <div class=\"col-custm col-contn\">\r\n<h3>Verfolgung globaler und lokaler Entwicklungen<\/h3>\r\n<p>CCS wei\u00df, dass dies eine sich schnell ver\u00e4ndernde Situation ist. Unsere Teams bleiben \u00fcber alle lokalen und globalen Entwicklungen auf dem Laufenden und sind bereit, sich entsprechend anzupassen. Wir halten uns an die Richtlinien im Bereich der \u00f6ffentlichen Gesundheit, die in jeder Region herausgegeben werden, und werden dies auch f\u00fcr die Dauer der Krisen tun.<\/p>\r\n<\/div>\r\n<div class=\"col-custm col-imge\"><img loading=\"lazy\" decoding=\"async\" width=\"665\" height=\"422\" src=\"https:\/\/ccscleaning.com\/nl\/wp-content\/uploads\/sites\/4\/2020\/05\/covid-19-office-cleaning-services.jpg\" alt=\"Covid-19 Office Cleaning Services\" class=\"alignright size-full wp-image-4576 img-fluid\" srcset=\"https:\/\/ccscleaning.com\/de\/wp-content\/uploads\/sites\/3\/2020\/05\/covid-19-office-cleaning-services.jpg 665w, https:\/\/ccscleaning.com\/de\/wp-content\/uploads\/sites\/3\/2020\/05\/covid-19-office-cleaning-services-300x190.jpg 300w\" sizes=\"auto, (max-width: 665px) 100vw, 665px\" \/><\/div>\r\n \r\n<\/div>\r\n<div class=\"row no-bg\">\r\n<div><a href=\"https:\/\/ccscleaning.com\/contact-us\/\"><img loading=\"lazy\" decoding=\"async\" width=\"1170\" height=\"305\" src=\"https:\/\/ccscleaning.com\/nl\/wp-content\/uploads\/sites\/4\/2020\/08\/professional-disinfecting-services-1.jpg\" alt=\"Professional Disinfecting Services\" class=\"alignright size-full wp-image-4646 img-fluid\" srcset=\"https:\/\/ccscleaning.com\/de\/wp-content\/uploads\/sites\/3\/2020\/08\/professional-disinfecting-services-1.jpg 1170w, https:\/\/ccscleaning.com\/de\/wp-content\/uploads\/sites\/3\/2020\/08\/professional-disinfecting-services-1-300x78.jpg 300w, https:\/\/ccscleaning.com\/de\/wp-content\/uploads\/sites\/3\/2020\/08\/professional-disinfecting-services-1-1024x267.jpg 1024w, https:\/\/ccscleaning.com\/de\/wp-content\/uploads\/sites\/3\/2020\/08\/professional-disinfecting-services-1-768x200.jpg 768w\" sizes=\"auto, (max-width: 1170px) 100vw, 1170px\" \/><\/a><\/div>\r\n<\/div>\r\n<div class=\"row cont-sec\">\r\n<div class=\"col-custm col-contn\">\r\n<h3>F\u00fcr die Sicherheit aller sorgen<\/h3>\r\n<p>Jeden Tag f\u00fchrt unser Management-Team bei Bedarf Fernmeetings und sozial distanzierte Besprechungen durch, um einen reibungslosen Gesch\u00e4ftsablauf zu gew\u00e4hrleisten, und wir bieten einen nahtlosen Reinigungsservice an.<\/p>\r\n<p>Die Sicherheit unserer Teams, Kunden und der \u00d6ffentlichkeit ist unser wichtigstes Anliegen. Unsere Reinigungsteams haben eine Gesundheits- und Sicherheitsschulung erhalten und halten sich an Richtlinien zur sozialen Distanzierung.<\/p>\r\n<p>Eine umfassende Reinigungsroutine ist der Schl\u00fcssel zur Sicherheit der \u00d6ffentlichkeit. CCS bietet eine regelm\u00e4\u00dfige t\u00e4gliche Reinigung sowie eine planm\u00e4\u00dfige Tiefenreinigung.<\/p>\r\n<\/div>\r\n<div class=\"col-custm col-imge\"><img loading=\"lazy\" decoding=\"async\" width=\"475\" height=\"293\" src=\"https:\/\/ccscleaning.com\/nl\/wp-content\/uploads\/sites\/4\/2020\/05\/coronavirus-social-distancing-mat.jpg\" alt=\"Coronavirus Social Distancing Mat\" class=\"alignright size-full wp-image-4577 img-fluid\" srcset=\"https:\/\/ccscleaning.com\/de\/wp-content\/uploads\/sites\/3\/2020\/05\/coronavirus-social-distancing-mat.jpg 475w, https:\/\/ccscleaning.com\/de\/wp-content\/uploads\/sites\/3\/2020\/05\/coronavirus-social-distancing-mat-300x185.jpg 300w\" sizes=\"auto, (max-width: 475px) 100vw, 475px\" \/><\/div>\r\n<\/div>\r\n<div class=\"row cont-sec\">\r\n<div class=\"col-custm col-imge\"><img loading=\"lazy\" decoding=\"async\" width=\"665\" height=\"423\" src=\"https:\/\/ccscleaning.com\/nl\/wp-content\/uploads\/sites\/4\/2020\/05\/Team-Communication-COVID-19-Situation.jpg\" alt=\"Team Communication During COVID-19 Situation \" class=\"alignright size-full wp-image-4578 img-fluid\" srcset=\"https:\/\/ccscleaning.com\/de\/wp-content\/uploads\/sites\/3\/2020\/05\/Team-Communication-COVID-19-Situation.jpg 665w, https:\/\/ccscleaning.com\/de\/wp-content\/uploads\/sites\/3\/2020\/05\/Team-Communication-COVID-19-Situation-300x191.jpg 300w\" sizes=\"auto, (max-width: 665px) 100vw, 665px\" \/><\/div>\r\n<div class=\"col-custm col-contn\">\r\n<h3>Kommunikation ist entscheidend<\/h3>\r\n<p>CCS wei\u00df, dass Kommunikation in seltsamen Zeiten wie diesen unerl\u00e4sslich ist. Wir m\u00f6chten, dass alle unsere Mitarbeiter und Kunden wissen, wie wir arbeiten und wie wir auf COVID-19 reagieren. CCS ist stolz auf seine Flexibilit\u00e4t und wird sich weiterhin an die sich ver\u00e4ndernde Situation anpassen. Wir verfolgen einen agilen Gesch\u00e4fts- und Kommunikationsansatz. Durch die bestm\u00f6gliche Nutzung der Technologie und die Nutzung von Online-Plattformen, E-Mail und Mobiltelefonen bleiben wir mit unseren Teams in Verbindung. Wir stecken da alle zusammen drin.<\/p>\r\n<\/div>\r\n<\/div>\r\n<div class=\"row cont-sec\">\r\n<div class=\"col-custm col-cont\">\r\n<h3>Autark bleiben<\/h3>\r\n<p>CCS hat keine Probleme, wenn es um die Lieferkette geht. Unsere strategische Ausrichtung mit unserem Gruppenunternehmen bedeutet, dass wir bei allen Reinigungsanlagen und -l\u00f6sungen autark sind.<\/p>\r\n<h3>Unser Fokus liegt auf den Kunden<\/h3>\r\n<p>Dies ist eine herausfordernde Zeit f\u00fcr alle, und wir wissen, dass sich die Bed\u00fcrfnisse unserer Kunden m\u00f6glicherweise ge\u00e4ndert haben. CCS ist stolz auf seine Flexibilit\u00e4t und wird sich an die sich \u00e4ndernden Anforderungen unserer Kunden anpassen. Unsere Teams werden Ihr Unternehmen in dieser Zeit bei der Anpassung unterst\u00fctzen.<\/p>\r\n<\/div>\r\n<div class=\"col-custm col-imge\"><img loading=\"lazy\" decoding=\"async\" width=\"475\" height=\"343\" src=\"https:\/\/ccscleaning.com\/nl\/wp-content\/uploads\/sites\/4\/2020\/05\/cleaning-equipment-and-solutions.jpg\" alt=\"Cleaning Equipment and Solutions\" class=\"alignright size-full wp-image-4579 img-fluid\" srcset=\"https:\/\/ccscleaning.com\/de\/wp-content\/uploads\/sites\/3\/2020\/05\/cleaning-equipment-and-solutions.jpg 475w, https:\/\/ccscleaning.com\/de\/wp-content\/uploads\/sites\/3\/2020\/05\/cleaning-equipment-and-solutions-300x217.jpg 300w\" sizes=\"auto, (max-width: 475px) 100vw, 475px\" \/><\/div>\r\n<\/div>\r\n<\/div>\r\n<\/div>\r\n<\/div>\r\n<\/div>","protected":false},"excerpt":{"rendered":"<p>Wie CCS auf COVID-19 reagiert Seit dem Ausbruch der globalen Pandemie hat sich die Art und Weise, wie wir Gesch\u00e4fte machen, stark ver\u00e4ndert. Unsere Priorit\u00e4t ist es, unsere Teams, unsere Kunden und die \u00d6ffentlichkeit zu sch\u00fctzen. Wir halten uns an die von der WHO ver\u00f6ffentlichten Richtlinien und befolgen die lokale Gesetzgebung in jedem der L\u00e4nder,&#8230;  <a href=\"https:\/\/ccscleaning.com\/de\/covid-19-cleaning-services\/\" class=\"more-link\" title=\"Read COVID 19\">Read more &raquo;<\/a><\/p>\n","protected":false},"author":1,"featured_media":4572,"parent":0,"menu_order":0,"comment_status":"closed","ping_status":"closed","template":"","meta":{"footnotes":""},"class_list":["post-4501","page","type-page","status-publish","has-post-thumbnail","hentry"],"yoast_head":"<!-- This site is optimized with the Yoast SEO plugin v27.1.1 - https:\/\/yoast.com\/product\/yoast-seo-wordpress\/ -->\n<title>Coronavirus, Covid-19 Tiefen Reinigung Dienstleistungen | CCS<\/title>\n<meta name=\"description\" content=\"CCS-Reinigungsangebote coronavirus tiefen reinigung dienstleistungen f\u00fcr B\u00fcros &amp; Industries. kontaktiere uns heute f\u00fcr covid-19 Desinfektion dienstleistungen.\" \/>\n<meta name=\"robots\" content=\"index, follow, max-snippet:-1, max-image-preview:large, max-video-preview:-1\" \/>\n<link rel=\"canonical\" href=\"https:\/\/ccscleaning.com\/de\/covid-19-cleaning-services\/\" \/>\n<meta property=\"og:locale\" content=\"de_DE\" \/>\n<meta property=\"og:type\" content=\"article\" \/>\n<meta property=\"og:title\" content=\"Coronavirus, Covid-19 Tiefen Reinigung Dienstleistungen | CCS\" \/>\n<meta property=\"og:description\" content=\"CCS-Reinigungsangebote coronavirus tiefen reinigung dienstleistungen f\u00fcr B\u00fcros &amp; Industries. kontaktiere uns heute f\u00fcr covid-19 Desinfektion dienstleistungen.\" \/>\n<meta property=\"og:url\" content=\"https:\/\/ccscleaning.com\/de\/covid-19-cleaning-services\/\" \/>\n<meta property=\"og:site_name\" content=\"CCS Cleaning German\" \/>\n<meta property=\"article:modified_time\" content=\"2025-08-19T12:35:02+00:00\" \/>\n<meta property=\"og:image\" content=\"https:\/\/ccscleaning.com\/de\/wp-content\/uploads\/sites\/3\/2020\/05\/coronavirus-cleaning-services-1.png\" \/>\n\t<meta property=\"og:image:width\" content=\"1366\" \/>\n\t<meta property=\"og:image:height\" content=\"360\" \/>\n\t<meta property=\"og:image:type\" content=\"image\/png\" \/>\n<meta name=\"twitter:card\" content=\"summary_large_image\" \/>\n<meta name=\"twitter:label1\" content=\"Est. reading time\" \/>\n\t<meta name=\"twitter:data1\" content=\"5\u00a0Minuten\" \/>\n<!-- \/ Yoast SEO plugin. -->","yoast_head_json":{"title":"Coronavirus, Covid-19 Tiefen Reinigung Dienstleistungen | CCS","description":"CCS-Reinigungsangebote coronavirus tiefen reinigung dienstleistungen f\u00fcr B\u00fcros & Industries. kontaktiere uns heute f\u00fcr covid-19 Desinfektion dienstleistungen.","robots":{"index":"index","follow":"follow","max-snippet":"max-snippet:-1","max-image-preview":"max-image-preview:large","max-video-preview":"max-video-preview:-1"},"canonical":"https:\/\/ccscleaning.com\/de\/covid-19-cleaning-services\/","og_locale":"de_DE","og_type":"article","og_title":"Coronavirus, Covid-19 Tiefen Reinigung Dienstleistungen | CCS","og_description":"CCS-Reinigungsangebote coronavirus tiefen reinigung dienstleistungen f\u00fcr B\u00fcros & Industries. kontaktiere uns heute f\u00fcr covid-19 Desinfektion dienstleistungen.","og_url":"https:\/\/ccscleaning.com\/de\/covid-19-cleaning-services\/","og_site_name":"CCS Cleaning German","article_modified_time":"2025-08-19T12:35:02+00:00","og_image":[{"width":1366,"height":360,"url":"https:\/\/ccscleaning.com\/de\/wp-content\/uploads\/sites\/3\/2020\/05\/coronavirus-cleaning-services-1.png","type":"image\/png"}],"twitter_card":"summary_large_image","twitter_misc":{"Est. reading time":"5\u00a0Minuten"},"schema":{"@context":"https:\/\/schema.org","@graph":[{"@type":"WebPage","@id":"https:\/\/ccscleaning.com\/de\/covid-19-cleaning-services\/","url":"https:\/\/ccscleaning.com\/de\/covid-19-cleaning-services\/","name":"Coronavirus, Covid-19 Tiefen Reinigung Dienstleistungen | CCS","isPartOf":{"@id":"https:\/\/ccscleaning.com\/de\/#website"},"primaryImageOfPage":{"@id":"https:\/\/ccscleaning.com\/de\/covid-19-cleaning-services\/#primaryimage"},"image":{"@id":"https:\/\/ccscleaning.com\/de\/covid-19-cleaning-services\/#primaryimage"},"thumbnailUrl":"https:\/\/ccscleaning.com\/de\/wp-content\/uploads\/sites\/3\/2020\/05\/coronavirus-cleaning-services-1.png","datePublished":"2020-04-30T13:35:44+00:00","dateModified":"2025-08-19T12:35:02+00:00","description":"CCS-Reinigungsangebote coronavirus tiefen reinigung dienstleistungen f\u00fcr B\u00fcros & Industries. kontaktiere uns heute f\u00fcr covid-19 Desinfektion dienstleistungen.","breadcrumb":{"@id":"https:\/\/ccscleaning.com\/de\/covid-19-cleaning-services\/#breadcrumb"},"inLanguage":"de","potentialAction":[{"@type":"ReadAction","target":["https:\/\/ccscleaning.com\/de\/covid-19-cleaning-services\/"]}]},{"@type":"ImageObject","inLanguage":"de","@id":"https:\/\/ccscleaning.com\/de\/covid-19-cleaning-services\/#primaryimage","url":"https:\/\/ccscleaning.com\/de\/wp-content\/uploads\/sites\/3\/2020\/05\/coronavirus-cleaning-services-1.png","contentUrl":"https:\/\/ccscleaning.com\/de\/wp-content\/uploads\/sites\/3\/2020\/05\/coronavirus-cleaning-services-1.png","width":1366,"height":360,"caption":"Coronavirus Deep Cleaning Services"},{"@type":"BreadcrumbList","@id":"https:\/\/ccscleaning.com\/de\/covid-19-cleaning-services\/#breadcrumb","itemListElement":[{"@type":"ListItem","position":1,"name":"Startseite","item":"https:\/\/ccscleaning.com\/de\/"},{"@type":"ListItem","position":2,"name":"COVID 19"}]},{"@type":"WebSite","@id":"https:\/\/ccscleaning.com\/de\/#website","url":"https:\/\/ccscleaning.com\/de\/","name":"CCS Cleaning German","description":"","potentialAction":[{"@type":"SearchAction","target":{"@type":"EntryPoint","urlTemplate":"https:\/\/ccscleaning.com\/de\/?s={search_term_string}"},"query-input":{"@type":"PropertyValueSpecification","valueRequired":true,"valueName":"search_term_string"}}],"inLanguage":"de"}]}},"acf":[],"_links":{"self":[{"href":"https:\/\/ccscleaning.com\/de\/wp-json\/wp\/v2\/pages\/4501","targetHints":{"allow":["GET"]}}],"collection":[{"href":"https:\/\/ccscleaning.com\/de\/wp-json\/wp\/v2\/pages"}],"about":[{"href":"https:\/\/ccscleaning.com\/de\/wp-json\/wp\/v2\/types\/page"}],"author":[{"embeddable":true,"href":"https:\/\/ccscleaning.com\/de\/wp-json\/wp\/v2\/users\/1"}],"replies":[{"embeddable":true,"href":"https:\/\/ccscleaning.com\/de\/wp-json\/wp\/v2\/comments?post=4501"}],"version-history":[{"count":8,"href":"https:\/\/ccscleaning.com\/de\/wp-json\/wp\/v2\/pages\/4501\/revisions"}],"predecessor-version":[{"id":7555,"href":"https:\/\/ccscleaning.com\/de\/wp-json\/wp\/v2\/pages\/4501\/revisions\/7555"}],"wp:featuredmedia":[{"embeddable":true,"href":"https:\/\/ccscleaning.com\/de\/wp-json\/wp\/v2\/media\/4572"}],"wp:attachment":[{"href":"https:\/\/ccscleaning.com\/de\/wp-json\/wp\/v2\/media?parent=4501"}],"curies":[{"name":"wp","href":"https:\/\/api.w.org\/{rel}","templated":true}]}}