{"id":5042,"date":"2021-05-11T09:54:10","date_gmt":"2021-05-11T09:54:10","guid":{"rendered":"https:\/\/ccscleaning.com\/?page_id=5042"},"modified":"2025-09-24T10:21:36","modified_gmt":"2025-09-24T10:21:36","slug":"manufacturing-plant-cleaning","status":"publish","type":"page","link":"https:\/\/ccscleaning.com\/de\/manufacturing-plant-cleaning\/","title":{"rendered":"Manufacturing Plant Cleaning"},"content":{"rendered":"","protected":false},"excerpt":{"rendered":"","protected":false},"author":1,"featured_media":0,"parent":0,"menu_order":0,"comment_status":"closed","ping_status":"closed","template":"page-templates\/page-sector.php","meta":{"footnotes":""},"class_list":["post-5042","page","type-page","status-publish","hentry"],"yoast_head":"<!-- This site is optimized with the Yoast SEO plugin v27.1.1 - https:\/\/yoast.com\/product\/yoast-seo-wordpress\/ -->\n<title>Reinigungsdienste f\u00fcr Produktionsanlagen | CCS Cleaning<\/title>\n<meta name=\"description\" content=\"Sie suchen zuverl\u00e4ssige Reinigungsdienste f\u00fcr Produktionsst\u00e4tten? CCS Cleaning bietet erstklassige L\u00f6sungen. Kontaktieren Sie uns f\u00fcr eine makellose Einrichtung.\" \/>\n<meta name=\"robots\" content=\"index, follow, max-snippet:-1, max-image-preview:large, max-video-preview:-1\" \/>\n<link rel=\"canonical\" href=\"https:\/\/ccscleaning.com\/de\/manufacturing-plant-cleaning\/\" \/>\n<meta property=\"og:locale\" content=\"de_DE\" \/>\n<meta property=\"og:type\" content=\"article\" \/>\n<meta property=\"og:title\" content=\"Reinigungsdienste f\u00fcr Produktionsanlagen | CCS Cleaning\" \/>\n<meta property=\"og:description\" content=\"Sie suchen zuverl\u00e4ssige Reinigungsdienste f\u00fcr Produktionsst\u00e4tten? CCS Cleaning bietet erstklassige L\u00f6sungen. Kontaktieren Sie uns f\u00fcr eine makellose Einrichtung.\" \/>\n<meta property=\"og:url\" content=\"https:\/\/ccscleaning.com\/de\/manufacturing-plant-cleaning\/\" \/>\n<meta property=\"og:site_name\" content=\"CCS Cleaning German\" \/>\n<meta property=\"article:modified_time\" content=\"2025-09-24T10:21:36+00:00\" \/>\n<meta name=\"twitter:card\" content=\"summary_large_image\" \/>\n<!-- \/ Yoast SEO plugin. -->","yoast_head_json":{"title":"Reinigungsdienste f\u00fcr Produktionsanlagen | CCS Cleaning","description":"Sie suchen zuverl\u00e4ssige Reinigungsdienste f\u00fcr Produktionsst\u00e4tten? CCS Cleaning bietet erstklassige L\u00f6sungen. Kontaktieren Sie uns f\u00fcr eine makellose Einrichtung.","robots":{"index":"index","follow":"follow","max-snippet":"max-snippet:-1","max-image-preview":"max-image-preview:large","max-video-preview":"max-video-preview:-1"},"canonical":"https:\/\/ccscleaning.com\/de\/manufacturing-plant-cleaning\/","og_locale":"de_DE","og_type":"article","og_title":"Reinigungsdienste f\u00fcr Produktionsanlagen | CCS Cleaning","og_description":"Sie suchen zuverl\u00e4ssige Reinigungsdienste f\u00fcr Produktionsst\u00e4tten? CCS Cleaning bietet erstklassige L\u00f6sungen. Kontaktieren Sie uns f\u00fcr eine makellose Einrichtung.","og_url":"https:\/\/ccscleaning.com\/de\/manufacturing-plant-cleaning\/","og_site_name":"CCS Cleaning German","article_modified_time":"2025-09-24T10:21:36+00:00","twitter_card":"summary_large_image","schema":{"@context":"https:\/\/schema.org","@graph":[{"@type":"WebPage","@id":"https:\/\/ccscleaning.com\/de\/manufacturing-plant-cleaning\/","url":"https:\/\/ccscleaning.com\/de\/manufacturing-plant-cleaning\/","name":"Reinigungsdienste f\u00fcr Produktionsanlagen | CCS Cleaning","isPartOf":{"@id":"https:\/\/ccscleaning.com\/de\/#website"},"datePublished":"2021-05-11T09:54:10+00:00","dateModified":"2025-09-24T10:21:36+00:00","description":"Sie suchen zuverl\u00e4ssige Reinigungsdienste f\u00fcr Produktionsst\u00e4tten? CCS Cleaning bietet erstklassige L\u00f6sungen. Kontaktieren Sie uns f\u00fcr eine makellose Einrichtung.","breadcrumb":{"@id":"https:\/\/ccscleaning.com\/de\/manufacturing-plant-cleaning\/#breadcrumb"},"inLanguage":"de","potentialAction":[{"@type":"ReadAction","target":["https:\/\/ccscleaning.com\/de\/manufacturing-plant-cleaning\/"]}]},{"@type":"BreadcrumbList","@id":"https:\/\/ccscleaning.com\/de\/manufacturing-plant-cleaning\/#breadcrumb","itemListElement":[{"@type":"ListItem","position":1,"name":"Startseite","item":"https:\/\/ccscleaning.com\/de\/"},{"@type":"ListItem","position":2,"name":"Manufacturing Plant Cleaning"}]},{"@type":"WebSite","@id":"https:\/\/ccscleaning.com\/de\/#website","url":"https:\/\/ccscleaning.com\/de\/","name":"CCS Cleaning German","description":"","potentialAction":[{"@type":"SearchAction","target":{"@type":"EntryPoint","urlTemplate":"https:\/\/ccscleaning.com\/de\/?s={search_term_string}"},"query-input":{"@type":"PropertyValueSpecification","valueRequired":true,"valueName":"search_term_string"}}],"inLanguage":"de"}]}},"acf":[],"_links":{"self":[{"href":"https:\/\/ccscleaning.com\/de\/wp-json\/wp\/v2\/pages\/5042","targetHints":{"allow":["GET"]}}],"collection":[{"href":"https:\/\/ccscleaning.com\/de\/wp-json\/wp\/v2\/pages"}],"about":[{"href":"https:\/\/ccscleaning.com\/de\/wp-json\/wp\/v2\/types\/page"}],"author":[{"embeddable":true,"href":"https:\/\/ccscleaning.com\/de\/wp-json\/wp\/v2\/users\/1"}],"replies":[{"embeddable":true,"href":"https:\/\/ccscleaning.com\/de\/wp-json\/wp\/v2\/comments?post=5042"}],"version-history":[{"count":9,"href":"https:\/\/ccscleaning.com\/de\/wp-json\/wp\/v2\/pages\/5042\/revisions"}],"predecessor-version":[{"id":7419,"href":"https:\/\/ccscleaning.com\/de\/wp-json\/wp\/v2\/pages\/5042\/revisions\/7419"}],"wp:attachment":[{"href":"https:\/\/ccscleaning.com\/de\/wp-json\/wp\/v2\/media?parent=5042"}],"curies":[{"name":"wp","href":"https:\/\/api.w.org\/{rel}","templated":true}]}}