{"id":6631,"date":"2018-09-27T10:29:10","date_gmt":"2018-09-27T10:29:10","guid":{"rendered":"https:\/\/ccscleaning.com\/?page_id=3"},"modified":"2025-08-19T07:05:46","modified_gmt":"2025-08-19T07:05:46","slug":"privacy-policy","status":"publish","type":"page","link":"https:\/\/ccscleaning.com\/de\/privacy-policy\/","title":{"rendered":"Privacy Policy"},"content":{"rendered":"<section class=\"intro_cnt\">\r\n<div class=\"container\">\r\n<div class=\"row\">\r\n<div class=\"privacy-policy\">\r\n<h1>Datenschutzrichtlinie<\/h1>\r\n<h3>Wer wir sind<\/h3>\r\n<p>Unsere Website-Adresse lautet: https:\/\/ccscleaning.com.<\/p>\r\n<h3>Welche personenbezogenen Daten wir sammeln und warum wir sie sammeln<\/h3><br>\r\n<h5>Comments<\/h5>\r\n<p>Wenn Besucher Kommentare auf der Site hinterlassen, erfassen wir die im Kommentarformular angezeigten Daten sowie die IP-Adresse des Besuchers und den User-Agent-String (damit wird der Browser identifiziert), um die Spam-Erkennung zu unterst\u00fctzen.<\/p>\r\n<p>Aus Ihrer E-Mail-Adresse kann eine anonymisierte Zeichenfolge erstellt werden (auch Hash genannt) und dem Gravatar-Dienst zur Verf\u00fcgung gestellt werden, um zu pr\u00fcfen, ob Sie ihn verwenden. Die Datenschutzrichtlinie des Gravatar-Dienstes finden Sie hier: https:\/\/automattic.com\/privacy\/. Nach der Freigabe Ihres Kommentars ist Ihr Profilbild \u00f6ffentlich im Kontext Ihres Kommentars sichtbar.<\/p>\r\n<h5>Medien<\/h5>\r\n<p>Wenn Sie Bilder auf die Website hochladen, sollten Sie das Hochladen von Bildern mit eingebetteten Standortdaten (EXIF GPS) vermeiden. Besucher der Website k\u00f6nnten Standortdaten aus Bildern, die auf der Website gespeichert sind, herunterladen und extrahieren.<\/p>\r\n<h3>Kontaktformulare Cookies<\/h3>\r\n<p>Wenn Sie einen Kommentar auf unserer Website hinterlassen, kann das eine Einwilligung zur Speicherung Ihres Namens, Ihrer E-Mail-Adresse und Ihrer Website in Cookies sein. Dies dient Ihrer Bequemlichkeit, damit Sie diese Daten nicht erneut eingeben m\u00fcssen, wenn Sie einen weiteren Kommentar hinterlassen. Diese Cookies werden ein Jahr lang gespeichert.<\/p>\r\n<p>Falls Sie ein Konto haben und sich auf dieser Website anmelden, werden wir ein tempor\u00e4res Cookie setzen, um festzustellen, ob Ihr Browser Cookies akzeptiert. Dieses Cookie enth\u00e4lt keine personenbezogenen Daten und wird verworfen, wenn Sie Ihren Browser schlie\u00dfen.<\/p>\r\n<p>Wenn Sie sich anmelden, werden wir au\u00dferdem mehrere Cookies einrichten, um Ihre Anmeldeinformationen und Ihre Anzeigeoptionen zu speichern. Anmelde-Cookies verfallen zwei Tage lang und Cookies f\u00fcr Anzeigeoptionen ein Jahr lang. Wenn Sie \u201eAngemeldet bleiben\u201c ausw\u00e4hlen, bleibt Ihre Anmeldung zwei Wochen lang bestehen. Wenn Sie sich von Ihrem Konto abmelden, werden die Anmelde-Cookies gel\u00f6scht.<\/p>\r\n<p>Wenn Sie einen Artikel bearbeiten oder ver\u00f6ffentlichen, wird ein zus\u00e4tzlicher Cookie in Ihrem Browser gespeichert. Dieser Cookie enth\u00e4lt keine personenbezogenen Daten und gibt lediglich die Beitrags-ID des Artikels an, den Sie gerade bearbeitet haben. Er verf\u00e4llt nach einem Tag.<\/p>\r\n<h3>Eingebettete Inhalte von anderen Websites<\/h3>\r\n<p>Beitr\u00e4ge auf dieser Website k\u00f6nnen eingebettete Inhalte beinhalten (z. B. Videos, Bilder, Beitr\u00e4ge etc.). Eingebettete Inhalte von anderen Websites verhalten sich exakt so, als ob der Besucher die andere Website besucht h\u00e4tte.<\/p>\r\n<p>Diese Websites k\u00f6nnen Daten \u00fcber Sie sammeln, Cookies benutzen, zus\u00e4tzliche Tracking-Dienste von Dritten einbetten und Ihre Interaktion mit diesem eingebetteten Inhalt aufzeichnen, inklusive Ihrer Interaktion mit dem eingebetteten Inhalt, falls Sie ein Konto haben und auf dieser Website angemeldet sind.<\/p>\r\n<h3>Analytik<\/h3>\r\n<h4>Mit wem wir Ihre Daten teilen<\/h4>\r\n<h4>Wie lange wir Ihre Daten speichern<\/h4>\r\n<p>Wenn Sie einen Kommentar hinterlassen, werden dieser und seine Metadaten zeitlich unbegrenzt gespeichert. Auf diese Weise k\u00f6nnen wir Folgekommentare automatisch erkennen und freigeben, anstatt sie in einer Moderationswarteschlange festzuhalten.<\/p>\r\n<p>F\u00fcr Benutzer, die sich auf unserer Website registrieren (falls vorhanden), speichern wir zus\u00e4tzlich die pers\u00f6nlichen Informationen, die sie in ihren Benutzerprofilen angeben. Alle Benutzer k\u00f6nnen ihre pers\u00f6nlichen Informationen jederzeit einsehen, bearbeiten oder l\u00f6schen (au\u00dfer sie k\u00f6nnen ihren Benutzernamen nicht \u00e4ndern). Website-Administratoren k\u00f6nnen diese Informationen ebenfalls einsehen und bearbeiten.<\/p>\r\n<h3>Welche Rechte du an deinen Daten hast<\/h3>\r\n<p>Wenn Sie ein Konto auf dieser Site besitzen oder Kommentare geschrieben haben, k\u00f6nnen Sie einen Export Ihrer bei uns gespeicherten personenbezogenen Daten anfordern, inklusive aller Daten, die Sie uns mitgeteilt haben. Dar\u00fcber hinaus k\u00f6nnen Sie die L\u00f6schung aller von Ihnen gespeicherten personenbezogenen Daten anfordern. Dies umfasst nicht die Daten, die wir aufgrund administrativer, rechtlicher oder sicherheitsrelevanter Notwendigkeiten aufbewahren m\u00fcssen.<\/p>\r\n<h3>Wohin wir Ihre Daten senden<\/h3>\r\n<p>Besucherkommentare k\u00f6nnten von einem automatisierten Dienst zur Spam-Erkennung untersucht werden.<\/p>\r\n<h3>Ihre Kontaktinformationen<\/h3>\r\n<h3>Weitere Informationen<\/h3>\r\n<h4>So sch\u00fctzen wir Ihre Daten<\/h4>\r\n<h4>Welche Ma\u00dfnahmen wir bei Datenschutzverletzungen anwenden<\/h4>\r\n<h4>Von welchen Drittanbietern wir Daten erhalten<\/h4>\r\n<h4>Welche automatisierte Entscheidungsfindung und\/oder Profilerstellung wir mit Benutzerdaten durchf\u00fchren<\/h4>\r\n<h4>Offenlegungspflichten der Branche<\/h4>\r\n<\/div>\r\n<\/div>\r\n<\/div>\r\n<\/section>","protected":false},"excerpt":{"rendered":"<p>Datenschutzrichtlinie Wer wir sind Unsere Website-Adresse lautet: https:\/\/ccscleaning.com. Welche personenbezogenen Daten wir sammeln und warum wir sie sammeln Comments Wenn Besucher Kommentare auf der Site hinterlassen, erfassen wir die im Kommentarformular angezeigten Daten sowie die IP-Adresse des Besuchers und den User-Agent-String (damit wird der Browser identifiziert), um die Spam-Erkennung zu unterst\u00fctzen. Aus Ihrer E-Mail-Adresse kann&#8230;  <a href=\"https:\/\/ccscleaning.com\/de\/privacy-policy\/\" class=\"more-link\" title=\"Read Privacy Policy\">Read more &raquo;<\/a><\/p>\n","protected":false},"author":1,"featured_media":0,"parent":0,"menu_order":0,"comment_status":"closed","ping_status":"open","template":"","meta":{"footnotes":""},"class_list":["post-6631","page","type-page","status-publish","hentry"],"yoast_head":"<!-- This site is optimized with the Yoast SEO plugin v27.1.1 - https:\/\/yoast.com\/product\/yoast-seo-wordpress\/ -->\n<title>Datenschutzrichtlinie | CCS Cleaning<\/title>\n<meta name=\"description\" content=\"Informieren Sie sich \u00fcber die CCS-Datenschutzrichtlinien in Bezug auf die Erfassung, Verwendung und Weitergabe von pers\u00f6nlichen Informationen. Wenden Sie Reinigungsdienste in Europa von CCS an.\" \/>\n<meta name=\"robots\" content=\"index, follow, max-snippet:-1, max-image-preview:large, max-video-preview:-1\" \/>\n<link rel=\"canonical\" href=\"https:\/\/ccscleaning.com\/de\/privacy-policy\/\" \/>\n<meta property=\"og:locale\" content=\"de_DE\" \/>\n<meta property=\"og:type\" content=\"article\" \/>\n<meta property=\"og:title\" content=\"Datenschutzrichtlinie | CCS Cleaning\" \/>\n<meta property=\"og:description\" content=\"Informieren Sie sich \u00fcber die CCS-Datenschutzrichtlinien in Bezug auf die Erfassung, Verwendung und Weitergabe von pers\u00f6nlichen Informationen. Wenden Sie Reinigungsdienste in Europa von CCS an.\" \/>\n<meta property=\"og:url\" content=\"https:\/\/ccscleaning.com\/de\/privacy-policy\/\" \/>\n<meta property=\"og:site_name\" content=\"CCS Cleaning German\" \/>\n<meta property=\"article:modified_time\" content=\"2025-08-19T07:05:46+00:00\" \/>\n<meta name=\"twitter:card\" content=\"summary_large_image\" \/>\n<meta name=\"twitter:label1\" content=\"Est. reading time\" \/>\n\t<meta name=\"twitter:data1\" content=\"3\u00a0Minuten\" \/>\n<!-- \/ Yoast SEO plugin. -->","yoast_head_json":{"title":"Datenschutzrichtlinie | CCS Cleaning","description":"Informieren Sie sich \u00fcber die CCS-Datenschutzrichtlinien in Bezug auf die Erfassung, Verwendung und Weitergabe von pers\u00f6nlichen Informationen. Wenden Sie Reinigungsdienste in Europa von CCS an.","robots":{"index":"index","follow":"follow","max-snippet":"max-snippet:-1","max-image-preview":"max-image-preview:large","max-video-preview":"max-video-preview:-1"},"canonical":"https:\/\/ccscleaning.com\/de\/privacy-policy\/","og_locale":"de_DE","og_type":"article","og_title":"Datenschutzrichtlinie | CCS Cleaning","og_description":"Informieren Sie sich \u00fcber die CCS-Datenschutzrichtlinien in Bezug auf die Erfassung, Verwendung und Weitergabe von pers\u00f6nlichen Informationen. Wenden Sie Reinigungsdienste in Europa von CCS an.","og_url":"https:\/\/ccscleaning.com\/de\/privacy-policy\/","og_site_name":"CCS Cleaning German","article_modified_time":"2025-08-19T07:05:46+00:00","twitter_card":"summary_large_image","twitter_misc":{"Est. reading time":"3\u00a0Minuten"},"schema":{"@context":"https:\/\/schema.org","@graph":[{"@type":"WebPage","@id":"https:\/\/ccscleaning.com\/de\/privacy-policy\/","url":"https:\/\/ccscleaning.com\/de\/privacy-policy\/","name":"Datenschutzrichtlinie | CCS Cleaning","isPartOf":{"@id":"https:\/\/ccscleaning.com\/de\/#website"},"datePublished":"2018-09-27T10:29:10+00:00","dateModified":"2025-08-19T07:05:46+00:00","description":"Informieren Sie sich \u00fcber die CCS-Datenschutzrichtlinien in Bezug auf die Erfassung, Verwendung und Weitergabe von pers\u00f6nlichen Informationen. Wenden Sie Reinigungsdienste in Europa von CCS an.","breadcrumb":{"@id":"https:\/\/ccscleaning.com\/de\/privacy-policy\/#breadcrumb"},"inLanguage":"de","potentialAction":[{"@type":"ReadAction","target":["https:\/\/ccscleaning.com\/de\/privacy-policy\/"]}]},{"@type":"BreadcrumbList","@id":"https:\/\/ccscleaning.com\/de\/privacy-policy\/#breadcrumb","itemListElement":[{"@type":"ListItem","position":1,"name":"Startseite","item":"https:\/\/ccscleaning.com\/de\/"},{"@type":"ListItem","position":2,"name":"Privacy Policy"}]},{"@type":"WebSite","@id":"https:\/\/ccscleaning.com\/de\/#website","url":"https:\/\/ccscleaning.com\/de\/","name":"CCS Cleaning German","description":"","potentialAction":[{"@type":"SearchAction","target":{"@type":"EntryPoint","urlTemplate":"https:\/\/ccscleaning.com\/de\/?s={search_term_string}"},"query-input":{"@type":"PropertyValueSpecification","valueRequired":true,"valueName":"search_term_string"}}],"inLanguage":"de"}]}},"acf":[],"_links":{"self":[{"href":"https:\/\/ccscleaning.com\/de\/wp-json\/wp\/v2\/pages\/6631","targetHints":{"allow":["GET"]}}],"collection":[{"href":"https:\/\/ccscleaning.com\/de\/wp-json\/wp\/v2\/pages"}],"about":[{"href":"https:\/\/ccscleaning.com\/de\/wp-json\/wp\/v2\/types\/page"}],"author":[{"embeddable":true,"href":"https:\/\/ccscleaning.com\/de\/wp-json\/wp\/v2\/users\/1"}],"replies":[{"embeddable":true,"href":"https:\/\/ccscleaning.com\/de\/wp-json\/wp\/v2\/comments?post=6631"}],"version-history":[{"count":3,"href":"https:\/\/ccscleaning.com\/de\/wp-json\/wp\/v2\/pages\/6631\/revisions"}],"predecessor-version":[{"id":6983,"href":"https:\/\/ccscleaning.com\/de\/wp-json\/wp\/v2\/pages\/6631\/revisions\/6983"}],"wp:attachment":[{"href":"https:\/\/ccscleaning.com\/de\/wp-json\/wp\/v2\/media?parent=6631"}],"curies":[{"name":"wp","href":"https:\/\/api.w.org\/{rel}","templated":true}]}}