{"id":6635,"date":"2018-10-03T07:31:14","date_gmt":"2018-10-03T07:31:14","guid":{"rendered":"https:\/\/ccscleaning.com\/?page_id=41"},"modified":"2025-08-19T07:05:46","modified_gmt":"2025-08-19T07:05:46","slug":"smart-training","status":"publish","type":"page","link":"https:\/\/ccscleaning.com\/de\/smart-training\/","title":{"rendered":"Training"},"content":{"rendered":"<div class=\"smteam\">\r\n<div class=\"container\">\r\n<div class=\"row\">\r\n<div class=\"innerpage-content center\">\r\n<h2>GL\u00c4NZENDES. BEISPIELE<\/h2>\r\n<p>CCS verf\u00fcgt \u00fcber eine eigene Ausbildungseinrichtung, die sowohl theoretische als auch praktische Schulungen anbietet. Wir sind Mitglied der EFCI, der ISSA und arbeiten mit der London Cleaning Academy zusammen. CCS Cleaning Services hat die Akkreditierung f\u00fcr unsere Industrie- und Erstreinigungsteams erhalten.<\/p>\r\n<\/br>\r\n<h2>SCHUTZ UND SICHERHEIT<\/h2>\r\n<p>CCS verwendet interne \u00dcberpr\u00fcfungsverfahren, um alle potenziellen Kandidaten zu pr\u00fcfen. Alle Identifikations- und \u00dcberweisungsdokumente werden w\u00e4hrend des Rekrutierungsprozesses \u00fcberpr\u00fcft.<\/p>\r\n<\/br>\r\n<\/div>\r\n<\/div>\r\n<\/div>\r\n<\/div>","protected":false},"excerpt":{"rendered":"<p>GL\u00c4NZENDES. BEISPIELE CCS verf\u00fcgt \u00fcber eine eigene Ausbildungseinrichtung, die sowohl theoretische als auch praktische Schulungen anbietet. Wir sind Mitglied der EFCI, der ISSA und arbeiten mit der London Cleaning Academy zusammen. CCS Cleaning Services hat die Akkreditierung f\u00fcr unsere Industrie- und Erstreinigungsteams erhalten. SCHUTZ UND SICHERHEIT CCS verwendet interne \u00dcberpr\u00fcfungsverfahren, um alle potenziellen Kandidaten zu&#8230;  <a href=\"https:\/\/ccscleaning.com\/de\/smart-training\/\" class=\"more-link\" title=\"Read Training\">Read more &raquo;<\/a><\/p>\n","protected":false},"author":1,"featured_media":0,"parent":0,"menu_order":0,"comment_status":"closed","ping_status":"closed","template":"","meta":{"footnotes":""},"class_list":["post-6635","page","type-page","status-publish","hentry"],"yoast_head":"<!-- This site is optimized with the Yoast SEO plugin v27.1.1 - https:\/\/yoast.com\/product\/yoast-seo-wordpress\/ -->\n<title>Experten Reinigungs Service in Europa - CCS Cleaning<\/title>\n<meta name=\"description\" content=\"CCS Cleaning, ein ISO-zertifiziertes Unternehmen, bietet spezialisierte Reinigungsdienste an, einschlie\u00dflich Tiefenreinigung f\u00fcr Industrie, Fabrik und Industrie. Weitere Informationen erhalten Sie unter + 44-1618209967.\" \/>\n<meta name=\"robots\" content=\"index, follow, max-snippet:-1, max-image-preview:large, max-video-preview:-1\" \/>\n<link rel=\"canonical\" href=\"https:\/\/ccscleaning.com\/de\/smart-training\/\" \/>\n<meta property=\"og:locale\" content=\"de_DE\" \/>\n<meta property=\"og:type\" content=\"article\" \/>\n<meta property=\"og:title\" content=\"Experten Reinigungs Service in Europa - CCS Cleaning\" \/>\n<meta property=\"og:description\" content=\"CCS Cleaning, ein ISO-zertifiziertes Unternehmen, bietet spezialisierte Reinigungsdienste an, einschlie\u00dflich Tiefenreinigung f\u00fcr Industrie, Fabrik und Industrie. Weitere Informationen erhalten Sie unter + 44-1618209967.\" \/>\n<meta property=\"og:url\" content=\"https:\/\/ccscleaning.com\/de\/smart-training\/\" \/>\n<meta property=\"og:site_name\" content=\"CCS Cleaning German\" \/>\n<meta property=\"article:modified_time\" content=\"2025-08-19T07:05:46+00:00\" \/>\n<meta name=\"twitter:card\" content=\"summary_large_image\" \/>\n<meta name=\"twitter:label1\" content=\"Est. reading time\" \/>\n\t<meta name=\"twitter:data1\" content=\"1\u00a0Minute\" \/>\n<!-- \/ Yoast SEO plugin. -->","yoast_head_json":{"title":"Experten Reinigungs Service in Europa - CCS Cleaning","description":"CCS Cleaning, ein ISO-zertifiziertes Unternehmen, bietet spezialisierte Reinigungsdienste an, einschlie\u00dflich Tiefenreinigung f\u00fcr Industrie, Fabrik und Industrie. Weitere Informationen erhalten Sie unter + 44-1618209967.","robots":{"index":"index","follow":"follow","max-snippet":"max-snippet:-1","max-image-preview":"max-image-preview:large","max-video-preview":"max-video-preview:-1"},"canonical":"https:\/\/ccscleaning.com\/de\/smart-training\/","og_locale":"de_DE","og_type":"article","og_title":"Experten Reinigungs Service in Europa - CCS Cleaning","og_description":"CCS Cleaning, ein ISO-zertifiziertes Unternehmen, bietet spezialisierte Reinigungsdienste an, einschlie\u00dflich Tiefenreinigung f\u00fcr Industrie, Fabrik und Industrie. Weitere Informationen erhalten Sie unter + 44-1618209967.","og_url":"https:\/\/ccscleaning.com\/de\/smart-training\/","og_site_name":"CCS Cleaning German","article_modified_time":"2025-08-19T07:05:46+00:00","twitter_card":"summary_large_image","twitter_misc":{"Est. reading time":"1\u00a0Minute"},"schema":{"@context":"https:\/\/schema.org","@graph":[{"@type":"WebPage","@id":"https:\/\/ccscleaning.com\/de\/smart-training\/","url":"https:\/\/ccscleaning.com\/de\/smart-training\/","name":"Experten Reinigungs Service in Europa - CCS Cleaning","isPartOf":{"@id":"https:\/\/ccscleaning.com\/de\/#website"},"datePublished":"2018-10-03T07:31:14+00:00","dateModified":"2025-08-19T07:05:46+00:00","description":"CCS Cleaning, ein ISO-zertifiziertes Unternehmen, bietet spezialisierte Reinigungsdienste an, einschlie\u00dflich Tiefenreinigung f\u00fcr Industrie, Fabrik und Industrie. Weitere Informationen erhalten Sie unter + 44-1618209967.","breadcrumb":{"@id":"https:\/\/ccscleaning.com\/de\/smart-training\/#breadcrumb"},"inLanguage":"de","potentialAction":[{"@type":"ReadAction","target":["https:\/\/ccscleaning.com\/de\/smart-training\/"]}]},{"@type":"BreadcrumbList","@id":"https:\/\/ccscleaning.com\/de\/smart-training\/#breadcrumb","itemListElement":[{"@type":"ListItem","position":1,"name":"Startseite","item":"https:\/\/ccscleaning.com\/de\/"},{"@type":"ListItem","position":2,"name":"Training"}]},{"@type":"WebSite","@id":"https:\/\/ccscleaning.com\/de\/#website","url":"https:\/\/ccscleaning.com\/de\/","name":"CCS Cleaning German","description":"","potentialAction":[{"@type":"SearchAction","target":{"@type":"EntryPoint","urlTemplate":"https:\/\/ccscleaning.com\/de\/?s={search_term_string}"},"query-input":{"@type":"PropertyValueSpecification","valueRequired":true,"valueName":"search_term_string"}}],"inLanguage":"de"}]}},"acf":[],"_links":{"self":[{"href":"https:\/\/ccscleaning.com\/de\/wp-json\/wp\/v2\/pages\/6635","targetHints":{"allow":["GET"]}}],"collection":[{"href":"https:\/\/ccscleaning.com\/de\/wp-json\/wp\/v2\/pages"}],"about":[{"href":"https:\/\/ccscleaning.com\/de\/wp-json\/wp\/v2\/types\/page"}],"author":[{"embeddable":true,"href":"https:\/\/ccscleaning.com\/de\/wp-json\/wp\/v2\/users\/1"}],"replies":[{"embeddable":true,"href":"https:\/\/ccscleaning.com\/de\/wp-json\/wp\/v2\/comments?post=6635"}],"version-history":[{"count":3,"href":"https:\/\/ccscleaning.com\/de\/wp-json\/wp\/v2\/pages\/6635\/revisions"}],"predecessor-version":[{"id":7573,"href":"https:\/\/ccscleaning.com\/de\/wp-json\/wp\/v2\/pages\/6635\/revisions\/7573"}],"wp:attachment":[{"href":"https:\/\/ccscleaning.com\/de\/wp-json\/wp\/v2\/media?parent=6635"}],"curies":[{"name":"wp","href":"https:\/\/api.w.org\/{rel}","templated":true}]}}