{"id":7008,"date":"2025-03-19T11:11:15","date_gmt":"2025-03-19T11:11:15","guid":{"rendered":"https:\/\/ccscleaning.com\/de\/?page_id=7008"},"modified":"2025-08-20T10:37:58","modified_gmt":"2025-08-20T10:37:58","slug":"professionelle-reinigung-dusseldorf","status":"publish","type":"page","link":"https:\/\/ccscleaning.com\/de\/professionelle-reinigung-dusseldorf\/","title":{"rendered":"Professionelle Reinigung Dusseldorf"},"content":{"rendered":"","protected":false},"excerpt":{"rendered":"","protected":false},"author":1,"featured_media":0,"parent":0,"menu_order":0,"comment_status":"closed","ping_status":"closed","template":"page-templates\/page-sector.php","meta":{"footnotes":""},"class_list":["post-7008","page","type-page","status-publish","hentry"],"yoast_head":"<!-- This site is optimized with the Yoast SEO plugin v27.1.1 - https:\/\/yoast.com\/product\/yoast-seo-wordpress\/ -->\n<title>Professionelle B\u00fcro &amp; Einzelhandelsreinigung in D\u00fcsseldorf<\/title>\n<meta name=\"description\" content=\"Mieten Sie lokale spezialisierte professionelle Reinigungsdienste in D\u00fcsseldorf. CCS bietet verschiedene gewerbliche Reinigungsdienste in der Region an.\" \/>\n<meta name=\"robots\" content=\"index, follow, max-snippet:-1, max-image-preview:large, max-video-preview:-1\" \/>\n<link rel=\"canonical\" href=\"https:\/\/ccscleaning.com\/de\/professionelle-reinigung-dusseldorf\/\" \/>\n<meta property=\"og:locale\" content=\"de_DE\" \/>\n<meta property=\"og:type\" content=\"article\" \/>\n<meta property=\"og:title\" content=\"Professionelle B\u00fcro &amp; Einzelhandelsreinigung in D\u00fcsseldorf\" \/>\n<meta property=\"og:description\" content=\"Mieten Sie lokale spezialisierte professionelle Reinigungsdienste in D\u00fcsseldorf. CCS bietet verschiedene gewerbliche Reinigungsdienste in der Region an.\" \/>\n<meta property=\"og:url\" content=\"https:\/\/ccscleaning.com\/de\/professionelle-reinigung-dusseldorf\/\" \/>\n<meta property=\"og:site_name\" content=\"CCS Cleaning German\" \/>\n<meta property=\"article:modified_time\" content=\"2025-08-20T10:37:58+00:00\" \/>\n<meta name=\"twitter:card\" content=\"summary_large_image\" \/>\n<!-- \/ Yoast SEO plugin. -->","yoast_head_json":{"title":"Professionelle B\u00fcro & Einzelhandelsreinigung in D\u00fcsseldorf","description":"Mieten Sie lokale spezialisierte professionelle Reinigungsdienste in D\u00fcsseldorf. CCS bietet verschiedene gewerbliche Reinigungsdienste in der Region an.","robots":{"index":"index","follow":"follow","max-snippet":"max-snippet:-1","max-image-preview":"max-image-preview:large","max-video-preview":"max-video-preview:-1"},"canonical":"https:\/\/ccscleaning.com\/de\/professionelle-reinigung-dusseldorf\/","og_locale":"de_DE","og_type":"article","og_title":"Professionelle B\u00fcro & Einzelhandelsreinigung in D\u00fcsseldorf","og_description":"Mieten Sie lokale spezialisierte professionelle Reinigungsdienste in D\u00fcsseldorf. CCS bietet verschiedene gewerbliche Reinigungsdienste in der Region an.","og_url":"https:\/\/ccscleaning.com\/de\/professionelle-reinigung-dusseldorf\/","og_site_name":"CCS Cleaning German","article_modified_time":"2025-08-20T10:37:58+00:00","twitter_card":"summary_large_image","schema":{"@context":"https:\/\/schema.org","@graph":[{"@type":"WebPage","@id":"https:\/\/ccscleaning.com\/de\/professionelle-reinigung-dusseldorf\/","url":"https:\/\/ccscleaning.com\/de\/professionelle-reinigung-dusseldorf\/","name":"Professionelle B\u00fcro & Einzelhandelsreinigung in D\u00fcsseldorf","isPartOf":{"@id":"https:\/\/ccscleaning.com\/de\/#website"},"datePublished":"2025-03-19T11:11:15+00:00","dateModified":"2025-08-20T10:37:58+00:00","description":"Mieten Sie lokale spezialisierte professionelle Reinigungsdienste in D\u00fcsseldorf. CCS bietet verschiedene gewerbliche Reinigungsdienste in der Region an.","breadcrumb":{"@id":"https:\/\/ccscleaning.com\/de\/professionelle-reinigung-dusseldorf\/#breadcrumb"},"inLanguage":"de","potentialAction":[{"@type":"ReadAction","target":["https:\/\/ccscleaning.com\/de\/professionelle-reinigung-dusseldorf\/"]}]},{"@type":"BreadcrumbList","@id":"https:\/\/ccscleaning.com\/de\/professionelle-reinigung-dusseldorf\/#breadcrumb","itemListElement":[{"@type":"ListItem","position":1,"name":"Startseite","item":"https:\/\/ccscleaning.com\/de\/"},{"@type":"ListItem","position":2,"name":"Professionelle Reinigung Dusseldorf"}]},{"@type":"WebSite","@id":"https:\/\/ccscleaning.com\/de\/#website","url":"https:\/\/ccscleaning.com\/de\/","name":"CCS Cleaning German","description":"","potentialAction":[{"@type":"SearchAction","target":{"@type":"EntryPoint","urlTemplate":"https:\/\/ccscleaning.com\/de\/?s={search_term_string}"},"query-input":{"@type":"PropertyValueSpecification","valueRequired":true,"valueName":"search_term_string"}}],"inLanguage":"de"}]}},"acf":[],"_links":{"self":[{"href":"https:\/\/ccscleaning.com\/de\/wp-json\/wp\/v2\/pages\/7008","targetHints":{"allow":["GET"]}}],"collection":[{"href":"https:\/\/ccscleaning.com\/de\/wp-json\/wp\/v2\/pages"}],"about":[{"href":"https:\/\/ccscleaning.com\/de\/wp-json\/wp\/v2\/types\/page"}],"author":[{"embeddable":true,"href":"https:\/\/ccscleaning.com\/de\/wp-json\/wp\/v2\/users\/1"}],"replies":[{"embeddable":true,"href":"https:\/\/ccscleaning.com\/de\/wp-json\/wp\/v2\/comments?post=7008"}],"version-history":[{"count":7,"href":"https:\/\/ccscleaning.com\/de\/wp-json\/wp\/v2\/pages\/7008\/revisions"}],"predecessor-version":[{"id":7206,"href":"https:\/\/ccscleaning.com\/de\/wp-json\/wp\/v2\/pages\/7008\/revisions\/7206"}],"wp:attachment":[{"href":"https:\/\/ccscleaning.com\/de\/wp-json\/wp\/v2\/media?parent=7008"}],"curies":[{"name":"wp","href":"https:\/\/api.w.org\/{rel}","templated":true}]}}