{"id":7078,"date":"2025-03-21T07:15:42","date_gmt":"2025-03-21T07:15:42","guid":{"rendered":"https:\/\/ccscleaning.com\/de\/?page_id=7078"},"modified":"2025-08-19T07:05:40","modified_gmt":"2025-08-19T07:05:40","slug":"gebaude-reinigungsdienste","status":"publish","type":"page","link":"https:\/\/ccscleaning.com\/de\/gebaude-reinigungsdienste\/","title":{"rendered":"Geb\u00e4udeinstandhaltungs- und Reinigungsdienstleistungen"},"content":{"rendered":"","protected":false},"excerpt":{"rendered":"","protected":false},"author":1,"featured_media":0,"parent":0,"menu_order":0,"comment_status":"closed","ping_status":"closed","template":"page-templates\/page-sector.php","meta":{"footnotes":""},"class_list":["post-7078","page","type-page","status-publish","hentry"],"yoast_head":"<!-- This site is optimized with the Yoast SEO plugin v27.1.1 - https:\/\/yoast.com\/product\/yoast-seo-wordpress\/ -->\n<title>Erschwinglich Geb\u00e4udereinigungs- und Wartungsdienste | CCS<\/title>\n<meta name=\"description\" content=\"Buchen Sie kosteng\u00fcnstige Geb\u00e4udereinigungs- und Wartungsdienste, sowohl Innen- und Au\u00dfenreinigung, gewerbliche Desinfektion als auch Fensterpflege.\" \/>\n<meta name=\"robots\" content=\"index, follow, max-snippet:-1, max-image-preview:large, max-video-preview:-1\" \/>\n<link rel=\"canonical\" href=\"https:\/\/ccscleaning.com\/de\/gebaude-reinigungsdienste\/\" \/>\n<meta property=\"og:locale\" content=\"de_DE\" \/>\n<meta property=\"og:type\" content=\"article\" \/>\n<meta property=\"og:title\" content=\"Erschwinglich Geb\u00e4udereinigungs- und Wartungsdienste | CCS\" \/>\n<meta property=\"og:description\" content=\"Buchen Sie kosteng\u00fcnstige Geb\u00e4udereinigungs- und Wartungsdienste, sowohl Innen- und Au\u00dfenreinigung, gewerbliche Desinfektion als auch Fensterpflege.\" \/>\n<meta property=\"og:url\" content=\"https:\/\/ccscleaning.com\/de\/gebaude-reinigungsdienste\/\" \/>\n<meta property=\"og:site_name\" content=\"CCS Cleaning German\" \/>\n<meta property=\"article:modified_time\" content=\"2025-08-19T07:05:40+00:00\" \/>\n<meta name=\"twitter:card\" content=\"summary_large_image\" \/>\n<!-- \/ Yoast SEO plugin. -->","yoast_head_json":{"title":"Erschwinglich Geb\u00e4udereinigungs- und Wartungsdienste | CCS","description":"Buchen Sie kosteng\u00fcnstige Geb\u00e4udereinigungs- und Wartungsdienste, sowohl Innen- und Au\u00dfenreinigung, gewerbliche Desinfektion als auch Fensterpflege.","robots":{"index":"index","follow":"follow","max-snippet":"max-snippet:-1","max-image-preview":"max-image-preview:large","max-video-preview":"max-video-preview:-1"},"canonical":"https:\/\/ccscleaning.com\/de\/gebaude-reinigungsdienste\/","og_locale":"de_DE","og_type":"article","og_title":"Erschwinglich Geb\u00e4udereinigungs- und Wartungsdienste | CCS","og_description":"Buchen Sie kosteng\u00fcnstige Geb\u00e4udereinigungs- und Wartungsdienste, sowohl Innen- und Au\u00dfenreinigung, gewerbliche Desinfektion als auch Fensterpflege.","og_url":"https:\/\/ccscleaning.com\/de\/gebaude-reinigungsdienste\/","og_site_name":"CCS Cleaning German","article_modified_time":"2025-08-19T07:05:40+00:00","twitter_card":"summary_large_image","schema":{"@context":"https:\/\/schema.org","@graph":[{"@type":"WebPage","@id":"https:\/\/ccscleaning.com\/de\/gebaude-reinigungsdienste\/","url":"https:\/\/ccscleaning.com\/de\/gebaude-reinigungsdienste\/","name":"Erschwinglich Geb\u00e4udereinigungs- und Wartungsdienste | CCS","isPartOf":{"@id":"https:\/\/ccscleaning.com\/de\/#website"},"datePublished":"2025-03-21T07:15:42+00:00","dateModified":"2025-08-19T07:05:40+00:00","description":"Buchen Sie kosteng\u00fcnstige Geb\u00e4udereinigungs- und Wartungsdienste, sowohl Innen- und Au\u00dfenreinigung, gewerbliche Desinfektion als auch Fensterpflege.","breadcrumb":{"@id":"https:\/\/ccscleaning.com\/de\/gebaude-reinigungsdienste\/#breadcrumb"},"inLanguage":"de","potentialAction":[{"@type":"ReadAction","target":["https:\/\/ccscleaning.com\/de\/gebaude-reinigungsdienste\/"]}]},{"@type":"BreadcrumbList","@id":"https:\/\/ccscleaning.com\/de\/gebaude-reinigungsdienste\/#breadcrumb","itemListElement":[{"@type":"ListItem","position":1,"name":"Startseite","item":"https:\/\/ccscleaning.com\/de\/"},{"@type":"ListItem","position":2,"name":"Geb\u00e4udeinstandhaltungs- und Reinigungsdienstleistungen"}]},{"@type":"WebSite","@id":"https:\/\/ccscleaning.com\/de\/#website","url":"https:\/\/ccscleaning.com\/de\/","name":"CCS Cleaning German","description":"","potentialAction":[{"@type":"SearchAction","target":{"@type":"EntryPoint","urlTemplate":"https:\/\/ccscleaning.com\/de\/?s={search_term_string}"},"query-input":{"@type":"PropertyValueSpecification","valueRequired":true,"valueName":"search_term_string"}}],"inLanguage":"de"}]}},"acf":[],"_links":{"self":[{"href":"https:\/\/ccscleaning.com\/de\/wp-json\/wp\/v2\/pages\/7078","targetHints":{"allow":["GET"]}}],"collection":[{"href":"https:\/\/ccscleaning.com\/de\/wp-json\/wp\/v2\/pages"}],"about":[{"href":"https:\/\/ccscleaning.com\/de\/wp-json\/wp\/v2\/types\/page"}],"author":[{"embeddable":true,"href":"https:\/\/ccscleaning.com\/de\/wp-json\/wp\/v2\/users\/1"}],"replies":[{"embeddable":true,"href":"https:\/\/ccscleaning.com\/de\/wp-json\/wp\/v2\/comments?post=7078"}],"version-history":[{"count":5,"href":"https:\/\/ccscleaning.com\/de\/wp-json\/wp\/v2\/pages\/7078\/revisions"}],"predecessor-version":[{"id":7198,"href":"https:\/\/ccscleaning.com\/de\/wp-json\/wp\/v2\/pages\/7078\/revisions\/7198"}],"wp:attachment":[{"href":"https:\/\/ccscleaning.com\/de\/wp-json\/wp\/v2\/media?parent=7078"}],"curies":[{"name":"wp","href":"https:\/\/api.w.org\/{rel}","templated":true}]}}