{"id":7163,"date":"2025-03-25T09:05:32","date_gmt":"2025-03-25T09:05:32","guid":{"rendered":"https:\/\/ccscleaning.com\/de\/?page_id=7163"},"modified":"2025-08-19T07:05:39","modified_gmt":"2025-08-19T07:05:39","slug":"reinigung-nach-der-baustelle","status":"publish","type":"page","link":"https:\/\/ccscleaning.com\/de\/reinigung-nach-der-baustelle\/","title":{"rendered":"Baustellen Reinigungsdienste"},"content":{"rendered":"","protected":false},"excerpt":{"rendered":"","protected":false},"author":1,"featured_media":0,"parent":0,"menu_order":0,"comment_status":"closed","ping_status":"closed","template":"page-templates\/page-sector.php","meta":{"footnotes":""},"class_list":["post-7163","page","type-page","status-publish","hentry"],"yoast_head":"<!-- This site is optimized with the Yoast SEO plugin v27.1.1 - https:\/\/yoast.com\/product\/yoast-seo-wordpress\/ -->\n<title>Baustellenreinigung nach Bauende | Aufr\u00e4umen nach dem Bau<\/title>\n<meta name=\"description\" content=\"Qualifizierte Reinigungskr\u00e4fte f\u00fcr die Baustellenreinigung nach dem Bau. Holen Sie sich ein Angebot f\u00fcr die Geb\u00e4udenachreinigung von CCS.\" \/>\n<meta name=\"robots\" content=\"index, follow, max-snippet:-1, max-image-preview:large, max-video-preview:-1\" \/>\n<link rel=\"canonical\" href=\"https:\/\/ccscleaning.com\/de\/reinigung-nach-der-baustelle\/\" \/>\n<meta property=\"og:locale\" content=\"de_DE\" \/>\n<meta property=\"og:type\" content=\"article\" \/>\n<meta property=\"og:title\" content=\"Baustellenreinigung nach Bauende | Aufr\u00e4umen nach dem Bau\" \/>\n<meta property=\"og:description\" content=\"Qualifizierte Reinigungskr\u00e4fte f\u00fcr die Baustellenreinigung nach dem Bau. Holen Sie sich ein Angebot f\u00fcr die Geb\u00e4udenachreinigung von CCS.\" \/>\n<meta property=\"og:url\" content=\"https:\/\/ccscleaning.com\/de\/reinigung-nach-der-baustelle\/\" \/>\n<meta property=\"og:site_name\" content=\"CCS Cleaning German\" \/>\n<meta property=\"article:modified_time\" content=\"2025-08-19T07:05:39+00:00\" \/>\n<meta name=\"twitter:card\" content=\"summary_large_image\" \/>\n<meta name=\"twitter:label1\" content=\"Est. reading time\" \/>\n\t<meta name=\"twitter:data1\" content=\"10\u00a0Minuten\" \/>\n<!-- \/ Yoast SEO plugin. -->","yoast_head_json":{"title":"Baustellenreinigung nach Bauende | Aufr\u00e4umen nach dem Bau","description":"Qualifizierte Reinigungskr\u00e4fte f\u00fcr die Baustellenreinigung nach dem Bau. Holen Sie sich ein Angebot f\u00fcr die Geb\u00e4udenachreinigung von CCS.","robots":{"index":"index","follow":"follow","max-snippet":"max-snippet:-1","max-image-preview":"max-image-preview:large","max-video-preview":"max-video-preview:-1"},"canonical":"https:\/\/ccscleaning.com\/de\/reinigung-nach-der-baustelle\/","og_locale":"de_DE","og_type":"article","og_title":"Baustellenreinigung nach Bauende | Aufr\u00e4umen nach dem Bau","og_description":"Qualifizierte Reinigungskr\u00e4fte f\u00fcr die Baustellenreinigung nach dem Bau. Holen Sie sich ein Angebot f\u00fcr die Geb\u00e4udenachreinigung von CCS.","og_url":"https:\/\/ccscleaning.com\/de\/reinigung-nach-der-baustelle\/","og_site_name":"CCS Cleaning German","article_modified_time":"2025-08-19T07:05:39+00:00","twitter_card":"summary_large_image","twitter_misc":{"Est. reading time":"10\u00a0Minuten"},"schema":{"@context":"https:\/\/schema.org","@graph":[{"@type":"WebPage","@id":"https:\/\/ccscleaning.com\/de\/reinigung-nach-der-baustelle\/","url":"https:\/\/ccscleaning.com\/de\/reinigung-nach-der-baustelle\/","name":"Baustellenreinigung nach Bauende | Aufr\u00e4umen nach dem Bau","isPartOf":{"@id":"https:\/\/ccscleaning.com\/de\/#website"},"datePublished":"2025-03-25T09:05:32+00:00","dateModified":"2025-08-19T07:05:39+00:00","description":"Qualifizierte Reinigungskr\u00e4fte f\u00fcr die Baustellenreinigung nach dem Bau. Holen Sie sich ein Angebot f\u00fcr die Geb\u00e4udenachreinigung von CCS.","breadcrumb":{"@id":"https:\/\/ccscleaning.com\/de\/reinigung-nach-der-baustelle\/#breadcrumb"},"inLanguage":"de","potentialAction":[{"@type":"ReadAction","target":["https:\/\/ccscleaning.com\/de\/reinigung-nach-der-baustelle\/"]}]},{"@type":"BreadcrumbList","@id":"https:\/\/ccscleaning.com\/de\/reinigung-nach-der-baustelle\/#breadcrumb","itemListElement":[{"@type":"ListItem","position":1,"name":"Startseite","item":"https:\/\/ccscleaning.com\/de\/"},{"@type":"ListItem","position":2,"name":"Baustellen Reinigungsdienste"}]},{"@type":"WebSite","@id":"https:\/\/ccscleaning.com\/de\/#website","url":"https:\/\/ccscleaning.com\/de\/","name":"CCS Cleaning German","description":"","potentialAction":[{"@type":"SearchAction","target":{"@type":"EntryPoint","urlTemplate":"https:\/\/ccscleaning.com\/de\/?s={search_term_string}"},"query-input":{"@type":"PropertyValueSpecification","valueRequired":true,"valueName":"search_term_string"}}],"inLanguage":"de"}]}},"acf":[],"_links":{"self":[{"href":"https:\/\/ccscleaning.com\/de\/wp-json\/wp\/v2\/pages\/7163","targetHints":{"allow":["GET"]}}],"collection":[{"href":"https:\/\/ccscleaning.com\/de\/wp-json\/wp\/v2\/pages"}],"about":[{"href":"https:\/\/ccscleaning.com\/de\/wp-json\/wp\/v2\/types\/page"}],"author":[{"embeddable":true,"href":"https:\/\/ccscleaning.com\/de\/wp-json\/wp\/v2\/users\/1"}],"replies":[{"embeddable":true,"href":"https:\/\/ccscleaning.com\/de\/wp-json\/wp\/v2\/comments?post=7163"}],"version-history":[{"count":3,"href":"https:\/\/ccscleaning.com\/de\/wp-json\/wp\/v2\/pages\/7163\/revisions"}],"predecessor-version":[{"id":7167,"href":"https:\/\/ccscleaning.com\/de\/wp-json\/wp\/v2\/pages\/7163\/revisions\/7167"}],"wp:attachment":[{"href":"https:\/\/ccscleaning.com\/de\/wp-json\/wp\/v2\/media?parent=7163"}],"curies":[{"name":"wp","href":"https:\/\/api.w.org\/{rel}","templated":true}]}}