{"id":2065,"date":"2018-10-04T12:32:16","date_gmt":"2018-10-04T12:32:16","guid":{"rendered":"https:\/\/ccscleaning.com\/?page_id=2065"},"modified":"2025-08-22T07:30:36","modified_gmt":"2025-08-22T07:30:36","slug":"janitorial-cleaning-services","status":"publish","type":"page","link":"https:\/\/ccscleaning.com\/fr\/janitorial-cleaning-services\/","title":{"rendered":"Services de conciergerie et de nettoyage"},"content":{"rendered":"","protected":false},"excerpt":{"rendered":"","protected":false},"author":1,"featured_media":0,"parent":0,"menu_order":0,"comment_status":"closed","ping_status":"closed","template":"page-templates\/page-others-services.php","meta":{"footnotes":""},"class_list":["post-2065","page","type-page","status-publish","hentry"],"yoast_head":"<!-- This site is optimized with the Yoast SEO plugin v27.1.1 - https:\/\/yoast.com\/product\/yoast-seo-wordpress\/ -->\n<title>Janitorial Cleaning Services in France | Nettoyage de Conciergerie<\/title>\n<meta name=\"description\" content=\"CCS Cleaning dispose d&#039;un pool de personnel de nettoyage janitorial form\u00e9 et certifi\u00e9, propose des janitorial service la en France pour garder les locaux propres et en bon \u00e9tat. Appelez + 44-1618209967\" \/>\n<meta name=\"robots\" content=\"index, follow, max-snippet:-1, max-image-preview:large, max-video-preview:-1\" \/>\n<link rel=\"canonical\" href=\"https:\/\/ccscleaning.com\/fr\/janitorial-cleaning-services\/\" \/>\n<meta property=\"og:locale\" content=\"fr_FR\" \/>\n<meta property=\"og:type\" content=\"article\" \/>\n<meta property=\"og:title\" content=\"Janitorial Cleaning Services in France | Nettoyage de Conciergerie\" \/>\n<meta property=\"og:description\" content=\"CCS Cleaning dispose d&#039;un pool de personnel de nettoyage janitorial form\u00e9 et certifi\u00e9, propose des janitorial service la en France pour garder les locaux propres et en bon \u00e9tat. Appelez + 44-1618209967\" \/>\n<meta property=\"og:url\" content=\"https:\/\/ccscleaning.com\/fr\/janitorial-cleaning-services\/\" \/>\n<meta property=\"og:site_name\" content=\"CCS Cleaning French\" \/>\n<meta property=\"article:modified_time\" content=\"2025-08-22T07:30:36+00:00\" \/>\n<meta name=\"twitter:card\" content=\"summary_large_image\" \/>\n<!-- \/ Yoast SEO plugin. -->","yoast_head_json":{"title":"Janitorial Cleaning Services in France | Nettoyage de Conciergerie","description":"CCS Cleaning dispose d'un pool de personnel de nettoyage janitorial form\u00e9 et certifi\u00e9, propose des janitorial service la en France pour garder les locaux propres et en bon \u00e9tat. Appelez + 44-1618209967","robots":{"index":"index","follow":"follow","max-snippet":"max-snippet:-1","max-image-preview":"max-image-preview:large","max-video-preview":"max-video-preview:-1"},"canonical":"https:\/\/ccscleaning.com\/fr\/janitorial-cleaning-services\/","og_locale":"fr_FR","og_type":"article","og_title":"Janitorial Cleaning Services in France | Nettoyage de Conciergerie","og_description":"CCS Cleaning dispose d'un pool de personnel de nettoyage janitorial form\u00e9 et certifi\u00e9, propose des janitorial service la en France pour garder les locaux propres et en bon \u00e9tat. Appelez + 44-1618209967","og_url":"https:\/\/ccscleaning.com\/fr\/janitorial-cleaning-services\/","og_site_name":"CCS Cleaning French","article_modified_time":"2025-08-22T07:30:36+00:00","twitter_card":"summary_large_image","schema":{"@context":"https:\/\/schema.org","@graph":[{"@type":"WebPage","@id":"https:\/\/ccscleaning.com\/fr\/janitorial-cleaning-services\/","url":"https:\/\/ccscleaning.com\/fr\/janitorial-cleaning-services\/","name":"Janitorial Cleaning Services in France | Nettoyage de Conciergerie","isPartOf":{"@id":"https:\/\/ccscleaning.com\/fr\/#website"},"datePublished":"2018-10-04T12:32:16+00:00","dateModified":"2025-08-22T07:30:36+00:00","description":"CCS Cleaning dispose d'un pool de personnel de nettoyage janitorial form\u00e9 et certifi\u00e9, propose des janitorial service la en France pour garder les locaux propres et en bon \u00e9tat. Appelez + 44-1618209967","breadcrumb":{"@id":"https:\/\/ccscleaning.com\/fr\/janitorial-cleaning-services\/#breadcrumb"},"inLanguage":"fr-FR","potentialAction":[{"@type":"ReadAction","target":["https:\/\/ccscleaning.com\/fr\/janitorial-cleaning-services\/"]}]},{"@type":"BreadcrumbList","@id":"https:\/\/ccscleaning.com\/fr\/janitorial-cleaning-services\/#breadcrumb","itemListElement":[{"@type":"ListItem","position":1,"name":"Accueil","item":"https:\/\/ccscleaning.com\/fr\/"},{"@type":"ListItem","position":2,"name":"Services de conciergerie et de nettoyage"}]},{"@type":"WebSite","@id":"https:\/\/ccscleaning.com\/fr\/#website","url":"https:\/\/ccscleaning.com\/fr\/","name":"CCS Cleaning French","description":"","potentialAction":[{"@type":"SearchAction","target":{"@type":"EntryPoint","urlTemplate":"https:\/\/ccscleaning.com\/fr\/?s={search_term_string}"},"query-input":{"@type":"PropertyValueSpecification","valueRequired":true,"valueName":"search_term_string"}}],"inLanguage":"fr-FR"}]}},"acf":[],"_links":{"self":[{"href":"https:\/\/ccscleaning.com\/fr\/wp-json\/wp\/v2\/pages\/2065","targetHints":{"allow":["GET"]}}],"collection":[{"href":"https:\/\/ccscleaning.com\/fr\/wp-json\/wp\/v2\/pages"}],"about":[{"href":"https:\/\/ccscleaning.com\/fr\/wp-json\/wp\/v2\/types\/page"}],"author":[{"embeddable":true,"href":"https:\/\/ccscleaning.com\/fr\/wp-json\/wp\/v2\/users\/1"}],"replies":[{"embeddable":true,"href":"https:\/\/ccscleaning.com\/fr\/wp-json\/wp\/v2\/comments?post=2065"}],"version-history":[{"count":7,"href":"https:\/\/ccscleaning.com\/fr\/wp-json\/wp\/v2\/pages\/2065\/revisions"}],"predecessor-version":[{"id":7312,"href":"https:\/\/ccscleaning.com\/fr\/wp-json\/wp\/v2\/pages\/2065\/revisions\/7312"}],"wp:attachment":[{"href":"https:\/\/ccscleaning.com\/fr\/wp-json\/wp\/v2\/media?parent=2065"}],"curies":[{"name":"wp","href":"https:\/\/api.w.org\/{rel}","templated":true}]}}