{"id":2098,"date":"2018-10-09T05:02:50","date_gmt":"2018-10-09T05:02:50","guid":{"rendered":"https:\/\/ccscleaning.com\/?page_id=2098"},"modified":"2025-08-19T09:12:50","modified_gmt":"2025-08-19T09:12:50","slug":"contact-us","status":"publish","type":"page","link":"https:\/\/ccscleaning.com\/fr\/contact-us\/","title":{"rendered":"Contact Us"},"content":{"rendered":"","protected":false},"excerpt":{"rendered":"","protected":false},"author":1,"featured_media":0,"parent":0,"menu_order":0,"comment_status":"closed","ping_status":"closed","template":"page-templates\/page-contact.php","meta":{"footnotes":""},"class_list":["post-2098","page","type-page","status-publish","hentry"],"yoast_head":"<!-- This site is optimized with the Yoast SEO plugin v27.1.1 - https:\/\/yoast.com\/product\/yoast-seo-wordpress\/ -->\n<title>Contactez CCS pour les services de nettoyage commercial en Europe<\/title>\n<meta name=\"description\" content=\"Contactez CCS d\u00e8s aujourd&#039;hui pour tout service de nettoyage ou service de maintenance en Europe. Notre service d&#039;assistance t\u00e9l\u00e9phonique est disponible au +44 (0) 1618209967\" \/>\n<meta name=\"robots\" content=\"index, follow, max-snippet:-1, max-image-preview:large, max-video-preview:-1\" \/>\n<link rel=\"canonical\" href=\"https:\/\/ccscleaning.com\/fr\/contact-us\/\" \/>\n<meta property=\"og:locale\" content=\"fr_FR\" \/>\n<meta property=\"og:type\" content=\"article\" \/>\n<meta property=\"og:title\" content=\"Contactez CCS pour les services de nettoyage commercial en Europe\" \/>\n<meta property=\"og:description\" content=\"Contactez CCS d\u00e8s aujourd&#039;hui pour tout service de nettoyage ou service de maintenance en Europe. Notre service d&#039;assistance t\u00e9l\u00e9phonique est disponible au +44 (0) 1618209967\" \/>\n<meta property=\"og:url\" content=\"https:\/\/ccscleaning.com\/fr\/contact-us\/\" \/>\n<meta property=\"og:site_name\" content=\"CCS Cleaning French\" \/>\n<meta property=\"article:modified_time\" content=\"2025-08-19T09:12:50+00:00\" \/>\n<meta name=\"twitter:card\" content=\"summary_large_image\" \/>\n<!-- \/ Yoast SEO plugin. -->","yoast_head_json":{"title":"Contactez CCS pour les services de nettoyage commercial en Europe","description":"Contactez CCS d\u00e8s aujourd'hui pour tout service de nettoyage ou service de maintenance en Europe. Notre service d'assistance t\u00e9l\u00e9phonique est disponible au +44 (0) 1618209967","robots":{"index":"index","follow":"follow","max-snippet":"max-snippet:-1","max-image-preview":"max-image-preview:large","max-video-preview":"max-video-preview:-1"},"canonical":"https:\/\/ccscleaning.com\/fr\/contact-us\/","og_locale":"fr_FR","og_type":"article","og_title":"Contactez CCS pour les services de nettoyage commercial en Europe","og_description":"Contactez CCS d\u00e8s aujourd'hui pour tout service de nettoyage ou service de maintenance en Europe. Notre service d'assistance t\u00e9l\u00e9phonique est disponible au +44 (0) 1618209967","og_url":"https:\/\/ccscleaning.com\/fr\/contact-us\/","og_site_name":"CCS Cleaning French","article_modified_time":"2025-08-19T09:12:50+00:00","twitter_card":"summary_large_image","schema":{"@context":"https:\/\/schema.org","@graph":[{"@type":"WebPage","@id":"https:\/\/ccscleaning.com\/fr\/contact-us\/","url":"https:\/\/ccscleaning.com\/fr\/contact-us\/","name":"Contactez CCS pour les services de nettoyage commercial en Europe","isPartOf":{"@id":"https:\/\/ccscleaning.com\/fr\/#website"},"datePublished":"2018-10-09T05:02:50+00:00","dateModified":"2025-08-19T09:12:50+00:00","description":"Contactez CCS d\u00e8s aujourd'hui pour tout service de nettoyage ou service de maintenance en Europe. Notre service d'assistance t\u00e9l\u00e9phonique est disponible au +44 (0) 1618209967","breadcrumb":{"@id":"https:\/\/ccscleaning.com\/fr\/contact-us\/#breadcrumb"},"inLanguage":"fr-FR","potentialAction":[{"@type":"ReadAction","target":["https:\/\/ccscleaning.com\/fr\/contact-us\/"]}]},{"@type":"BreadcrumbList","@id":"https:\/\/ccscleaning.com\/fr\/contact-us\/#breadcrumb","itemListElement":[{"@type":"ListItem","position":1,"name":"Accueil","item":"https:\/\/ccscleaning.com\/fr\/"},{"@type":"ListItem","position":2,"name":"Contact Us"}]},{"@type":"WebSite","@id":"https:\/\/ccscleaning.com\/fr\/#website","url":"https:\/\/ccscleaning.com\/fr\/","name":"CCS Cleaning French","description":"","potentialAction":[{"@type":"SearchAction","target":{"@type":"EntryPoint","urlTemplate":"https:\/\/ccscleaning.com\/fr\/?s={search_term_string}"},"query-input":{"@type":"PropertyValueSpecification","valueRequired":true,"valueName":"search_term_string"}}],"inLanguage":"fr-FR"}]}},"acf":[],"_links":{"self":[{"href":"https:\/\/ccscleaning.com\/fr\/wp-json\/wp\/v2\/pages\/2098","targetHints":{"allow":["GET"]}}],"collection":[{"href":"https:\/\/ccscleaning.com\/fr\/wp-json\/wp\/v2\/pages"}],"about":[{"href":"https:\/\/ccscleaning.com\/fr\/wp-json\/wp\/v2\/types\/page"}],"author":[{"embeddable":true,"href":"https:\/\/ccscleaning.com\/fr\/wp-json\/wp\/v2\/users\/1"}],"replies":[{"embeddable":true,"href":"https:\/\/ccscleaning.com\/fr\/wp-json\/wp\/v2\/comments?post=2098"}],"version-history":[{"count":4,"href":"https:\/\/ccscleaning.com\/fr\/wp-json\/wp\/v2\/pages\/2098\/revisions"}],"predecessor-version":[{"id":6916,"href":"https:\/\/ccscleaning.com\/fr\/wp-json\/wp\/v2\/pages\/2098\/revisions\/6916"}],"wp:attachment":[{"href":"https:\/\/ccscleaning.com\/fr\/wp-json\/wp\/v2\/media?parent=2098"}],"curies":[{"name":"wp","href":"https:\/\/api.w.org\/{rel}","templated":true}]}}