{"id":2403,"date":"2018-10-12T07:21:21","date_gmt":"2018-10-12T07:21:21","guid":{"rendered":"https:\/\/ccscleaning.com\/?page_id=2403"},"modified":"2025-08-19T09:12:50","modified_gmt":"2025-08-19T09:12:50","slug":"cookie-policy","status":"publish","type":"page","link":"https:\/\/ccscleaning.com\/fr\/cookie-policy\/","title":{"rendered":"Cookie Policy"},"content":{"rendered":"<section class=\"intro_cnt\">\n<div class=\"container\">\n<div class=\"row\">\n<div class=\"cookie-policy\">\n<h1>Cookie Policy<\/h1>\n<p>This site uses cookies &#8211; small text files that are placed on your machine to help the site provide a better user experience. In general, cookies are used to retain user preferences, store information for things like shopping carts, and provide anonymised tracking data to third party applications like Google Analytics. As a rule, cookies will make your browsing experience better. However, you may prefer to disable cookies on this site and on others. The most effective way to do this is to disable cookies in your browser. We suggest consulting the Help section of your browser or taking a look at the About Cookies website which offers guidance for all modern browsers <\/p>\n<\/div>\n<\/div>\n<\/div>\n<\/section>","protected":false},"excerpt":{"rendered":"<p>Cookie Policy This site uses cookies &#8211; small text files that are placed on your machine to help the site provide a better user experience. In general, cookies are used to retain user preferences, store information for things like shopping carts, and provide anonymised tracking data to third party applications like Google Analytics. As a&#8230;  <a href=\"https:\/\/ccscleaning.com\/fr\/cookie-policy\/\" class=\"more-link\" title=\"Read Cookie Policy\">Read more &raquo;<\/a><\/p>\n","protected":false},"author":1,"featured_media":0,"parent":0,"menu_order":0,"comment_status":"closed","ping_status":"closed","template":"","meta":{"footnotes":""},"class_list":["post-2403","page","type-page","status-publish","hentry"],"yoast_head":"<!-- This site is optimized with the Yoast SEO plugin v27.1.1 - https:\/\/yoast.com\/product\/yoast-seo-wordpress\/ -->\n<title>Politique de cookie - CCS<\/title>\n<meta name=\"description\" content=\"Pour assurer une meilleure exp\u00e9rience utilisateur, CCS Cleaning utilise des cookies, ce qui facilitera l&#039;exp\u00e9rience de navigation de l&#039;utilisateur, mais conservera \u00e9galement ses pr\u00e9f\u00e9rences\" \/>\n<meta name=\"robots\" content=\"index, follow, max-snippet:-1, max-image-preview:large, max-video-preview:-1\" \/>\n<link rel=\"canonical\" href=\"https:\/\/ccscleaning.com\/fr\/cookie-policy\/\" \/>\n<meta property=\"og:locale\" content=\"fr_FR\" \/>\n<meta property=\"og:type\" content=\"article\" \/>\n<meta property=\"og:title\" content=\"Politique de cookie - CCS\" \/>\n<meta property=\"og:description\" content=\"Pour assurer une meilleure exp\u00e9rience utilisateur, CCS Cleaning utilise des cookies, ce qui facilitera l&#039;exp\u00e9rience de navigation de l&#039;utilisateur, mais conservera \u00e9galement ses pr\u00e9f\u00e9rences\" \/>\n<meta property=\"og:url\" content=\"https:\/\/ccscleaning.com\/fr\/cookie-policy\/\" \/>\n<meta property=\"og:site_name\" content=\"CCS Cleaning French\" \/>\n<meta property=\"article:modified_time\" content=\"2025-08-19T09:12:50+00:00\" \/>\n<meta name=\"twitter:card\" content=\"summary_large_image\" \/>\n<meta name=\"twitter:label1\" content=\"Est. reading time\" \/>\n\t<meta name=\"twitter:data1\" content=\"1 minute\" \/>\n<!-- \/ Yoast SEO plugin. -->","yoast_head_json":{"title":"Politique de cookie - CCS","description":"Pour assurer une meilleure exp\u00e9rience utilisateur, CCS Cleaning utilise des cookies, ce qui facilitera l'exp\u00e9rience de navigation de l'utilisateur, mais conservera \u00e9galement ses pr\u00e9f\u00e9rences","robots":{"index":"index","follow":"follow","max-snippet":"max-snippet:-1","max-image-preview":"max-image-preview:large","max-video-preview":"max-video-preview:-1"},"canonical":"https:\/\/ccscleaning.com\/fr\/cookie-policy\/","og_locale":"fr_FR","og_type":"article","og_title":"Politique de cookie - CCS","og_description":"Pour assurer une meilleure exp\u00e9rience utilisateur, CCS Cleaning utilise des cookies, ce qui facilitera l'exp\u00e9rience de navigation de l'utilisateur, mais conservera \u00e9galement ses pr\u00e9f\u00e9rences","og_url":"https:\/\/ccscleaning.com\/fr\/cookie-policy\/","og_site_name":"CCS Cleaning French","article_modified_time":"2025-08-19T09:12:50+00:00","twitter_card":"summary_large_image","twitter_misc":{"Est. reading time":"1 minute"},"schema":{"@context":"https:\/\/schema.org","@graph":[{"@type":"WebPage","@id":"https:\/\/ccscleaning.com\/fr\/cookie-policy\/","url":"https:\/\/ccscleaning.com\/fr\/cookie-policy\/","name":"Politique de cookie - CCS","isPartOf":{"@id":"https:\/\/ccscleaning.com\/fr\/#website"},"datePublished":"2018-10-12T07:21:21+00:00","dateModified":"2025-08-19T09:12:50+00:00","description":"Pour assurer une meilleure exp\u00e9rience utilisateur, CCS Cleaning utilise des cookies, ce qui facilitera l'exp\u00e9rience de navigation de l'utilisateur, mais conservera \u00e9galement ses pr\u00e9f\u00e9rences","breadcrumb":{"@id":"https:\/\/ccscleaning.com\/fr\/cookie-policy\/#breadcrumb"},"inLanguage":"fr-FR","potentialAction":[{"@type":"ReadAction","target":["https:\/\/ccscleaning.com\/fr\/cookie-policy\/"]}]},{"@type":"BreadcrumbList","@id":"https:\/\/ccscleaning.com\/fr\/cookie-policy\/#breadcrumb","itemListElement":[{"@type":"ListItem","position":1,"name":"Accueil","item":"https:\/\/ccscleaning.com\/fr\/"},{"@type":"ListItem","position":2,"name":"Cookie Policy"}]},{"@type":"WebSite","@id":"https:\/\/ccscleaning.com\/fr\/#website","url":"https:\/\/ccscleaning.com\/fr\/","name":"CCS Cleaning French","description":"","potentialAction":[{"@type":"SearchAction","target":{"@type":"EntryPoint","urlTemplate":"https:\/\/ccscleaning.com\/fr\/?s={search_term_string}"},"query-input":{"@type":"PropertyValueSpecification","valueRequired":true,"valueName":"search_term_string"}}],"inLanguage":"fr-FR"}]}},"acf":[],"_links":{"self":[{"href":"https:\/\/ccscleaning.com\/fr\/wp-json\/wp\/v2\/pages\/2403","targetHints":{"allow":["GET"]}}],"collection":[{"href":"https:\/\/ccscleaning.com\/fr\/wp-json\/wp\/v2\/pages"}],"about":[{"href":"https:\/\/ccscleaning.com\/fr\/wp-json\/wp\/v2\/types\/page"}],"author":[{"embeddable":true,"href":"https:\/\/ccscleaning.com\/fr\/wp-json\/wp\/v2\/users\/1"}],"replies":[{"embeddable":true,"href":"https:\/\/ccscleaning.com\/fr\/wp-json\/wp\/v2\/comments?post=2403"}],"version-history":[{"count":1,"href":"https:\/\/ccscleaning.com\/fr\/wp-json\/wp\/v2\/pages\/2403\/revisions"}],"predecessor-version":[{"id":7234,"href":"https:\/\/ccscleaning.com\/fr\/wp-json\/wp\/v2\/pages\/2403\/revisions\/7234"}],"wp:attachment":[{"href":"https:\/\/ccscleaning.com\/fr\/wp-json\/wp\/v2\/media?parent=2403"}],"curies":[{"name":"wp","href":"https:\/\/api.w.org\/{rel}","templated":true}]}}