{"id":2421,"date":"2018-10-13T07:03:22","date_gmt":"2018-10-13T07:03:22","guid":{"rendered":"https:\/\/ccscleaning.com\/?page_id=2421"},"modified":"2025-08-19T09:12:49","modified_gmt":"2025-08-19T09:12:49","slug":"mopping","status":"publish","type":"page","link":"https:\/\/ccscleaning.com\/fr\/mopping\/","title":{"rendered":"Mopping"},"content":{"rendered":"<div class=\"container-fluid inner-banner-wrap\">\r\n\t<div class=\"row\">\r\n\t\t<img decoding=\"async\" src=\"https:\/\/ccscleaning.com\/fr\/wp-content\/uploads\/sites\/5\/2018\/12\/mopping-banner-e1553268274407.jpg\" alt=\"Mopping\" \/>\r\n\t\t<div class=\"inner-banner-cont\">\r\n\t\t\t<div class=\"container\">\r\n\t\t\t\t<div class=\"row\">\r\n\t\t\t\t\t<div class=\"col-lg-6\">\r\n\t\t\t\t\t\t<div class=\"inner-banner-left-content\">\r\n\t\t\t\t\t\t\t<h1>Mopping<\/h1>\t\t\t\t\t\t\t\r\n\t\t\t\t\t\t<\/div>\r\n\t\t\t\t\t<\/div>\r\n\t\t\t\t\t<div class=\"col-lg-6\">\r\n\t\t\t\t\t\t<div class=\"banner-contact\">\r\n\t\t\t\t\t\t\t<h3>CONTACT US<\/h3>\r\n\t\t\t\t\t\t\t\n<div class=\"wpcf7 no-js\" id=\"wpcf7-f2164-o1\" lang=\"en-US\" dir=\"ltr\" data-wpcf7-id=\"2164\">\n<div class=\"screen-reader-response\"><p role=\"status\" aria-live=\"polite\" aria-atomic=\"true\"><\/p> <ul><\/ul><\/div>\n<form action=\"\/fr\/wp-json\/wp\/v2\/pages\/2421#wpcf7-f2164-o1\" method=\"post\" class=\"wpcf7-form init\" aria-label=\"Contact form\" novalidate=\"novalidate\" data-status=\"init\">\n<fieldset class=\"hidden-fields-container\"><input type=\"hidden\" name=\"_wpcf7\" value=\"2164\" \/><input type=\"hidden\" name=\"_wpcf7_version\" value=\"6.1.3\" \/><input type=\"hidden\" name=\"_wpcf7_locale\" value=\"en_US\" \/><input type=\"hidden\" name=\"_wpcf7_unit_tag\" value=\"wpcf7-f2164-o1\" \/><input type=\"hidden\" name=\"_wpcf7_container_post\" value=\"0\" \/><input type=\"hidden\" name=\"_wpcf7_posted_data_hash\" value=\"\" \/><input type=\"hidden\" name=\"_wpcf7_recaptcha_response\" value=\"\" \/>\n<\/fieldset>\n<h3>Discutons de vos besoins en nettoyage\n<\/h3>\n<div class=\"form-group\">\n\t<p><span class=\"wpcf7-form-control-wrap\" data-name=\"your-team\"><select class=\"wpcf7-form-control wpcf7-select wpcf7-validates-as-required form-control\" id=\"teamSelect\" aria-required=\"true\" aria-invalid=\"false\" name=\"your-team\"><option value=\"\">Select Team<\/option><option value=\"Sales\">Sales<\/option><option value=\"Recruitment\">Recruitment<\/option><option value=\"Marketing\">Marketing<\/option><\/select><\/span>\n\t<\/p>\n<\/div>\n<div class=\"form-group\">\n\t<p><span class=\"wpcf7-form-control-wrap\" data-name=\"your-name\"><input size=\"40\" maxlength=\"400\" class=\"wpcf7-form-control wpcf7-text wpcf7-validates-as-required form-control\" id=\"exampleFormControlInput1\" aria-required=\"true\" aria-invalid=\"false\" placeholder=\"Nom\" value=\"\" type=\"text\" name=\"your-name\" \/><\/span>\n\t<\/p>\n<\/div>\n<div class=\"form-group\">\n\t<p><span class=\"wpcf7-form-control-wrap\" data-name=\"your-company\"><input size=\"40\" maxlength=\"400\" class=\"wpcf7-form-control wpcf7-text wpcf7-validates-as-required form-control\" id=\"exampleFormControlInput4\" aria-required=\"true\" aria-invalid=\"false\" placeholder=\"Nom de l&#039;entreprise\" value=\"\" type=\"text\" name=\"your-company\" \/><\/span>\n\t<\/p>\n<\/div>\n<div class=\"form-group\">\n\t<p><span class=\"wpcf7-form-control-wrap\" data-name=\"your-num\"><input size=\"40\" maxlength=\"400\" class=\"wpcf7-form-control wpcf7-tel wpcf7-validates-as-required wpcf7-text wpcf7-validates-as-tel form-control\" id=\"exampleFormControlInput2\" aria-required=\"true\" aria-invalid=\"false\" placeholder=\"T\u00e9l\u00e9phone\" value=\"\" type=\"tel\" name=\"your-num\" \/><\/span>\n\t<\/p>\n<\/div>\n<div class=\"form-group\">\n\t<p><span class=\"wpcf7-form-control-wrap\" data-name=\"your-email\"><input size=\"40\" maxlength=\"400\" class=\"wpcf7-form-control wpcf7-email wpcf7-validates-as-required wpcf7-text wpcf7-validates-as-email form-control\" id=\"exampleFormControlInput3\" aria-required=\"true\" aria-invalid=\"false\" placeholder=\"E-mail\" value=\"\" type=\"email\" name=\"your-email\" \/><\/span>\n\t<\/p>\n<\/div>\n<div class=\"form-group\">\n\t<p><span class=\"wpcf7-form-control-wrap\" data-name=\"your-message\"><textarea cols=\"40\" rows=\"3\" maxlength=\"2000\" class=\"wpcf7-form-control wpcf7-textarea form-control\" id=\"exampleFormControlTextarea1\" aria-invalid=\"false\" placeholder=\"Votre message\" name=\"your-message\"><\/textarea><\/span>\n\t<\/p>\n<\/div>\n<div class=\"form-group\">\n\n<\/div>\n<input class=\"wpcf7-form-control wpcf7-hidden\" value=\"\" type=\"hidden\" name=\"page-origin-name\" \/>\n<input class=\"wpcf7-form-control wpcf7-hidden\" value=\"\" type=\"hidden\" name=\"page-origin-url\" \/>\n<div class=\"btn-group\">\n\t<p><input class=\"wpcf7-form-control wpcf7-submit has-spinner btn-submit\" type=\"submit\" value=\"Obtenir un devis maintenant\" \/>\n\t<\/p>\n<\/div><div class=\"wpcf7-response-output\" aria-hidden=\"true\"><\/div>\n<\/form>\n<\/div>\n\r\n\t\t\t\t\t\t<\/div>\r\n\t\t\t\t\t<\/div>\r\n\t\t\t\t\t<div class=\"clearfix\"><\/div>\r\n\t\t\t\t<\/div>\r\n\t\t\t<\/div>\r\n\t\t<\/div>\r\n\t<\/div>\r\n<\/div>\r\n<section class=\"spec-wraper\">\r\n\t<div class=\"container\">\r\n\t\t<div class=\"col-lg-8\">\r\n\t\t\t<fieldset>\r\n\t\t\t\t<h3>Mopping<\/h3>\r\n\t\t\t\t<hr \/>\t\r\n<p>While not the most glamourous of cleaning tasks, effective mopping can totally transform the look of a business. Choosing the right kind of mop for the floor surface is an important consideration when mopping a premises.<\/p>\r\n<p>At CCS we have a wide range of mops and floor cleaning tools which when used correctly can do wonders for your floors appearance. Our team of experts are experienced in floor cleaning and are trained in the treatment and care of floor surfaces.<\/p>\r\n<\/fieldset>\r\n\t\t\t\r\n\t\t<\/div>\r\n\t\t<div class=\"col-lg-4\">\r\n\t\t\t<div class=\"proposal-result-sec\">\r\n\t\t\t\t<h3>Related Services<\/h3>\r\n\t\t\t\t<ul>\r\n\t\t\t\t\t<li><a href=\"https:\/\/ccscleaning.com\/daily-dusting\">Daily dusting<\/a><\/li>\r\n\t\t\t\t\t<li><a href=\"https:\/\/ccscleaning.com\/mirror-cleaning\">Mirror cleaning<\/a><\/li>\r\n\t\t\t\t\t<li><a href=\"https:\/\/ccscleaning.com\/window-cleaning-services\">Window Cleaning<\/a><\/li>\r\n\t\t\t\t\t<li><a href=\"https:\/\/ccscleaning.com\/high-glass-cleaning\">High glass cleaning<\/a><\/li>\r\n\t\t\t\t\t<li><a href=\"https:\/\/ccscleaning.com\/high-dusting\">High dusting<\/a><\/li>\r\n\t\t\t\t\t<li><a href=\"https:\/\/ccscleaning.com\/mopping\">Mopping<\/a><\/li>\r\n\t\t\t\t<\/ul>\r\n\t\t\t<\/div>\t\t\t\r\n\t\t<\/div>\r\n\t\t<div class=\"clearfix\"><\/div>\r\n\t<\/div>\r\n<\/section>\r\n","protected":false},"excerpt":{"rendered":"<p>Mopping CONTACT US Mopping While not the most glamourous of cleaning tasks, effective mopping can totally transform the look of a business. Choosing the right kind of mop for the floor surface is an important consideration when mopping a premises. At CCS we have a wide range of mops and floor cleaning tools which when&#8230;  <a href=\"https:\/\/ccscleaning.com\/fr\/mopping\/\" class=\"more-link\" title=\"Read Mopping\">Read more &raquo;<\/a><\/p>\n","protected":false},"author":1,"featured_media":0,"parent":0,"menu_order":0,"comment_status":"closed","ping_status":"closed","template":"page-templates\/page-others-services.php","meta":{"footnotes":""},"class_list":["post-2421","page","type-page","status-publish","hentry"],"yoast_head":"<!-- This site is optimized with the Yoast SEO plugin v27.1.1 - https:\/\/yoast.com\/product\/yoast-seo-wordpress\/ -->\n<title>\u00c9ponger Services | D&#039;entreprise \u00c9tage \u00c9ponger | CCS Cleaning<\/title>\n<meta name=\"description\" content=\"\u00c9ponger aide \u00e0 garder les planchers de votre entreprise propre. Nos professionnels hautement qualifi\u00e9s du CCS sont pr\u00eats \u00e0 r\u00e9pondre \u00e0 vos besoins en mati\u00e8re de nettoyage. Renseignez-vous maintenant!\" \/>\n<meta name=\"robots\" content=\"index, follow, max-snippet:-1, max-image-preview:large, max-video-preview:-1\" \/>\n<link rel=\"canonical\" href=\"https:\/\/ccscleaning.com\/fr\/mopping\/\" \/>\n<meta property=\"og:locale\" content=\"fr_FR\" \/>\n<meta property=\"og:type\" content=\"article\" \/>\n<meta property=\"og:title\" content=\"\u00c9ponger Services | D&#039;entreprise \u00c9tage \u00c9ponger | CCS Cleaning\" \/>\n<meta property=\"og:description\" content=\"\u00c9ponger aide \u00e0 garder les planchers de votre entreprise propre. Nos professionnels hautement qualifi\u00e9s du CCS sont pr\u00eats \u00e0 r\u00e9pondre \u00e0 vos besoins en mati\u00e8re de nettoyage. Renseignez-vous maintenant!\" \/>\n<meta property=\"og:url\" content=\"https:\/\/ccscleaning.com\/fr\/mopping\/\" \/>\n<meta property=\"og:site_name\" content=\"CCS Cleaning French\" \/>\n<meta property=\"article:modified_time\" content=\"2025-08-19T09:12:49+00:00\" \/>\n<meta property=\"og:image\" content=\"https:\/\/ccscleaning.com\/fr\/wp-content\/uploads\/sites\/5\/2018\/12\/mopping-banner-e1553268274407.jpg\" \/>\n<meta name=\"twitter:card\" content=\"summary_large_image\" \/>\n<meta name=\"twitter:label1\" content=\"Est. reading time\" \/>\n\t<meta name=\"twitter:data1\" content=\"1 minute\" \/>\n<!-- \/ Yoast SEO plugin. -->","yoast_head_json":{"title":"\u00c9ponger Services | D'entreprise \u00c9tage \u00c9ponger | CCS Cleaning","description":"\u00c9ponger aide \u00e0 garder les planchers de votre entreprise propre. Nos professionnels hautement qualifi\u00e9s du CCS sont pr\u00eats \u00e0 r\u00e9pondre \u00e0 vos besoins en mati\u00e8re de nettoyage. Renseignez-vous maintenant!","robots":{"index":"index","follow":"follow","max-snippet":"max-snippet:-1","max-image-preview":"max-image-preview:large","max-video-preview":"max-video-preview:-1"},"canonical":"https:\/\/ccscleaning.com\/fr\/mopping\/","og_locale":"fr_FR","og_type":"article","og_title":"\u00c9ponger Services | D'entreprise \u00c9tage \u00c9ponger | CCS Cleaning","og_description":"\u00c9ponger aide \u00e0 garder les planchers de votre entreprise propre. Nos professionnels hautement qualifi\u00e9s du CCS sont pr\u00eats \u00e0 r\u00e9pondre \u00e0 vos besoins en mati\u00e8re de nettoyage. Renseignez-vous maintenant!","og_url":"https:\/\/ccscleaning.com\/fr\/mopping\/","og_site_name":"CCS Cleaning French","article_modified_time":"2025-08-19T09:12:49+00:00","og_image":[{"url":"https:\/\/ccscleaning.com\/fr\/wp-content\/uploads\/sites\/5\/2018\/12\/mopping-banner-e1553268274407.jpg","type":"","width":"","height":""}],"twitter_card":"summary_large_image","twitter_misc":{"Est. reading time":"1 minute"},"schema":{"@context":"https:\/\/schema.org","@graph":[{"@type":"WebPage","@id":"https:\/\/ccscleaning.com\/fr\/mopping\/","url":"https:\/\/ccscleaning.com\/fr\/mopping\/","name":"\u00c9ponger Services | D'entreprise \u00c9tage \u00c9ponger | CCS Cleaning","isPartOf":{"@id":"https:\/\/ccscleaning.com\/fr\/#website"},"primaryImageOfPage":{"@id":"https:\/\/ccscleaning.com\/fr\/mopping\/#primaryimage"},"image":{"@id":"https:\/\/ccscleaning.com\/fr\/mopping\/#primaryimage"},"thumbnailUrl":"https:\/\/ccscleaning.com\/fr\/wp-content\/uploads\/sites\/5\/2018\/12\/mopping-banner-e1553268274407.jpg","datePublished":"2018-10-13T07:03:22+00:00","dateModified":"2025-08-19T09:12:49+00:00","description":"\u00c9ponger aide \u00e0 garder les planchers de votre entreprise propre. Nos professionnels hautement qualifi\u00e9s du CCS sont pr\u00eats \u00e0 r\u00e9pondre \u00e0 vos besoins en mati\u00e8re de nettoyage. Renseignez-vous maintenant!","breadcrumb":{"@id":"https:\/\/ccscleaning.com\/fr\/mopping\/#breadcrumb"},"inLanguage":"fr-FR","potentialAction":[{"@type":"ReadAction","target":["https:\/\/ccscleaning.com\/fr\/mopping\/"]}]},{"@type":"ImageObject","inLanguage":"fr-FR","@id":"https:\/\/ccscleaning.com\/fr\/mopping\/#primaryimage","url":"https:\/\/ccscleaning.com\/fr\/wp-content\/uploads\/sites\/5\/2018\/12\/mopping-banner-e1553268274407.jpg","contentUrl":"https:\/\/ccscleaning.com\/fr\/wp-content\/uploads\/sites\/5\/2018\/12\/mopping-banner-e1553268274407.jpg"},{"@type":"BreadcrumbList","@id":"https:\/\/ccscleaning.com\/fr\/mopping\/#breadcrumb","itemListElement":[{"@type":"ListItem","position":1,"name":"Accueil","item":"https:\/\/ccscleaning.com\/fr\/"},{"@type":"ListItem","position":2,"name":"Mopping"}]},{"@type":"WebSite","@id":"https:\/\/ccscleaning.com\/fr\/#website","url":"https:\/\/ccscleaning.com\/fr\/","name":"CCS Cleaning French","description":"","potentialAction":[{"@type":"SearchAction","target":{"@type":"EntryPoint","urlTemplate":"https:\/\/ccscleaning.com\/fr\/?s={search_term_string}"},"query-input":{"@type":"PropertyValueSpecification","valueRequired":true,"valueName":"search_term_string"}}],"inLanguage":"fr-FR"}]}},"acf":[],"_links":{"self":[{"href":"https:\/\/ccscleaning.com\/fr\/wp-json\/wp\/v2\/pages\/2421","targetHints":{"allow":["GET"]}}],"collection":[{"href":"https:\/\/ccscleaning.com\/fr\/wp-json\/wp\/v2\/pages"}],"about":[{"href":"https:\/\/ccscleaning.com\/fr\/wp-json\/wp\/v2\/types\/page"}],"author":[{"embeddable":true,"href":"https:\/\/ccscleaning.com\/fr\/wp-json\/wp\/v2\/users\/1"}],"replies":[{"embeddable":true,"href":"https:\/\/ccscleaning.com\/fr\/wp-json\/wp\/v2\/comments?post=2421"}],"version-history":[{"count":5,"href":"https:\/\/ccscleaning.com\/fr\/wp-json\/wp\/v2\/pages\/2421\/revisions"}],"predecessor-version":[{"id":7150,"href":"https:\/\/ccscleaning.com\/fr\/wp-json\/wp\/v2\/pages\/2421\/revisions\/7150"}],"wp:attachment":[{"href":"https:\/\/ccscleaning.com\/fr\/wp-json\/wp\/v2\/media?parent=2421"}],"curies":[{"name":"wp","href":"https:\/\/api.w.org\/{rel}","templated":true}]}}