{"id":2426,"date":"2018-10-13T07:06:09","date_gmt":"2018-10-13T07:06:09","guid":{"rendered":"https:\/\/ccscleaning.com\/?page_id=2426"},"modified":"2025-08-19T09:12:49","modified_gmt":"2025-08-19T09:12:49","slug":"high-glass-cleaning","status":"publish","type":"page","link":"https:\/\/ccscleaning.com\/fr\/high-glass-cleaning\/","title":{"rendered":"High Glass Cleaning"},"content":{"rendered":"<div class=\"container-fluid inner-banner-wrap\">\r\n\t<div class=\"row\">\r\n\t\t<img decoding=\"async\" src=\"https:\/\/ccscleaning.com\/fr\/wp-content\/uploads\/sites\/5\/2018\/12\/highglass-cleaning-banner-e1551712411167.jpg\" alt=\"High Glass Cleaning\" \/>\r\n\t\t<div class=\"inner-banner-cont\">\r\n\t\t\t<div class=\"container\">\r\n\t\t\t\t<div class=\"row\">\r\n\t\t\t\t\t<div class=\"col-lg-6\">\r\n\t\t\t\t\t\t<div class=\"inner-banner-left-content\">\r\n\t\t\t\t\t\t\t<h1>High Glass Cleaning<\/h1>\t\t\t\t\t\t\t\r\n\t\t\t\t\t\t<\/div>\r\n\t\t\t\t\t<\/div>\r\n\t\t\t\t\t<div class=\"col-lg-6\">\r\n\t\t\t\t\t\t<div class=\"banner-contact\">\r\n\t\t\t\t\t\t\t<h3>CONTACT US<\/h3>\r\n\t\t\t\t\t\t\t\n<div class=\"wpcf7 no-js\" id=\"wpcf7-f2164-o1\" lang=\"en-US\" dir=\"ltr\" data-wpcf7-id=\"2164\">\n<div class=\"screen-reader-response\"><p role=\"status\" aria-live=\"polite\" aria-atomic=\"true\"><\/p> <ul><\/ul><\/div>\n<form action=\"\/fr\/wp-json\/wp\/v2\/pages\/2426#wpcf7-f2164-o1\" method=\"post\" class=\"wpcf7-form init\" aria-label=\"Contact form\" novalidate=\"novalidate\" data-status=\"init\">\n<fieldset class=\"hidden-fields-container\"><input type=\"hidden\" name=\"_wpcf7\" value=\"2164\" \/><input type=\"hidden\" name=\"_wpcf7_version\" value=\"6.1.3\" \/><input type=\"hidden\" name=\"_wpcf7_locale\" value=\"en_US\" \/><input type=\"hidden\" name=\"_wpcf7_unit_tag\" value=\"wpcf7-f2164-o1\" \/><input type=\"hidden\" name=\"_wpcf7_container_post\" value=\"0\" \/><input type=\"hidden\" name=\"_wpcf7_posted_data_hash\" value=\"\" \/><input type=\"hidden\" name=\"_wpcf7_recaptcha_response\" value=\"\" \/>\n<\/fieldset>\n<h3>Discutons de vos besoins en nettoyage\n<\/h3>\n<div class=\"form-group\">\n\t<p><span class=\"wpcf7-form-control-wrap\" data-name=\"your-team\"><select class=\"wpcf7-form-control wpcf7-select wpcf7-validates-as-required form-control\" id=\"teamSelect\" aria-required=\"true\" aria-invalid=\"false\" name=\"your-team\"><option value=\"\">Select Team<\/option><option value=\"Sales\">Sales<\/option><option value=\"Recruitment\">Recruitment<\/option><option value=\"Marketing\">Marketing<\/option><\/select><\/span>\n\t<\/p>\n<\/div>\n<div class=\"form-group\">\n\t<p><span class=\"wpcf7-form-control-wrap\" data-name=\"your-name\"><input size=\"40\" maxlength=\"400\" class=\"wpcf7-form-control wpcf7-text wpcf7-validates-as-required form-control\" id=\"exampleFormControlInput1\" aria-required=\"true\" aria-invalid=\"false\" placeholder=\"Nom\" value=\"\" type=\"text\" name=\"your-name\" \/><\/span>\n\t<\/p>\n<\/div>\n<div class=\"form-group\">\n\t<p><span class=\"wpcf7-form-control-wrap\" data-name=\"your-company\"><input size=\"40\" maxlength=\"400\" class=\"wpcf7-form-control wpcf7-text wpcf7-validates-as-required form-control\" id=\"exampleFormControlInput4\" aria-required=\"true\" aria-invalid=\"false\" placeholder=\"Nom de l&#039;entreprise\" value=\"\" type=\"text\" name=\"your-company\" \/><\/span>\n\t<\/p>\n<\/div>\n<div class=\"form-group\">\n\t<p><span class=\"wpcf7-form-control-wrap\" data-name=\"your-num\"><input size=\"40\" maxlength=\"400\" class=\"wpcf7-form-control wpcf7-tel wpcf7-validates-as-required wpcf7-text wpcf7-validates-as-tel form-control\" id=\"exampleFormControlInput2\" aria-required=\"true\" aria-invalid=\"false\" placeholder=\"T\u00e9l\u00e9phone\" value=\"\" type=\"tel\" name=\"your-num\" \/><\/span>\n\t<\/p>\n<\/div>\n<div class=\"form-group\">\n\t<p><span class=\"wpcf7-form-control-wrap\" data-name=\"your-email\"><input size=\"40\" maxlength=\"400\" class=\"wpcf7-form-control wpcf7-email wpcf7-validates-as-required wpcf7-text wpcf7-validates-as-email form-control\" id=\"exampleFormControlInput3\" aria-required=\"true\" aria-invalid=\"false\" placeholder=\"E-mail\" value=\"\" type=\"email\" name=\"your-email\" \/><\/span>\n\t<\/p>\n<\/div>\n<div class=\"form-group\">\n\t<p><span class=\"wpcf7-form-control-wrap\" data-name=\"your-message\"><textarea cols=\"40\" rows=\"3\" maxlength=\"2000\" class=\"wpcf7-form-control wpcf7-textarea form-control\" id=\"exampleFormControlTextarea1\" aria-invalid=\"false\" placeholder=\"Votre message\" name=\"your-message\"><\/textarea><\/span>\n\t<\/p>\n<\/div>\n<div class=\"form-group\">\n\n<\/div>\n<input class=\"wpcf7-form-control wpcf7-hidden\" value=\"\" type=\"hidden\" name=\"page-origin-name\" \/>\n<input class=\"wpcf7-form-control wpcf7-hidden\" value=\"\" type=\"hidden\" name=\"page-origin-url\" \/>\n<div class=\"btn-group\">\n\t<p><input class=\"wpcf7-form-control wpcf7-submit has-spinner btn-submit\" type=\"submit\" value=\"Obtenir un devis maintenant\" \/>\n\t<\/p>\n<\/div><div class=\"wpcf7-response-output\" aria-hidden=\"true\"><\/div>\n<\/form>\n<\/div>\n\r\n\t\t\t\t\t\t<\/div>\r\n\t\t\t\t\t<\/div>\r\n\t\t\t\t\t<div class=\"clearfix\"><\/div>\r\n\t\t\t\t<\/div>\r\n\t\t\t<\/div>\r\n\t\t<\/div>\r\n\t<\/div>\r\n<\/div>\r\n<section class=\"spec-wraper\">\r\n\t<div class=\"container\">\r\n\t\t<div class=\"col-lg-8\">\r\n\t\t\t<fieldset>\r\n\t\t\t\t<h3>High Glass Cleaning<\/h3>\r\n\t\t\t\t<hr \/>\t\r\n<p>High-glass cleaning presents many challenges, but at CCS we are trained and equipped for dealing with all of them.<\/p>\r\n<p>CCS offers practical and professional high-glass cleaning solutions. Durable, high-reach micro fibre poles are used which effectively clean and minimise risk as the vast majority of this cleaning can be done from the safety of the ground. These tools deliver a shiny and streak-free finish ensuring you get the best out of your glass.<\/p>\r\n<p>Skilled cleaning operatives with extensive experience are used by CCS, which along with the cutting-edge and innovative equipment at their disposal make CCS the ideal choice for this type of cleaning.<\/p>\r\n<\/fieldset>\r\n\t\t\t\r\n\t\t<\/div>\r\n\t\t<div class=\"col-lg-4\">\r\n\t\t\t<div class=\"proposal-result-sec\">\r\n\t\t\t\t<h3>Related Services<\/h3>\r\n\t\t\t\t<ul>\r\n\t\t\t\t\t<li><a href=\"https:\/\/ccscleaning.com\/daily-dusting\">Daily dusting<\/a><\/li>\r\n\t\t\t\t\t<li><a href=\"https:\/\/ccscleaning.com\/mirror-cleaning\">Mirror cleaning<\/a><\/li>\r\n\t\t\t\t\t<li><a href=\"https:\/\/ccscleaning.com\/window-cleaning-services\">Window Cleaning<\/a><\/li>\r\n\t\t\t\t\t<li><a href=\"https:\/\/ccscleaning.com\/high-glass-cleaning\">High glass cleaning<\/a><\/li>\r\n\t\t\t\t\t<li><a href=\"https:\/\/ccscleaning.com\/high-dusting\">High dusting<\/a><\/li>\r\n\t\t\t\t\t<li><a href=\"https:\/\/ccscleaning.com\/mopping\">Mopping<\/a><\/li>\r\n\t\t\t\t<\/ul>\r\n\t\t\t<\/div>\t\t\t\r\n\t\t<\/div>\r\n\t\t<div class=\"clearfix\"><\/div>\r\n\t<\/div>\r\n<\/section>\r\n","protected":false},"excerpt":{"rendered":"<p>High Glass Cleaning CONTACT US High Glass Cleaning High-glass cleaning presents many challenges, but at CCS we are trained and equipped for dealing with all of them. CCS offers practical and professional high-glass cleaning solutions. Durable, high-reach micro fibre poles are used which effectively clean and minimise risk as the vast majority of this cleaning&#8230;  <a href=\"https:\/\/ccscleaning.com\/fr\/high-glass-cleaning\/\" class=\"more-link\" title=\"Read High Glass Cleaning\">Read more &raquo;<\/a><\/p>\n","protected":false},"author":1,"featured_media":0,"parent":0,"menu_order":0,"comment_status":"closed","ping_status":"closed","template":"page-templates\/page-others-services.php","meta":{"footnotes":""},"class_list":["post-2426","page","type-page","status-publish","hentry"],"yoast_head":"<!-- This site is optimized with the Yoast SEO plugin v27.1.1 - https:\/\/yoast.com\/product\/yoast-seo-wordpress\/ -->\n<title>Services de nettoyage de vitres hautes | Outils de nettoyage de vitres \u00e9lev\u00e9s de CSS<\/title>\n<meta name=\"description\" content=\"Vous inqui\u00e9tez pas pour le nettoyage des haute fen\u00eatres \u00e0 l&#039;ext\u00e9rieur, contactez CCS d\u00e8s aujourd&#039;hui pour laver les haute fen\u00eatres \u00e0 l&#039;int\u00e9rieur ou \u00e0 l&#039;ext\u00e9rieur\" \/>\n<meta name=\"robots\" content=\"index, follow, max-snippet:-1, max-image-preview:large, max-video-preview:-1\" \/>\n<link rel=\"canonical\" href=\"https:\/\/ccscleaning.com\/fr\/high-glass-cleaning\/\" \/>\n<meta property=\"og:locale\" content=\"fr_FR\" \/>\n<meta property=\"og:type\" content=\"article\" \/>\n<meta property=\"og:title\" content=\"Services de nettoyage de vitres hautes | Outils de nettoyage de vitres \u00e9lev\u00e9s de CSS\" \/>\n<meta property=\"og:description\" content=\"Vous inqui\u00e9tez pas pour le nettoyage des haute fen\u00eatres \u00e0 l&#039;ext\u00e9rieur, contactez CCS d\u00e8s aujourd&#039;hui pour laver les haute fen\u00eatres \u00e0 l&#039;int\u00e9rieur ou \u00e0 l&#039;ext\u00e9rieur\" \/>\n<meta property=\"og:url\" content=\"https:\/\/ccscleaning.com\/fr\/high-glass-cleaning\/\" \/>\n<meta property=\"og:site_name\" content=\"CCS Cleaning French\" \/>\n<meta property=\"article:modified_time\" content=\"2025-08-19T09:12:49+00:00\" \/>\n<meta property=\"og:image\" content=\"https:\/\/ccscleaning.com\/fr\/wp-content\/uploads\/sites\/5\/2018\/12\/highglass-cleaning-banner-e1551712411167.jpg\" \/>\n<meta name=\"twitter:card\" content=\"summary_large_image\" \/>\n<meta name=\"twitter:label1\" content=\"Est. reading time\" \/>\n\t<meta name=\"twitter:data1\" content=\"1 minute\" \/>\n<!-- \/ Yoast SEO plugin. -->","yoast_head_json":{"title":"Services de nettoyage de vitres hautes | Outils de nettoyage de vitres \u00e9lev\u00e9s de CSS","description":"Vous inqui\u00e9tez pas pour le nettoyage des haute fen\u00eatres \u00e0 l'ext\u00e9rieur, contactez CCS d\u00e8s aujourd'hui pour laver les haute fen\u00eatres \u00e0 l'int\u00e9rieur ou \u00e0 l'ext\u00e9rieur","robots":{"index":"index","follow":"follow","max-snippet":"max-snippet:-1","max-image-preview":"max-image-preview:large","max-video-preview":"max-video-preview:-1"},"canonical":"https:\/\/ccscleaning.com\/fr\/high-glass-cleaning\/","og_locale":"fr_FR","og_type":"article","og_title":"Services de nettoyage de vitres hautes | Outils de nettoyage de vitres \u00e9lev\u00e9s de CSS","og_description":"Vous inqui\u00e9tez pas pour le nettoyage des haute fen\u00eatres \u00e0 l'ext\u00e9rieur, contactez CCS d\u00e8s aujourd'hui pour laver les haute fen\u00eatres \u00e0 l'int\u00e9rieur ou \u00e0 l'ext\u00e9rieur","og_url":"https:\/\/ccscleaning.com\/fr\/high-glass-cleaning\/","og_site_name":"CCS Cleaning French","article_modified_time":"2025-08-19T09:12:49+00:00","og_image":[{"url":"https:\/\/ccscleaning.com\/fr\/wp-content\/uploads\/sites\/5\/2018\/12\/highglass-cleaning-banner-e1551712411167.jpg","type":"","width":"","height":""}],"twitter_card":"summary_large_image","twitter_misc":{"Est. reading time":"1 minute"},"schema":{"@context":"https:\/\/schema.org","@graph":[{"@type":"WebPage","@id":"https:\/\/ccscleaning.com\/fr\/high-glass-cleaning\/","url":"https:\/\/ccscleaning.com\/fr\/high-glass-cleaning\/","name":"Services de nettoyage de vitres hautes | Outils de nettoyage de vitres \u00e9lev\u00e9s de CSS","isPartOf":{"@id":"https:\/\/ccscleaning.com\/fr\/#website"},"primaryImageOfPage":{"@id":"https:\/\/ccscleaning.com\/fr\/high-glass-cleaning\/#primaryimage"},"image":{"@id":"https:\/\/ccscleaning.com\/fr\/high-glass-cleaning\/#primaryimage"},"thumbnailUrl":"https:\/\/ccscleaning.com\/fr\/wp-content\/uploads\/sites\/5\/2018\/12\/highglass-cleaning-banner-e1551712411167.jpg","datePublished":"2018-10-13T07:06:09+00:00","dateModified":"2025-08-19T09:12:49+00:00","description":"Vous inqui\u00e9tez pas pour le nettoyage des haute fen\u00eatres \u00e0 l'ext\u00e9rieur, contactez CCS d\u00e8s aujourd'hui pour laver les haute fen\u00eatres \u00e0 l'int\u00e9rieur ou \u00e0 l'ext\u00e9rieur","breadcrumb":{"@id":"https:\/\/ccscleaning.com\/fr\/high-glass-cleaning\/#breadcrumb"},"inLanguage":"fr-FR","potentialAction":[{"@type":"ReadAction","target":["https:\/\/ccscleaning.com\/fr\/high-glass-cleaning\/"]}]},{"@type":"ImageObject","inLanguage":"fr-FR","@id":"https:\/\/ccscleaning.com\/fr\/high-glass-cleaning\/#primaryimage","url":"https:\/\/ccscleaning.com\/fr\/wp-content\/uploads\/sites\/5\/2018\/12\/highglass-cleaning-banner-e1551712411167.jpg","contentUrl":"https:\/\/ccscleaning.com\/fr\/wp-content\/uploads\/sites\/5\/2018\/12\/highglass-cleaning-banner-e1551712411167.jpg"},{"@type":"BreadcrumbList","@id":"https:\/\/ccscleaning.com\/fr\/high-glass-cleaning\/#breadcrumb","itemListElement":[{"@type":"ListItem","position":1,"name":"Accueil","item":"https:\/\/ccscleaning.com\/fr\/"},{"@type":"ListItem","position":2,"name":"High Glass Cleaning"}]},{"@type":"WebSite","@id":"https:\/\/ccscleaning.com\/fr\/#website","url":"https:\/\/ccscleaning.com\/fr\/","name":"CCS Cleaning French","description":"","potentialAction":[{"@type":"SearchAction","target":{"@type":"EntryPoint","urlTemplate":"https:\/\/ccscleaning.com\/fr\/?s={search_term_string}"},"query-input":{"@type":"PropertyValueSpecification","valueRequired":true,"valueName":"search_term_string"}}],"inLanguage":"fr-FR"}]}},"acf":[],"_links":{"self":[{"href":"https:\/\/ccscleaning.com\/fr\/wp-json\/wp\/v2\/pages\/2426","targetHints":{"allow":["GET"]}}],"collection":[{"href":"https:\/\/ccscleaning.com\/fr\/wp-json\/wp\/v2\/pages"}],"about":[{"href":"https:\/\/ccscleaning.com\/fr\/wp-json\/wp\/v2\/types\/page"}],"author":[{"embeddable":true,"href":"https:\/\/ccscleaning.com\/fr\/wp-json\/wp\/v2\/users\/1"}],"replies":[{"embeddable":true,"href":"https:\/\/ccscleaning.com\/fr\/wp-json\/wp\/v2\/comments?post=2426"}],"version-history":[{"count":7,"href":"https:\/\/ccscleaning.com\/fr\/wp-json\/wp\/v2\/pages\/2426\/revisions"}],"predecessor-version":[{"id":7184,"href":"https:\/\/ccscleaning.com\/fr\/wp-json\/wp\/v2\/pages\/2426\/revisions\/7184"}],"wp:attachment":[{"href":"https:\/\/ccscleaning.com\/fr\/wp-json\/wp\/v2\/media?parent=2426"}],"curies":[{"name":"wp","href":"https:\/\/api.w.org\/{rel}","templated":true}]}}