{"id":2523,"date":"2018-11-26T12:21:26","date_gmt":"2018-11-26T12:21:26","guid":{"rendered":"https:\/\/ccscleaning.com\/?page_id=2523"},"modified":"2025-08-19T09:12:49","modified_gmt":"2025-08-19T09:12:49","slug":"diversity","status":"publish","type":"page","link":"https:\/\/ccscleaning.com\/fr\/diversity\/","title":{"rendered":"Diversity"},"content":{"rendered":"<div class=\"diver\">\r\n<div class=\"container\">\r\n<div class=\"row\">\r\n<div class=\"innerpage-content center\">\r\n<h2>CHARTE DE LA DIVERSIT\u00c9<\/h2>\r\n<p>Nous sommes fiers d\u2019\u00eatre une entreprise de plus de 3000 personnes ayant 88 nationalit\u00e9s diff\u00e9rentes qui op\u00e8re dans 9 pays. La diversit\u00e9 est l\u2019une des pierres angulaires de notre succ\u00e8s et pour prouver notre engagement, nous avons sign\u00e9 la charte de la diversit\u00e9 de toutes les soci\u00e9t\u00e9s auxquelles nous proposons nos services.<\/p>\r\n<ul class=\"content-list\">\r\n<li>Avoir une culture d\u2019entreprise qui respecte et appr\u00e9cie notre diversit\u00e9.<\/li>\r\n<li>Promouvoir notre engagement envers la diversit\u00e9 au lieu de travail en formant correctement nos dirigeants et nos collaborateurs.<\/li>\r\n<li>Respecter et promouvoir l\u2019application de tous les aspects du principe de non-discrimination dans les organisations.<\/li>\r\n<li>S\u2019efforcer de refl\u00e9ter la diversit\u00e9 de notre soci\u00e9t\u00e9 dans chaque niveau de notre organisation.<\/li>\r\n<li>Engager nos collaborateurs, nos clients et nos fournisseurs dans nos initiatives de diversit\u00e9 et d\u2019\u00e9galit\u00e9.<\/li>\r\n<li>Refl\u00e9ter, le cas \u00e9ch\u00e9ant, dans nos publications, l\u2019engagement de l\u2019entreprise en faveur de la non-discrimination et de la diversit\u00e9.<\/li>\r\n<li>Participer \u00e0 la charte de la diversit\u00e9 dans tous les pays o\u00f9 nous op\u00e9rons.<\/li>\r\n<\/ul>\r\n<div class=\"diversity-logo\" style=\"text-align: center\"><img loading=\"lazy\" decoding=\"async\" class=\"alignnone wp-image-2571\" src=\"https:\/\/ccscleaning.com\/nl\/wp-content\/uploads\/sites\/4\/2018\/11\/CCS_Diversity_bar-1.jpg\" alt=\"\" width=\"1109\" height=\"152\" \/><\/div>\r\n<\/div>\r\n<\/div>\r\n<\/div>\r\n<\/div>","protected":false},"excerpt":{"rendered":"<p>CHARTE DE LA DIVERSIT\u00c9 Nous sommes fiers d\u2019\u00eatre une entreprise de plus de 3000 personnes ayant 88 nationalit\u00e9s diff\u00e9rentes qui op\u00e8re dans 9 pays. La diversit\u00e9 est l\u2019une des pierres angulaires de notre succ\u00e8s et pour prouver notre engagement, nous avons sign\u00e9 la charte de la diversit\u00e9 de toutes les soci\u00e9t\u00e9s auxquelles nous proposons nos&#8230;  <a href=\"https:\/\/ccscleaning.com\/fr\/diversity\/\" class=\"more-link\" title=\"Read Diversity\">Read more &raquo;<\/a><\/p>\n","protected":false},"author":1,"featured_media":0,"parent":0,"menu_order":0,"comment_status":"closed","ping_status":"closed","template":"","meta":{"footnotes":""},"class_list":["post-2523","page","type-page","status-publish","hentry"],"yoast_head":"<!-- This site is optimized with the Yoast SEO plugin v27.1.1 - https:\/\/yoast.com\/product\/yoast-seo-wordpress\/ -->\n<title>Charte de la diversit\u00e9 - CCS Cleaning<\/title>\n<meta name=\"description\" content=\"La soci\u00e9t\u00e9 CCS regroupe plus de 2000 personnes travaillant dans 8 pays. Participez \u00e0 la Charte de la diversit\u00e9 en Irlande.\" \/>\n<meta name=\"robots\" content=\"index, follow, max-snippet:-1, max-image-preview:large, max-video-preview:-1\" \/>\n<link rel=\"canonical\" href=\"https:\/\/ccscleaning.com\/fr\/diversity\/\" \/>\n<meta property=\"og:locale\" content=\"fr_FR\" \/>\n<meta property=\"og:type\" content=\"article\" \/>\n<meta property=\"og:title\" content=\"Charte de la diversit\u00e9 - CCS Cleaning\" \/>\n<meta property=\"og:description\" content=\"La soci\u00e9t\u00e9 CCS regroupe plus de 2000 personnes travaillant dans 8 pays. Participez \u00e0 la Charte de la diversit\u00e9 en Irlande.\" \/>\n<meta property=\"og:url\" content=\"https:\/\/ccscleaning.com\/fr\/diversity\/\" \/>\n<meta property=\"og:site_name\" content=\"CCS Cleaning French\" \/>\n<meta property=\"article:modified_time\" content=\"2025-08-19T09:12:49+00:00\" \/>\n<meta property=\"og:image\" content=\"https:\/\/ccscleaning.com\/nl\/wp-content\/uploads\/sites\/4\/2018\/11\/CCS_Diversity_bar-1.jpg\" \/>\n<meta name=\"twitter:card\" content=\"summary_large_image\" \/>\n<meta name=\"twitter:label1\" content=\"Est. reading time\" \/>\n\t<meta name=\"twitter:data1\" content=\"2 minutes\" \/>\n<!-- \/ Yoast SEO plugin. -->","yoast_head_json":{"title":"Charte de la diversit\u00e9 - CCS Cleaning","description":"La soci\u00e9t\u00e9 CCS regroupe plus de 2000 personnes travaillant dans 8 pays. Participez \u00e0 la Charte de la diversit\u00e9 en Irlande.","robots":{"index":"index","follow":"follow","max-snippet":"max-snippet:-1","max-image-preview":"max-image-preview:large","max-video-preview":"max-video-preview:-1"},"canonical":"https:\/\/ccscleaning.com\/fr\/diversity\/","og_locale":"fr_FR","og_type":"article","og_title":"Charte de la diversit\u00e9 - CCS Cleaning","og_description":"La soci\u00e9t\u00e9 CCS regroupe plus de 2000 personnes travaillant dans 8 pays. Participez \u00e0 la Charte de la diversit\u00e9 en Irlande.","og_url":"https:\/\/ccscleaning.com\/fr\/diversity\/","og_site_name":"CCS Cleaning French","article_modified_time":"2025-08-19T09:12:49+00:00","og_image":[{"url":"https:\/\/ccscleaning.com\/nl\/wp-content\/uploads\/sites\/4\/2018\/11\/CCS_Diversity_bar-1.jpg","type":"","width":"","height":""}],"twitter_card":"summary_large_image","twitter_misc":{"Est. reading time":"2 minutes"},"schema":{"@context":"https:\/\/schema.org","@graph":[{"@type":"WebPage","@id":"https:\/\/ccscleaning.com\/fr\/diversity\/","url":"https:\/\/ccscleaning.com\/fr\/diversity\/","name":"Charte de la diversit\u00e9 - CCS Cleaning","isPartOf":{"@id":"https:\/\/ccscleaning.com\/fr\/#website"},"primaryImageOfPage":{"@id":"https:\/\/ccscleaning.com\/fr\/diversity\/#primaryimage"},"image":{"@id":"https:\/\/ccscleaning.com\/fr\/diversity\/#primaryimage"},"thumbnailUrl":"https:\/\/ccscleaning.com\/nl\/wp-content\/uploads\/sites\/4\/2018\/11\/CCS_Diversity_bar-1.jpg","datePublished":"2018-11-26T12:21:26+00:00","dateModified":"2025-08-19T09:12:49+00:00","description":"La soci\u00e9t\u00e9 CCS regroupe plus de 2000 personnes travaillant dans 8 pays. Participez \u00e0 la Charte de la diversit\u00e9 en Irlande.","breadcrumb":{"@id":"https:\/\/ccscleaning.com\/fr\/diversity\/#breadcrumb"},"inLanguage":"fr-FR","potentialAction":[{"@type":"ReadAction","target":["https:\/\/ccscleaning.com\/fr\/diversity\/"]}]},{"@type":"ImageObject","inLanguage":"fr-FR","@id":"https:\/\/ccscleaning.com\/fr\/diversity\/#primaryimage","url":"https:\/\/ccscleaning.com\/nl\/wp-content\/uploads\/sites\/4\/2018\/11\/CCS_Diversity_bar-1.jpg","contentUrl":"https:\/\/ccscleaning.com\/nl\/wp-content\/uploads\/sites\/4\/2018\/11\/CCS_Diversity_bar-1.jpg"},{"@type":"BreadcrumbList","@id":"https:\/\/ccscleaning.com\/fr\/diversity\/#breadcrumb","itemListElement":[{"@type":"ListItem","position":1,"name":"Accueil","item":"https:\/\/ccscleaning.com\/fr\/"},{"@type":"ListItem","position":2,"name":"Diversity"}]},{"@type":"WebSite","@id":"https:\/\/ccscleaning.com\/fr\/#website","url":"https:\/\/ccscleaning.com\/fr\/","name":"CCS Cleaning French","description":"","potentialAction":[{"@type":"SearchAction","target":{"@type":"EntryPoint","urlTemplate":"https:\/\/ccscleaning.com\/fr\/?s={search_term_string}"},"query-input":{"@type":"PropertyValueSpecification","valueRequired":true,"valueName":"search_term_string"}}],"inLanguage":"fr-FR"}]}},"acf":[],"_links":{"self":[{"href":"https:\/\/ccscleaning.com\/fr\/wp-json\/wp\/v2\/pages\/2523","targetHints":{"allow":["GET"]}}],"collection":[{"href":"https:\/\/ccscleaning.com\/fr\/wp-json\/wp\/v2\/pages"}],"about":[{"href":"https:\/\/ccscleaning.com\/fr\/wp-json\/wp\/v2\/types\/page"}],"author":[{"embeddable":true,"href":"https:\/\/ccscleaning.com\/fr\/wp-json\/wp\/v2\/users\/1"}],"replies":[{"embeddable":true,"href":"https:\/\/ccscleaning.com\/fr\/wp-json\/wp\/v2\/comments?post=2523"}],"version-history":[{"count":3,"href":"https:\/\/ccscleaning.com\/fr\/wp-json\/wp\/v2\/pages\/2523\/revisions"}],"predecessor-version":[{"id":7171,"href":"https:\/\/ccscleaning.com\/fr\/wp-json\/wp\/v2\/pages\/2523\/revisions\/7171"}],"wp:attachment":[{"href":"https:\/\/ccscleaning.com\/fr\/wp-json\/wp\/v2\/media?parent=2523"}],"curies":[{"name":"wp","href":"https:\/\/api.w.org\/{rel}","templated":true}]}}