{"id":2911,"date":"2018-12-03T06:26:26","date_gmt":"2018-12-03T06:26:26","guid":{"rendered":"https:\/\/ccscleaning.com\/?page_id=2911"},"modified":"2025-08-19T09:12:49","modified_gmt":"2025-08-19T09:12:49","slug":"in-safe-hands-case-study","status":"publish","type":"page","link":"https:\/\/ccscleaning.com\/fr\/in-safe-hands-case-study\/","title":{"rendered":"Case Study- Forenede Services"},"content":{"rendered":"<div class=\"banner inner-banner service-banner\">\n<img decoding=\"async\" src=\"https:\/\/ccscleaning.com\/fr\/wp-content\/uploads\/sites\/5\/2018\/12\/safe-hands-case-study-1.jpg\" alt=\"Inner Banner\" \/>\n<div class=\"container\">\n<div class=\"center banner-content\">\n<div class=\"inner-cont\">\n<h1>Case Study- Forenede Services<\/h1>\n<\/div>\n<\/div>\n<\/div>\n<\/div>\n<div class=\"container\">\n<div class=\"innerpage-content center\">\n<p>A recent case of misuse of workers and government funds has tarnished the reputation of Forenede Services, Denmark\u2019s 2nd largest facility service company.<\/p>\n<p>Forenede Services were found to have employed 149 Eastern Europeans under false pretences. The workers were promised education and cleaning traineeships if they moved to Denmark to work for Forenede Services. However most of these employees ended up working 11-hour days with little or none of the classes they were promised.<\/p>\n<p>It is reported that Forenede Services exploited these workers in order to take advantage of a Danish vocational scheme wherein Danish companies receive tax reimbursements when their employees complete a vocational course. Due to this the local branch of the <a href=\"http:\/\/www.forenede-service.dk\/\"><span>Forenede Service<\/span><\/a>, that took on these 149 Eastern Europeans, were refunded 90 per cent of the workers\u2019 pay for courses that were not completed by or in some cases available to their employees.<\/p>\n<p>Forenede Services were found guilty of employing and exploiting 13 illegal workers. Forenede Services were fined 1.5 million euro for this breach in employment practices and compliance.<\/p>\n<p><strong>Source:<\/strong>  Leading, Cleaning Trade Magazine.<\/p>\n<\/div>\n<\/div>","protected":false},"excerpt":{"rendered":"<p>Case Study- Forenede Services A recent case of misuse of workers and government funds has tarnished the reputation of Forenede Services, Denmark\u2019s 2nd largest facility service company. Forenede Services were found to have employed 149 Eastern Europeans under false pretences. The workers were promised education and cleaning traineeships if they moved to Denmark to work&#8230;  <a href=\"https:\/\/ccscleaning.com\/fr\/in-safe-hands-case-study\/\" class=\"more-link\" title=\"Read Case Study- Forenede Services\">Read more &raquo;<\/a><\/p>\n","protected":false},"author":1,"featured_media":0,"parent":0,"menu_order":0,"comment_status":"closed","ping_status":"closed","template":"","meta":{"footnotes":""},"class_list":["post-2911","page","type-page","status-publish","hentry"],"yoast_head":"<!-- This site is optimized with the Yoast SEO plugin v27.1.1 - https:\/\/yoast.com\/product\/yoast-seo-wordpress\/ -->\n<title>Une \u00e9tude de cas sur les services Forenede | CCS Cleaning<\/title>\n<meta name=\"description\" content=\"Une \u00e9tude de cas sur les services de Forenede, qui ont \u00e9t\u00e9 reconnus coupables et condamn\u00e9s \u00e0 une amende de 1,5 million d\u2019euros pour utilisation abusive de fonds de travailleurs et de fonds publics.\" \/>\n<meta name=\"robots\" content=\"index, follow, max-snippet:-1, max-image-preview:large, max-video-preview:-1\" \/>\n<link rel=\"canonical\" href=\"https:\/\/ccscleaning.com\/fr\/in-safe-hands-case-study\/\" \/>\n<meta property=\"og:locale\" content=\"fr_FR\" \/>\n<meta property=\"og:type\" content=\"article\" \/>\n<meta property=\"og:title\" content=\"Une \u00e9tude de cas sur les services Forenede | CCS Cleaning\" \/>\n<meta property=\"og:description\" content=\"Une \u00e9tude de cas sur les services de Forenede, qui ont \u00e9t\u00e9 reconnus coupables et condamn\u00e9s \u00e0 une amende de 1,5 million d\u2019euros pour utilisation abusive de fonds de travailleurs et de fonds publics.\" \/>\n<meta property=\"og:url\" content=\"https:\/\/ccscleaning.com\/fr\/in-safe-hands-case-study\/\" \/>\n<meta property=\"og:site_name\" content=\"CCS Cleaning French\" \/>\n<meta property=\"article:modified_time\" content=\"2025-08-19T09:12:49+00:00\" \/>\n<meta property=\"og:image\" content=\"https:\/\/ccscleaning.com\/fr\/wp-content\/uploads\/sites\/5\/2018\/12\/safe-hands-case-study-1.jpg\" \/>\n<meta name=\"twitter:card\" content=\"summary_large_image\" \/>\n<meta name=\"twitter:label1\" content=\"Est. reading time\" \/>\n\t<meta name=\"twitter:data1\" content=\"1 minute\" \/>\n<!-- \/ Yoast SEO plugin. -->","yoast_head_json":{"title":"Une \u00e9tude de cas sur les services Forenede | CCS Cleaning","description":"Une \u00e9tude de cas sur les services de Forenede, qui ont \u00e9t\u00e9 reconnus coupables et condamn\u00e9s \u00e0 une amende de 1,5 million d\u2019euros pour utilisation abusive de fonds de travailleurs et de fonds publics.","robots":{"index":"index","follow":"follow","max-snippet":"max-snippet:-1","max-image-preview":"max-image-preview:large","max-video-preview":"max-video-preview:-1"},"canonical":"https:\/\/ccscleaning.com\/fr\/in-safe-hands-case-study\/","og_locale":"fr_FR","og_type":"article","og_title":"Une \u00e9tude de cas sur les services Forenede | CCS Cleaning","og_description":"Une \u00e9tude de cas sur les services de Forenede, qui ont \u00e9t\u00e9 reconnus coupables et condamn\u00e9s \u00e0 une amende de 1,5 million d\u2019euros pour utilisation abusive de fonds de travailleurs et de fonds publics.","og_url":"https:\/\/ccscleaning.com\/fr\/in-safe-hands-case-study\/","og_site_name":"CCS Cleaning French","article_modified_time":"2025-08-19T09:12:49+00:00","og_image":[{"url":"https:\/\/ccscleaning.com\/fr\/wp-content\/uploads\/sites\/5\/2018\/12\/safe-hands-case-study-1.jpg","type":"","width":"","height":""}],"twitter_card":"summary_large_image","twitter_misc":{"Est. reading time":"1 minute"},"schema":{"@context":"https:\/\/schema.org","@graph":[{"@type":"WebPage","@id":"https:\/\/ccscleaning.com\/fr\/in-safe-hands-case-study\/","url":"https:\/\/ccscleaning.com\/fr\/in-safe-hands-case-study\/","name":"Une \u00e9tude de cas sur les services Forenede | CCS Cleaning","isPartOf":{"@id":"https:\/\/ccscleaning.com\/fr\/#website"},"primaryImageOfPage":{"@id":"https:\/\/ccscleaning.com\/fr\/in-safe-hands-case-study\/#primaryimage"},"image":{"@id":"https:\/\/ccscleaning.com\/fr\/in-safe-hands-case-study\/#primaryimage"},"thumbnailUrl":"https:\/\/ccscleaning.com\/fr\/wp-content\/uploads\/sites\/5\/2018\/12\/safe-hands-case-study-1.jpg","datePublished":"2018-12-03T06:26:26+00:00","dateModified":"2025-08-19T09:12:49+00:00","description":"Une \u00e9tude de cas sur les services de Forenede, qui ont \u00e9t\u00e9 reconnus coupables et condamn\u00e9s \u00e0 une amende de 1,5 million d\u2019euros pour utilisation abusive de fonds de travailleurs et de fonds publics.","breadcrumb":{"@id":"https:\/\/ccscleaning.com\/fr\/in-safe-hands-case-study\/#breadcrumb"},"inLanguage":"fr-FR","potentialAction":[{"@type":"ReadAction","target":["https:\/\/ccscleaning.com\/fr\/in-safe-hands-case-study\/"]}]},{"@type":"ImageObject","inLanguage":"fr-FR","@id":"https:\/\/ccscleaning.com\/fr\/in-safe-hands-case-study\/#primaryimage","url":"https:\/\/ccscleaning.com\/fr\/wp-content\/uploads\/sites\/5\/2018\/12\/safe-hands-case-study-1.jpg","contentUrl":"https:\/\/ccscleaning.com\/fr\/wp-content\/uploads\/sites\/5\/2018\/12\/safe-hands-case-study-1.jpg"},{"@type":"BreadcrumbList","@id":"https:\/\/ccscleaning.com\/fr\/in-safe-hands-case-study\/#breadcrumb","itemListElement":[{"@type":"ListItem","position":1,"name":"Accueil","item":"https:\/\/ccscleaning.com\/fr\/"},{"@type":"ListItem","position":2,"name":"Case Study- Forenede Services"}]},{"@type":"WebSite","@id":"https:\/\/ccscleaning.com\/fr\/#website","url":"https:\/\/ccscleaning.com\/fr\/","name":"CCS Cleaning French","description":"","potentialAction":[{"@type":"SearchAction","target":{"@type":"EntryPoint","urlTemplate":"https:\/\/ccscleaning.com\/fr\/?s={search_term_string}"},"query-input":{"@type":"PropertyValueSpecification","valueRequired":true,"valueName":"search_term_string"}}],"inLanguage":"fr-FR"}]}},"acf":[],"_links":{"self":[{"href":"https:\/\/ccscleaning.com\/fr\/wp-json\/wp\/v2\/pages\/2911","targetHints":{"allow":["GET"]}}],"collection":[{"href":"https:\/\/ccscleaning.com\/fr\/wp-json\/wp\/v2\/pages"}],"about":[{"href":"https:\/\/ccscleaning.com\/fr\/wp-json\/wp\/v2\/types\/page"}],"author":[{"embeddable":true,"href":"https:\/\/ccscleaning.com\/fr\/wp-json\/wp\/v2\/users\/1"}],"replies":[{"embeddable":true,"href":"https:\/\/ccscleaning.com\/fr\/wp-json\/wp\/v2\/comments?post=2911"}],"version-history":[{"count":1,"href":"https:\/\/ccscleaning.com\/fr\/wp-json\/wp\/v2\/pages\/2911\/revisions"}],"predecessor-version":[{"id":7233,"href":"https:\/\/ccscleaning.com\/fr\/wp-json\/wp\/v2\/pages\/2911\/revisions\/7233"}],"wp:attachment":[{"href":"https:\/\/ccscleaning.com\/fr\/wp-json\/wp\/v2\/media?parent=2911"}],"curies":[{"name":"wp","href":"https:\/\/api.w.org\/{rel}","templated":true}]}}