{"id":2914,"date":"2018-12-03T06:52:00","date_gmt":"2018-12-03T06:52:00","guid":{"rendered":"https:\/\/ccscleaning.com\/?page_id=2914"},"modified":"2025-08-19T12:11:51","modified_gmt":"2025-08-19T12:11:51","slug":"thank-you","status":"publish","type":"page","link":"https:\/\/ccscleaning.com\/fr\/thank-you\/","title":{"rendered":"Thank You"},"content":{"rendered":"<div id=\"main\" class=\"site-main thank-you-wrap\">\r\n    <div id=\"main-content\" class=\"main-content\">\r\n        <div class=\"innerpage-content thank-you-sec\">\r\n           <h3>Merci de nous avoir contact\u00e9s.<\/h3>\r\n           <p>L\u2019un de nos repr\u00e9sentants vous r\u00e9pondra bient\u00f4t.<\/p>\r\n        <\/div>\r\n    <\/div>\r\n<\/div>","protected":false},"excerpt":{"rendered":"<p>Merci de nous avoir contact\u00e9s. L\u2019un de nos repr\u00e9sentants vous r\u00e9pondra bient\u00f4t.<\/p>\n","protected":false},"author":1,"featured_media":0,"parent":0,"menu_order":0,"comment_status":"closed","ping_status":"closed","template":"page-templates\/page-thankyou.php","meta":{"footnotes":""},"class_list":["post-2914","page","type-page","status-publish","hentry"],"yoast_head":"<!-- This site is optimized with the Yoast SEO plugin v27.1.1 - https:\/\/yoast.com\/product\/yoast-seo-wordpress\/ -->\n<title>Thank You Page - CCS Cleaning<\/title>\n<meta name=\"description\" content=\"Thank you for contacting us. We will be in touch with you shortly.\" \/>\n<meta name=\"robots\" content=\"index, follow, max-snippet:-1, max-image-preview:large, max-video-preview:-1\" \/>\n<link rel=\"canonical\" href=\"https:\/\/ccscleaning.com\/fr\/thank-you\/\" \/>\n<meta property=\"og:locale\" content=\"fr_FR\" \/>\n<meta property=\"og:type\" content=\"article\" \/>\n<meta property=\"og:title\" content=\"Thank You Page - CCS Cleaning\" \/>\n<meta property=\"og:description\" content=\"Thank you for contacting us. We will be in touch with you shortly.\" \/>\n<meta property=\"og:url\" content=\"https:\/\/ccscleaning.com\/fr\/thank-you\/\" \/>\n<meta property=\"og:site_name\" content=\"CCS Cleaning French\" \/>\n<meta property=\"article:modified_time\" content=\"2025-08-19T12:11:51+00:00\" \/>\n<meta name=\"twitter:card\" content=\"summary_large_image\" \/>\n<meta name=\"twitter:label1\" content=\"Est. reading time\" \/>\n\t<meta name=\"twitter:data1\" content=\"1 minute\" \/>\n<!-- \/ Yoast SEO plugin. -->","yoast_head_json":{"title":"Thank You Page - CCS Cleaning","description":"Thank you for contacting us. We will be in touch with you shortly.","robots":{"index":"index","follow":"follow","max-snippet":"max-snippet:-1","max-image-preview":"max-image-preview:large","max-video-preview":"max-video-preview:-1"},"canonical":"https:\/\/ccscleaning.com\/fr\/thank-you\/","og_locale":"fr_FR","og_type":"article","og_title":"Thank You Page - CCS Cleaning","og_description":"Thank you for contacting us. We will be in touch with you shortly.","og_url":"https:\/\/ccscleaning.com\/fr\/thank-you\/","og_site_name":"CCS Cleaning French","article_modified_time":"2025-08-19T12:11:51+00:00","twitter_card":"summary_large_image","twitter_misc":{"Est. reading time":"1 minute"},"schema":{"@context":"https:\/\/schema.org","@graph":[{"@type":"WebPage","@id":"https:\/\/ccscleaning.com\/fr\/thank-you\/","url":"https:\/\/ccscleaning.com\/fr\/thank-you\/","name":"Thank You Page - CCS Cleaning","isPartOf":{"@id":"https:\/\/ccscleaning.com\/fr\/#website"},"datePublished":"2018-12-03T06:52:00+00:00","dateModified":"2025-08-19T12:11:51+00:00","description":"Thank you for contacting us. We will be in touch with you shortly.","breadcrumb":{"@id":"https:\/\/ccscleaning.com\/fr\/thank-you\/#breadcrumb"},"inLanguage":"fr-FR","potentialAction":[{"@type":"ReadAction","target":["https:\/\/ccscleaning.com\/fr\/thank-you\/"]}]},{"@type":"BreadcrumbList","@id":"https:\/\/ccscleaning.com\/fr\/thank-you\/#breadcrumb","itemListElement":[{"@type":"ListItem","position":1,"name":"Accueil","item":"https:\/\/ccscleaning.com\/fr\/"},{"@type":"ListItem","position":2,"name":"Thank You"}]},{"@type":"WebSite","@id":"https:\/\/ccscleaning.com\/fr\/#website","url":"https:\/\/ccscleaning.com\/fr\/","name":"CCS Cleaning French","description":"","potentialAction":[{"@type":"SearchAction","target":{"@type":"EntryPoint","urlTemplate":"https:\/\/ccscleaning.com\/fr\/?s={search_term_string}"},"query-input":{"@type":"PropertyValueSpecification","valueRequired":true,"valueName":"search_term_string"}}],"inLanguage":"fr-FR"}]}},"acf":[],"_links":{"self":[{"href":"https:\/\/ccscleaning.com\/fr\/wp-json\/wp\/v2\/pages\/2914","targetHints":{"allow":["GET"]}}],"collection":[{"href":"https:\/\/ccscleaning.com\/fr\/wp-json\/wp\/v2\/pages"}],"about":[{"href":"https:\/\/ccscleaning.com\/fr\/wp-json\/wp\/v2\/types\/page"}],"author":[{"embeddable":true,"href":"https:\/\/ccscleaning.com\/fr\/wp-json\/wp\/v2\/users\/1"}],"replies":[{"embeddable":true,"href":"https:\/\/ccscleaning.com\/fr\/wp-json\/wp\/v2\/comments?post=2914"}],"version-history":[{"count":3,"href":"https:\/\/ccscleaning.com\/fr\/wp-json\/wp\/v2\/pages\/2914\/revisions"}],"predecessor-version":[{"id":7277,"href":"https:\/\/ccscleaning.com\/fr\/wp-json\/wp\/v2\/pages\/2914\/revisions\/7277"}],"wp:attachment":[{"href":"https:\/\/ccscleaning.com\/fr\/wp-json\/wp\/v2\/media?parent=2914"}],"curies":[{"name":"wp","href":"https:\/\/api.w.org\/{rel}","templated":true}]}}