{"id":2917,"date":"2018-12-03T07:23:15","date_gmt":"2018-12-03T07:23:15","guid":{"rendered":"https:\/\/ccscleaning.com\/?page_id=2917"},"modified":"2025-08-19T09:12:49","modified_gmt":"2025-08-19T09:12:49","slug":"smart-clean","status":"publish","type":"page","link":"https:\/\/ccscleaning.com\/fr\/smart-clean\/","title":{"rendered":"Smart Clean"},"content":{"rendered":"<div class=\"smteam\">\r\n<div class=\"container\">\r\n<div class=\"row\">\r\n<div class=\"innerpage-content center\">\r\n<h2>INNOVATION. CUSTOMISATION.<\/h2>\r\n<p>CCS est une entreprise de propret\u00e9 intelligente et innovante. Tous les membres du personnel font l\u2019objet d\u2019un contr\u00f4le en profondeur et leur progr\u00e8s est supervis\u00e9. Cette d\u00e9marche claire et cibl\u00e9e est soutenue par nos syst\u00e8mes informatiques interactifs. CCS est d\u00e9j\u00e0 en train d\u2019apporter les avantages de l\u2019intelligence artificielle, des mesures en temps r\u00e9el et des portails web customis\u00e9s pour nos clients.<\/p>\r\n<\/br>\r\n<h2>SMART. AUDIT.<\/h2>\r\n<p>Chaque jour, nos smart teams utilisent nos syst\u00e8mes informatiques intelligents. Nos superviseurs font des v\u00e9rifications quotidiennes \u00e0 la fin des quarts de travail sur les sites de nos clients, en examinant les normes de nettoyage, les contr\u00f4les de sant\u00e9 et de s\u00e9curit\u00e9 environnementale et les commentaires du personnel. Notre \u00e9quipe de gestion exp\u00e9riment\u00e9e m\u00e8ne, mensuellement, des v\u00e9rifications pour chaque site client. Nos informations en temps r\u00e9el peuvent produire des rapports tr\u00e8s utiles pour nos clients du point de vue de la conformit\u00e9.<\/p>\r\n<\/br>\r\n<h2>SMART. RESPONSE.<\/h2>\r\n<p>CCS a la capacit\u00e9 de surveiller toutes nos machines de nettoyage gr\u00e2ce \u00e0 notre service unique de maintenance SAMGO. Ceci assure que le temps et l\u2019efficacit\u00e9 soient optimis\u00e9s.<\/p>\r\n<\/br>\r\n<h2>PORTAIL. SUR MESURE.<\/h2>\r\n<p>CCS peut offrir aux clients un portail de gestion de l\u2019information sur mesure. Le syst\u00e8me peut \u00eatre acc\u00e9d\u00e9 365 jours par an par une connexion Internet s\u00e9curis\u00e9e. Le portail nous permet de collaborer avec vous en temps r\u00e9el pour r\u00e9gler les probl\u00e8mes rapidement.<\/p>\r\n<\/br>\r\n<h2>RH. ACTIV\u00c9.<\/h2>\r\n<p>CCS a investi dans une plate-forme RH bas\u00e9e sur le Cloud qui nous permet d\u2019acc\u00e9der et d\u2019actualiser des informations du personnel, des droits au et demandes de cong\u00e9 et des rapports de rendement et discipline. Ceci vous assure un service fiable et responsable.<\/p>\r\n<\/div>\r\n<\/div>\r\n<\/div>\r\n<\/div>","protected":false},"excerpt":{"rendered":"<p>INNOVATION. CUSTOMISATION. CCS est une entreprise de propret\u00e9 intelligente et innovante. Tous les membres du personnel font l\u2019objet d\u2019un contr\u00f4le en profondeur et leur progr\u00e8s est supervis\u00e9. Cette d\u00e9marche claire et cibl\u00e9e est soutenue par nos syst\u00e8mes informatiques interactifs. CCS est d\u00e9j\u00e0 en train d\u2019apporter les avantages de l\u2019intelligence artificielle, des mesures en temps r\u00e9el&#8230;  <a href=\"https:\/\/ccscleaning.com\/fr\/smart-clean\/\" class=\"more-link\" title=\"Read Smart Clean\">Read more &raquo;<\/a><\/p>\n","protected":false},"author":1,"featured_media":0,"parent":0,"menu_order":0,"comment_status":"closed","ping_status":"closed","template":"","meta":{"footnotes":""},"class_list":["post-2917","page","type-page","status-publish","hentry"],"yoast_head":"<!-- This site is optimized with the Yoast SEO plugin v27.1.1 - https:\/\/yoast.com\/product\/yoast-seo-wordpress\/ -->\n<title>Services De Nettoyage Intelligents - Nettoyage de bureaux de vente au d\u00e9tail<\/title>\n<meta name=\"description\" content=\"CCS Cleaning, entreprise certifi\u00e9e ISO, utilise des agents de nettoyage intelligents, des dispositifs destin\u00e9s aux services de nettoyage de bureaux Plus de 4800 projets r\u00e9alis\u00e9s.\" \/>\n<meta name=\"robots\" content=\"index, follow, max-snippet:-1, max-image-preview:large, max-video-preview:-1\" \/>\n<link rel=\"canonical\" href=\"https:\/\/ccscleaning.com\/fr\/smart-clean\/\" \/>\n<meta property=\"og:locale\" content=\"fr_FR\" \/>\n<meta property=\"og:type\" content=\"article\" \/>\n<meta property=\"og:title\" content=\"Services De Nettoyage Intelligents - Nettoyage de bureaux de vente au d\u00e9tail\" \/>\n<meta property=\"og:description\" content=\"CCS Cleaning, entreprise certifi\u00e9e ISO, utilise des agents de nettoyage intelligents, des dispositifs destin\u00e9s aux services de nettoyage de bureaux Plus de 4800 projets r\u00e9alis\u00e9s.\" \/>\n<meta property=\"og:url\" content=\"https:\/\/ccscleaning.com\/fr\/smart-clean\/\" \/>\n<meta property=\"og:site_name\" content=\"CCS Cleaning French\" \/>\n<meta property=\"article:modified_time\" content=\"2025-08-19T09:12:49+00:00\" \/>\n<meta name=\"twitter:card\" content=\"summary_large_image\" \/>\n<meta name=\"twitter:label1\" content=\"Est. reading time\" \/>\n\t<meta name=\"twitter:data1\" content=\"2 minutes\" \/>\n<!-- \/ Yoast SEO plugin. -->","yoast_head_json":{"title":"Services De Nettoyage Intelligents - Nettoyage de bureaux de vente au d\u00e9tail","description":"CCS Cleaning, entreprise certifi\u00e9e ISO, utilise des agents de nettoyage intelligents, des dispositifs destin\u00e9s aux services de nettoyage de bureaux Plus de 4800 projets r\u00e9alis\u00e9s.","robots":{"index":"index","follow":"follow","max-snippet":"max-snippet:-1","max-image-preview":"max-image-preview:large","max-video-preview":"max-video-preview:-1"},"canonical":"https:\/\/ccscleaning.com\/fr\/smart-clean\/","og_locale":"fr_FR","og_type":"article","og_title":"Services De Nettoyage Intelligents - Nettoyage de bureaux de vente au d\u00e9tail","og_description":"CCS Cleaning, entreprise certifi\u00e9e ISO, utilise des agents de nettoyage intelligents, des dispositifs destin\u00e9s aux services de nettoyage de bureaux Plus de 4800 projets r\u00e9alis\u00e9s.","og_url":"https:\/\/ccscleaning.com\/fr\/smart-clean\/","og_site_name":"CCS Cleaning French","article_modified_time":"2025-08-19T09:12:49+00:00","twitter_card":"summary_large_image","twitter_misc":{"Est. reading time":"2 minutes"},"schema":{"@context":"https:\/\/schema.org","@graph":[{"@type":"WebPage","@id":"https:\/\/ccscleaning.com\/fr\/smart-clean\/","url":"https:\/\/ccscleaning.com\/fr\/smart-clean\/","name":"Services De Nettoyage Intelligents - Nettoyage de bureaux de vente au d\u00e9tail","isPartOf":{"@id":"https:\/\/ccscleaning.com\/fr\/#website"},"datePublished":"2018-12-03T07:23:15+00:00","dateModified":"2025-08-19T09:12:49+00:00","description":"CCS Cleaning, entreprise certifi\u00e9e ISO, utilise des agents de nettoyage intelligents, des dispositifs destin\u00e9s aux services de nettoyage de bureaux Plus de 4800 projets r\u00e9alis\u00e9s.","breadcrumb":{"@id":"https:\/\/ccscleaning.com\/fr\/smart-clean\/#breadcrumb"},"inLanguage":"fr-FR","potentialAction":[{"@type":"ReadAction","target":["https:\/\/ccscleaning.com\/fr\/smart-clean\/"]}]},{"@type":"BreadcrumbList","@id":"https:\/\/ccscleaning.com\/fr\/smart-clean\/#breadcrumb","itemListElement":[{"@type":"ListItem","position":1,"name":"Accueil","item":"https:\/\/ccscleaning.com\/fr\/"},{"@type":"ListItem","position":2,"name":"Smart Clean"}]},{"@type":"WebSite","@id":"https:\/\/ccscleaning.com\/fr\/#website","url":"https:\/\/ccscleaning.com\/fr\/","name":"CCS Cleaning French","description":"","potentialAction":[{"@type":"SearchAction","target":{"@type":"EntryPoint","urlTemplate":"https:\/\/ccscleaning.com\/fr\/?s={search_term_string}"},"query-input":{"@type":"PropertyValueSpecification","valueRequired":true,"valueName":"search_term_string"}}],"inLanguage":"fr-FR"}]}},"acf":[],"_links":{"self":[{"href":"https:\/\/ccscleaning.com\/fr\/wp-json\/wp\/v2\/pages\/2917","targetHints":{"allow":["GET"]}}],"collection":[{"href":"https:\/\/ccscleaning.com\/fr\/wp-json\/wp\/v2\/pages"}],"about":[{"href":"https:\/\/ccscleaning.com\/fr\/wp-json\/wp\/v2\/types\/page"}],"author":[{"embeddable":true,"href":"https:\/\/ccscleaning.com\/fr\/wp-json\/wp\/v2\/users\/1"}],"replies":[{"embeddable":true,"href":"https:\/\/ccscleaning.com\/fr\/wp-json\/wp\/v2\/comments?post=2917"}],"version-history":[{"count":2,"href":"https:\/\/ccscleaning.com\/fr\/wp-json\/wp\/v2\/pages\/2917\/revisions"}],"predecessor-version":[{"id":7173,"href":"https:\/\/ccscleaning.com\/fr\/wp-json\/wp\/v2\/pages\/2917\/revisions\/7173"}],"wp:attachment":[{"href":"https:\/\/ccscleaning.com\/fr\/wp-json\/wp\/v2\/media?parent=2917"}],"curies":[{"name":"wp","href":"https:\/\/api.w.org\/{rel}","templated":true}]}}