{"id":3467,"date":"2019-07-18T14:11:44","date_gmt":"2019-07-18T14:11:44","guid":{"rendered":"https:\/\/ccscleaning.com\/?page_id=3467"},"modified":"2025-08-19T09:12:48","modified_gmt":"2025-08-19T09:12:48","slug":"sustainable-cleaning","status":"publish","type":"page","link":"https:\/\/ccscleaning.com\/fr\/sustainable-cleaning\/","title":{"rendered":"Nettoyage durable"},"content":{"rendered":"","protected":false},"excerpt":{"rendered":"","protected":false},"author":1,"featured_media":0,"parent":0,"menu_order":0,"comment_status":"closed","ping_status":"closed","template":"page-templates\/page-solution.php","meta":{"footnotes":""},"class_list":["post-3467","page","type-page","status-publish","hentry"],"yoast_head":"<!-- This site is optimized with the Yoast SEO plugin v27.1.1 - https:\/\/yoast.com\/product\/yoast-seo-wordpress\/ -->\n<title>Nettoyage Durable | Nettoyage \u00e9cologique Biologique - CCS<\/title>\n<meta name=\"description\" content=\"Services de nettoyage durables \u00e0 un co\u00fbt abordable au Royaume-Uni. Obtenez des services de nettoyage sans produits chimiques verts neutres \u00e0 des prix comp\u00e9titifs.\" \/>\n<meta name=\"robots\" content=\"index, follow, max-snippet:-1, max-image-preview:large, max-video-preview:-1\" \/>\n<link rel=\"canonical\" href=\"https:\/\/ccscleaning.com\/fr\/sustainable-cleaning\/\" \/>\n<meta property=\"og:locale\" content=\"fr_FR\" \/>\n<meta property=\"og:type\" content=\"article\" \/>\n<meta property=\"og:title\" content=\"Nettoyage Durable | Nettoyage \u00e9cologique Biologique - CCS\" \/>\n<meta property=\"og:description\" content=\"Services de nettoyage durables \u00e0 un co\u00fbt abordable au Royaume-Uni. Obtenez des services de nettoyage sans produits chimiques verts neutres \u00e0 des prix comp\u00e9titifs.\" \/>\n<meta property=\"og:url\" content=\"https:\/\/ccscleaning.com\/fr\/sustainable-cleaning\/\" \/>\n<meta property=\"og:site_name\" content=\"CCS Cleaning French\" \/>\n<meta property=\"article:modified_time\" content=\"2025-08-19T09:12:48+00:00\" \/>\n<meta name=\"twitter:card\" content=\"summary_large_image\" \/>\n<!-- \/ Yoast SEO plugin. -->","yoast_head_json":{"title":"Nettoyage Durable | Nettoyage \u00e9cologique Biologique - CCS","description":"Services de nettoyage durables \u00e0 un co\u00fbt abordable au Royaume-Uni. Obtenez des services de nettoyage sans produits chimiques verts neutres \u00e0 des prix comp\u00e9titifs.","robots":{"index":"index","follow":"follow","max-snippet":"max-snippet:-1","max-image-preview":"max-image-preview:large","max-video-preview":"max-video-preview:-1"},"canonical":"https:\/\/ccscleaning.com\/fr\/sustainable-cleaning\/","og_locale":"fr_FR","og_type":"article","og_title":"Nettoyage Durable | Nettoyage \u00e9cologique Biologique - CCS","og_description":"Services de nettoyage durables \u00e0 un co\u00fbt abordable au Royaume-Uni. Obtenez des services de nettoyage sans produits chimiques verts neutres \u00e0 des prix comp\u00e9titifs.","og_url":"https:\/\/ccscleaning.com\/fr\/sustainable-cleaning\/","og_site_name":"CCS Cleaning French","article_modified_time":"2025-08-19T09:12:48+00:00","twitter_card":"summary_large_image","schema":{"@context":"https:\/\/schema.org","@graph":[{"@type":"WebPage","@id":"https:\/\/ccscleaning.com\/fr\/sustainable-cleaning\/","url":"https:\/\/ccscleaning.com\/fr\/sustainable-cleaning\/","name":"Nettoyage Durable | Nettoyage \u00e9cologique Biologique - CCS","isPartOf":{"@id":"https:\/\/ccscleaning.com\/fr\/#website"},"datePublished":"2019-07-18T14:11:44+00:00","dateModified":"2025-08-19T09:12:48+00:00","description":"Services de nettoyage durables \u00e0 un co\u00fbt abordable au Royaume-Uni. Obtenez des services de nettoyage sans produits chimiques verts neutres \u00e0 des prix comp\u00e9titifs.","breadcrumb":{"@id":"https:\/\/ccscleaning.com\/fr\/sustainable-cleaning\/#breadcrumb"},"inLanguage":"fr-FR","potentialAction":[{"@type":"ReadAction","target":["https:\/\/ccscleaning.com\/fr\/sustainable-cleaning\/"]}]},{"@type":"BreadcrumbList","@id":"https:\/\/ccscleaning.com\/fr\/sustainable-cleaning\/#breadcrumb","itemListElement":[{"@type":"ListItem","position":1,"name":"Accueil","item":"https:\/\/ccscleaning.com\/fr\/"},{"@type":"ListItem","position":2,"name":"Nettoyage durable"}]},{"@type":"WebSite","@id":"https:\/\/ccscleaning.com\/fr\/#website","url":"https:\/\/ccscleaning.com\/fr\/","name":"CCS Cleaning French","description":"","potentialAction":[{"@type":"SearchAction","target":{"@type":"EntryPoint","urlTemplate":"https:\/\/ccscleaning.com\/fr\/?s={search_term_string}"},"query-input":{"@type":"PropertyValueSpecification","valueRequired":true,"valueName":"search_term_string"}}],"inLanguage":"fr-FR"}]}},"acf":[],"_links":{"self":[{"href":"https:\/\/ccscleaning.com\/fr\/wp-json\/wp\/v2\/pages\/3467","targetHints":{"allow":["GET"]}}],"collection":[{"href":"https:\/\/ccscleaning.com\/fr\/wp-json\/wp\/v2\/pages"}],"about":[{"href":"https:\/\/ccscleaning.com\/fr\/wp-json\/wp\/v2\/types\/page"}],"author":[{"embeddable":true,"href":"https:\/\/ccscleaning.com\/fr\/wp-json\/wp\/v2\/users\/1"}],"replies":[{"embeddable":true,"href":"https:\/\/ccscleaning.com\/fr\/wp-json\/wp\/v2\/comments?post=3467"}],"version-history":[{"count":5,"href":"https:\/\/ccscleaning.com\/fr\/wp-json\/wp\/v2\/pages\/3467\/revisions"}],"predecessor-version":[{"id":7101,"href":"https:\/\/ccscleaning.com\/fr\/wp-json\/wp\/v2\/pages\/3467\/revisions\/7101"}],"wp:attachment":[{"href":"https:\/\/ccscleaning.com\/fr\/wp-json\/wp\/v2\/media?parent=3467"}],"curies":[{"name":"wp","href":"https:\/\/api.w.org\/{rel}","templated":true}]}}