{"id":3572,"date":"2019-07-29T12:43:02","date_gmt":"2019-07-29T12:43:02","guid":{"rendered":"https:\/\/ccscleaning.com\/?page_id=3572"},"modified":"2025-08-19T09:12:48","modified_gmt":"2025-08-19T09:12:48","slug":"industrial-cleaning-case-study","status":"publish","type":"page","link":"https:\/\/ccscleaning.com\/fr\/industrial-cleaning-case-study\/","title":{"rendered":"Industrial Cleaning Case Study"},"content":{"rendered":"<div class=\"container-fluid inner-banner-wrap\">\r\n\t<div class=\"row\">\r\n\t\t<img decoding=\"async\" src=\"https:\/\/ccscleaning.com\/fr\/wp-content\/uploads\/sites\/5\/2019\/09\/Industrial-case-study.jpg?x20396\" class=\"img-fluid\" alt=\"Retail Cleaning Services\">\t\t\r\n\t\t<div class=\"inner-banner-cont\">\r\n\t\t\t<div class=\"container\">\r\n\t\t\t\t<div class=\"row\">\r\n\t\t\t\t\t<div class=\"col-lg-6\">\r\n\t\t\t\t\t\t<div class=\"inner-banner-left-content\">\r\n\t\t\t\t\t\t\t<h1>Industrial Cleaning Case Study<\/h1>\t\t\t\t\t\t\t\t\t\t\t\t\t\r\n\t\t\t\t\t\t<\/div>\r\n\t\t\t\t\t<\/div>\r\n\t\t\t\t\t<div class=\"col-lg-6\">\r\n\t\t\t\t\t\t<div class=\"banner-contact\">\r\n\t\t\t\t\t\t\t<h3>CONTACT US<\/h3>\r\n\t\t\t\t\t\t\t\n<div class=\"wpcf7 no-js\" id=\"wpcf7-f2164-o1\" lang=\"en-US\" dir=\"ltr\" data-wpcf7-id=\"2164\">\n<div class=\"screen-reader-response\"><p role=\"status\" aria-live=\"polite\" aria-atomic=\"true\"><\/p> <ul><\/ul><\/div>\n<form action=\"\/fr\/wp-json\/wp\/v2\/pages\/3572#wpcf7-f2164-o1\" method=\"post\" class=\"wpcf7-form init\" aria-label=\"Contact form\" novalidate=\"novalidate\" data-status=\"init\">\n<fieldset class=\"hidden-fields-container\"><input type=\"hidden\" name=\"_wpcf7\" value=\"2164\" \/><input type=\"hidden\" name=\"_wpcf7_version\" value=\"6.1.3\" \/><input type=\"hidden\" name=\"_wpcf7_locale\" value=\"en_US\" \/><input type=\"hidden\" name=\"_wpcf7_unit_tag\" value=\"wpcf7-f2164-o1\" \/><input type=\"hidden\" name=\"_wpcf7_container_post\" value=\"0\" \/><input type=\"hidden\" name=\"_wpcf7_posted_data_hash\" value=\"\" \/><input type=\"hidden\" name=\"_wpcf7_recaptcha_response\" value=\"\" \/>\n<\/fieldset>\n<h3>Discutons de vos besoins en nettoyage\n<\/h3>\n<div class=\"form-group\">\n\t<p><span class=\"wpcf7-form-control-wrap\" data-name=\"your-team\"><select class=\"wpcf7-form-control wpcf7-select wpcf7-validates-as-required form-control\" id=\"teamSelect\" aria-required=\"true\" aria-invalid=\"false\" name=\"your-team\"><option value=\"\">Select Team<\/option><option value=\"Sales\">Sales<\/option><option value=\"Recruitment\">Recruitment<\/option><option value=\"Marketing\">Marketing<\/option><\/select><\/span>\n\t<\/p>\n<\/div>\n<div class=\"form-group\">\n\t<p><span class=\"wpcf7-form-control-wrap\" data-name=\"your-name\"><input size=\"40\" maxlength=\"400\" class=\"wpcf7-form-control wpcf7-text wpcf7-validates-as-required form-control\" id=\"exampleFormControlInput1\" aria-required=\"true\" aria-invalid=\"false\" placeholder=\"Nom\" value=\"\" type=\"text\" name=\"your-name\" \/><\/span>\n\t<\/p>\n<\/div>\n<div class=\"form-group\">\n\t<p><span class=\"wpcf7-form-control-wrap\" data-name=\"your-company\"><input size=\"40\" maxlength=\"400\" class=\"wpcf7-form-control wpcf7-text wpcf7-validates-as-required form-control\" id=\"exampleFormControlInput4\" aria-required=\"true\" aria-invalid=\"false\" placeholder=\"Nom de l&#039;entreprise\" value=\"\" type=\"text\" name=\"your-company\" \/><\/span>\n\t<\/p>\n<\/div>\n<div class=\"form-group\">\n\t<p><span class=\"wpcf7-form-control-wrap\" data-name=\"your-num\"><input size=\"40\" maxlength=\"400\" class=\"wpcf7-form-control wpcf7-tel wpcf7-validates-as-required wpcf7-text wpcf7-validates-as-tel form-control\" id=\"exampleFormControlInput2\" aria-required=\"true\" aria-invalid=\"false\" placeholder=\"T\u00e9l\u00e9phone\" value=\"\" type=\"tel\" name=\"your-num\" \/><\/span>\n\t<\/p>\n<\/div>\n<div class=\"form-group\">\n\t<p><span class=\"wpcf7-form-control-wrap\" data-name=\"your-email\"><input size=\"40\" maxlength=\"400\" class=\"wpcf7-form-control wpcf7-email wpcf7-validates-as-required wpcf7-text wpcf7-validates-as-email form-control\" id=\"exampleFormControlInput3\" aria-required=\"true\" aria-invalid=\"false\" placeholder=\"E-mail\" value=\"\" type=\"email\" name=\"your-email\" \/><\/span>\n\t<\/p>\n<\/div>\n<div class=\"form-group\">\n\t<p><span class=\"wpcf7-form-control-wrap\" data-name=\"your-message\"><textarea cols=\"40\" rows=\"3\" maxlength=\"2000\" class=\"wpcf7-form-control wpcf7-textarea form-control\" id=\"exampleFormControlTextarea1\" aria-invalid=\"false\" placeholder=\"Votre message\" name=\"your-message\"><\/textarea><\/span>\n\t<\/p>\n<\/div>\n<div class=\"form-group\">\n\n<\/div>\n<input class=\"wpcf7-form-control wpcf7-hidden\" value=\"\" type=\"hidden\" name=\"page-origin-name\" \/>\n<input class=\"wpcf7-form-control wpcf7-hidden\" value=\"\" type=\"hidden\" name=\"page-origin-url\" \/>\n<div class=\"btn-group\">\n\t<p><input class=\"wpcf7-form-control wpcf7-submit has-spinner btn-submit\" type=\"submit\" value=\"Obtenir un devis maintenant\" \/>\n\t<\/p>\n<\/div><div class=\"wpcf7-response-output\" aria-hidden=\"true\"><\/div>\n<\/form>\n<\/div>\n\r\n\t\t\t\t\t\t<\/div>\r\n\t\t\t\t\t<\/div>\r\n\t\t\t\t\t<div class=\"clearfix\"><\/div>\r\n\t\t\t\t<\/div>\r\n\t\t\t<\/div>\r\n\t\t<\/div>\r\n\t<\/div>\r\n<\/div>\r\n<section class=\"client-logos padbottom0 subhasis\">\r\n<div class=\"container\">\t\r\n<div class=\"row\">\r\n<div class=\"owl-carousel owl-theme\">\r\n<div class=\"item\">\r\n<img decoding=\"async\" src=\"https:\/\/ccscleaning.com\/fr\/wp-content\/uploads\/sites\/5\/2021\/04\/cbre.jpg\" alt=\"\">              \r\n<\/div>\r\n<div class=\"item\">\r\n<img decoding=\"async\" src=\"https:\/\/ccscleaning.com\/fr\/wp-content\/uploads\/sites\/5\/2021\/04\/aramark.jpg\" alt=\"\">\r\n<\/div>\r\n<div class=\"item\">\r\n<img decoding=\"async\" src=\"https:\/\/ccscleaning.com\/fr\/wp-content\/uploads\/sites\/5\/2021\/04\/akor.jpg\" alt=\"\">\r\n<\/div>\r\n<div class=\"item\">\r\n<img decoding=\"async\" src=\"https:\/\/ccscleaning.com\/fr\/wp-content\/uploads\/sites\/5\/2021\/04\/converse.jpg\" alt=\"\">\r\n<\/div>\r\n<div class=\"item\">\r\n<img decoding=\"async\" src=\"https:\/\/ccscleaning.com\/fr\/wp-content\/uploads\/sites\/5\/2021\/04\/dsv.jpg\" alt=\"\">\r\n<\/div>\r\n<div class=\"item\">\r\n<img decoding=\"async\" src=\"https:\/\/ccscleaning.com\/fr\/wp-content\/uploads\/sites\/5\/2021\/04\/mercury.jpg\" alt=\"\">\r\n<\/div>\r\n<div class=\"item\">\r\n<img decoding=\"async\" src=\"https:\/\/ccscleaning.com\/fr\/wp-content\/uploads\/sites\/5\/2021\/04\/wework.jpg\" alt=\"\">\r\n<\/div>\r\n<div class=\"item\">\r\n<img decoding=\"async\" src=\"https:\/\/ccscleaning.com\/fr\/wp-content\/uploads\/sites\/5\/2021\/05\/de-bijenkorf.jpg\" alt=\"\">\r\n<\/div>\r\n<div class=\"item\">\r\n<img decoding=\"async\" src=\"https:\/\/ccscleaning.com\/fr\/wp-content\/uploads\/sites\/5\/2021\/05\/hm.jpg\" alt=\"\">\r\n<\/div>\r\n<div class=\"item\">\r\n<img decoding=\"async\" src=\"https:\/\/ccscleaning.com\/fr\/wp-content\/uploads\/sites\/5\/2021\/05\/irish-foreign-affairs.jpg\" alt=\"\">\r\n<\/div>\r\n<div class=\"item\">\r\n<img decoding=\"async\" src=\"https:\/\/ccscleaning.com\/fr\/wp-content\/uploads\/sites\/5\/2021\/05\/mace.jpg\" alt=\"\">\r\n<\/div>\r\n<div class=\"item\">\r\n<img decoding=\"async\" src=\"https:\/\/ccscleaning.com\/fr\/wp-content\/uploads\/sites\/5\/2021\/05\/super-dry.jpg\" alt=\"\">\r\n<\/div>          \r\n<div class=\"item\">\r\n<img decoding=\"async\" src=\"https:\/\/ccscleaning.com\/fr\/wp-content\/uploads\/sites\/5\/2021\/05\/transfer.jpg\" alt=\"\">\r\n<\/div>\r\n<div class=\"item\">\r\n<img decoding=\"async\" src=\"https:\/\/ccscleaning.com\/fr\/wp-content\/uploads\/sites\/5\/2021\/05\/under-armour.jpg\" alt=\"\">\r\n<\/div>\r\n<div class=\"item\">\r\n<img decoding=\"async\" src=\"https:\/\/ccscleaning.com\/fr\/wp-content\/uploads\/sites\/5\/2021\/05\/visma.jpg\" alt=\"\">\r\n<\/div>\r\n<div class=\"item\">\r\n<img decoding=\"async\" src=\"https:\/\/ccscleaning.com\/fr\/wp-content\/uploads\/sites\/5\/2021\/05\/argos.jpg\" alt=\"\">\r\n<\/div>\r\n<div class=\"item\">\r\n<img decoding=\"async\" src=\"https:\/\/ccscleaning.com\/fr\/wp-content\/uploads\/sites\/5\/2021\/05\/homebase.jpg\" alt=\"\">\r\n<\/div>\r\n<div class=\"item\">\r\n<img decoding=\"async\" src=\"https:\/\/ccscleaning.com\/fr\/wp-content\/uploads\/sites\/5\/2021\/05\/primark.jpg\" alt=\"\">\r\n<\/div> \t\r\n<\/div>\r\n<\/div>\r\n<\/div>\r\n<\/section>\r\n<section class=\"welcome-ccs\">\r\n\t<div class=\"container\">\r\n\t\t<div class=\"row\">\r\n\t\t\t<div class=\"col-lg-8\">\t\t\t\t\r\n\t\t\t\t<p>Last year CCS completed a wide range of industrial cleaning projects, each with their own unique requirements and challenges. By its definition industrial cleaning is unpredictable and often can involve our emergency response cleaning teams. One such project was the result of a near disaster in which a 24-month redevelopment of an iconic building caught fire two months from completion. Thankfully nobody was injured, but the fire had a huge impact on not only the premises but also on the client, contractors and employees who had invested so much time and energy into the building. When the damage was assessed and what was salvageable identified, we were called upon to bring the smoke damaged areas to a standard whereby trades could operate as normal.<\/p>\r\n\t\t\t\t<div class=\"btn-sec\">\t\t\t\t\t\r\n\t\t\t\t\t<a href=\"https:\/\/ccscleaning.com\/contact-us\/\" class=\"btns-link\">CONTACT US TODAY<\/a>\r\n\t\t\t\t<\/div>\r\n\t\t\t<\/div>\r\n\t\t\t<div class=\"col-lg-4\">\r\n\t\t\t\t<div class=\"ceo-slogan-section\">\r\n\t\t\t\t\t<div class=\"ceo-pic\">\r\n\t\t\t\t\t\t<img decoding=\"async\" src=\"https:\/\/ccscleaning.com\/fr\/wp-content\/uploads\/sites\/5\/2019\/07\/PEOPLE-David-1.jpg?x20396\" \/>\r\n\t\t\t\t\t<\/div>\r\n\t\t\t\t\t<div class=\"ceo-message\">\r\n\t\t\t\t\t\t<h3>Message from our CEO<\/h3>\r\n\t\t\t\t\t\t<p>\u201cOur industrial teams are used to working in difficult circumstances. In high-stress jobs such as this our core focus is on providing a reliable, consistent and professional service.\u201d<\/p>\r\n\t\t\t\t\t<\/div>\r\n\t\t\t\t<\/div>\r\n\t\t\t<\/div>\r\n\t\t<\/div>\r\n\t<\/div>\r\n<\/section>\r\n<section class=\"business-head-wrap\">\r\n\t<div class=\"container\">\r\n\t\t<div class=\"row\">\r\n\t\t\t<div class=\"col-lg-4 bsnshead-pic\">\r\n\t\t\t\t<img decoding=\"async\" src=\"https:\/\/ccscleaning.com\/fr\/wp-content\/uploads\/sites\/5\/2019\/07\/PEOPLE-Larry.jpg?x20396\" \/>\r\n\t\t\t<\/div>\r\n\t\t\t<div class=\"col-lg-8 bsnshead-cont\">\r\n\t\t\t\t<p><strong>Here Larry Cullen CCS Head of Industrial ROI &amp; UK reflects on the project.<\/strong><\/p>\r\n\t\t\t\t<p>\u201cWe were tasked with providing the office cleaning during an initial mobilisation and changeover phase and thereafter providing the daily office clean. For a job like this preparation is key and when the time came to mobilise, we were equipped, prepared and ready to swing into action.\u201d<\/p>\r\n\t\t\t<\/div>\r\n\t\t\t<div class=\"clearfix\"><\/div>\r\n\t\t<\/div>\r\n\t<\/div>\r\n<\/section>\r\n<section class=\"spec-wraper\">\r\n\t<div class=\"container\">\r\n\t\t<div class=\"col-lg-8\">\r\n\t\t\t<fieldset>\r\n\t\t\t\t<h3>The Specs<\/h3>\r\n\t\t\t\t<hr \/>\r\n\t\t\t\t<p>From the initial survey we understood that this was going to be a project with a difference. The building was in the heart of the city and very much in the hearts of the locals, so we knew we would have to be sensitive to this as well as endeavour to complete our part of the project. It was a significant landmark steeped in history and very much part of the lure of the city. This motivated us even more, as we wanted to ensure that we preserving and saving the building for locals and future generations.<\/p>\r\n\t\t\t\t<p>It was also evident that the contractors who had worked so hard to bring the project to this stage were upset and demoralised. <\/p>\t\t\t\t\r\n\t\t\t<\/fieldset>\r\n\t\t\t<fieldset>\r\n\t\t\t\t<h3>The Challenges<\/h3>\r\n\t\t\t\t<hr \/>\r\n\t\t\t\t<p>This job was considered an emergency and required a fast and decisive response. So, we had to mobilise and prepare extremely quickly. Apart from the standard logistics associated with mobilising our teams, there was also additional training required before our people could access the site. Safety is paramount on a job like this and all of our people had to attend asbestos awareness training and face mask breathing training. Due to the challenging conditions our teams had to wear Personal Protective Equipment as standard. As well as the constraints of additional PPE, the environment in which we were working was physically very demanding.<\/p>\r\n\t\t\t<\/fieldset>\r\n\t\t<\/div>\r\n\t\t<div class=\"col-lg-4\">\r\n\t\t\t<div class=\"proposal-result-sec\">\r\n\t\t\t\t<h3>Our Proposal<\/h3>\r\n\t\t\t\t<ul>\r\n\t\t\t\t\t<li>Online Portal<\/li>\r\n\t\t\t\t\t<li>Secure Login<\/li>\r\n\t\t\t\t\t<li>Real Time Information System<\/li>\r\n\t\t\t\t\t<li>Detailed Site-Specific Data<\/li>\r\n\t\t\t\t<\/ul>\r\n\t\t\t<\/div>\r\n\t\t\t<div class=\"proposal-result-sec\">\r\n\t\t\t\t<h3>The Results<\/h3>\r\n\t\t\t\t<p>We achieved our goals and delivered on our commitments to our clients. The building was cleaned and was brought up to a standard which meant trades could operate as normal.<\/p>\r\n\r\n\t\t\t\t<p>We learned some new skills and experience which will stand to us going forward and we helped make a difference to a city centre and its people.<\/p>\r\n\t\t\t<\/div>\r\n\t\t<\/div>\r\n\t\t<div class=\"clearfix\"><\/div>\r\n\t<\/div>\r\n<\/section>\r\n\r\n\r\n<section class=\"certification-wraper\">\r\n\t<div class=\"container\">\r\n\t\t<div class=\"row\">\r\n\t\t\t<h2><span>Certifications<\/span><\/h2>\r\n\t\t\t<div class=\"clients-pic\">\r\n\t\t\t\t<img decoding=\"async\" src=\"https:\/\/ccscleaning.com\/fr\/wp-content\/uploads\/sites\/5\/2021\/05\/clients-pic.png\" \/>\r\n\t\t\t<\/div>\r\n\t\t<\/div>\r\n\t<\/div>\r\n<\/section>\r\n<section class=\"histry mbottom0 mtop30\">\r\n\t<div class=\"container\">\r\n\t\t<div class=\"row\">\r\n\t\t\t<div class=\"col-lg-4 busyears\">\r\n\t\t\t\t<strong>50<\/strong>\r\n\t\t\t\t<p>YEARS <b>IN<\/b><br>BUSINESS<\/p>\r\n\t\t\t<\/div>\r\n\t\t\t<div class=\"col-lg-4 projects\">\r\n\t\t\t\t<strong>4800<\/strong>\r\n\t\t\t\t<p>Projects<\/p>\r\n\t\t\t<\/div>\r\n\t\t\t<div class=\"col-lg-4 happyclients\">\r\n\t\t\t\t<div class=\"innerdiv\">\r\n\t\t\t\t<strong>100<small>s<\/small><\/strong>\r\n\t\t\t\t<p>OF <b>HAPPY<\/b><br>CLIENTS<\/p>\r\n\t\t\t\t<\/div>\r\n\t\t\t<\/div>\r\n\t\t<\/div>\r\n\t<\/div>\r\n<\/section>","protected":false},"excerpt":{"rendered":"<p>Industrial Cleaning Case Study CONTACT US Last year CCS completed a wide range of industrial cleaning projects, each with their own unique requirements and challenges. By its definition industrial cleaning is unpredictable and often can involve our emergency response cleaning teams. One such project was the result of a near disaster in which a 24-month&#8230;  <a href=\"https:\/\/ccscleaning.com\/fr\/industrial-cleaning-case-study\/\" class=\"more-link\" title=\"Read Industrial Cleaning Case Study\">Read more &raquo;<\/a><\/p>\n","protected":false},"author":1,"featured_media":0,"parent":0,"menu_order":0,"comment_status":"closed","ping_status":"closed","template":"page-templates\/sector-casestudy.php","meta":{"footnotes":""},"class_list":["post-3572","page","type-page","status-publish","hentry"],"yoast_head":"<!-- This site is optimized with the Yoast SEO plugin v27.1.1 - https:\/\/yoast.com\/product\/yoast-seo-wordpress\/ -->\n<title>\u00c9tude Cas Nettoyage Industriel | CCS<\/title>\n<meta name=\"description\" content=\"Une \u00e9tude de cas de nettoyage industriel r\u00e9ussie avec les derniers \u00e9quipements et solutions du CCS - 40 ans d&#039;exp\u00e9rience, 600+ clients satisfaits 4800+ projets r\u00e9alis\u00e9s.\" \/>\n<meta name=\"robots\" content=\"index, follow, max-snippet:-1, max-image-preview:large, max-video-preview:-1\" \/>\n<link rel=\"canonical\" href=\"https:\/\/ccscleaning.com\/fr\/industrial-cleaning-case-study\/\" \/>\n<meta property=\"og:locale\" content=\"fr_FR\" \/>\n<meta property=\"og:type\" content=\"article\" \/>\n<meta property=\"og:title\" content=\"\u00c9tude Cas Nettoyage Industriel | CCS\" \/>\n<meta property=\"og:description\" content=\"Une \u00e9tude de cas de nettoyage industriel r\u00e9ussie avec les derniers \u00e9quipements et solutions du CCS - 40 ans d&#039;exp\u00e9rience, 600+ clients satisfaits 4800+ projets r\u00e9alis\u00e9s.\" \/>\n<meta property=\"og:url\" content=\"https:\/\/ccscleaning.com\/fr\/industrial-cleaning-case-study\/\" \/>\n<meta property=\"og:site_name\" content=\"CCS Cleaning French\" \/>\n<meta property=\"article:modified_time\" content=\"2025-08-19T09:12:48+00:00\" \/>\n<meta property=\"og:image\" content=\"https:\/\/ccscleaning.com\/fr\/wp-content\/uploads\/sites\/5\/2019\/09\/Industrial-case-study.jpg?x20396\" \/>\n<meta name=\"twitter:card\" content=\"summary_large_image\" \/>\n<meta name=\"twitter:label1\" content=\"Est. reading time\" \/>\n\t<meta name=\"twitter:data1\" content=\"8 minutes\" \/>\n<!-- \/ Yoast SEO plugin. -->","yoast_head_json":{"title":"\u00c9tude Cas Nettoyage Industriel | CCS","description":"Une \u00e9tude de cas de nettoyage industriel r\u00e9ussie avec les derniers \u00e9quipements et solutions du CCS - 40 ans d'exp\u00e9rience, 600+ clients satisfaits 4800+ projets r\u00e9alis\u00e9s.","robots":{"index":"index","follow":"follow","max-snippet":"max-snippet:-1","max-image-preview":"max-image-preview:large","max-video-preview":"max-video-preview:-1"},"canonical":"https:\/\/ccscleaning.com\/fr\/industrial-cleaning-case-study\/","og_locale":"fr_FR","og_type":"article","og_title":"\u00c9tude Cas Nettoyage Industriel | CCS","og_description":"Une \u00e9tude de cas de nettoyage industriel r\u00e9ussie avec les derniers \u00e9quipements et solutions du CCS - 40 ans d'exp\u00e9rience, 600+ clients satisfaits 4800+ projets r\u00e9alis\u00e9s.","og_url":"https:\/\/ccscleaning.com\/fr\/industrial-cleaning-case-study\/","og_site_name":"CCS Cleaning French","article_modified_time":"2025-08-19T09:12:48+00:00","og_image":[{"url":"https:\/\/ccscleaning.com\/fr\/wp-content\/uploads\/sites\/5\/2019\/09\/Industrial-case-study.jpg?x20396","type":"","width":"","height":""}],"twitter_card":"summary_large_image","twitter_misc":{"Est. reading time":"8 minutes"},"schema":{"@context":"https:\/\/schema.org","@graph":[{"@type":"WebPage","@id":"https:\/\/ccscleaning.com\/fr\/industrial-cleaning-case-study\/","url":"https:\/\/ccscleaning.com\/fr\/industrial-cleaning-case-study\/","name":"\u00c9tude Cas Nettoyage Industriel | CCS","isPartOf":{"@id":"https:\/\/ccscleaning.com\/fr\/#website"},"primaryImageOfPage":{"@id":"https:\/\/ccscleaning.com\/fr\/industrial-cleaning-case-study\/#primaryimage"},"image":{"@id":"https:\/\/ccscleaning.com\/fr\/industrial-cleaning-case-study\/#primaryimage"},"thumbnailUrl":"https:\/\/ccscleaning.com\/fr\/wp-content\/uploads\/sites\/5\/2019\/09\/Industrial-case-study.jpg?x20396","datePublished":"2019-07-29T12:43:02+00:00","dateModified":"2025-08-19T09:12:48+00:00","description":"Une \u00e9tude de cas de nettoyage industriel r\u00e9ussie avec les derniers \u00e9quipements et solutions du CCS - 40 ans d'exp\u00e9rience, 600+ clients satisfaits 4800+ projets r\u00e9alis\u00e9s.","breadcrumb":{"@id":"https:\/\/ccscleaning.com\/fr\/industrial-cleaning-case-study\/#breadcrumb"},"inLanguage":"fr-FR","potentialAction":[{"@type":"ReadAction","target":["https:\/\/ccscleaning.com\/fr\/industrial-cleaning-case-study\/"]}]},{"@type":"ImageObject","inLanguage":"fr-FR","@id":"https:\/\/ccscleaning.com\/fr\/industrial-cleaning-case-study\/#primaryimage","url":"https:\/\/ccscleaning.com\/fr\/wp-content\/uploads\/sites\/5\/2019\/09\/Industrial-case-study.jpg?x20396","contentUrl":"https:\/\/ccscleaning.com\/fr\/wp-content\/uploads\/sites\/5\/2019\/09\/Industrial-case-study.jpg?x20396"},{"@type":"BreadcrumbList","@id":"https:\/\/ccscleaning.com\/fr\/industrial-cleaning-case-study\/#breadcrumb","itemListElement":[{"@type":"ListItem","position":1,"name":"Accueil","item":"https:\/\/ccscleaning.com\/fr\/"},{"@type":"ListItem","position":2,"name":"Industrial Cleaning Case Study"}]},{"@type":"WebSite","@id":"https:\/\/ccscleaning.com\/fr\/#website","url":"https:\/\/ccscleaning.com\/fr\/","name":"CCS Cleaning French","description":"","potentialAction":[{"@type":"SearchAction","target":{"@type":"EntryPoint","urlTemplate":"https:\/\/ccscleaning.com\/fr\/?s={search_term_string}"},"query-input":{"@type":"PropertyValueSpecification","valueRequired":true,"valueName":"search_term_string"}}],"inLanguage":"fr-FR"}]}},"acf":[],"_links":{"self":[{"href":"https:\/\/ccscleaning.com\/fr\/wp-json\/wp\/v2\/pages\/3572","targetHints":{"allow":["GET"]}}],"collection":[{"href":"https:\/\/ccscleaning.com\/fr\/wp-json\/wp\/v2\/pages"}],"about":[{"href":"https:\/\/ccscleaning.com\/fr\/wp-json\/wp\/v2\/types\/page"}],"author":[{"embeddable":true,"href":"https:\/\/ccscleaning.com\/fr\/wp-json\/wp\/v2\/users\/1"}],"replies":[{"embeddable":true,"href":"https:\/\/ccscleaning.com\/fr\/wp-json\/wp\/v2\/comments?post=3572"}],"version-history":[{"count":4,"href":"https:\/\/ccscleaning.com\/fr\/wp-json\/wp\/v2\/pages\/3572\/revisions"}],"predecessor-version":[{"id":7133,"href":"https:\/\/ccscleaning.com\/fr\/wp-json\/wp\/v2\/pages\/3572\/revisions\/7133"}],"wp:attachment":[{"href":"https:\/\/ccscleaning.com\/fr\/wp-json\/wp\/v2\/media?parent=3572"}],"curies":[{"name":"wp","href":"https:\/\/api.w.org\/{rel}","templated":true}]}}