{"id":3612,"date":"2019-07-30T07:54:57","date_gmt":"2019-07-30T07:54:57","guid":{"rendered":"https:\/\/ccscleaning.com\/?page_id=3612"},"modified":"2025-08-19T11:40:33","modified_gmt":"2025-08-19T11:40:33","slug":"core","status":"publish","type":"page","link":"https:\/\/ccscleaning.com\/fr\/core\/","title":{"rendered":"CORE"},"content":{"rendered":"","protected":false},"excerpt":{"rendered":"","protected":false},"author":1,"featured_media":0,"parent":0,"menu_order":0,"comment_status":"closed","ping_status":"closed","template":"page-templates\/page-solution-amie.php","meta":{"footnotes":""},"class_list":["post-3612","page","type-page","status-publish","hentry"],"yoast_head":"<!-- This site is optimized with the Yoast SEO plugin v27.1.1 - https:\/\/yoast.com\/product\/yoast-seo-wordpress\/ -->\n<title>Logiciel Gestion Nettoyage France | CORE Par CCS<\/title>\n<meta name=\"description\" content=\"Facile \u00e0 utiliser, utilisez un logiciel de gestion du nettoyage permettant au client de voir ou v\u00e9rifier l&#039;\u00e9tat nettoyage du lieu.\" \/>\n<meta name=\"robots\" content=\"index, follow, max-snippet:-1, max-image-preview:large, max-video-preview:-1\" \/>\n<link rel=\"canonical\" href=\"https:\/\/ccscleaning.com\/fr\/core\/\" \/>\n<meta property=\"og:locale\" content=\"fr_FR\" \/>\n<meta property=\"og:type\" content=\"article\" \/>\n<meta property=\"og:title\" content=\"Logiciel Gestion Nettoyage France | CORE Par CCS\" \/>\n<meta property=\"og:description\" content=\"Facile \u00e0 utiliser, utilisez un logiciel de gestion du nettoyage permettant au client de voir ou v\u00e9rifier l&#039;\u00e9tat nettoyage du lieu.\" \/>\n<meta property=\"og:url\" content=\"https:\/\/ccscleaning.com\/fr\/core\/\" \/>\n<meta property=\"og:site_name\" content=\"CCS Cleaning French\" \/>\n<meta property=\"article:modified_time\" content=\"2025-08-19T11:40:33+00:00\" \/>\n<meta name=\"twitter:card\" content=\"summary_large_image\" \/>\n<!-- \/ Yoast SEO plugin. -->","yoast_head_json":{"title":"Logiciel Gestion Nettoyage France | CORE Par CCS","description":"Facile \u00e0 utiliser, utilisez un logiciel de gestion du nettoyage permettant au client de voir ou v\u00e9rifier l'\u00e9tat nettoyage du lieu.","robots":{"index":"index","follow":"follow","max-snippet":"max-snippet:-1","max-image-preview":"max-image-preview:large","max-video-preview":"max-video-preview:-1"},"canonical":"https:\/\/ccscleaning.com\/fr\/core\/","og_locale":"fr_FR","og_type":"article","og_title":"Logiciel Gestion Nettoyage France | CORE Par CCS","og_description":"Facile \u00e0 utiliser, utilisez un logiciel de gestion du nettoyage permettant au client de voir ou v\u00e9rifier l'\u00e9tat nettoyage du lieu.","og_url":"https:\/\/ccscleaning.com\/fr\/core\/","og_site_name":"CCS Cleaning French","article_modified_time":"2025-08-19T11:40:33+00:00","twitter_card":"summary_large_image","schema":{"@context":"https:\/\/schema.org","@graph":[{"@type":"WebPage","@id":"https:\/\/ccscleaning.com\/fr\/core\/","url":"https:\/\/ccscleaning.com\/fr\/core\/","name":"Logiciel Gestion Nettoyage France | CORE Par CCS","isPartOf":{"@id":"https:\/\/ccscleaning.com\/fr\/#website"},"datePublished":"2019-07-30T07:54:57+00:00","dateModified":"2025-08-19T11:40:33+00:00","description":"Facile \u00e0 utiliser, utilisez un logiciel de gestion du nettoyage permettant au client de voir ou v\u00e9rifier l'\u00e9tat nettoyage du lieu.","breadcrumb":{"@id":"https:\/\/ccscleaning.com\/fr\/core\/#breadcrumb"},"inLanguage":"fr-FR","potentialAction":[{"@type":"ReadAction","target":["https:\/\/ccscleaning.com\/fr\/core\/"]}]},{"@type":"BreadcrumbList","@id":"https:\/\/ccscleaning.com\/fr\/core\/#breadcrumb","itemListElement":[{"@type":"ListItem","position":1,"name":"Accueil","item":"https:\/\/ccscleaning.com\/fr\/"},{"@type":"ListItem","position":2,"name":"CORE"}]},{"@type":"WebSite","@id":"https:\/\/ccscleaning.com\/fr\/#website","url":"https:\/\/ccscleaning.com\/fr\/","name":"CCS Cleaning French","description":"","potentialAction":[{"@type":"SearchAction","target":{"@type":"EntryPoint","urlTemplate":"https:\/\/ccscleaning.com\/fr\/?s={search_term_string}"},"query-input":{"@type":"PropertyValueSpecification","valueRequired":true,"valueName":"search_term_string"}}],"inLanguage":"fr-FR"}]}},"acf":[],"_links":{"self":[{"href":"https:\/\/ccscleaning.com\/fr\/wp-json\/wp\/v2\/pages\/3612","targetHints":{"allow":["GET"]}}],"collection":[{"href":"https:\/\/ccscleaning.com\/fr\/wp-json\/wp\/v2\/pages"}],"about":[{"href":"https:\/\/ccscleaning.com\/fr\/wp-json\/wp\/v2\/types\/page"}],"author":[{"embeddable":true,"href":"https:\/\/ccscleaning.com\/fr\/wp-json\/wp\/v2\/users\/1"}],"replies":[{"embeddable":true,"href":"https:\/\/ccscleaning.com\/fr\/wp-json\/wp\/v2\/comments?post=3612"}],"version-history":[{"count":9,"href":"https:\/\/ccscleaning.com\/fr\/wp-json\/wp\/v2\/pages\/3612\/revisions"}],"predecessor-version":[{"id":7212,"href":"https:\/\/ccscleaning.com\/fr\/wp-json\/wp\/v2\/pages\/3612\/revisions\/7212"}],"wp:attachment":[{"href":"https:\/\/ccscleaning.com\/fr\/wp-json\/wp\/v2\/media?parent=3612"}],"curies":[{"name":"wp","href":"https:\/\/api.w.org\/{rel}","templated":true}]}}