{"id":3652,"date":"2019-07-30T12:09:08","date_gmt":"2019-07-30T12:09:08","guid":{"rendered":"https:\/\/ccscleaning.com\/?page_id=3652"},"modified":"2025-08-22T06:43:43","modified_gmt":"2025-08-22T06:43:43","slug":"green-office","status":"publish","type":"page","link":"https:\/\/ccscleaning.com\/fr\/green-office\/","title":{"rendered":"Bureau vert"},"content":{"rendered":"","protected":false},"excerpt":{"rendered":"","protected":false},"author":1,"featured_media":0,"parent":0,"menu_order":0,"comment_status":"closed","ping_status":"closed","template":"page-templates\/page-csr-inner.php","meta":{"footnotes":""},"class_list":["post-3652","page","type-page","status-publish","hentry"],"yoast_head":"<!-- This site is optimized with the Yoast SEO plugin v27.1.1 - https:\/\/yoast.com\/product\/yoast-seo-wordpress\/ -->\n<title>Green Nettoyage Bureaux<\/title>\n<meta name=\"description\" content=\"CCS s&#039;est engag\u00e9e \u00e0 effectuer un nettoyage durable dans tous ses bureaux en \u00e9liminant le papier, le plastique et en plantant des arbres \u00e0 l&#039;ext\u00e9rieur des bureaux.\" \/>\n<meta name=\"robots\" content=\"index, follow, max-snippet:-1, max-image-preview:large, max-video-preview:-1\" \/>\n<link rel=\"canonical\" href=\"https:\/\/ccscleaning.com\/fr\/green-office\/\" \/>\n<meta property=\"og:locale\" content=\"fr_FR\" \/>\n<meta property=\"og:type\" content=\"article\" \/>\n<meta property=\"og:title\" content=\"Green Nettoyage Bureaux\" \/>\n<meta property=\"og:description\" content=\"CCS s&#039;est engag\u00e9e \u00e0 effectuer un nettoyage durable dans tous ses bureaux en \u00e9liminant le papier, le plastique et en plantant des arbres \u00e0 l&#039;ext\u00e9rieur des bureaux.\" \/>\n<meta property=\"og:url\" content=\"https:\/\/ccscleaning.com\/fr\/green-office\/\" \/>\n<meta property=\"og:site_name\" content=\"CCS Cleaning French\" \/>\n<meta property=\"article:modified_time\" content=\"2025-08-22T06:43:43+00:00\" \/>\n<meta name=\"twitter:card\" content=\"summary_large_image\" \/>\n<!-- \/ Yoast SEO plugin. -->","yoast_head_json":{"title":"Green Nettoyage Bureaux","description":"CCS s'est engag\u00e9e \u00e0 effectuer un nettoyage durable dans tous ses bureaux en \u00e9liminant le papier, le plastique et en plantant des arbres \u00e0 l'ext\u00e9rieur des bureaux.","robots":{"index":"index","follow":"follow","max-snippet":"max-snippet:-1","max-image-preview":"max-image-preview:large","max-video-preview":"max-video-preview:-1"},"canonical":"https:\/\/ccscleaning.com\/fr\/green-office\/","og_locale":"fr_FR","og_type":"article","og_title":"Green Nettoyage Bureaux","og_description":"CCS s'est engag\u00e9e \u00e0 effectuer un nettoyage durable dans tous ses bureaux en \u00e9liminant le papier, le plastique et en plantant des arbres \u00e0 l'ext\u00e9rieur des bureaux.","og_url":"https:\/\/ccscleaning.com\/fr\/green-office\/","og_site_name":"CCS Cleaning French","article_modified_time":"2025-08-22T06:43:43+00:00","twitter_card":"summary_large_image","schema":{"@context":"https:\/\/schema.org","@graph":[{"@type":"WebPage","@id":"https:\/\/ccscleaning.com\/fr\/green-office\/","url":"https:\/\/ccscleaning.com\/fr\/green-office\/","name":"Green Nettoyage Bureaux","isPartOf":{"@id":"https:\/\/ccscleaning.com\/fr\/#website"},"datePublished":"2019-07-30T12:09:08+00:00","dateModified":"2025-08-22T06:43:43+00:00","description":"CCS s'est engag\u00e9e \u00e0 effectuer un nettoyage durable dans tous ses bureaux en \u00e9liminant le papier, le plastique et en plantant des arbres \u00e0 l'ext\u00e9rieur des bureaux.","breadcrumb":{"@id":"https:\/\/ccscleaning.com\/fr\/green-office\/#breadcrumb"},"inLanguage":"fr-FR","potentialAction":[{"@type":"ReadAction","target":["https:\/\/ccscleaning.com\/fr\/green-office\/"]}]},{"@type":"BreadcrumbList","@id":"https:\/\/ccscleaning.com\/fr\/green-office\/#breadcrumb","itemListElement":[{"@type":"ListItem","position":1,"name":"Accueil","item":"https:\/\/ccscleaning.com\/fr\/"},{"@type":"ListItem","position":2,"name":"Bureau vert"}]},{"@type":"WebSite","@id":"https:\/\/ccscleaning.com\/fr\/#website","url":"https:\/\/ccscleaning.com\/fr\/","name":"CCS Cleaning French","description":"","potentialAction":[{"@type":"SearchAction","target":{"@type":"EntryPoint","urlTemplate":"https:\/\/ccscleaning.com\/fr\/?s={search_term_string}"},"query-input":{"@type":"PropertyValueSpecification","valueRequired":true,"valueName":"search_term_string"}}],"inLanguage":"fr-FR"}]}},"acf":[],"_links":{"self":[{"href":"https:\/\/ccscleaning.com\/fr\/wp-json\/wp\/v2\/pages\/3652","targetHints":{"allow":["GET"]}}],"collection":[{"href":"https:\/\/ccscleaning.com\/fr\/wp-json\/wp\/v2\/pages"}],"about":[{"href":"https:\/\/ccscleaning.com\/fr\/wp-json\/wp\/v2\/types\/page"}],"author":[{"embeddable":true,"href":"https:\/\/ccscleaning.com\/fr\/wp-json\/wp\/v2\/users\/1"}],"replies":[{"embeddable":true,"href":"https:\/\/ccscleaning.com\/fr\/wp-json\/wp\/v2\/comments?post=3652"}],"version-history":[{"count":4,"href":"https:\/\/ccscleaning.com\/fr\/wp-json\/wp\/v2\/pages\/3652\/revisions"}],"predecessor-version":[{"id":7309,"href":"https:\/\/ccscleaning.com\/fr\/wp-json\/wp\/v2\/pages\/3652\/revisions\/7309"}],"wp:attachment":[{"href":"https:\/\/ccscleaning.com\/fr\/wp-json\/wp\/v2\/media?parent=3652"}],"curies":[{"name":"wp","href":"https:\/\/api.w.org\/{rel}","templated":true}]}}