{"id":3671,"date":"2019-07-30T12:51:54","date_gmt":"2019-07-30T12:51:54","guid":{"rendered":"https:\/\/ccscleaning.com\/?page_id=3671"},"modified":"2025-08-19T09:12:48","modified_gmt":"2025-08-19T09:12:48","slug":"local-people","status":"publish","type":"page","link":"https:\/\/ccscleaning.com\/fr\/local-people\/","title":{"rendered":"Population locale"},"content":{"rendered":"","protected":false},"excerpt":{"rendered":"","protected":false},"author":1,"featured_media":0,"parent":0,"menu_order":0,"comment_status":"closed","ping_status":"closed","template":"page-templates\/page-csr-inner.php","meta":{"footnotes":""},"class_list":["post-3671","page","type-page","status-publish","hentry"],"yoast_head":"<!-- This site is optimized with the Yoast SEO plugin v27.1.1 - https:\/\/yoast.com\/product\/yoast-seo-wordpress\/ -->\n<title>Population Locale - CCS<\/title>\n<meta name=\"description\" content=\"CCS offre des opportunit\u00e9s d&#039;emploi \u00e0 toutes les populations locales \u00e0 travers l&#039;Europe. Ils n&#039;utilisent aucune agence d&#039;embauche pour s\u00e9lectionner les candidats appropri\u00e9s pour le poste.\" \/>\n<meta name=\"robots\" content=\"index, follow, max-snippet:-1, max-image-preview:large, max-video-preview:-1\" \/>\n<link rel=\"canonical\" href=\"https:\/\/ccscleaning.com\/fr\/local-people\/\" \/>\n<meta property=\"og:locale\" content=\"fr_FR\" \/>\n<meta property=\"og:type\" content=\"article\" \/>\n<meta property=\"og:title\" content=\"Population Locale - CCS\" \/>\n<meta property=\"og:description\" content=\"CCS offre des opportunit\u00e9s d&#039;emploi \u00e0 toutes les populations locales \u00e0 travers l&#039;Europe. Ils n&#039;utilisent aucune agence d&#039;embauche pour s\u00e9lectionner les candidats appropri\u00e9s pour le poste.\" \/>\n<meta property=\"og:url\" content=\"https:\/\/ccscleaning.com\/fr\/local-people\/\" \/>\n<meta property=\"og:site_name\" content=\"CCS Cleaning French\" \/>\n<meta property=\"article:modified_time\" content=\"2025-08-19T09:12:48+00:00\" \/>\n<meta name=\"twitter:card\" content=\"summary_large_image\" \/>\n<!-- \/ Yoast SEO plugin. -->","yoast_head_json":{"title":"Population Locale - CCS","description":"CCS offre des opportunit\u00e9s d'emploi \u00e0 toutes les populations locales \u00e0 travers l'Europe. Ils n'utilisent aucune agence d'embauche pour s\u00e9lectionner les candidats appropri\u00e9s pour le poste.","robots":{"index":"index","follow":"follow","max-snippet":"max-snippet:-1","max-image-preview":"max-image-preview:large","max-video-preview":"max-video-preview:-1"},"canonical":"https:\/\/ccscleaning.com\/fr\/local-people\/","og_locale":"fr_FR","og_type":"article","og_title":"Population Locale - CCS","og_description":"CCS offre des opportunit\u00e9s d'emploi \u00e0 toutes les populations locales \u00e0 travers l'Europe. Ils n'utilisent aucune agence d'embauche pour s\u00e9lectionner les candidats appropri\u00e9s pour le poste.","og_url":"https:\/\/ccscleaning.com\/fr\/local-people\/","og_site_name":"CCS Cleaning French","article_modified_time":"2025-08-19T09:12:48+00:00","twitter_card":"summary_large_image","schema":{"@context":"https:\/\/schema.org","@graph":[{"@type":"WebPage","@id":"https:\/\/ccscleaning.com\/fr\/local-people\/","url":"https:\/\/ccscleaning.com\/fr\/local-people\/","name":"Population Locale - CCS","isPartOf":{"@id":"https:\/\/ccscleaning.com\/fr\/#website"},"datePublished":"2019-07-30T12:51:54+00:00","dateModified":"2025-08-19T09:12:48+00:00","description":"CCS offre des opportunit\u00e9s d'emploi \u00e0 toutes les populations locales \u00e0 travers l'Europe. Ils n'utilisent aucune agence d'embauche pour s\u00e9lectionner les candidats appropri\u00e9s pour le poste.","breadcrumb":{"@id":"https:\/\/ccscleaning.com\/fr\/local-people\/#breadcrumb"},"inLanguage":"fr-FR","potentialAction":[{"@type":"ReadAction","target":["https:\/\/ccscleaning.com\/fr\/local-people\/"]}]},{"@type":"BreadcrumbList","@id":"https:\/\/ccscleaning.com\/fr\/local-people\/#breadcrumb","itemListElement":[{"@type":"ListItem","position":1,"name":"Accueil","item":"https:\/\/ccscleaning.com\/fr\/"},{"@type":"ListItem","position":2,"name":"Population locale"}]},{"@type":"WebSite","@id":"https:\/\/ccscleaning.com\/fr\/#website","url":"https:\/\/ccscleaning.com\/fr\/","name":"CCS Cleaning French","description":"","potentialAction":[{"@type":"SearchAction","target":{"@type":"EntryPoint","urlTemplate":"https:\/\/ccscleaning.com\/fr\/?s={search_term_string}"},"query-input":{"@type":"PropertyValueSpecification","valueRequired":true,"valueName":"search_term_string"}}],"inLanguage":"fr-FR"}]}},"acf":[],"_links":{"self":[{"href":"https:\/\/ccscleaning.com\/fr\/wp-json\/wp\/v2\/pages\/3671","targetHints":{"allow":["GET"]}}],"collection":[{"href":"https:\/\/ccscleaning.com\/fr\/wp-json\/wp\/v2\/pages"}],"about":[{"href":"https:\/\/ccscleaning.com\/fr\/wp-json\/wp\/v2\/types\/page"}],"author":[{"embeddable":true,"href":"https:\/\/ccscleaning.com\/fr\/wp-json\/wp\/v2\/users\/1"}],"replies":[{"embeddable":true,"href":"https:\/\/ccscleaning.com\/fr\/wp-json\/wp\/v2\/comments?post=3671"}],"version-history":[{"count":5,"href":"https:\/\/ccscleaning.com\/fr\/wp-json\/wp\/v2\/pages\/3671\/revisions"}],"predecessor-version":[{"id":7009,"href":"https:\/\/ccscleaning.com\/fr\/wp-json\/wp\/v2\/pages\/3671\/revisions\/7009"}],"wp:attachment":[{"href":"https:\/\/ccscleaning.com\/fr\/wp-json\/wp\/v2\/media?parent=3671"}],"curies":[{"name":"wp","href":"https:\/\/api.w.org\/{rel}","templated":true}]}}