{"id":3701,"date":"2019-07-30T13:33:10","date_gmt":"2019-07-30T13:33:10","guid":{"rendered":"https:\/\/ccscleaning.com\/?page_id=3701"},"modified":"2025-08-19T09:12:47","modified_gmt":"2025-08-19T09:12:47","slug":"honesty","status":"publish","type":"page","link":"https:\/\/ccscleaning.com\/fr\/honesty\/","title":{"rendered":"Honn\u00eatet\u00e9"},"content":{"rendered":"","protected":false},"excerpt":{"rendered":"","protected":false},"author":1,"featured_media":0,"parent":0,"menu_order":0,"comment_status":"closed","ping_status":"closed","template":"page-templates\/page-csr-inner.php","meta":{"footnotes":""},"class_list":["post-3701","page","type-page","status-publish","hentry"],"yoast_head":"<!-- This site is optimized with the Yoast SEO plugin v27.1.1 - https:\/\/yoast.com\/product\/yoast-seo-wordpress\/ -->\n<title>Honn\u00eatet\u00e9 - CCS<\/title>\n<meta name=\"description\" content=\"Chez CCS, l&#039;honn\u00eatet\u00e9 est toujours la meilleure politique. CCS adh\u00e8re aux lois et directives de la juridiction europ\u00e9enne. CCS croit en une communication ouverte avec ses clients et ses parties prenantes.\" \/>\n<meta name=\"robots\" content=\"index, follow, max-snippet:-1, max-image-preview:large, max-video-preview:-1\" \/>\n<link rel=\"canonical\" href=\"https:\/\/ccscleaning.com\/fr\/honesty\/\" \/>\n<meta property=\"og:locale\" content=\"fr_FR\" \/>\n<meta property=\"og:type\" content=\"article\" \/>\n<meta property=\"og:title\" content=\"Honn\u00eatet\u00e9 - CCS\" \/>\n<meta property=\"og:description\" content=\"Chez CCS, l&#039;honn\u00eatet\u00e9 est toujours la meilleure politique. CCS adh\u00e8re aux lois et directives de la juridiction europ\u00e9enne. CCS croit en une communication ouverte avec ses clients et ses parties prenantes.\" \/>\n<meta property=\"og:url\" content=\"https:\/\/ccscleaning.com\/fr\/honesty\/\" \/>\n<meta property=\"og:site_name\" content=\"CCS Cleaning French\" \/>\n<meta property=\"article:modified_time\" content=\"2025-08-19T09:12:47+00:00\" \/>\n<meta name=\"twitter:card\" content=\"summary_large_image\" \/>\n<!-- \/ Yoast SEO plugin. -->","yoast_head_json":{"title":"Honn\u00eatet\u00e9 - CCS","description":"Chez CCS, l'honn\u00eatet\u00e9 est toujours la meilleure politique. CCS adh\u00e8re aux lois et directives de la juridiction europ\u00e9enne. CCS croit en une communication ouverte avec ses clients et ses parties prenantes.","robots":{"index":"index","follow":"follow","max-snippet":"max-snippet:-1","max-image-preview":"max-image-preview:large","max-video-preview":"max-video-preview:-1"},"canonical":"https:\/\/ccscleaning.com\/fr\/honesty\/","og_locale":"fr_FR","og_type":"article","og_title":"Honn\u00eatet\u00e9 - CCS","og_description":"Chez CCS, l'honn\u00eatet\u00e9 est toujours la meilleure politique. CCS adh\u00e8re aux lois et directives de la juridiction europ\u00e9enne. CCS croit en une communication ouverte avec ses clients et ses parties prenantes.","og_url":"https:\/\/ccscleaning.com\/fr\/honesty\/","og_site_name":"CCS Cleaning French","article_modified_time":"2025-08-19T09:12:47+00:00","twitter_card":"summary_large_image","schema":{"@context":"https:\/\/schema.org","@graph":[{"@type":"WebPage","@id":"https:\/\/ccscleaning.com\/fr\/honesty\/","url":"https:\/\/ccscleaning.com\/fr\/honesty\/","name":"Honn\u00eatet\u00e9 - CCS","isPartOf":{"@id":"https:\/\/ccscleaning.com\/fr\/#website"},"datePublished":"2019-07-30T13:33:10+00:00","dateModified":"2025-08-19T09:12:47+00:00","description":"Chez CCS, l'honn\u00eatet\u00e9 est toujours la meilleure politique. CCS adh\u00e8re aux lois et directives de la juridiction europ\u00e9enne. CCS croit en une communication ouverte avec ses clients et ses parties prenantes.","breadcrumb":{"@id":"https:\/\/ccscleaning.com\/fr\/honesty\/#breadcrumb"},"inLanguage":"fr-FR","potentialAction":[{"@type":"ReadAction","target":["https:\/\/ccscleaning.com\/fr\/honesty\/"]}]},{"@type":"BreadcrumbList","@id":"https:\/\/ccscleaning.com\/fr\/honesty\/#breadcrumb","itemListElement":[{"@type":"ListItem","position":1,"name":"Accueil","item":"https:\/\/ccscleaning.com\/fr\/"},{"@type":"ListItem","position":2,"name":"Honn\u00eatet\u00e9"}]},{"@type":"WebSite","@id":"https:\/\/ccscleaning.com\/fr\/#website","url":"https:\/\/ccscleaning.com\/fr\/","name":"CCS Cleaning French","description":"","potentialAction":[{"@type":"SearchAction","target":{"@type":"EntryPoint","urlTemplate":"https:\/\/ccscleaning.com\/fr\/?s={search_term_string}"},"query-input":{"@type":"PropertyValueSpecification","valueRequired":true,"valueName":"search_term_string"}}],"inLanguage":"fr-FR"}]}},"acf":[],"_links":{"self":[{"href":"https:\/\/ccscleaning.com\/fr\/wp-json\/wp\/v2\/pages\/3701","targetHints":{"allow":["GET"]}}],"collection":[{"href":"https:\/\/ccscleaning.com\/fr\/wp-json\/wp\/v2\/pages"}],"about":[{"href":"https:\/\/ccscleaning.com\/fr\/wp-json\/wp\/v2\/types\/page"}],"author":[{"embeddable":true,"href":"https:\/\/ccscleaning.com\/fr\/wp-json\/wp\/v2\/users\/1"}],"replies":[{"embeddable":true,"href":"https:\/\/ccscleaning.com\/fr\/wp-json\/wp\/v2\/comments?post=3701"}],"version-history":[{"count":3,"href":"https:\/\/ccscleaning.com\/fr\/wp-json\/wp\/v2\/pages\/3701\/revisions"}],"predecessor-version":[{"id":6998,"href":"https:\/\/ccscleaning.com\/fr\/wp-json\/wp\/v2\/pages\/3701\/revisions\/6998"}],"wp:attachment":[{"href":"https:\/\/ccscleaning.com\/fr\/wp-json\/wp\/v2\/media?parent=3701"}],"curies":[{"name":"wp","href":"https:\/\/api.w.org\/{rel}","templated":true}]}}