{"id":41,"date":"2018-10-03T07:31:14","date_gmt":"2018-10-03T07:31:14","guid":{"rendered":"https:\/\/ccscleaning.com\/?page_id=41"},"modified":"2025-08-19T09:12:50","modified_gmt":"2025-08-19T09:12:50","slug":"smart-training","status":"publish","type":"page","link":"https:\/\/ccscleaning.com\/fr\/smart-training\/","title":{"rendered":"Training"},"content":{"rendered":"<div class=\"smteam\">\r\n<div class=\"container\">\r\n<div class=\"row\">\r\n<div class=\"innerpage-content center\">\r\n<h2>BRILLANT. EXEMPLE<\/h2>\r\n<p>CCS dispose de son propre centre de formation qui propose des formations \u00e0 la fois th\u00e9oriques et pratiques. Nous sommes membres de la EFCI et de l\u2019ISSA et nous avons collabor\u00e9 avec la London Cleaning Academy. CCS Cleaning Services a \u00e9t\u00e9 accr\u00e9dit\u00e9e pour ses \u00e9quipes de nettoyage industriel et initial.<\/p>\r\n<\/br>\r\n<h2>S\u00dbR. S\u00c9CURIS\u00c9.<\/h2>\r\n<p>CCS utilise des proc\u00e9dures de contr\u00f4le internes pour s\u00e9lectionner tous les candidats potentiels. Tous les documents d\u2019identification et de r\u00e9f\u00e9rence sont v\u00e9rifi\u00e9s pendant le processus de recrutement.<\/p>\r\n<\/br>\r\n<\/div>\r\n<\/div>\r\n<\/div>\r\n<\/div>","protected":false},"excerpt":{"rendered":"<p>BRILLANT. EXEMPLE CCS dispose de son propre centre de formation qui propose des formations \u00e0 la fois th\u00e9oriques et pratiques. Nous sommes membres de la EFCI et de l\u2019ISSA et nous avons collabor\u00e9 avec la London Cleaning Academy. CCS Cleaning Services a \u00e9t\u00e9 accr\u00e9dit\u00e9e pour ses \u00e9quipes de nettoyage industriel et initial. S\u00dbR. S\u00c9CURIS\u00c9. CCS&#8230;  <a href=\"https:\/\/ccscleaning.com\/fr\/smart-training\/\" class=\"more-link\" title=\"Read Training\">Read more &raquo;<\/a><\/p>\n","protected":false},"author":1,"featured_media":0,"parent":0,"menu_order":0,"comment_status":"closed","ping_status":"closed","template":"","meta":{"footnotes":""},"class_list":["post-41","page","type-page","status-publish","hentry"],"yoast_head":"<!-- This site is optimized with the Yoast SEO plugin v27.1.1 - https:\/\/yoast.com\/product\/yoast-seo-wordpress\/ -->\n<title>Smart Training en nettoyage commercial - CCS Cleaning<\/title>\n<meta name=\"description\" content=\"Rejoignez le programme de formation intelligent de CCS Cleaning, soyez un professionnel certifi\u00e9. Appelez @ + 44-1618209967 pour une formation pratique.\" \/>\n<meta name=\"robots\" content=\"index, follow, max-snippet:-1, max-image-preview:large, max-video-preview:-1\" \/>\n<link rel=\"canonical\" href=\"https:\/\/ccscleaning.com\/fr\/smart-training\/\" \/>\n<meta property=\"og:locale\" content=\"fr_FR\" \/>\n<meta property=\"og:type\" content=\"article\" \/>\n<meta property=\"og:title\" content=\"Smart Training en nettoyage commercial - CCS Cleaning\" \/>\n<meta property=\"og:description\" content=\"Rejoignez le programme de formation intelligent de CCS Cleaning, soyez un professionnel certifi\u00e9. Appelez @ + 44-1618209967 pour une formation pratique.\" \/>\n<meta property=\"og:url\" content=\"https:\/\/ccscleaning.com\/fr\/smart-training\/\" \/>\n<meta property=\"og:site_name\" content=\"CCS Cleaning French\" \/>\n<meta property=\"article:modified_time\" content=\"2025-08-19T09:12:50+00:00\" \/>\n<meta name=\"twitter:card\" content=\"summary_large_image\" \/>\n<meta name=\"twitter:label1\" content=\"Est. reading time\" \/>\n\t<meta name=\"twitter:data1\" content=\"1 minute\" \/>\n<!-- \/ Yoast SEO plugin. -->","yoast_head_json":{"title":"Smart Training en nettoyage commercial - CCS Cleaning","description":"Rejoignez le programme de formation intelligent de CCS Cleaning, soyez un professionnel certifi\u00e9. Appelez @ + 44-1618209967 pour une formation pratique.","robots":{"index":"index","follow":"follow","max-snippet":"max-snippet:-1","max-image-preview":"max-image-preview:large","max-video-preview":"max-video-preview:-1"},"canonical":"https:\/\/ccscleaning.com\/fr\/smart-training\/","og_locale":"fr_FR","og_type":"article","og_title":"Smart Training en nettoyage commercial - CCS Cleaning","og_description":"Rejoignez le programme de formation intelligent de CCS Cleaning, soyez un professionnel certifi\u00e9. Appelez @ + 44-1618209967 pour une formation pratique.","og_url":"https:\/\/ccscleaning.com\/fr\/smart-training\/","og_site_name":"CCS Cleaning French","article_modified_time":"2025-08-19T09:12:50+00:00","twitter_card":"summary_large_image","twitter_misc":{"Est. reading time":"1 minute"},"schema":{"@context":"https:\/\/schema.org","@graph":[{"@type":"WebPage","@id":"https:\/\/ccscleaning.com\/fr\/smart-training\/","url":"https:\/\/ccscleaning.com\/fr\/smart-training\/","name":"Smart Training en nettoyage commercial - CCS Cleaning","isPartOf":{"@id":"https:\/\/ccscleaning.com\/fr\/#website"},"datePublished":"2018-10-03T07:31:14+00:00","dateModified":"2025-08-19T09:12:50+00:00","description":"Rejoignez le programme de formation intelligent de CCS Cleaning, soyez un professionnel certifi\u00e9. Appelez @ + 44-1618209967 pour une formation pratique.","breadcrumb":{"@id":"https:\/\/ccscleaning.com\/fr\/smart-training\/#breadcrumb"},"inLanguage":"fr-FR","potentialAction":[{"@type":"ReadAction","target":["https:\/\/ccscleaning.com\/fr\/smart-training\/"]}]},{"@type":"BreadcrumbList","@id":"https:\/\/ccscleaning.com\/fr\/smart-training\/#breadcrumb","itemListElement":[{"@type":"ListItem","position":1,"name":"Accueil","item":"https:\/\/ccscleaning.com\/fr\/"},{"@type":"ListItem","position":2,"name":"Training"}]},{"@type":"WebSite","@id":"https:\/\/ccscleaning.com\/fr\/#website","url":"https:\/\/ccscleaning.com\/fr\/","name":"CCS Cleaning French","description":"","potentialAction":[{"@type":"SearchAction","target":{"@type":"EntryPoint","urlTemplate":"https:\/\/ccscleaning.com\/fr\/?s={search_term_string}"},"query-input":{"@type":"PropertyValueSpecification","valueRequired":true,"valueName":"search_term_string"}}],"inLanguage":"fr-FR"}]}},"acf":[],"_links":{"self":[{"href":"https:\/\/ccscleaning.com\/fr\/wp-json\/wp\/v2\/pages\/41","targetHints":{"allow":["GET"]}}],"collection":[{"href":"https:\/\/ccscleaning.com\/fr\/wp-json\/wp\/v2\/pages"}],"about":[{"href":"https:\/\/ccscleaning.com\/fr\/wp-json\/wp\/v2\/types\/page"}],"author":[{"embeddable":true,"href":"https:\/\/ccscleaning.com\/fr\/wp-json\/wp\/v2\/users\/1"}],"replies":[{"embeddable":true,"href":"https:\/\/ccscleaning.com\/fr\/wp-json\/wp\/v2\/comments?post=41"}],"version-history":[{"count":3,"href":"https:\/\/ccscleaning.com\/fr\/wp-json\/wp\/v2\/pages\/41\/revisions"}],"predecessor-version":[{"id":7187,"href":"https:\/\/ccscleaning.com\/fr\/wp-json\/wp\/v2\/pages\/41\/revisions\/7187"}],"wp:attachment":[{"href":"https:\/\/ccscleaning.com\/fr\/wp-json\/wp\/v2\/media?parent=41"}],"curies":[{"name":"wp","href":"https:\/\/api.w.org\/{rel}","templated":true}]}}