{"id":4501,"date":"2020-04-30T13:35:44","date_gmt":"2020-04-30T13:35:44","guid":{"rendered":"https:\/\/ccscleaning.com\/?page_id=4501"},"modified":"2025-08-19T09:12:47","modified_gmt":"2025-08-19T09:12:47","slug":"covid-19-cleaning-services","status":"publish","type":"page","link":"https:\/\/ccscleaning.com\/fr\/covid-19-cleaning-services\/","title":{"rendered":"COVID 19"},"content":{"rendered":"<div class=\"new-cov\">\r\n<div class=\"container\">\r\n<div class=\"row\">\r\n<div class=\"covid-wrap\">\r\n<div class=\"row cont-sec\">\r\n<div class=\"col-custm col-contn\">\r\n<h3>Comment CCS r\u00e9pond \u00e0 la crise du COVID 19<\/h3>\r\n<p>Depuis l\u2019apparition de la pand\u00e9mie, l\u2019activit\u00e9 a beaucoup chang\u00e9. Prot\u00e9ger nos \u00e9quipes, nos clients et le grand public a \u00e9t\u00e9 notre priorit\u00e9. Nous suivons les directives publi\u00e9es par l\u2019OMS et la l\u00e9gislation locale de chacune des juridictions o\u00f9 nous op\u00e9rons.<\/p>\r\n<p>Au cours de cette pand\u00e9mie, nos \u00e9quipes ont fait preuve d\u2019un incroyable esprit de collaboration et d\u2019unit\u00e9. Nombre de nos collaborateurs travaillent \u00e0 distance afin de planifier et de pr\u00e9parer le retour au travail de toutes les \u00e9quipes.<\/p>\r\n<p>Cette pand\u00e9mie a mis en \u00e9vidence le r\u00f4le crucial que jouent les agents d\u2019entretien dans notre vie. CCS est fier de ses \u00e9quipes qui prennent part \u00e0 l\u2019effort collectif pour stopper la propagation du virus en maintenant la propret\u00e9.<\/p>\r\n<div class=\"covid-btn-sec\">\r\n<a href=\"#contact-section\" class=\"cta-btn\">Contact Us<\/a>\r\n<a href=\"https:\/\/ccscleaning.com\/fr\/cleaning-services\/\" class=\"cta-btn bg-blue\" target=\"_blank\" rel=\"noopener noreferrer\">Our Services<\/a>\r\n<\/div>\r\n<\/div>\r\n<div class=\"col-custm col-imge\"><img loading=\"lazy\" decoding=\"async\" width=\"665\" height=\"359\" src=\"https:\/\/ccscleaning.com\/nl\/wp-content\/uploads\/sites\/4\/2020\/05\/covid-19-virus-shield-mask.jpg\" alt=\"covid-19 Virus Shield Mask\" class=\"alignright size-full wp-image-4573 img-fluid\" srcset=\"https:\/\/ccscleaning.com\/fr\/wp-content\/uploads\/sites\/5\/2020\/05\/covid-19-virus-shield-mask.jpg 665w, https:\/\/ccscleaning.com\/fr\/wp-content\/uploads\/sites\/5\/2020\/05\/covid-19-virus-shield-mask-300x162.jpg 300w\" sizes=\"auto, (max-width: 665px) 100vw, 665px\" \/> <\/div>\r\n<\/div>\r\n<div class=\"row cont-sec\">\r\n \r\n<div class=\"col-custm col-imge\"><img loading=\"lazy\" decoding=\"async\" width=\"332\" height=\"230\" src=\"https:\/\/ccscleaning.com\/nl\/wp-content\/uploads\/sites\/4\/2020\/05\/coronavirus-virus-shield-mask.jpg\" alt=\"Coronavirus Virus Shield Mask\" class=\"alignright size-full wp-image-4574 img-fluid\" srcset=\"https:\/\/ccscleaning.com\/fr\/wp-content\/uploads\/sites\/5\/2020\/05\/coronavirus-virus-shield-mask.jpg 332w, https:\/\/ccscleaning.com\/fr\/wp-content\/uploads\/sites\/5\/2020\/05\/coronavirus-virus-shield-mask-300x208.jpg 300w\" sizes=\"auto, (max-width: 332px) 100vw, 332px\" \/><\/div>\r\n<div class=\"col-custm col-contn\">\r\n<h3>L\u2019\u00e9quipe d\u2019intervention CCS contre la pand\u00e9mie.<\/h3>\r\n<p>Pour faire face aux nouveaux besoins clients, les \u00e9quipes CCS ont suivi le cours d\u2019initiation GBAC afin de renforcer leurs comp\u00e9tences et d\u2019approfondir leurs connaissances des mesures pr\u00e9ventives et r\u00e9actives de lutte contre les infections et les contaminations lors de situations \u00e9pid\u00e9miques comme celle que nous traversons ou celles \u00e0 venir. Les \u00e9quipes CCS ont re\u00e7u une certification GBAC en mati\u00e8re de protocole d\u2019intervention et d\u2019utilisation des \u00e9quipements de protection individuelle.<\/p>\r\n<p>Nos \u00e9quipes de sp\u00e9cialistes comprennent l\u2019importance d\u2019un nettoyage et d\u2019une d\u00e9sinfection appropri\u00e9s pendant cette p\u00e9riode. Nous sommes pr\u00eats et \u00e9quip\u00e9s comme il se doit pour accompagner nos clients en mati\u00e8re de nettoyage lorsque les entreprises rouvriront leurs portes dans les semaines \u00e0 venir.<\/p>\r\n<h3>Plan de continuit\u00e9 de l\u2019activit\u00e9<\/h3>\r\n<p>Il est essentiel en p\u00e9riode de crise de faire preuve de flexibilit\u00e9 pour assurer la continuit\u00e9 des services. C\u2019est dans cet esprit que notre \u00e9quipe Risque et Conformit\u00e9, avec l\u2019appui de la direction des finances, a mis en place un plan d\u2019intervention d\u00e9taill\u00e9 dans le cadre de notre PCA d\u00e9j\u00e0 existant. Ces mises \u00e0 jour nous serviront de guide afin de nous pr\u00e9parer \u00e0 r\u00e9pondre \u00e0 la situation qui \u00e9volue sans cesse.<\/p>\r\n<\/div>\r\n \r\n<\/div>\r\n<div class=\"row cont-sec\">\r\n    <div class=\"col-custm col-contn\">\r\n<h3>Suivre les \u00e9volutions dans le monde<\/h3>\r\n<p>La situation \u00e9volue rapidement, et CCS le sait. Nos \u00e9quipes se tiennent au courant des \u00e9volutions dans le monde et sont pr\u00eates \u00e0 s\u2019adapter en cons\u00e9quence. Nous respectons les directives de sant\u00e9 publique \u00e9mises dans chaque juridiction et continuerons \u00e0 le faire pendant toute la dur\u00e9e de la crise.<\/p>\r\n<\/div>\r\n<div class=\"col-custm col-imge\"><img loading=\"lazy\" decoding=\"async\" width=\"665\" height=\"422\" src=\"https:\/\/ccscleaning.com\/nl\/wp-content\/uploads\/sites\/4\/2020\/05\/covid-19-office-cleaning-services.jpg\" alt=\"Covid-19 Office Cleaning Services\" class=\"alignright size-full wp-image-4576 img-fluid\" srcset=\"https:\/\/ccscleaning.com\/fr\/wp-content\/uploads\/sites\/5\/2020\/05\/covid-19-office-cleaning-services.jpg 665w, https:\/\/ccscleaning.com\/fr\/wp-content\/uploads\/sites\/5\/2020\/05\/covid-19-office-cleaning-services-300x190.jpg 300w\" sizes=\"auto, (max-width: 665px) 100vw, 665px\" \/><\/div>\r\n \r\n<\/div>\r\n<div class=\"row no-bg\">\r\n<div><a href=\"https:\/\/ccscleaning.com\/contact-us\/\"><img loading=\"lazy\" decoding=\"async\" width=\"1170\" height=\"305\" src=\"https:\/\/ccscleaning.com\/nl\/wp-content\/uploads\/sites\/4\/2020\/08\/professional-disinfecting-services-1.jpg\" alt=\"Professional Disinfecting Services\" class=\"alignright size-full wp-image-4646 img-fluid\" srcset=\"https:\/\/ccscleaning.com\/fr\/wp-content\/uploads\/sites\/5\/2020\/08\/professional-disinfecting-services-1.jpg 1170w, https:\/\/ccscleaning.com\/fr\/wp-content\/uploads\/sites\/5\/2020\/08\/professional-disinfecting-services-1-300x78.jpg 300w, https:\/\/ccscleaning.com\/fr\/wp-content\/uploads\/sites\/5\/2020\/08\/professional-disinfecting-services-1-1024x267.jpg 1024w, https:\/\/ccscleaning.com\/fr\/wp-content\/uploads\/sites\/5\/2020\/08\/professional-disinfecting-services-1-768x200.jpg 768w\" sizes=\"auto, (max-width: 1170px) 100vw, 1170px\" \/><\/a><\/div>\r\n<\/div>\r\n<div class=\"row cont-sec\">\r\n<div class=\"col-custm col-contn\">\r\n<h3>Assurer la s\u00e9curit\u00e9 de tous<\/h3>\r\n<p>Afin de garantir le bon d\u00e9roulement des services et d\u2019offrir \u00e0 nos clients un nettoyage sans faille, notre \u00e9quipe de direction organise quotidiennement des r\u00e9unions et entretient des relations \u00e0 distance avec ses collaborateurs.<\/p>\r\n<p>Notre pr\u00e9occupation premi\u00e8re ? La s\u00e9curit\u00e9 de nos \u00e9quipes, de nos clients et du public. Nos \u00e9quipes de nettoyage ont re\u00e7u une formation en mati\u00e8re de sant\u00e9 et de s\u00e9curit\u00e9 et respectent les directives de distanciation sociale. Une routine de nettoyage compl\u00e8te est essentielle \u00e0 la s\u00e9curit\u00e9 du public. CCS assure un nettoyage quotidien et r\u00e9gulier ainsi que des nettoyages en profondeur ponctuels.<\/p>\r\n<\/div>\r\n<div class=\"col-custm col-imge\"><img loading=\"lazy\" decoding=\"async\" width=\"475\" height=\"293\" src=\"https:\/\/ccscleaning.com\/nl\/wp-content\/uploads\/sites\/4\/2020\/05\/coronavirus-social-distancing-mat.jpg\" alt=\"Coronavirus Social Distancing Mat\" class=\"alignright size-full wp-image-4577 img-fluid\" srcset=\"https:\/\/ccscleaning.com\/fr\/wp-content\/uploads\/sites\/5\/2020\/05\/coronavirus-social-distancing-mat.jpg 475w, https:\/\/ccscleaning.com\/fr\/wp-content\/uploads\/sites\/5\/2020\/05\/coronavirus-social-distancing-mat-300x185.jpg 300w\" sizes=\"auto, (max-width: 475px) 100vw, 475px\" \/><\/div>\r\n<\/div>\r\n<div class=\"row cont-sec\">\r\n<div class=\"col-custm col-imge\"><img loading=\"lazy\" decoding=\"async\" width=\"665\" height=\"423\" src=\"https:\/\/ccscleaning.com\/nl\/wp-content\/uploads\/sites\/4\/2020\/05\/Team-Communication-COVID-19-Situation.jpg\" alt=\"Team Communication During COVID-19 Situation \" class=\"alignright size-full wp-image-4578 img-fluid\" srcset=\"https:\/\/ccscleaning.com\/fr\/wp-content\/uploads\/sites\/5\/2020\/05\/Team-Communication-COVID-19-Situation.jpg 665w, https:\/\/ccscleaning.com\/fr\/wp-content\/uploads\/sites\/5\/2020\/05\/Team-Communication-COVID-19-Situation-300x191.jpg 300w\" sizes=\"auto, (max-width: 665px) 100vw, 665px\" \/><\/div>\r\n<div class=\"col-custm col-contn\">\r\n<h3>La communication, un \u00e9l\u00e9ment cl\u00e9<\/h3>\r\n<p>Pour CCS, la communication est essentielle dans une p\u00e9riode de trouble comme celle que nous traversons. Nous tenons \u00e0 ce que tous nos employ\u00e9s et nos clients soient inform\u00e9s de nos m\u00e9thodes pour faire face au COVID-19. CCS est fier de sa flexibilit\u00e9 et continuera \u00e0 s\u2019adapter \u00e0 la situation, selon la mani\u00e8re dont elle \u00e9volue. Nous adoptons une approche flexible en mati\u00e8re d\u2019activit\u00e9 et de communication. Nous restons connect\u00e9s \u00e0 nos \u00e9quipes par le biais de la technologie : plateformes en ligne, courrier \u00e9lectronique et t\u00e9l\u00e9phonie mobile. Nous formons un groupe.<\/p>\r\n<\/div>\r\n<\/div>\r\n<div class=\"row cont-sec\">\r\n<div class=\"col-custm col-contn\">\r\n<h3>Rester autonome<\/h3>\r\n<p>Lorsqu\u2019il est question de cha\u00eenes d\u2019approvisionnement, aucun probl\u00e8me n\u2019est insurmontable pour CCS. Nous sommes autosuffisants en mati\u00e8re d\u2019\u00e9quipements et solutions de nettoyage gr\u00e2ce \u00e0 notre alignement strat\u00e9gique avec le groupe.<\/p>\r\n<h3>Notre orientation clients<\/h3>\r\n<p>C\u2019est une p\u00e9riode difficile pour tout un chacun, et nous sommes conscients que les besoins de nos clients peuvent avoir \u00e9volu\u00e9. CCS est fier de sa flexibilit\u00e9 et s\u2019adaptera \u00e0 l\u2019\u00e9volution des besoins de ses clients. Nos \u00e9quipes soutiendront votre entreprise durant cette p\u00e9riode d\u2019adaptation.<\/p>\r\n<\/div>\r\n<div class=\"col-custm col-imge\"><img loading=\"lazy\" decoding=\"async\" width=\"475\" height=\"343\" src=\"https:\/\/ccscleaning.com\/nl\/wp-content\/uploads\/sites\/4\/2020\/05\/cleaning-equipment-and-solutions.jpg\" alt=\"Cleaning Equipment and Solutions\" class=\"alignright size-full wp-image-4579 img-fluid\" srcset=\"https:\/\/ccscleaning.com\/fr\/wp-content\/uploads\/sites\/5\/2020\/05\/cleaning-equipment-and-solutions.jpg 475w, https:\/\/ccscleaning.com\/fr\/wp-content\/uploads\/sites\/5\/2020\/05\/cleaning-equipment-and-solutions-300x217.jpg 300w\" sizes=\"auto, (max-width: 475px) 100vw, 475px\" \/><\/div>\r\n<\/div>\r\n<\/div>\r\n<\/div>\r\n<\/div>\r\n<\/div>","protected":false},"excerpt":{"rendered":"<p>Comment CCS r\u00e9pond \u00e0 la crise du COVID 19 Depuis l\u2019apparition de la pand\u00e9mie, l\u2019activit\u00e9 a beaucoup chang\u00e9. Prot\u00e9ger nos \u00e9quipes, nos clients et le grand public a \u00e9t\u00e9 notre priorit\u00e9. Nous suivons les directives publi\u00e9es par l\u2019OMS et la l\u00e9gislation locale de chacune des juridictions o\u00f9 nous op\u00e9rons. Au cours de cette pand\u00e9mie, nos&#8230;  <a href=\"https:\/\/ccscleaning.com\/fr\/covid-19-cleaning-services\/\" class=\"more-link\" title=\"Read COVID 19\">Read more &raquo;<\/a><\/p>\n","protected":false},"author":1,"featured_media":4572,"parent":0,"menu_order":0,"comment_status":"closed","ping_status":"closed","template":"","meta":{"footnotes":""},"class_list":["post-4501","page","type-page","status-publish","has-post-thumbnail","hentry"],"yoast_head":"<!-- This site is optimized with the Yoast SEO plugin v27.1.1 - https:\/\/yoast.com\/product\/yoast-seo-wordpress\/ -->\n<title>Coronavirus Services Nettoyage Profondeur | CCS<\/title>\n<meta name=\"description\" content=\"CCS Cleaning offres Coronavirus Services nettoyage profondeur pour bureaux &amp; industries. Contactez nous aujourd&#039;hui pour covid-19 d\u00e9sinfection Services.\" \/>\n<meta name=\"robots\" content=\"index, follow, max-snippet:-1, max-image-preview:large, max-video-preview:-1\" \/>\n<link rel=\"canonical\" href=\"https:\/\/ccscleaning.com\/fr\/covid-19-cleaning-services\/\" \/>\n<meta property=\"og:locale\" content=\"fr_FR\" \/>\n<meta property=\"og:type\" content=\"article\" \/>\n<meta property=\"og:title\" content=\"Coronavirus Services Nettoyage Profondeur | CCS\" \/>\n<meta property=\"og:description\" content=\"CCS Cleaning offres Coronavirus Services nettoyage profondeur pour bureaux &amp; industries. Contactez nous aujourd&#039;hui pour covid-19 d\u00e9sinfection Services.\" \/>\n<meta property=\"og:url\" content=\"https:\/\/ccscleaning.com\/fr\/covid-19-cleaning-services\/\" \/>\n<meta property=\"og:site_name\" content=\"CCS Cleaning French\" \/>\n<meta property=\"article:modified_time\" content=\"2025-08-19T09:12:47+00:00\" \/>\n<meta property=\"og:image\" content=\"https:\/\/ccscleaning.com\/fr\/wp-content\/uploads\/sites\/5\/2020\/05\/coronavirus-cleaning-services-1.png\" \/>\n\t<meta property=\"og:image:width\" content=\"1366\" \/>\n\t<meta property=\"og:image:height\" content=\"360\" \/>\n\t<meta property=\"og:image:type\" content=\"image\/png\" \/>\n<meta name=\"twitter:card\" content=\"summary_large_image\" \/>\n<meta name=\"twitter:label1\" content=\"Est. reading time\" \/>\n\t<meta name=\"twitter:data1\" content=\"5 minutes\" \/>\n<!-- \/ Yoast SEO plugin. -->","yoast_head_json":{"title":"Coronavirus Services Nettoyage Profondeur | CCS","description":"CCS Cleaning offres Coronavirus Services nettoyage profondeur pour bureaux & industries. Contactez nous aujourd'hui pour covid-19 d\u00e9sinfection Services.","robots":{"index":"index","follow":"follow","max-snippet":"max-snippet:-1","max-image-preview":"max-image-preview:large","max-video-preview":"max-video-preview:-1"},"canonical":"https:\/\/ccscleaning.com\/fr\/covid-19-cleaning-services\/","og_locale":"fr_FR","og_type":"article","og_title":"Coronavirus Services Nettoyage Profondeur | CCS","og_description":"CCS Cleaning offres Coronavirus Services nettoyage profondeur pour bureaux & industries. Contactez nous aujourd'hui pour covid-19 d\u00e9sinfection Services.","og_url":"https:\/\/ccscleaning.com\/fr\/covid-19-cleaning-services\/","og_site_name":"CCS Cleaning French","article_modified_time":"2025-08-19T09:12:47+00:00","og_image":[{"width":1366,"height":360,"url":"https:\/\/ccscleaning.com\/fr\/wp-content\/uploads\/sites\/5\/2020\/05\/coronavirus-cleaning-services-1.png","type":"image\/png"}],"twitter_card":"summary_large_image","twitter_misc":{"Est. reading time":"5 minutes"},"schema":{"@context":"https:\/\/schema.org","@graph":[{"@type":"WebPage","@id":"https:\/\/ccscleaning.com\/fr\/covid-19-cleaning-services\/","url":"https:\/\/ccscleaning.com\/fr\/covid-19-cleaning-services\/","name":"Coronavirus Services Nettoyage Profondeur | CCS","isPartOf":{"@id":"https:\/\/ccscleaning.com\/fr\/#website"},"primaryImageOfPage":{"@id":"https:\/\/ccscleaning.com\/fr\/covid-19-cleaning-services\/#primaryimage"},"image":{"@id":"https:\/\/ccscleaning.com\/fr\/covid-19-cleaning-services\/#primaryimage"},"thumbnailUrl":"https:\/\/ccscleaning.com\/fr\/wp-content\/uploads\/sites\/5\/2020\/05\/coronavirus-cleaning-services-1.png","datePublished":"2020-04-30T13:35:44+00:00","dateModified":"2025-08-19T09:12:47+00:00","description":"CCS Cleaning offres Coronavirus Services nettoyage profondeur pour bureaux & industries. Contactez nous aujourd'hui pour covid-19 d\u00e9sinfection Services.","breadcrumb":{"@id":"https:\/\/ccscleaning.com\/fr\/covid-19-cleaning-services\/#breadcrumb"},"inLanguage":"fr-FR","potentialAction":[{"@type":"ReadAction","target":["https:\/\/ccscleaning.com\/fr\/covid-19-cleaning-services\/"]}]},{"@type":"ImageObject","inLanguage":"fr-FR","@id":"https:\/\/ccscleaning.com\/fr\/covid-19-cleaning-services\/#primaryimage","url":"https:\/\/ccscleaning.com\/fr\/wp-content\/uploads\/sites\/5\/2020\/05\/coronavirus-cleaning-services-1.png","contentUrl":"https:\/\/ccscleaning.com\/fr\/wp-content\/uploads\/sites\/5\/2020\/05\/coronavirus-cleaning-services-1.png","width":1366,"height":360,"caption":"Coronavirus Deep Cleaning Services"},{"@type":"BreadcrumbList","@id":"https:\/\/ccscleaning.com\/fr\/covid-19-cleaning-services\/#breadcrumb","itemListElement":[{"@type":"ListItem","position":1,"name":"Accueil","item":"https:\/\/ccscleaning.com\/fr\/"},{"@type":"ListItem","position":2,"name":"COVID 19"}]},{"@type":"WebSite","@id":"https:\/\/ccscleaning.com\/fr\/#website","url":"https:\/\/ccscleaning.com\/fr\/","name":"CCS Cleaning French","description":"","potentialAction":[{"@type":"SearchAction","target":{"@type":"EntryPoint","urlTemplate":"https:\/\/ccscleaning.com\/fr\/?s={search_term_string}"},"query-input":{"@type":"PropertyValueSpecification","valueRequired":true,"valueName":"search_term_string"}}],"inLanguage":"fr-FR"}]}},"acf":[],"_links":{"self":[{"href":"https:\/\/ccscleaning.com\/fr\/wp-json\/wp\/v2\/pages\/4501","targetHints":{"allow":["GET"]}}],"collection":[{"href":"https:\/\/ccscleaning.com\/fr\/wp-json\/wp\/v2\/pages"}],"about":[{"href":"https:\/\/ccscleaning.com\/fr\/wp-json\/wp\/v2\/types\/page"}],"author":[{"embeddable":true,"href":"https:\/\/ccscleaning.com\/fr\/wp-json\/wp\/v2\/users\/1"}],"replies":[{"embeddable":true,"href":"https:\/\/ccscleaning.com\/fr\/wp-json\/wp\/v2\/comments?post=4501"}],"version-history":[{"count":4,"href":"https:\/\/ccscleaning.com\/fr\/wp-json\/wp\/v2\/pages\/4501\/revisions"}],"predecessor-version":[{"id":7177,"href":"https:\/\/ccscleaning.com\/fr\/wp-json\/wp\/v2\/pages\/4501\/revisions\/7177"}],"wp:featuredmedia":[{"embeddable":true,"href":"https:\/\/ccscleaning.com\/fr\/wp-json\/wp\/v2\/media\/4572"}],"wp:attachment":[{"href":"https:\/\/ccscleaning.com\/fr\/wp-json\/wp\/v2\/media?parent=4501"}],"curies":[{"name":"wp","href":"https:\/\/api.w.org\/{rel}","templated":true}]}}