{"id":5037,"date":"2021-05-11T09:51:21","date_gmt":"2021-05-11T09:51:21","guid":{"rendered":"https:\/\/ccscleaning.com\/?page_id=5037"},"modified":"2025-09-24T11:08:11","modified_gmt":"2025-09-24T11:08:11","slug":"educational-facility-cleaning","status":"publish","type":"page","link":"https:\/\/ccscleaning.com\/fr\/educational-facility-cleaning\/","title":{"rendered":"Nettoyage des \u00e9tablissements scolaires"},"content":{"rendered":"","protected":false},"excerpt":{"rendered":"","protected":false},"author":1,"featured_media":0,"parent":0,"menu_order":0,"comment_status":"closed","ping_status":"closed","template":"page-templates\/page-sector.php","meta":{"footnotes":""},"class_list":["post-5037","page","type-page","status-publish","hentry"],"yoast_head":"<!-- This site is optimized with the Yoast SEO plugin v27.1.1 - https:\/\/yoast.com\/product\/yoast-seo-wordpress\/ -->\n<title>Nettoyage des \u00e9tablissements scolaires | Service de nettoyage scolaire - CCS<\/title>\n<meta name=\"description\" content=\"CCS assure le nettoyage des \u00e9coles, coll\u00e8ges et autres \u00e9tablissements d&#039;enseignement. Faites appel \u00e0 nos experts en nettoyage d&#039;\u00e9coles et d&#039;\u00e9tablissements scolaires.\" \/>\n<meta name=\"robots\" content=\"index, follow, max-snippet:-1, max-image-preview:large, max-video-preview:-1\" \/>\n<link rel=\"canonical\" href=\"https:\/\/ccscleaning.com\/fr\/educational-facility-cleaning\/\" \/>\n<meta property=\"og:locale\" content=\"fr_FR\" \/>\n<meta property=\"og:type\" content=\"article\" \/>\n<meta property=\"og:title\" content=\"Nettoyage des \u00e9tablissements scolaires | Service de nettoyage scolaire - CCS\" \/>\n<meta property=\"og:description\" content=\"CCS assure le nettoyage des \u00e9coles, coll\u00e8ges et autres \u00e9tablissements d&#039;enseignement. Faites appel \u00e0 nos experts en nettoyage d&#039;\u00e9coles et d&#039;\u00e9tablissements scolaires.\" \/>\n<meta property=\"og:url\" content=\"https:\/\/ccscleaning.com\/fr\/educational-facility-cleaning\/\" \/>\n<meta property=\"og:site_name\" content=\"CCS Cleaning French\" \/>\n<meta property=\"article:modified_time\" content=\"2025-09-24T11:08:11+00:00\" \/>\n<meta name=\"twitter:card\" content=\"summary_large_image\" \/>\n<!-- \/ Yoast SEO plugin. -->","yoast_head_json":{"title":"Nettoyage des \u00e9tablissements scolaires | Service de nettoyage scolaire - CCS","description":"CCS assure le nettoyage des \u00e9coles, coll\u00e8ges et autres \u00e9tablissements d'enseignement. Faites appel \u00e0 nos experts en nettoyage d'\u00e9coles et d'\u00e9tablissements scolaires.","robots":{"index":"index","follow":"follow","max-snippet":"max-snippet:-1","max-image-preview":"max-image-preview:large","max-video-preview":"max-video-preview:-1"},"canonical":"https:\/\/ccscleaning.com\/fr\/educational-facility-cleaning\/","og_locale":"fr_FR","og_type":"article","og_title":"Nettoyage des \u00e9tablissements scolaires | Service de nettoyage scolaire - CCS","og_description":"CCS assure le nettoyage des \u00e9coles, coll\u00e8ges et autres \u00e9tablissements d'enseignement. Faites appel \u00e0 nos experts en nettoyage d'\u00e9coles et d'\u00e9tablissements scolaires.","og_url":"https:\/\/ccscleaning.com\/fr\/educational-facility-cleaning\/","og_site_name":"CCS Cleaning French","article_modified_time":"2025-09-24T11:08:11+00:00","twitter_card":"summary_large_image","schema":{"@context":"https:\/\/schema.org","@graph":[{"@type":"WebPage","@id":"https:\/\/ccscleaning.com\/fr\/educational-facility-cleaning\/","url":"https:\/\/ccscleaning.com\/fr\/educational-facility-cleaning\/","name":"Nettoyage des \u00e9tablissements scolaires | Service de nettoyage scolaire - CCS","isPartOf":{"@id":"https:\/\/ccscleaning.com\/fr\/#website"},"datePublished":"2021-05-11T09:51:21+00:00","dateModified":"2025-09-24T11:08:11+00:00","description":"CCS assure le nettoyage des \u00e9coles, coll\u00e8ges et autres \u00e9tablissements d'enseignement. Faites appel \u00e0 nos experts en nettoyage d'\u00e9coles et d'\u00e9tablissements scolaires.","breadcrumb":{"@id":"https:\/\/ccscleaning.com\/fr\/educational-facility-cleaning\/#breadcrumb"},"inLanguage":"fr-FR","potentialAction":[{"@type":"ReadAction","target":["https:\/\/ccscleaning.com\/fr\/educational-facility-cleaning\/"]}]},{"@type":"BreadcrumbList","@id":"https:\/\/ccscleaning.com\/fr\/educational-facility-cleaning\/#breadcrumb","itemListElement":[{"@type":"ListItem","position":1,"name":"Accueil","item":"https:\/\/ccscleaning.com\/fr\/"},{"@type":"ListItem","position":2,"name":"Nettoyage des \u00e9tablissements scolaires"}]},{"@type":"WebSite","@id":"https:\/\/ccscleaning.com\/fr\/#website","url":"https:\/\/ccscleaning.com\/fr\/","name":"CCS Cleaning French","description":"","potentialAction":[{"@type":"SearchAction","target":{"@type":"EntryPoint","urlTemplate":"https:\/\/ccscleaning.com\/fr\/?s={search_term_string}"},"query-input":{"@type":"PropertyValueSpecification","valueRequired":true,"valueName":"search_term_string"}}],"inLanguage":"fr-FR"}]}},"acf":[],"_links":{"self":[{"href":"https:\/\/ccscleaning.com\/fr\/wp-json\/wp\/v2\/pages\/5037","targetHints":{"allow":["GET"]}}],"collection":[{"href":"https:\/\/ccscleaning.com\/fr\/wp-json\/wp\/v2\/pages"}],"about":[{"href":"https:\/\/ccscleaning.com\/fr\/wp-json\/wp\/v2\/types\/page"}],"author":[{"embeddable":true,"href":"https:\/\/ccscleaning.com\/fr\/wp-json\/wp\/v2\/users\/1"}],"replies":[{"embeddable":true,"href":"https:\/\/ccscleaning.com\/fr\/wp-json\/wp\/v2\/comments?post=5037"}],"version-history":[{"count":4,"href":"https:\/\/ccscleaning.com\/fr\/wp-json\/wp\/v2\/pages\/5037\/revisions"}],"predecessor-version":[{"id":7314,"href":"https:\/\/ccscleaning.com\/fr\/wp-json\/wp\/v2\/pages\/5037\/revisions\/7314"}],"wp:attachment":[{"href":"https:\/\/ccscleaning.com\/fr\/wp-json\/wp\/v2\/media?parent=5037"}],"curies":[{"name":"wp","href":"https:\/\/api.w.org\/{rel}","templated":true}]}}