{"id":6625,"date":"2018-09-27T10:29:10","date_gmt":"2018-09-27T10:29:10","guid":{"rendered":"https:\/\/ccscleaning.com\/?page_id=3"},"modified":"2025-08-19T09:12:50","modified_gmt":"2025-08-19T09:12:50","slug":"privacy-policy","status":"publish","type":"page","link":"https:\/\/ccscleaning.com\/fr\/privacy-policy\/","title":{"rendered":"Privacy Policy"},"content":{"rendered":"<section class=\"intro_cnt\">\r\n<div class=\"container\">\r\n<div class=\"row\">\r\n<div class=\"privacy-policy\">\r\n<h1>Politique de confidentialit\u00e9<\/h1>\r\n<h3>Qui sommes-nous\u00a0?<\/h3>\r\nL&#8217;adresse de notre site web est\u00a0: https:\/\/ccscleaning.com.\r\n<h3>Donn\u00e9es personnelles collect\u00e9es et finalit\u00e9s de collecte<\/h3>\r\n\r\n<h5>Commentaires<\/h5>\r\nLorsque les visiteurs laissent des commentaires sur le site, nous collectons les donn\u00e9es indiqu\u00e9es dans le formulaire de commentaire, ainsi que leur adresse IP et l&#8217;agent utilisateur de leur navigateur afin de faciliter la d\u00e9tection des spams.\r\n\r\nUne cha\u00eene anonymis\u00e9e cr\u00e9\u00e9e \u00e0 partir de votre adresse e-mail (\u00e9galement appel\u00e9e hachage) peut \u00eatre fournie au service Gravatar pour v\u00e9rifier si vous l&#8217;utilisez. La politique de confidentialit\u00e9 du service Gravatar est disponible ici\u00a0: https:\/\/automattic.com\/privacy\/. Apr\u00e8s validation de votre commentaire, votre photo de profil sera visible publiquement \u00e0 c\u00f4t\u00e9 de celui-ci.\r\n<h5>M\u00e9dias<\/h5>\r\nSi vous t\u00e9l\u00e9chargez des images sur le site web, \u00e9vitez celles contenant des donn\u00e9es de localisation (EXIF GPS). Les visiteurs du site web peuvent t\u00e9l\u00e9charger et extraire des donn\u00e9es de localisation \u00e0 partir des images.\r\n<h3>Cookies des formulaires de contact<\/h3>\r\nSi vous laissez un commentaire sur notre site, vous pouvez choisir d&#8217;enregistrer votre nom, votre adresse e-mail et votre site web dans des cookies. Ces cookies sont uniquement destin\u00e9s \u00e0 votre confort et vous \u00e9vitent d&#8217;avoir \u00e0 les saisir \u00e0 nouveau lorsque vous laissez un autre commentaire. Ces cookies ont une dur\u00e9e de vie d&#8217;un an.\r\n\r\nSi vous avez un compte et que vous vous connectez \u00e0 ce site, nous installerons un cookie temporaire afin de d\u00e9terminer si votre navigateur accepte les cookies. Ce cookie ne contient aucune donn\u00e9e personnelle et sera supprim\u00e9 lorsque vous fermerez votre navigateur.\r\n\r\nLorsque vous vous connecterez, nous installerons \u00e9galement plusieurs cookies pour enregistrer vos informations de connexion et vos pr\u00e9f\u00e9rences d&#8217;affichage. La dur\u00e9e de vie des cookies de connexion est de deux jours et celle des cookies d&#8217;options d&#8217;affichage est d&#8217;un an. Si vous s\u00e9lectionnez \u00ab\u00a0Se souvenir de moi\u00a0\u00bb, votre connexion sera conserv\u00e9e pendant deux semaines. Si vous vous d\u00e9connectez de votre compte, les cookies de connexion seront supprim\u00e9s.\r\n\r\nSi vous modifiez ou publiez un article, un cookie suppl\u00e9mentaire sera enregistr\u00e9 dans votre navigateur. Ce cookie ne contient aucune donn\u00e9e personnelle et indique simplement l&#8217;identifiant de l&#8217;article que vous venez de modifier. Il expire au bout d&#8217;un jour.\r\n<h3>Contenu int\u00e9gr\u00e9 provenant d&#8217;autres sites web<\/h3>\r\nLes articles de ce site peuvent inclure du contenu int\u00e9gr\u00e9 (par exemple, des vid\u00e9os, des images, des articles, etc.). Le contenu int\u00e9gr\u00e9 provenant d&#8217;autres sites web se comporte exactement de la m\u00eame mani\u00e8re que si le visiteur avait visit\u00e9 l&#8217;autre site web.\r\n\r\nCes sites web peuvent collecter des donn\u00e9es vous concernant, utiliser des cookies, int\u00e9grer des outils de suivi tiers suppl\u00e9mentaires et surveiller vos interactions avec ce contenu int\u00e9gr\u00e9, y compris le suivi de vos interactions avec ce contenu int\u00e9gr\u00e9 si vous poss\u00e9dez un compte et \u00eates connect\u00e9 \u00e0 ce site web.\r\n<h3>Analyses<\/h3>\r\n<h4>Avec qui partageons-nous vos donn\u00e9es\u00a0?<\/h4>\r\n<h4>Dur\u00e9e de conservation de vos donn\u00e9es\u00a0?<\/h4>\r\nSi vous laissez un commentaire, celui-ci et ses m\u00e9tadonn\u00e9es sont conserv\u00e9s ind\u00e9finiment. Cela nous permet de reconna\u00eetre et d&#8217;approuver automatiquement les commentaires suivants, au lieu de les conserver en file d&#8217;attente de mod\u00e9ration.\r\n\r\nPour les utilisateurs qui s&#8217;inscrivent sur notre site web (le cas \u00e9ch\u00e9ant), nous stockons \u00e9galement les informations personnelles qu&#8217;ils fournissent dans leur profil. Tous les utilisateurs peuvent consulter, modifier ou supprimer leurs informations personnelles \u00e0 tout moment (\u00e0 l&#8217;exception de leur nom d&#8217;utilisateur). Les administrateurs du site web peuvent \u00e9galement consulter et modifier ces informations.\r\n<h3>Quels sont vos droits sur vos donn\u00e9es\u00a0?<\/h3>\r\nSi vous poss\u00e9dez un compte sur ce site ou avez laiss\u00e9 des commentaires, vous pouvez demander \u00e0 recevoir un fichier export\u00e9 des donn\u00e9es personnelles que nous d\u00e9tenons \u00e0 votre sujet, y compris celles que vous nous avez fournies. Vous pouvez \u00e9galement demander la suppression de toutes les donn\u00e9es personnelles que nous d\u00e9tenons \u00e0 votre sujet. Cela n&#8217;inclut pas les donn\u00e9es que nous sommes tenus de conserver \u00e0 des fins administratives, juridiques ou de s\u00e9curit\u00e9.\r\n<h3>O\u00f9 nous envoyons vos donn\u00e9es\u00a0?<\/h3>\r\nLes commentaires des visiteurs peuvent \u00eatre v\u00e9rifi\u00e9s gr\u00e2ce \u00e0 un service automatis\u00e9 de d\u00e9tection des spams. <h3>Vos coordonn\u00e9es<\/h3>\r\n<h3>Informations compl\u00e9mentaires<\/h3>\r\n<h4>Comment nous prot\u00e9geons vos donn\u00e9es<\/h4>\r\n<h4>Proc\u00e9dures en cas de violation de donn\u00e9es mises en place<\/h4>\r\n<h4>De quels tiers recevons-nous des donn\u00e9es\u00a0?<\/h4>\r\n<h4>Quelles d\u00e9cisions automatis\u00e9es et\/ou quel profilage effectuons-nous avec les donn\u00e9es utilisateur\u00a0?<\/h4>\r\n<h4>Exigences r\u00e9glementaires du secteur en mati\u00e8re de divulgation<\/h4>\r\n<\/div>\r\n<\/div>\r\n<\/div>\r\n<\/section>","protected":false},"excerpt":{"rendered":"<p>Politique de confidentialit\u00e9 Qui sommes-nous\u00a0? L&#8217;adresse de notre site web est\u00a0: https:\/\/ccscleaning.com. Donn\u00e9es personnelles collect\u00e9es et finalit\u00e9s de collecte Commentaires Lorsque les visiteurs laissent des commentaires sur le site, nous collectons les donn\u00e9es indiqu\u00e9es dans le formulaire de commentaire, ainsi que leur adresse IP et l&#8217;agent utilisateur de leur navigateur afin de faciliter la d\u00e9tection&#8230;  <a href=\"https:\/\/ccscleaning.com\/fr\/privacy-policy\/\" class=\"more-link\" title=\"Read Privacy Policy\">Read more &raquo;<\/a><\/p>\n","protected":false},"author":1,"featured_media":0,"parent":0,"menu_order":0,"comment_status":"closed","ping_status":"open","template":"","meta":{"footnotes":""},"class_list":["post-6625","page","type-page","status-publish","hentry"],"yoast_head":"<!-- This site is optimized with the Yoast SEO plugin v27.1.1 - https:\/\/yoast.com\/product\/yoast-seo-wordpress\/ -->\n<title>Politique de confidentialit\u00e9 | CCS Cleaning Services<\/title>\n<meta name=\"description\" content=\"En savoir plus sur les politiques de confidentialit\u00e9 de CCS concernant la collecte, l&#039;utilisation et la divulgation d&#039;informations personnelles. Faites appel \u00e0 des services de nettoyage en Europe de CCS.\" \/>\n<meta name=\"robots\" content=\"index, follow, max-snippet:-1, max-image-preview:large, max-video-preview:-1\" \/>\n<link rel=\"canonical\" href=\"https:\/\/ccscleaning.com\/fr\/privacy-policy\/\" \/>\n<meta property=\"og:locale\" content=\"fr_FR\" \/>\n<meta property=\"og:type\" content=\"article\" \/>\n<meta property=\"og:title\" content=\"Politique de confidentialit\u00e9 | CCS Cleaning Services\" \/>\n<meta property=\"og:description\" content=\"En savoir plus sur les politiques de confidentialit\u00e9 de CCS concernant la collecte, l&#039;utilisation et la divulgation d&#039;informations personnelles. Faites appel \u00e0 des services de nettoyage en Europe de CCS.\" \/>\n<meta property=\"og:url\" content=\"https:\/\/ccscleaning.com\/fr\/privacy-policy\/\" \/>\n<meta property=\"og:site_name\" content=\"CCS Cleaning French\" \/>\n<meta property=\"article:modified_time\" content=\"2025-08-19T09:12:50+00:00\" \/>\n<meta name=\"twitter:card\" content=\"summary_large_image\" \/>\n<meta name=\"twitter:label1\" content=\"Est. reading time\" \/>\n\t<meta name=\"twitter:data1\" content=\"4 minutes\" \/>\n<!-- \/ Yoast SEO plugin. -->","yoast_head_json":{"title":"Politique de confidentialit\u00e9 | CCS Cleaning Services","description":"En savoir plus sur les politiques de confidentialit\u00e9 de CCS concernant la collecte, l'utilisation et la divulgation d'informations personnelles. Faites appel \u00e0 des services de nettoyage en Europe de CCS.","robots":{"index":"index","follow":"follow","max-snippet":"max-snippet:-1","max-image-preview":"max-image-preview:large","max-video-preview":"max-video-preview:-1"},"canonical":"https:\/\/ccscleaning.com\/fr\/privacy-policy\/","og_locale":"fr_FR","og_type":"article","og_title":"Politique de confidentialit\u00e9 | CCS Cleaning Services","og_description":"En savoir plus sur les politiques de confidentialit\u00e9 de CCS concernant la collecte, l'utilisation et la divulgation d'informations personnelles. Faites appel \u00e0 des services de nettoyage en Europe de CCS.","og_url":"https:\/\/ccscleaning.com\/fr\/privacy-policy\/","og_site_name":"CCS Cleaning French","article_modified_time":"2025-08-19T09:12:50+00:00","twitter_card":"summary_large_image","twitter_misc":{"Est. reading time":"4 minutes"},"schema":{"@context":"https:\/\/schema.org","@graph":[{"@type":"WebPage","@id":"https:\/\/ccscleaning.com\/fr\/privacy-policy\/","url":"https:\/\/ccscleaning.com\/fr\/privacy-policy\/","name":"Politique de confidentialit\u00e9 | CCS Cleaning Services","isPartOf":{"@id":"https:\/\/ccscleaning.com\/fr\/#website"},"datePublished":"2018-09-27T10:29:10+00:00","dateModified":"2025-08-19T09:12:50+00:00","description":"En savoir plus sur les politiques de confidentialit\u00e9 de CCS concernant la collecte, l'utilisation et la divulgation d'informations personnelles. Faites appel \u00e0 des services de nettoyage en Europe de CCS.","breadcrumb":{"@id":"https:\/\/ccscleaning.com\/fr\/privacy-policy\/#breadcrumb"},"inLanguage":"fr-FR","potentialAction":[{"@type":"ReadAction","target":["https:\/\/ccscleaning.com\/fr\/privacy-policy\/"]}]},{"@type":"BreadcrumbList","@id":"https:\/\/ccscleaning.com\/fr\/privacy-policy\/#breadcrumb","itemListElement":[{"@type":"ListItem","position":1,"name":"Accueil","item":"https:\/\/ccscleaning.com\/fr\/"},{"@type":"ListItem","position":2,"name":"Privacy Policy"}]},{"@type":"WebSite","@id":"https:\/\/ccscleaning.com\/fr\/#website","url":"https:\/\/ccscleaning.com\/fr\/","name":"CCS Cleaning French","description":"","potentialAction":[{"@type":"SearchAction","target":{"@type":"EntryPoint","urlTemplate":"https:\/\/ccscleaning.com\/fr\/?s={search_term_string}"},"query-input":{"@type":"PropertyValueSpecification","valueRequired":true,"valueName":"search_term_string"}}],"inLanguage":"fr-FR"}]}},"acf":[],"_links":{"self":[{"href":"https:\/\/ccscleaning.com\/fr\/wp-json\/wp\/v2\/pages\/6625","targetHints":{"allow":["GET"]}}],"collection":[{"href":"https:\/\/ccscleaning.com\/fr\/wp-json\/wp\/v2\/pages"}],"about":[{"href":"https:\/\/ccscleaning.com\/fr\/wp-json\/wp\/v2\/types\/page"}],"author":[{"embeddable":true,"href":"https:\/\/ccscleaning.com\/fr\/wp-json\/wp\/v2\/users\/1"}],"replies":[{"embeddable":true,"href":"https:\/\/ccscleaning.com\/fr\/wp-json\/wp\/v2\/comments?post=6625"}],"version-history":[{"count":1,"href":"https:\/\/ccscleaning.com\/fr\/wp-json\/wp\/v2\/pages\/6625\/revisions"}],"predecessor-version":[{"id":6944,"href":"https:\/\/ccscleaning.com\/fr\/wp-json\/wp\/v2\/pages\/6625\/revisions\/6944"}],"wp:attachment":[{"href":"https:\/\/ccscleaning.com\/fr\/wp-json\/wp\/v2\/media?parent=6625"}],"curies":[{"name":"wp","href":"https:\/\/api.w.org\/{rel}","templated":true}]}}