{"id":6952,"date":"2025-03-21T13:36:56","date_gmt":"2025-03-21T13:36:56","guid":{"rendered":"https:\/\/ccscleaning.com\/fr\/?page_id=6952"},"modified":"2025-08-19T09:12:46","modified_gmt":"2025-08-19T09:12:46","slug":"frank-cullen-bursary-fund","status":"publish","type":"page","link":"https:\/\/ccscleaning.com\/fr\/frank-cullen-bursary-fund\/","title":{"rendered":"Frank Cullen Bursary Fund"},"content":{"rendered":"<div class=\"container-fluid inner-banner-wrap\">\r\n<div class=\"row\"><img decoding=\"async\" class=\"img-fluid\" src=\"https:\/\/ccscleaning.com\/wp-content\/uploads\/2019\/09\/frank-cullen-bursary-fund-banner.jpg\" alt=\"Frank Cullen Bursary Fund\" \/>\r\n<div class=\"inner-banner-cont\">\r\n<div class=\"container\">\r\n<div class=\"row\">\r\n<div class=\"col-lg-6\">\r\n<div class=\"inner-banner-left-content\">\r\n<h1>Bourse Frank Cullen<\/h1>\r\n<\/div>\r\n<\/div>\r\n<div class=\"col-lg-6\">\r\n<div class=\"banner-contact\">\r\n<h3>NOUS CONTACTER<\/h3>\r\n\n<div class=\"wpcf7 no-js\" id=\"wpcf7-f2164-o1\" lang=\"en-US\" dir=\"ltr\" data-wpcf7-id=\"2164\">\n<div class=\"screen-reader-response\"><p role=\"status\" aria-live=\"polite\" aria-atomic=\"true\"><\/p> <ul><\/ul><\/div>\n<form action=\"\/fr\/wp-json\/wp\/v2\/pages\/6952#wpcf7-f2164-o1\" method=\"post\" class=\"wpcf7-form init\" aria-label=\"Contact form\" novalidate=\"novalidate\" data-status=\"init\">\n<fieldset class=\"hidden-fields-container\"><input type=\"hidden\" name=\"_wpcf7\" value=\"2164\" \/><input type=\"hidden\" name=\"_wpcf7_version\" value=\"6.1.3\" \/><input type=\"hidden\" name=\"_wpcf7_locale\" value=\"en_US\" \/><input type=\"hidden\" name=\"_wpcf7_unit_tag\" value=\"wpcf7-f2164-o1\" \/><input type=\"hidden\" name=\"_wpcf7_container_post\" value=\"0\" \/><input type=\"hidden\" name=\"_wpcf7_posted_data_hash\" value=\"\" \/><input type=\"hidden\" name=\"_wpcf7_recaptcha_response\" value=\"\" \/>\n<\/fieldset>\n<h3>Discutons de vos besoins en nettoyage\n<\/h3>\n<div class=\"form-group\">\n\t<p><span class=\"wpcf7-form-control-wrap\" data-name=\"your-team\"><select class=\"wpcf7-form-control wpcf7-select wpcf7-validates-as-required form-control\" id=\"teamSelect\" aria-required=\"true\" aria-invalid=\"false\" name=\"your-team\"><option value=\"\">Select Team<\/option><option value=\"Sales\">Sales<\/option><option value=\"Recruitment\">Recruitment<\/option><option value=\"Marketing\">Marketing<\/option><\/select><\/span>\n\t<\/p>\n<\/div>\n<div class=\"form-group\">\n\t<p><span class=\"wpcf7-form-control-wrap\" data-name=\"your-name\"><input size=\"40\" maxlength=\"400\" class=\"wpcf7-form-control wpcf7-text wpcf7-validates-as-required form-control\" id=\"exampleFormControlInput1\" aria-required=\"true\" aria-invalid=\"false\" placeholder=\"Nom\" value=\"\" type=\"text\" name=\"your-name\" \/><\/span>\n\t<\/p>\n<\/div>\n<div class=\"form-group\">\n\t<p><span class=\"wpcf7-form-control-wrap\" data-name=\"your-company\"><input size=\"40\" maxlength=\"400\" class=\"wpcf7-form-control wpcf7-text wpcf7-validates-as-required form-control\" id=\"exampleFormControlInput4\" aria-required=\"true\" aria-invalid=\"false\" placeholder=\"Nom de l&#039;entreprise\" value=\"\" type=\"text\" name=\"your-company\" \/><\/span>\n\t<\/p>\n<\/div>\n<div class=\"form-group\">\n\t<p><span class=\"wpcf7-form-control-wrap\" data-name=\"your-num\"><input size=\"40\" maxlength=\"400\" class=\"wpcf7-form-control wpcf7-tel wpcf7-validates-as-required wpcf7-text wpcf7-validates-as-tel form-control\" id=\"exampleFormControlInput2\" aria-required=\"true\" aria-invalid=\"false\" placeholder=\"T\u00e9l\u00e9phone\" value=\"\" type=\"tel\" name=\"your-num\" \/><\/span>\n\t<\/p>\n<\/div>\n<div class=\"form-group\">\n\t<p><span class=\"wpcf7-form-control-wrap\" data-name=\"your-email\"><input size=\"40\" maxlength=\"400\" class=\"wpcf7-form-control wpcf7-email wpcf7-validates-as-required wpcf7-text wpcf7-validates-as-email form-control\" id=\"exampleFormControlInput3\" aria-required=\"true\" aria-invalid=\"false\" placeholder=\"E-mail\" value=\"\" type=\"email\" name=\"your-email\" \/><\/span>\n\t<\/p>\n<\/div>\n<div class=\"form-group\">\n\t<p><span class=\"wpcf7-form-control-wrap\" data-name=\"your-message\"><textarea cols=\"40\" rows=\"3\" maxlength=\"2000\" class=\"wpcf7-form-control wpcf7-textarea form-control\" id=\"exampleFormControlTextarea1\" aria-invalid=\"false\" placeholder=\"Votre message\" name=\"your-message\"><\/textarea><\/span>\n\t<\/p>\n<\/div>\n<div class=\"form-group\">\n\n<\/div>\n<input class=\"wpcf7-form-control wpcf7-hidden\" value=\"\" type=\"hidden\" name=\"page-origin-name\" \/>\n<input class=\"wpcf7-form-control wpcf7-hidden\" value=\"\" type=\"hidden\" name=\"page-origin-url\" \/>\n<div class=\"btn-group\">\n\t<p><input class=\"wpcf7-form-control wpcf7-submit has-spinner btn-submit\" type=\"submit\" value=\"Obtenir un devis maintenant\" \/>\n\t<\/p>\n<\/div><div class=\"wpcf7-response-output\" aria-hidden=\"true\"><\/div>\n<\/form>\n<\/div>\n\r\n\r\n<\/div>\r\n<\/div>\r\n<div class=\"clearfix\"><\/div>\r\n<\/div>\r\n<\/div>\r\n<\/div>\r\n<\/div>\r\n<\/div>\r\n<section class=\"welcome-ccs csr-casestudy-afterbanner\">\r\n<div class=\"container\">\r\n<div class=\"row\">\r\n<div class=\"col-lg-8 col-sm-7\">\r\n<h2>Bourse Frank Cullen<\/h2>\r\n\u201cNotre entreprise ne serait rien sans son effectif. Bien que nous comptions d\u00e9sormais plus de 2 500 employ\u00e9s, nous travaillons tous dans la m\u00eame \u00e9quipe, celle de CCS.\r\n\r\nFrank Cullen est l\u2019ancien directeur g\u00e9n\u00e9ral de l\u2019entreprise ; il est d\u00e9c\u00e9d\u00e9 en 2011. Frank a fait valoir dans l\u2019entreprise l\u2019importance du travail d\u2019\u00e9quipe, les avantages de la pers\u00e9v\u00e9rance et l\u2019importance de donner au suivant et de s\u2019entraider les uns les autres.\r\n\r\nIl \u00e9tait l\u2019un de ces vrais gentlemen. C\u2019est en sa m\u00e9moire que nous avons \u00e9tabli la Bourse Frank Cullen.\r\nCette bourse est remise pour aider certains coll\u00e8gues ayant \u00e0 c\u0153ur une cause ou un organisme de bienfaisance. Elle vise \u00e0 soutenir les collectivit\u00e9s dans lesquelles nous exer\u00e7ons nos activit\u00e9s ainsi que les gens qui nous sont proches. Car ce qui compte v\u00e9ritablement pour nos employ\u00e9s compte v\u00e9ritablement pour nous aussi. \u00bb\u201d\r\n\r\n<strong> <em>-Louise Cullen<\/em><\/strong>\r\n<div class=\"btn-sec\"><a class=\"btns-link\" href=\"https:\/\/ccscleaning.com\/fr\/contact-us\/\">CONTACTEZ-NOUS AUJOURD&#8217;HUI<\/a>\r\n<a class=\"btns-link\" href=\"https:\/\/ccscleaning.com\/fr\/cleaning-services\/\">Nos services<\/a><\/div>\r\n<\/div>\r\n<div class=\"col-lg-4 col-sm-5\">\r\n<div class=\"proposal-result-sec\">\r\n<h3>Autres politiques et pratiques communautaires<\/h3>\r\n<ul>\r\n \t<li><a href=\"https:\/\/ccscleaning.com\/fr\/charitable-donations\/\">Dons de bienfaisance<\/a><\/li>\r\n \t<li><a href=\"https:\/\/ccscleaning.com\/fr\/local-people\/\">Population locale<\/a><\/li>\r\n<\/ul>\r\n<\/div>\r\n<\/div>\r\n<\/div>\r\n<\/div>\r\n<\/section><section class=\"csr-casestudy-content\">\r\n<div class=\"container\">\r\n<div class=\"row\">\r\n<fieldset>\r\n<div class=\"col-lg-6 col-sm-7\">\r\n<h3>Comment \u00e7a marche<\/h3>\r\nDans le m\u00eame esprit \u00e9thique que celui de CCS, la Bourse Frank Cullen remettra un montant d\u2019argent correspondant au montant de fonds recueillis par nos employ\u00e9s au b\u00e9n\u00e9fice d\u2019\u0153uvres de bienfaisance.\r\n\r\nChacun de nos collaborateurs peut proposer une id\u00e9e d&#8217;\u0153uvre ou de cause qu&#8217;il souhaite soutenir. Les id\u00e9es sont ensuite examin\u00e9es et un gagnant est choisi. La campagne de financement pourra \u00eatre un \u00e9v\u00e9nement d\u2019une seule journ\u00e9e ou une s\u00e9rie d\u2019\u00e9v\u00e9nements. Tout ce qui compte, c\u2019est que ce soit fait au b\u00e9n\u00e9fice d\u2019une bonne cause !\r\n\r\n<\/div>\r\n<div class=\"col-lg-6 col-sm-5\">\r\n<div class=\"csr-casestudy-picss\"><img decoding=\"async\" class=\"img-fluid\" src=\"https:\/\/ccscleaning.com\/wp-content\/uploads\/2019\/09\/Frank-Cullen-Bursary-Fund.jpg?x68412\" alt=\"\" \/><\/div>\r\n<\/div>\r\n<div class=\"clearfix\"><\/div><\/fieldset>\r\n<\/div>\r\n<\/div>\r\n<\/section><section class=\"certification-wraper\">\r\n<div class=\"container\">\r\n<div class=\"row\">\r\n<h2>Certifications<\/h2>\r\n<div class=\"clients-pic\">\r\n<div class=\"showdesktop\">\r\n\t<a href=\"https:\/\/www.sgs.com\/en\/certified-clients-and-products\/certified-client-directory\" target=\"_blank\" rel=\"noopener\"><img decoding=\"async\" src=\"https:\/\/ccscleaning.com\/wp-content\/uploads\/2023\/06\/clients-pic.jpg\"><\/a>\r\n<\/div>\r\n<div class=\"showmobile\">\r\n\t<a href=\"https:\/\/www.sgs.com\/en\/certified-clients-and-products\/certified-client-directory\" target=\"_blank\" rel=\"nofollow noopener\"><img decoding=\"async\" src=\"https:\/\/ccscleaning.com\/wp-content\/uploads\/2023\/09\/certification-mob.jpg\" alt=\"CCS cleaning Certifications\"><\/a>\r\n<\/div>\r\n<\/div>\r\n<\/div>\r\n<\/div>\r\n<\/section><section class=\"histry mbottom0 mtop30\">\r\n<div class=\"container\">\r\n<div class=\"row\">\r\n<div class=\"col-lg-4 col-xs-4 col-sm-4 busyears\"><strong>50<\/strong>ANN\u00c9ES D&#8217;ACTIVIT\u00c9S\r\n\r\n<\/div>\r\n<div class=\"col-lg-4 col-xs-4 col-sm-4 projects\"><strong>4800<\/strong>Projets\r\n\r\n<\/div>\r\n<div class=\"col-lg-4 col-xs-4 col-sm-4 happyclients\">\r\n<div class=\"innerdiv\"><strong>des 100aines<\/strong>DE CLIENTS <b>HEUREUX<\/b>\r\n\r\n<\/div>\r\n<\/div>\r\n<\/div>\r\n<\/div>\r\n<\/section>","protected":false},"excerpt":{"rendered":"<p>Bourse Frank Cullen NOUS CONTACTER Bourse Frank Cullen \u201cNotre entreprise ne serait rien sans son effectif. Bien que nous comptions d\u00e9sormais plus de 2 500 employ\u00e9s, nous travaillons tous dans la m\u00eame \u00e9quipe, celle de CCS. Frank Cullen est l\u2019ancien directeur g\u00e9n\u00e9ral de l\u2019entreprise ; il est d\u00e9c\u00e9d\u00e9 en 2011. Frank a fait valoir dans&#8230;  <a href=\"https:\/\/ccscleaning.com\/fr\/frank-cullen-bursary-fund\/\" class=\"more-link\" title=\"Read Frank Cullen Bursary Fund\">Read more &raquo;<\/a><\/p>\n","protected":false},"author":1,"featured_media":0,"parent":0,"menu_order":0,"comment_status":"closed","ping_status":"closed","template":"","meta":{"footnotes":""},"class_list":["post-6952","page","type-page","status-publish","hentry"],"yoast_head":"<!-- This site is optimized with the Yoast SEO plugin v27.1.1 - https:\/\/yoast.com\/product\/yoast-seo-wordpress\/ -->\n<title>Frank Cullen Bursary Fonds - CCS<\/title>\n<meta name=\"description\" content=\"Cette communaut\u00e9 caritative a \u00e9t\u00e9 nomm\u00e9e d&#039;apr\u00e8s l&#039;ancien directeur g\u00e9n\u00e9ral de la SCC - Frank Cullen. L&#039;organisme de bienfaisance recueille de l&#039;argent pour les pauvres de la soci\u00e9t\u00e9.\" \/>\n<meta name=\"robots\" content=\"index, follow, max-snippet:-1, max-image-preview:large, max-video-preview:-1\" \/>\n<link rel=\"canonical\" href=\"https:\/\/ccscleaning.com\/fr\/frank-cullen-bursary-fund\/\" \/>\n<meta property=\"og:locale\" content=\"fr_FR\" \/>\n<meta property=\"og:type\" content=\"article\" \/>\n<meta property=\"og:title\" content=\"Frank Cullen Bursary Fonds - CCS\" \/>\n<meta property=\"og:description\" content=\"Cette communaut\u00e9 caritative a \u00e9t\u00e9 nomm\u00e9e d&#039;apr\u00e8s l&#039;ancien directeur g\u00e9n\u00e9ral de la SCC - Frank Cullen. L&#039;organisme de bienfaisance recueille de l&#039;argent pour les pauvres de la soci\u00e9t\u00e9.\" \/>\n<meta property=\"og:url\" content=\"https:\/\/ccscleaning.com\/fr\/frank-cullen-bursary-fund\/\" \/>\n<meta property=\"og:site_name\" content=\"CCS Cleaning French\" \/>\n<meta property=\"article:modified_time\" content=\"2025-08-19T09:12:46+00:00\" \/>\n<meta property=\"og:image\" content=\"https:\/\/ccscleaning.com\/wp-content\/uploads\/2019\/09\/frank-cullen-bursary-fund-banner.jpg\" \/>\n<meta name=\"twitter:card\" content=\"summary_large_image\" \/>\n<!-- \/ Yoast SEO plugin. -->","yoast_head_json":{"title":"Frank Cullen Bursary Fonds - CCS","description":"Cette communaut\u00e9 caritative a \u00e9t\u00e9 nomm\u00e9e d'apr\u00e8s l'ancien directeur g\u00e9n\u00e9ral de la SCC - Frank Cullen. L'organisme de bienfaisance recueille de l'argent pour les pauvres de la soci\u00e9t\u00e9.","robots":{"index":"index","follow":"follow","max-snippet":"max-snippet:-1","max-image-preview":"max-image-preview:large","max-video-preview":"max-video-preview:-1"},"canonical":"https:\/\/ccscleaning.com\/fr\/frank-cullen-bursary-fund\/","og_locale":"fr_FR","og_type":"article","og_title":"Frank Cullen Bursary Fonds - CCS","og_description":"Cette communaut\u00e9 caritative a \u00e9t\u00e9 nomm\u00e9e d'apr\u00e8s l'ancien directeur g\u00e9n\u00e9ral de la SCC - Frank Cullen. L'organisme de bienfaisance recueille de l'argent pour les pauvres de la soci\u00e9t\u00e9.","og_url":"https:\/\/ccscleaning.com\/fr\/frank-cullen-bursary-fund\/","og_site_name":"CCS Cleaning French","article_modified_time":"2025-08-19T09:12:46+00:00","og_image":[{"url":"https:\/\/ccscleaning.com\/wp-content\/uploads\/2019\/09\/frank-cullen-bursary-fund-banner.jpg","type":"","width":"","height":""}],"twitter_card":"summary_large_image","schema":{"@context":"https:\/\/schema.org","@graph":[{"@type":"WebPage","@id":"https:\/\/ccscleaning.com\/fr\/frank-cullen-bursary-fund\/","url":"https:\/\/ccscleaning.com\/fr\/frank-cullen-bursary-fund\/","name":"Frank Cullen Bursary Fonds - CCS","isPartOf":{"@id":"https:\/\/ccscleaning.com\/fr\/#website"},"primaryImageOfPage":{"@id":"https:\/\/ccscleaning.com\/fr\/frank-cullen-bursary-fund\/#primaryimage"},"image":{"@id":"https:\/\/ccscleaning.com\/fr\/frank-cullen-bursary-fund\/#primaryimage"},"thumbnailUrl":"https:\/\/ccscleaning.com\/wp-content\/uploads\/2019\/09\/frank-cullen-bursary-fund-banner.jpg","datePublished":"2025-03-21T13:36:56+00:00","dateModified":"2025-08-19T09:12:46+00:00","description":"Cette communaut\u00e9 caritative a \u00e9t\u00e9 nomm\u00e9e d'apr\u00e8s l'ancien directeur g\u00e9n\u00e9ral de la SCC - Frank Cullen. L'organisme de bienfaisance recueille de l'argent pour les pauvres de la soci\u00e9t\u00e9.","breadcrumb":{"@id":"https:\/\/ccscleaning.com\/fr\/frank-cullen-bursary-fund\/#breadcrumb"},"inLanguage":"fr-FR","potentialAction":[{"@type":"ReadAction","target":["https:\/\/ccscleaning.com\/fr\/frank-cullen-bursary-fund\/"]}]},{"@type":"ImageObject","inLanguage":"fr-FR","@id":"https:\/\/ccscleaning.com\/fr\/frank-cullen-bursary-fund\/#primaryimage","url":"https:\/\/ccscleaning.com\/wp-content\/uploads\/2019\/09\/frank-cullen-bursary-fund-banner.jpg","contentUrl":"https:\/\/ccscleaning.com\/wp-content\/uploads\/2019\/09\/frank-cullen-bursary-fund-banner.jpg"},{"@type":"BreadcrumbList","@id":"https:\/\/ccscleaning.com\/fr\/frank-cullen-bursary-fund\/#breadcrumb","itemListElement":[{"@type":"ListItem","position":1,"name":"Accueil","item":"https:\/\/ccscleaning.com\/fr\/"},{"@type":"ListItem","position":2,"name":"Frank Cullen Bursary Fund"}]},{"@type":"WebSite","@id":"https:\/\/ccscleaning.com\/fr\/#website","url":"https:\/\/ccscleaning.com\/fr\/","name":"CCS Cleaning French","description":"","potentialAction":[{"@type":"SearchAction","target":{"@type":"EntryPoint","urlTemplate":"https:\/\/ccscleaning.com\/fr\/?s={search_term_string}"},"query-input":{"@type":"PropertyValueSpecification","valueRequired":true,"valueName":"search_term_string"}}],"inLanguage":"fr-FR"}]}},"acf":[],"_links":{"self":[{"href":"https:\/\/ccscleaning.com\/fr\/wp-json\/wp\/v2\/pages\/6952","targetHints":{"allow":["GET"]}}],"collection":[{"href":"https:\/\/ccscleaning.com\/fr\/wp-json\/wp\/v2\/pages"}],"about":[{"href":"https:\/\/ccscleaning.com\/fr\/wp-json\/wp\/v2\/types\/page"}],"author":[{"embeddable":true,"href":"https:\/\/ccscleaning.com\/fr\/wp-json\/wp\/v2\/users\/1"}],"replies":[{"embeddable":true,"href":"https:\/\/ccscleaning.com\/fr\/wp-json\/wp\/v2\/comments?post=6952"}],"version-history":[{"count":1,"href":"https:\/\/ccscleaning.com\/fr\/wp-json\/wp\/v2\/pages\/6952\/revisions"}],"predecessor-version":[{"id":6953,"href":"https:\/\/ccscleaning.com\/fr\/wp-json\/wp\/v2\/pages\/6952\/revisions\/6953"}],"wp:attachment":[{"href":"https:\/\/ccscleaning.com\/fr\/wp-json\/wp\/v2\/media?parent=6952"}],"curies":[{"name":"wp","href":"https:\/\/api.w.org\/{rel}","templated":true}]}}