{"id":6955,"date":"2025-03-21T13:40:16","date_gmt":"2025-03-21T13:40:16","guid":{"rendered":"https:\/\/ccscleaning.com\/fr\/?page_id=6955"},"modified":"2025-08-19T09:12:45","modified_gmt":"2025-08-19T09:12:45","slug":"ecovadis","status":"publish","type":"page","link":"https:\/\/ccscleaning.com\/fr\/ecovadis\/","title":{"rendered":"Ecovadis"},"content":{"rendered":"<section class=\"welcome-ccs csr-casestudy-afterbanner covad\">\r\n<div class=\"container\">\r\n<div class=\"row\">\r\n<div class=\"col-lg-8 col-sm-7\">\r\n<h2>Communiqu\u00e9 de presse Ecovadis<\/h2>\r\n<p>Agnieszka et toute l\u2019\u00e9quipe de CCS sont fiers d\u2019annoncer que nous avons obtenu une m\u00e9daille d\u2019or Ecovadis. Cette distinction signifie que nous figurons fi\u00e8rement parmi les 5% des entreprises \u00e9valu\u00e9es par Ecovadis, qui sont maintenant plus de 100 000.<\/p>\r\n<div class=\"btn-sec\">\r\n<a href=\"https:\/\/ccscleaning.com\/contact-us\/\" class=\"btns-link\">CONTACT US TODAY<\/a>\r\n<a href=\"https:\/\/ccscleaning.com\/cleaning-services\/\" class=\"btns-link\">Our Services<\/a>\r\n<\/div>\r\n<\/div>\r\n<div class=\"col-lg-4 col-sm-5\">\r\n<div class=\"proposal-result-sec\">\r\n<h3>Other Marketplace Polices and Practices<\/h3>\r\n<ul>\r\n<li><a href=\"https:\/\/ccscleaning.com\/green-office\/\">Green Office<\/a><\/li>\r\n<li><a href=\"https:\/\/ccscleaning.com\/local-green-initiatives\/\">Local Green Initiatives<\/a><\/li>\r\n<\/ul>\r\n<\/div>\r\n<\/div>\r\n<\/div>\r\n<\/div>\r\n<\/section>\r\n<section class=\"csr-casestudy-content\">\r\n<div class=\"container\">\r\n<div class=\"row\">\r\n<fieldset>\r\n<div class=\"col-lg-6 col-sm-7\">\r\n<p>La m\u00e9thodologie d\u2019Ecovadis repose sur des normes internationales de durabilit\u00e9, notamment l\u2019Initiative mondiale de reporting, le Pacte mondial des Nations Unies et l\u2019ISO 26000, couvrant plus de 200 cat\u00e9gories de d\u00e9penses et plus de 175 pays.<\/p>\r\n<p>Ils sont le plus grand et le plus fiable fournisseur mondial d\u2019\u00e9valuations de durabilit\u00e9 des entreprises. L\u2019\u00e9valuation d\u2019Ecovadis examine dans quelle mesure une entreprise a int\u00e9gr\u00e9 les principes de durabilit\u00e9 et de responsabilit\u00e9 sociale des entreprises (RSE) dans quatre domaines principaux : l\u2019environnement, le travail et les droits de l\u2019homme, l\u2019\u00e9thique et les achats durables.<\/p>\r\n<p>Cette m\u00e9daille illustre parfaitement l\u2019engagement de CCS en faveur de pratiques de nettoyage durables et des mesures que nous avons prises pour les atteindre. Nous accordons non seulement la priorit\u00e9 \u00e0 l\u2019utilisation de solutions de nettoyage durables et d\u2019\u00e9quipements, mais nous sommes \u00e9galement conscients de l\u2019environnement \u00e0 chaque \u00e9tape de notre cha\u00eene d\u2019approvisionnement.<\/p>\r\n<p>Une \u00e9valuation Ecovadis Gold d\u00e9montre \u00e9galement notre d\u00e9vouement \u00e0 la cr\u00e9ation d\u2019un environnement de travail \u00e9thique et \u00e9quitable pour tous les membres de notre \u00e9quipe dans les huit pays o\u00f9 nous sommes pr\u00e9sents.<\/p>\r\n<p>CCS est ravi d\u2019avoir atteint cette \u00e9tape importante ; la m\u00e9daille d\u2019or Ecovadis est une preuve concr\u00e8te de notre engagement ind\u00e9fectible envers la durabilit\u00e9 et les pratiques commerciales responsables, maintenant et \u00e0 l\u2019avenir.<\/p>\r\n<\/div>\r\n<div class=\"col-lg-6 col-sm-5\">\r\n<div class=\"csr-casestudy-pic\"><img decoding=\"async\" src=\"https:\/\/ccscleaning.com\/wp-content\/uploads\/2023\/05\/image_2023_05_30T09_54_48_868Z.png\" class=\"img-fluid\" alt=\"\" \/><\/div>\r\n<br>\r\n<div class=\"csr-casestudy-pic\"><img decoding=\"async\" src=\"https:\/\/ccscleaning.com\/wp-content\/uploads\/2023\/05\/6-1-scaled.jpg\" class=\"img-fluid\" alt=\"\" \/><\/div>\r\n<\/div>\r\n<div class=\"clearfix\"><\/div>\r\n<\/fieldset>\r\n<\/div>\r\n<\/div>\r\n<\/section>","protected":false},"excerpt":{"rendered":"<p>Communiqu\u00e9 de presse Ecovadis Agnieszka et toute l\u2019\u00e9quipe de CCS sont fiers d\u2019annoncer que nous avons obtenu une m\u00e9daille d\u2019or Ecovadis. Cette distinction signifie que nous figurons fi\u00e8rement parmi les 5% des entreprises \u00e9valu\u00e9es par Ecovadis, qui sont maintenant plus de 100 000. CONTACT US TODAY Our Services Other Marketplace Polices and Practices Green Office&#8230;  <a href=\"https:\/\/ccscleaning.com\/fr\/ecovadis\/\" class=\"more-link\" title=\"Read Ecovadis\">Read more &raquo;<\/a><\/p>\n","protected":false},"author":1,"featured_media":0,"parent":0,"menu_order":0,"comment_status":"closed","ping_status":"closed","template":"","meta":{"footnotes":""},"class_list":["post-6955","page","type-page","status-publish","hentry"],"yoast_head":"<!-- This site is optimized with the Yoast SEO plugin v27.1.1 - https:\/\/yoast.com\/product\/yoast-seo-wordpress\/ -->\n<title>CCS obtient la m\u00e9daille d&#039;or Ecovadis pour l&#039;excellence durable<\/title>\n<meta name=\"description\" content=\"CCS a obtenu la prestigieuse m\u00e9daille d&#039;or Ecovadis. D\u00e9couvrez comment nos solutions de nettoyage durables et notre environnement de travail \u00e9thique nous distinguent.\" \/>\n<meta name=\"robots\" content=\"index, follow, max-snippet:-1, max-image-preview:large, max-video-preview:-1\" \/>\n<link rel=\"canonical\" href=\"https:\/\/ccscleaning.com\/fr\/ecovadis\/\" \/>\n<meta property=\"og:locale\" content=\"fr_FR\" \/>\n<meta property=\"og:type\" content=\"article\" \/>\n<meta property=\"og:title\" content=\"CCS obtient la m\u00e9daille d&#039;or Ecovadis pour l&#039;excellence durable\" \/>\n<meta property=\"og:description\" content=\"CCS a obtenu la prestigieuse m\u00e9daille d&#039;or Ecovadis. D\u00e9couvrez comment nos solutions de nettoyage durables et notre environnement de travail \u00e9thique nous distinguent.\" \/>\n<meta property=\"og:url\" content=\"https:\/\/ccscleaning.com\/fr\/ecovadis\/\" \/>\n<meta property=\"og:site_name\" content=\"CCS Cleaning French\" \/>\n<meta property=\"article:modified_time\" content=\"2025-08-19T09:12:45+00:00\" \/>\n<meta property=\"og:image\" content=\"https:\/\/ccscleaning.com\/wp-content\/uploads\/2023\/05\/image_2023_05_30T09_54_48_868Z.png\" \/>\n<meta name=\"twitter:card\" content=\"summary_large_image\" \/>\n<meta name=\"twitter:label1\" content=\"Est. reading time\" \/>\n\t<meta name=\"twitter:data1\" content=\"3 minutes\" \/>\n<!-- \/ Yoast SEO plugin. -->","yoast_head_json":{"title":"CCS obtient la m\u00e9daille d'or Ecovadis pour l'excellence durable","description":"CCS a obtenu la prestigieuse m\u00e9daille d'or Ecovadis. D\u00e9couvrez comment nos solutions de nettoyage durables et notre environnement de travail \u00e9thique nous distinguent.","robots":{"index":"index","follow":"follow","max-snippet":"max-snippet:-1","max-image-preview":"max-image-preview:large","max-video-preview":"max-video-preview:-1"},"canonical":"https:\/\/ccscleaning.com\/fr\/ecovadis\/","og_locale":"fr_FR","og_type":"article","og_title":"CCS obtient la m\u00e9daille d'or Ecovadis pour l'excellence durable","og_description":"CCS a obtenu la prestigieuse m\u00e9daille d'or Ecovadis. D\u00e9couvrez comment nos solutions de nettoyage durables et notre environnement de travail \u00e9thique nous distinguent.","og_url":"https:\/\/ccscleaning.com\/fr\/ecovadis\/","og_site_name":"CCS Cleaning French","article_modified_time":"2025-08-19T09:12:45+00:00","og_image":[{"url":"https:\/\/ccscleaning.com\/wp-content\/uploads\/2023\/05\/image_2023_05_30T09_54_48_868Z.png","type":"","width":"","height":""}],"twitter_card":"summary_large_image","twitter_misc":{"Est. reading time":"3 minutes"},"schema":{"@context":"https:\/\/schema.org","@graph":[{"@type":"WebPage","@id":"https:\/\/ccscleaning.com\/fr\/ecovadis\/","url":"https:\/\/ccscleaning.com\/fr\/ecovadis\/","name":"CCS obtient la m\u00e9daille d'or Ecovadis pour l'excellence durable","isPartOf":{"@id":"https:\/\/ccscleaning.com\/fr\/#website"},"primaryImageOfPage":{"@id":"https:\/\/ccscleaning.com\/fr\/ecovadis\/#primaryimage"},"image":{"@id":"https:\/\/ccscleaning.com\/fr\/ecovadis\/#primaryimage"},"thumbnailUrl":"https:\/\/ccscleaning.com\/wp-content\/uploads\/2023\/05\/image_2023_05_30T09_54_48_868Z.png","datePublished":"2025-03-21T13:40:16+00:00","dateModified":"2025-08-19T09:12:45+00:00","description":"CCS a obtenu la prestigieuse m\u00e9daille d'or Ecovadis. D\u00e9couvrez comment nos solutions de nettoyage durables et notre environnement de travail \u00e9thique nous distinguent.","breadcrumb":{"@id":"https:\/\/ccscleaning.com\/fr\/ecovadis\/#breadcrumb"},"inLanguage":"fr-FR","potentialAction":[{"@type":"ReadAction","target":["https:\/\/ccscleaning.com\/fr\/ecovadis\/"]}]},{"@type":"ImageObject","inLanguage":"fr-FR","@id":"https:\/\/ccscleaning.com\/fr\/ecovadis\/#primaryimage","url":"https:\/\/ccscleaning.com\/wp-content\/uploads\/2023\/05\/image_2023_05_30T09_54_48_868Z.png","contentUrl":"https:\/\/ccscleaning.com\/wp-content\/uploads\/2023\/05\/image_2023_05_30T09_54_48_868Z.png"},{"@type":"BreadcrumbList","@id":"https:\/\/ccscleaning.com\/fr\/ecovadis\/#breadcrumb","itemListElement":[{"@type":"ListItem","position":1,"name":"Accueil","item":"https:\/\/ccscleaning.com\/fr\/"},{"@type":"ListItem","position":2,"name":"Ecovadis"}]},{"@type":"WebSite","@id":"https:\/\/ccscleaning.com\/fr\/#website","url":"https:\/\/ccscleaning.com\/fr\/","name":"CCS Cleaning French","description":"","potentialAction":[{"@type":"SearchAction","target":{"@type":"EntryPoint","urlTemplate":"https:\/\/ccscleaning.com\/fr\/?s={search_term_string}"},"query-input":{"@type":"PropertyValueSpecification","valueRequired":true,"valueName":"search_term_string"}}],"inLanguage":"fr-FR"}]}},"acf":[],"_links":{"self":[{"href":"https:\/\/ccscleaning.com\/fr\/wp-json\/wp\/v2\/pages\/6955","targetHints":{"allow":["GET"]}}],"collection":[{"href":"https:\/\/ccscleaning.com\/fr\/wp-json\/wp\/v2\/pages"}],"about":[{"href":"https:\/\/ccscleaning.com\/fr\/wp-json\/wp\/v2\/types\/page"}],"author":[{"embeddable":true,"href":"https:\/\/ccscleaning.com\/fr\/wp-json\/wp\/v2\/users\/1"}],"replies":[{"embeddable":true,"href":"https:\/\/ccscleaning.com\/fr\/wp-json\/wp\/v2\/comments?post=6955"}],"version-history":[{"count":3,"href":"https:\/\/ccscleaning.com\/fr\/wp-json\/wp\/v2\/pages\/6955\/revisions"}],"predecessor-version":[{"id":7203,"href":"https:\/\/ccscleaning.com\/fr\/wp-json\/wp\/v2\/pages\/6955\/revisions\/7203"}],"wp:attachment":[{"href":"https:\/\/ccscleaning.com\/fr\/wp-json\/wp\/v2\/media?parent=6955"}],"curies":[{"name":"wp","href":"https:\/\/api.w.org\/{rel}","templated":true}]}}