{"id":41,"date":"2018-10-03T07:31:14","date_gmt":"2018-10-03T07:31:14","guid":{"rendered":"https:\/\/ccscleaning.com\/?page_id=41"},"modified":"2025-08-19T09:13:21","modified_gmt":"2025-08-19T09:13:21","slug":"smart-training","status":"publish","type":"page","link":"https:\/\/ccscleaning.com\/nl\/smart-training\/","title":{"rendered":"Training"},"content":{"rendered":"<div class=\"smteam\">\r\n<div class=\"container\">\r\n<div class=\"row\">\r\n<div class=\"innerpage-content center\">\r\n<h2>STRAALEND. VOORBEELD<\/h2>\r\n<p>CCS heeft een eigen trainingsfaciliteit, die zowel theoretische als praktische training biedt. Wij zijn lid van de EFCI, ISSA en hebben samengewerkt met de London Cleaning Academy. CCS Cleaning Services heeft accreditaties behaald voor onze industri\u00eble en initi\u00eble schoonmaakteams.<\/p>\r\n<\/br>\r\n<h2>VEILIG. ZEKER.<\/h2>\r\n<p>CCS gebruikt interne screeningsprocedures om alle potenti\u00eble kandidaten te controleren. Alle identificatie- en referentiedocumenten worden geverifieerd tijdens het wervingsproces.<\/p>\r\n<\/br>\r\n<\/div>\r\n<\/div>\r\n<\/div>\r\n<\/div>","protected":false},"excerpt":{"rendered":"<p>STRAALEND. VOORBEELD CCS heeft een eigen trainingsfaciliteit, die zowel theoretische als praktische training biedt. Wij zijn lid van de EFCI, ISSA en hebben samengewerkt met de London Cleaning Academy. CCS Cleaning Services heeft accreditaties behaald voor onze industri\u00eble en initi\u00eble schoonmaakteams. VEILIG. ZEKER. CCS gebruikt interne screeningsprocedures om alle potenti\u00eble kandidaten te controleren. Alle identificatie-&#8230;  <a href=\"https:\/\/ccscleaning.com\/nl\/smart-training\/\" class=\"more-link\" title=\"Read Training\">Read more &raquo;<\/a><\/p>\n","protected":false},"author":1,"featured_media":0,"parent":0,"menu_order":0,"comment_status":"closed","ping_status":"closed","template":"","meta":{"footnotes":""},"class_list":["post-41","page","type-page","status-publish","hentry"],"yoast_head":"<!-- This site is optimized with the Yoast SEO plugin v27.1.1 - https:\/\/yoast.com\/product\/yoast-seo-wordpress\/ -->\n<title>Slimme training in commerci\u00eble reiniging - CCS Cleaning<\/title>\n<meta name=\"description\" content=\"Sluit je aan bij een slim trainingsprogramma van CCS Cleaning, wees professioneel gecertificeerd. Bel @ + 44-1618209967 voor praktische training.\" \/>\n<meta name=\"robots\" content=\"index, follow, max-snippet:-1, max-image-preview:large, max-video-preview:-1\" \/>\n<link rel=\"canonical\" href=\"https:\/\/ccscleaning.com\/nl\/smart-training\/\" \/>\n<meta property=\"og:locale\" content=\"nl_NL\" \/>\n<meta property=\"og:type\" content=\"article\" \/>\n<meta property=\"og:title\" content=\"Slimme training in commerci\u00eble reiniging - CCS Cleaning\" \/>\n<meta property=\"og:description\" content=\"Sluit je aan bij een slim trainingsprogramma van CCS Cleaning, wees professioneel gecertificeerd. Bel @ + 44-1618209967 voor praktische training.\" \/>\n<meta property=\"og:url\" content=\"https:\/\/ccscleaning.com\/nl\/smart-training\/\" \/>\n<meta property=\"og:site_name\" content=\"CCS Cleaning Dutch\" \/>\n<meta property=\"article:modified_time\" content=\"2025-08-19T09:13:21+00:00\" \/>\n<meta name=\"twitter:card\" content=\"summary_large_image\" \/>\n<meta name=\"twitter:label1\" content=\"Est. reading time\" \/>\n\t<meta name=\"twitter:data1\" content=\"1 minuut\" \/>\n<!-- \/ Yoast SEO plugin. -->","yoast_head_json":{"title":"Slimme training in commerci\u00eble reiniging - CCS Cleaning","description":"Sluit je aan bij een slim trainingsprogramma van CCS Cleaning, wees professioneel gecertificeerd. Bel @ + 44-1618209967 voor praktische training.","robots":{"index":"index","follow":"follow","max-snippet":"max-snippet:-1","max-image-preview":"max-image-preview:large","max-video-preview":"max-video-preview:-1"},"canonical":"https:\/\/ccscleaning.com\/nl\/smart-training\/","og_locale":"nl_NL","og_type":"article","og_title":"Slimme training in commerci\u00eble reiniging - CCS Cleaning","og_description":"Sluit je aan bij een slim trainingsprogramma van CCS Cleaning, wees professioneel gecertificeerd. Bel @ + 44-1618209967 voor praktische training.","og_url":"https:\/\/ccscleaning.com\/nl\/smart-training\/","og_site_name":"CCS Cleaning Dutch","article_modified_time":"2025-08-19T09:13:21+00:00","twitter_card":"summary_large_image","twitter_misc":{"Est. reading time":"1 minuut"},"schema":{"@context":"https:\/\/schema.org","@graph":[{"@type":"WebPage","@id":"https:\/\/ccscleaning.com\/nl\/smart-training\/","url":"https:\/\/ccscleaning.com\/nl\/smart-training\/","name":"Slimme training in commerci\u00eble reiniging - CCS Cleaning","isPartOf":{"@id":"https:\/\/ccscleaning.com\/nl\/#website"},"datePublished":"2018-10-03T07:31:14+00:00","dateModified":"2025-08-19T09:13:21+00:00","description":"Sluit je aan bij een slim trainingsprogramma van CCS Cleaning, wees professioneel gecertificeerd. Bel @ + 44-1618209967 voor praktische training.","breadcrumb":{"@id":"https:\/\/ccscleaning.com\/nl\/smart-training\/#breadcrumb"},"inLanguage":"nl-NL","potentialAction":[{"@type":"ReadAction","target":["https:\/\/ccscleaning.com\/nl\/smart-training\/"]}]},{"@type":"BreadcrumbList","@id":"https:\/\/ccscleaning.com\/nl\/smart-training\/#breadcrumb","itemListElement":[{"@type":"ListItem","position":1,"name":"Home","item":"https:\/\/ccscleaning.com\/nl\/"},{"@type":"ListItem","position":2,"name":"Training"}]},{"@type":"WebSite","@id":"https:\/\/ccscleaning.com\/nl\/#website","url":"https:\/\/ccscleaning.com\/nl\/","name":"CCS Cleaning Dutch","description":"","potentialAction":[{"@type":"SearchAction","target":{"@type":"EntryPoint","urlTemplate":"https:\/\/ccscleaning.com\/nl\/?s={search_term_string}"},"query-input":{"@type":"PropertyValueSpecification","valueRequired":true,"valueName":"search_term_string"}}],"inLanguage":"nl-NL"}]}},"acf":[],"_links":{"self":[{"href":"https:\/\/ccscleaning.com\/nl\/wp-json\/wp\/v2\/pages\/41","targetHints":{"allow":["GET"]}}],"collection":[{"href":"https:\/\/ccscleaning.com\/nl\/wp-json\/wp\/v2\/pages"}],"about":[{"href":"https:\/\/ccscleaning.com\/nl\/wp-json\/wp\/v2\/types\/page"}],"author":[{"embeddable":true,"href":"https:\/\/ccscleaning.com\/nl\/wp-json\/wp\/v2\/users\/1"}],"replies":[{"embeddable":true,"href":"https:\/\/ccscleaning.com\/nl\/wp-json\/wp\/v2\/comments?post=41"}],"version-history":[{"count":2,"href":"https:\/\/ccscleaning.com\/nl\/wp-json\/wp\/v2\/pages\/41\/revisions"}],"predecessor-version":[{"id":7286,"href":"https:\/\/ccscleaning.com\/nl\/wp-json\/wp\/v2\/pages\/41\/revisions\/7286"}],"wp:attachment":[{"href":"https:\/\/ccscleaning.com\/nl\/wp-json\/wp\/v2\/media?parent=41"}],"curies":[{"name":"wp","href":"https:\/\/api.w.org\/{rel}","templated":true}]}}