{"id":4501,"date":"2020-04-30T13:35:44","date_gmt":"2020-04-30T13:35:44","guid":{"rendered":"https:\/\/ccscleaning.com\/?page_id=4501"},"modified":"2025-08-19T09:13:17","modified_gmt":"2025-08-19T09:13:17","slug":"covid-19-cleaning-services","status":"publish","type":"page","link":"https:\/\/ccscleaning.com\/nl\/covid-19-cleaning-services\/","title":{"rendered":"COVID 19"},"content":{"rendered":"<div class=\"new-cov\">\r\n<div class=\"container\">\r\n<div class=\"row\">\r\n<div class=\"covid-wrap\">\r\n<div class=\"row cont-sec\">\r\n<div class=\"col-custm col-contn\">\r\n<h3>Hoe CCS inspeelt op COVID-19<\/h3>\r\n<p>Sinds de wereldwijde pandemie begon is onze manier van werken sterk veranderd. Onze prioriteit is het beschermen van onze teams, klanten en het algemeen publiek. We volgen de WHO-richtlijnen en de lokale wetgeving van alle landen waarin we werken.<\/p>\r\n<p>E\u00e9n ding dat we in deze pandemie hebben opgemerkt is het enorme gevoel van samenwerking en saamhorigheid binnen onze teams. Veel van onze mensen maken een planning en treffen de nodige voorbereiding zodat al onze teams weer goed op het werk kunnen terugkeren.<\/p>\r\n<p>Deze pandemie heeft nogmaals benadrukt wat een onvervangbare en belangrijke rol schoonmakers in ons leven spelen. CCS is erg trots op onze teams die hun aandeel leveren voor het bewaken van de hygiene standaarden en het tot halt roepen van de verspreiding van het virus in deze crisis.<\/p>\r\n<div class=\"covid-btn-sec\">\r\n<a href=\"#contact-section\" class=\"cta-btn\">Contact Us<\/a>\r\n<a href=\"https:\/\/ccscleaning.com\/nl\/cleaning-services\/\" class=\"cta-btn bg-blue\" target=\"_blank\" rel=\"noopener noreferrer\">Our Services<\/a>\r\n<\/div>\r\n<\/div>\r\n<div class=\"col-custm col-imge\"><img loading=\"lazy\" decoding=\"async\" width=\"665\" height=\"359\" src=\"https:\/\/ccscleaning.com\/nl\/wp-content\/uploads\/sites\/4\/2020\/05\/covid-19-virus-shield-mask.jpg\" alt=\"covid-19 Virus Shield Mask\" class=\"alignright size-full wp-image-4573 img-fluid\" srcset=\"https:\/\/ccscleaning.com\/nl\/wp-content\/uploads\/sites\/4\/2020\/05\/covid-19-virus-shield-mask.jpg 665w, https:\/\/ccscleaning.com\/nl\/wp-content\/uploads\/sites\/4\/2020\/05\/covid-19-virus-shield-mask-300x162.jpg 300w\" sizes=\"auto, (max-width: 665px) 100vw, 665px\" \/> <\/div>\r\n<\/div>\r\n<div class=\"row cont-sec\">\r\n<div class=\"col-custm col-imge\"><img loading=\"lazy\" decoding=\"async\" width=\"332\" height=\"230\" src=\"https:\/\/ccscleaning.com\/nl\/wp-content\/uploads\/sites\/4\/2020\/05\/coronavirus-virus-shield-mask.jpg\" alt=\"Coronavirus Virus Shield Mask\" class=\"alignright size-full wp-image-4574 img-fluid\" srcset=\"https:\/\/ccscleaning.com\/nl\/wp-content\/uploads\/sites\/4\/2020\/05\/coronavirus-virus-shield-mask.jpg 332w, https:\/\/ccscleaning.com\/nl\/wp-content\/uploads\/sites\/4\/2020\/05\/coronavirus-virus-shield-mask-300x208.jpg 300w\" sizes=\"auto, (max-width: 332px) 100vw, 332px\" \/><\/div>\r\n<div class=\"col-custm col-contn\">\r\n<h3>CCS expertise team bij een pandemie<\/h3>\r\n<p>In voorbereiding op de extra behoeftes van onze klanten hebben de CCS-teams een GBAC-basiscursus afgerond ter versterking van onze vaardigheden en om onze kennis te vergroten van preventieve en reactieve infectie- en besmettingsbeheersmaatregelen in de huidige of potenti\u00eble uitbraaksituaties. CCS-teams zijn door het GBAC erkend in response protocol en het gebruik van persoonlijke beschermingsmiddelen.<\/p>\r\n<p>Onze specialistenteams begrijpen het grote belang van een goede schoonmaak en disinfectie, juist in deze tijd. We staan nu volledig uitgerust klaar om extra schoonmaak aan onze klanten te bieden in de komende weken als bedrijven weer opengaan.<\/p>\r\n<h3>Business Continu\u00efteitsplan<\/h3>\r\n<p>Flexibel blijven in uitdagende tijden is essentieel voor bedrijfscontinu\u00efteit. Met deze gedachte in het achterhoofd hebben onze Risk &#038; Compliance-teams in samenwerking met onze financi\u00eble afdeling gedetailleerde actiepunten binnen onze bestaande BCP gecre\u00eberd. Deze aanpassingen helpen als gids om ons voor te bereiden en te kunnen reageren op de steeds veranderende situatie.<\/p>\r\n<\/div>\r\n \r\n<\/div>\r\n<div class=\"row cont-sec\">\r\n<div class=\"col-custm col-contn\">\r\n<h3>Volgen van wereldwijde en plaatselijke ontwikkelingen<\/h3>\r\n<p>CCS begrijpt dat deze situatie zich snel verandert. Onze teams blijven op de hoogte van alle plaatselijke en wereldwijde ontwikkelingen en staan klaar om zich daarmee in overeenstemming aan te passen. We volgen de volksgezondheidsrichtlijnen van ieder land en zullen hiermee doorgaan zo lang de crisis voortduurt.<\/p>\r\n<\/div>\r\n<div class=\"col-custm col-imge\"><img loading=\"lazy\" decoding=\"async\" width=\"665\" height=\"422\" src=\"https:\/\/ccscleaning.com\/nl\/wp-content\/uploads\/sites\/4\/2020\/05\/covid-19-office-cleaning-services.jpg\" alt=\"Covid-19 Office Cleaning Services\" class=\"alignright size-full wp-image-4576 img-fluid\" srcset=\"https:\/\/ccscleaning.com\/nl\/wp-content\/uploads\/sites\/4\/2020\/05\/covid-19-office-cleaning-services.jpg 665w, https:\/\/ccscleaning.com\/nl\/wp-content\/uploads\/sites\/4\/2020\/05\/covid-19-office-cleaning-services-300x190.jpg 300w\" sizes=\"auto, (max-width: 665px) 100vw, 665px\" \/><\/div>\r\n \r\n<\/div>\r\n<div class=\"row no-bg\">\r\n<div><a href=\"https:\/\/ccscleaning.com\/contact-us\/\"><img loading=\"lazy\" decoding=\"async\" width=\"1170\" height=\"305\" src=\"https:\/\/ccscleaning.com\/nl\/wp-content\/uploads\/sites\/4\/2020\/08\/professional-disinfecting-services-1.jpg\" alt=\"Professional Disinfecting Services\" class=\"alignright size-full wp-image-4646 img-fluid\" srcset=\"https:\/\/ccscleaning.com\/nl\/wp-content\/uploads\/sites\/4\/2020\/08\/professional-disinfecting-services-1.jpg 1170w, https:\/\/ccscleaning.com\/nl\/wp-content\/uploads\/sites\/4\/2020\/08\/professional-disinfecting-services-1-300x78.jpg 300w, https:\/\/ccscleaning.com\/nl\/wp-content\/uploads\/sites\/4\/2020\/08\/professional-disinfecting-services-1-1024x267.jpg 1024w, https:\/\/ccscleaning.com\/nl\/wp-content\/uploads\/sites\/4\/2020\/08\/professional-disinfecting-services-1-768x200.jpg 768w\" sizes=\"auto, (max-width: 1170px) 100vw, 1170px\" \/><\/a><\/div>\r\n<\/div>\r\n<div class=\"row cont-sec\">\r\n<div class=\"col-custm col-contn\">\r\n<h3>Elkaar veilig houden<\/h3>\r\n<p>Iedere dag houdt ons managementteam online vergaderingen en indien nodig zijn er ontmoetingen op afstand, om ervoor te zorgen dat de zaken soepel blijven lopen en we een probleemloze schoonmaakservice kunnen leveren.<\/p>\r\n<p>De veiligheid van onze teams, klanten en bezoekers is onze eerste prioriteit. Onze schoonmakers hebben gezondheids- en veiligheidstraining gevolgd en houden zich aan de richtlijnen voor social distancing. Een uitgebreide Schoonmaak frequentie is van essentieel belang voor de veiligheid van bezoekers. CCS levert zowel standaard dagelijkse schoonmaakwerkzaamheden als grondige schoonmaak op afspraak.<\/p>\r\n<\/div>\r\n<div class=\"col-custm col-imge\"><img loading=\"lazy\" decoding=\"async\" width=\"475\" height=\"293\" src=\"https:\/\/ccscleaning.com\/nl\/wp-content\/uploads\/sites\/4\/2020\/05\/coronavirus-social-distancing-mat.jpg\" alt=\"Coronavirus Social Distancing Mat\" class=\"alignright size-full wp-image-4577 img-fluid\" srcset=\"https:\/\/ccscleaning.com\/nl\/wp-content\/uploads\/sites\/4\/2020\/05\/coronavirus-social-distancing-mat.jpg 475w, https:\/\/ccscleaning.com\/nl\/wp-content\/uploads\/sites\/4\/2020\/05\/coronavirus-social-distancing-mat-300x185.jpg 300w\" sizes=\"auto, (max-width: 475px) 100vw, 475px\" \/><\/div>\r\n<\/div>\r\n<div class=\"row cont-sec\">\r\n<div class=\"col-custm col-imge\"><img loading=\"lazy\" decoding=\"async\" width=\"665\" height=\"423\" src=\"https:\/\/ccscleaning.com\/nl\/wp-content\/uploads\/sites\/4\/2020\/05\/Team-Communication-COVID-19-Situation.jpg\" alt=\"Team Communication During COVID-19 Situation \" class=\"alignright size-full wp-image-4578 img-fluid\" srcset=\"https:\/\/ccscleaning.com\/nl\/wp-content\/uploads\/sites\/4\/2020\/05\/Team-Communication-COVID-19-Situation.jpg 665w, https:\/\/ccscleaning.com\/nl\/wp-content\/uploads\/sites\/4\/2020\/05\/Team-Communication-COVID-19-Situation-300x191.jpg 300w\" sizes=\"auto, (max-width: 665px) 100vw, 665px\" \/><\/div>\r\n<div class=\"col-custm col-contn\">\r\n<h3>Communicatie is de voornaamste sleutel<\/h3>\r\n<p>CCS begrijpt dat communicatie van essentieel belang is in vreemde tijden zoals nu. We willen dat al onze medewerkers en toekomstige klanten zich ervan bewust zijn hoe we werken en hoe we omgaan met COVID-19. CCS is trots op onze flexibiliteit en we zullen ons steeds blijven aanpassen aan de veranderende situatie. We hebben een flexibele benadering van business en communicatie. Door goed gebruik te maken van technologie en van online platforms, e-mail en mobiele communicatie blijven we in contact met al onze teams. We doen dit met elkaar samen.<\/p>\r\n<\/div>\r\n<\/div>\r\n<div class=\"row cont-sec\">\r\n<div class=\"col-custm col-contn\">\r\n<h3>Zelfvoorzienend blijven<\/h3>\r\n<p>CCS heeft geen problemen met zijn bevoorrading. Onze strategische afstemming binnen onze bedrijfsgroep zorgt ervoor dat we zelfvoorzienend zijn op het gebied van alle schoonmaakmiddelen en oplossingen.<\/p>\r\n<h3>Onze focus op klanten<\/h3>\r\n<p>Dit is een uitdagende tijd voor iedereen, en we begrijpen dat de behoeftes van onze klanten veranderd kunnen zijn. CCS is trots op onze flexibiliteit en zal zich aanpassen aan de veranderende eisen van onze klanten. Onze teams zullen uw bedrijf steunen terwijl u zich aanpast aan deze tijd.<\/p>\r\n<\/div>\r\n<div class=\"col-custm col-imge\"><img loading=\"lazy\" decoding=\"async\" width=\"475\" height=\"343\" src=\"https:\/\/ccscleaning.com\/nl\/wp-content\/uploads\/sites\/4\/2020\/05\/cleaning-equipment-and-solutions.jpg\" alt=\"Cleaning Equipment and Solutions\" class=\"alignright size-full wp-image-4579 img-fluid\" srcset=\"https:\/\/ccscleaning.com\/nl\/wp-content\/uploads\/sites\/4\/2020\/05\/cleaning-equipment-and-solutions.jpg 475w, https:\/\/ccscleaning.com\/nl\/wp-content\/uploads\/sites\/4\/2020\/05\/cleaning-equipment-and-solutions-300x217.jpg 300w\" sizes=\"auto, (max-width: 475px) 100vw, 475px\" \/><\/div>\r\n<\/div>\r\n<\/div>\r\n<\/div>\r\n<\/div>\r\n<\/div>","protected":false},"excerpt":{"rendered":"<p>Hoe CCS inspeelt op COVID-19 Sinds de wereldwijde pandemie begon is onze manier van werken sterk veranderd. Onze prioriteit is het beschermen van onze teams, klanten en het algemeen publiek. We volgen de WHO-richtlijnen en de lokale wetgeving van alle landen waarin we werken. E\u00e9n ding dat we in deze pandemie hebben opgemerkt is het&#8230;  <a href=\"https:\/\/ccscleaning.com\/nl\/covid-19-cleaning-services\/\" class=\"more-link\" title=\"Read COVID 19\">Read more &raquo;<\/a><\/p>\n","protected":false},"author":1,"featured_media":4572,"parent":0,"menu_order":0,"comment_status":"closed","ping_status":"closed","template":"","meta":{"footnotes":""},"class_list":["post-4501","page","type-page","status-publish","has-post-thumbnail","hentry"],"yoast_head":"<!-- This site is optimized with the Yoast SEO plugin v27.1.1 - https:\/\/yoast.com\/product\/yoast-seo-wordpress\/ -->\n<title>Coronavirus Diepe Schoonmaak Diensten | CCS<\/title>\n<meta name=\"description\" content=\"CCS Cleaning aanbiedingen coronavirus diepe schoonmaak diensten voor kantoren &amp; industrie\u00ebn. Neem vandaag nog contact met ons op voor covid-19 desinfectie diensten.\" \/>\n<meta name=\"robots\" content=\"index, follow, max-snippet:-1, max-image-preview:large, max-video-preview:-1\" \/>\n<link rel=\"canonical\" href=\"https:\/\/ccscleaning.com\/nl\/covid-19-cleaning-services\/\" \/>\n<meta property=\"og:locale\" content=\"nl_NL\" \/>\n<meta property=\"og:type\" content=\"article\" \/>\n<meta property=\"og:title\" content=\"Coronavirus Diepe Schoonmaak Diensten | CCS\" \/>\n<meta property=\"og:description\" content=\"CCS Cleaning aanbiedingen coronavirus diepe schoonmaak diensten voor kantoren &amp; industrie\u00ebn. Neem vandaag nog contact met ons op voor covid-19 desinfectie diensten.\" \/>\n<meta property=\"og:url\" content=\"https:\/\/ccscleaning.com\/nl\/covid-19-cleaning-services\/\" \/>\n<meta property=\"og:site_name\" content=\"CCS Cleaning Dutch\" \/>\n<meta property=\"article:modified_time\" content=\"2025-08-19T09:13:17+00:00\" \/>\n<meta property=\"og:image\" content=\"https:\/\/ccscleaning.com\/nl\/wp-content\/uploads\/sites\/4\/2020\/05\/coronavirus-cleaning-services-1.png\" \/>\n\t<meta property=\"og:image:width\" content=\"1366\" \/>\n\t<meta property=\"og:image:height\" content=\"360\" \/>\n\t<meta property=\"og:image:type\" content=\"image\/png\" \/>\n<meta name=\"twitter:card\" content=\"summary_large_image\" \/>\n<meta name=\"twitter:label1\" content=\"Est. reading time\" \/>\n\t<meta name=\"twitter:data1\" content=\"5 minuten\" \/>\n<!-- \/ Yoast SEO plugin. -->","yoast_head_json":{"title":"Coronavirus Diepe Schoonmaak Diensten | CCS","description":"CCS Cleaning aanbiedingen coronavirus diepe schoonmaak diensten voor kantoren & industrie\u00ebn. Neem vandaag nog contact met ons op voor covid-19 desinfectie diensten.","robots":{"index":"index","follow":"follow","max-snippet":"max-snippet:-1","max-image-preview":"max-image-preview:large","max-video-preview":"max-video-preview:-1"},"canonical":"https:\/\/ccscleaning.com\/nl\/covid-19-cleaning-services\/","og_locale":"nl_NL","og_type":"article","og_title":"Coronavirus Diepe Schoonmaak Diensten | CCS","og_description":"CCS Cleaning aanbiedingen coronavirus diepe schoonmaak diensten voor kantoren & industrie\u00ebn. Neem vandaag nog contact met ons op voor covid-19 desinfectie diensten.","og_url":"https:\/\/ccscleaning.com\/nl\/covid-19-cleaning-services\/","og_site_name":"CCS Cleaning Dutch","article_modified_time":"2025-08-19T09:13:17+00:00","og_image":[{"width":1366,"height":360,"url":"https:\/\/ccscleaning.com\/nl\/wp-content\/uploads\/sites\/4\/2020\/05\/coronavirus-cleaning-services-1.png","type":"image\/png"}],"twitter_card":"summary_large_image","twitter_misc":{"Est. reading time":"5 minuten"},"schema":{"@context":"https:\/\/schema.org","@graph":[{"@type":"WebPage","@id":"https:\/\/ccscleaning.com\/nl\/covid-19-cleaning-services\/","url":"https:\/\/ccscleaning.com\/nl\/covid-19-cleaning-services\/","name":"Coronavirus Diepe Schoonmaak Diensten | CCS","isPartOf":{"@id":"https:\/\/ccscleaning.com\/nl\/#website"},"primaryImageOfPage":{"@id":"https:\/\/ccscleaning.com\/nl\/covid-19-cleaning-services\/#primaryimage"},"image":{"@id":"https:\/\/ccscleaning.com\/nl\/covid-19-cleaning-services\/#primaryimage"},"thumbnailUrl":"https:\/\/ccscleaning.com\/nl\/wp-content\/uploads\/sites\/4\/2020\/05\/coronavirus-cleaning-services-1.png","datePublished":"2020-04-30T13:35:44+00:00","dateModified":"2025-08-19T09:13:17+00:00","description":"CCS Cleaning aanbiedingen coronavirus diepe schoonmaak diensten voor kantoren & industrie\u00ebn. Neem vandaag nog contact met ons op voor covid-19 desinfectie diensten.","breadcrumb":{"@id":"https:\/\/ccscleaning.com\/nl\/covid-19-cleaning-services\/#breadcrumb"},"inLanguage":"nl-NL","potentialAction":[{"@type":"ReadAction","target":["https:\/\/ccscleaning.com\/nl\/covid-19-cleaning-services\/"]}]},{"@type":"ImageObject","inLanguage":"nl-NL","@id":"https:\/\/ccscleaning.com\/nl\/covid-19-cleaning-services\/#primaryimage","url":"https:\/\/ccscleaning.com\/nl\/wp-content\/uploads\/sites\/4\/2020\/05\/coronavirus-cleaning-services-1.png","contentUrl":"https:\/\/ccscleaning.com\/nl\/wp-content\/uploads\/sites\/4\/2020\/05\/coronavirus-cleaning-services-1.png","width":1366,"height":360,"caption":"Coronavirus Deep Cleaning Services"},{"@type":"BreadcrumbList","@id":"https:\/\/ccscleaning.com\/nl\/covid-19-cleaning-services\/#breadcrumb","itemListElement":[{"@type":"ListItem","position":1,"name":"Home","item":"https:\/\/ccscleaning.com\/nl\/"},{"@type":"ListItem","position":2,"name":"COVID 19"}]},{"@type":"WebSite","@id":"https:\/\/ccscleaning.com\/nl\/#website","url":"https:\/\/ccscleaning.com\/nl\/","name":"CCS Cleaning Dutch","description":"","potentialAction":[{"@type":"SearchAction","target":{"@type":"EntryPoint","urlTemplate":"https:\/\/ccscleaning.com\/nl\/?s={search_term_string}"},"query-input":{"@type":"PropertyValueSpecification","valueRequired":true,"valueName":"search_term_string"}}],"inLanguage":"nl-NL"}]}},"acf":[],"_links":{"self":[{"href":"https:\/\/ccscleaning.com\/nl\/wp-json\/wp\/v2\/pages\/4501","targetHints":{"allow":["GET"]}}],"collection":[{"href":"https:\/\/ccscleaning.com\/nl\/wp-json\/wp\/v2\/pages"}],"about":[{"href":"https:\/\/ccscleaning.com\/nl\/wp-json\/wp\/v2\/types\/page"}],"author":[{"embeddable":true,"href":"https:\/\/ccscleaning.com\/nl\/wp-json\/wp\/v2\/users\/1"}],"replies":[{"embeddable":true,"href":"https:\/\/ccscleaning.com\/nl\/wp-json\/wp\/v2\/comments?post=4501"}],"version-history":[{"count":9,"href":"https:\/\/ccscleaning.com\/nl\/wp-json\/wp\/v2\/pages\/4501\/revisions"}],"predecessor-version":[{"id":7266,"href":"https:\/\/ccscleaning.com\/nl\/wp-json\/wp\/v2\/pages\/4501\/revisions\/7266"}],"wp:featuredmedia":[{"embeddable":true,"href":"https:\/\/ccscleaning.com\/nl\/wp-json\/wp\/v2\/media\/4572"}],"wp:attachment":[{"href":"https:\/\/ccscleaning.com\/nl\/wp-json\/wp\/v2\/media?parent=4501"}],"curies":[{"name":"wp","href":"https:\/\/api.w.org\/{rel}","templated":true}]}}