{"id":6902,"date":"2025-03-21T10:20:55","date_gmt":"2025-03-21T10:20:55","guid":{"rendered":"https:\/\/ccscleaning.com\/nl\/?page_id=6902"},"modified":"2025-08-19T09:13:15","modified_gmt":"2025-08-19T09:13:15","slug":"schoonmaakdienst-utrecht","status":"publish","type":"page","link":"https:\/\/ccscleaning.com\/nl\/schoonmaakdienst-utrecht\/","title":{"rendered":"Schoonmaakdienst Utrecht"},"content":{"rendered":"<div class=\"container-fluid inner-banner-wrap\">\r\n<div class=\"row\">\r\n<img decoding=\"async\" src=\"https:\/\/ccscleaning.com\/nl\/wp-content\/uploads\/sites\/3\/2023\/04\/Landing-Page-Banner-Utrecht.jpg\" \r\nclass=\"img-fluid\" alt=\"Professionele Schoonmaakdiensten In Utrecht\">\r\n<div class=\"inner-banner-cont\">\r\n<div class=\"container\">\r\n<div class=\"row\">\r\n<div class=\"col-lg-6\">\r\n<div class=\"inner-banner-left-content\">\r\n<h1>De Beste Commerci\u00eble Schoonmaakonderneming in Utrecht<\/h1>\r\n<p>CCS heeft meer dan 50 jaar ervaring in het schoonmaken van allerlei commerci\u00eble ruimtes. Onze uitstekende toewijding aan netheid en hygi\u00ebne maakt ons de eersteklas professionele schoonmaakonderneming in Utrecht.<\/p>\r\n<\/div>\r\n<\/div>\r\n<div class=\"col-lg-6\">\r\n<div class=\"banner-contact\">\r\n<h3>CONTACT US<\/h3>\r\n                          <script charset=\"utf-8\" type=\"text\/javascript\" src=\"\/\/js.hsforms.net\/forms\/embed\/v2.js\"><\/script>\r\n                            <script>\r\n                            hbspt.forms.create({\r\n                            region: \"na1\",\r\n                            portalId: \"3350986\",\r\n                            formId: \"453eff4c-67ec-4e74-80f9-90e0287dbb28\"\r\n                            });\r\n                            <\/script>\t\t\r\n<\/div>\r\n<\/div>\r\n<div class=\"clearfix\"><\/div>\r\n<\/div>\r\n<\/div>\r\n<\/div>\r\n<\/div>\r\n<\/div>\r\n<section class=\"client-logos padbottom0\">\r\n<div class=\"container\">\r\n<div class=\"row\">\r\n<div class=\"owl-carousel owl-theme\">\r\n<div class=\"item\">\r\n<img decoding=\"async\" src=\"https:\/\/ccscleaning.com\/wp-content\/uploads\/2021\/04\/cbre.jpg\" alt=\"\">              \r\n<\/div>\r\n<div class=\"item\">\r\n<img decoding=\"async\" src=\"https:\/\/ccscleaning.com\/wp-content\/uploads\/2021\/04\/aramark.jpg\" alt=\"\">\r\n<\/div>\r\n<div class=\"item\">\r\n<img decoding=\"async\" src=\"https:\/\/ccscleaning.com\/wp-content\/uploads\/2021\/04\/akor.jpg\" alt=\"\">\r\n<\/div>\r\n<div class=\"item\">\r\n<img decoding=\"async\" src=\"https:\/\/ccscleaning.com\/wp-content\/uploads\/2021\/04\/converse.jpg\" alt=\"\">\r\n<\/div>\r\n<div class=\"item\">\r\n<img decoding=\"async\" src=\"https:\/\/ccscleaning.com\/wp-content\/uploads\/2021\/04\/dsv.jpg\" alt=\"\">\r\n<\/div>\r\n<div class=\"item\">\r\n<img decoding=\"async\" src=\"https:\/\/ccscleaning.com\/wp-content\/uploads\/2021\/04\/mercury.jpg\" alt=\"\">\r\n<\/div>\r\n<div class=\"item\">\r\n<img decoding=\"async\" src=\"https:\/\/ccscleaning.com\/wp-content\/uploads\/2021\/04\/wework.jpg\" alt=\"\">\r\n<\/div>\r\n<div class=\"item\">\r\n<img decoding=\"async\" src=\"https:\/\/ccscleaning.com\/wp-content\/uploads\/2021\/05\/de-bijenkorf.jpg\" alt=\"\">\r\n<\/div>\r\n<div class=\"item\">\r\n<img decoding=\"async\" src=\"https:\/\/ccscleaning.com\/wp-content\/uploads\/2021\/05\/hm.jpg\" alt=\"\">\r\n<\/div>\r\n<div class=\"item\">\r\n<img decoding=\"async\" src=\"https:\/\/ccscleaning.com\/wp-content\/uploads\/2021\/05\/irish-foreign-affairs.jpg\" alt=\"\">\r\n<\/div>\r\n<div class=\"item\">\r\n<img decoding=\"async\" src=\"https:\/\/ccscleaning.com\/wp-content\/uploads\/2021\/05\/mace.jpg\" alt=\"\">\r\n<\/div>\r\n<div class=\"item\">\r\n<img decoding=\"async\" src=\"https:\/\/ccscleaning.com\/wp-content\/uploads\/2021\/05\/super-dry.jpg\" alt=\"\">\r\n<\/div>          \r\n<div class=\"item\">\r\n<img decoding=\"async\" src=\"https:\/\/ccscleaning.com\/wp-content\/uploads\/2021\/05\/transfer.jpg\" alt=\"\">\r\n<\/div>\r\n<div class=\"item\">\r\n<img decoding=\"async\" src=\"https:\/\/ccscleaning.com\/wp-content\/uploads\/2021\/05\/under-armour.jpg\" alt=\"\">\r\n<\/div>\r\n<div class=\"item\">\r\n<img decoding=\"async\" src=\"https:\/\/ccscleaning.com\/wp-content\/uploads\/2021\/05\/visma.jpg\" alt=\"\">\r\n<\/div>\r\n<div class=\"item\">\r\n<img decoding=\"async\" src=\"https:\/\/ccscleaning.com\/wp-content\/uploads\/2021\/05\/argos.jpg\" alt=\"\">\r\n<\/div>\r\n<div class=\"item\">\r\n<img decoding=\"async\" src=\"https:\/\/ccscleaning.com\/wp-content\/uploads\/2021\/05\/homebase.jpg\" alt=\"\">\r\n<\/div>\r\n<div class=\"item\">\r\n<img decoding=\"async\" src=\"https:\/\/ccscleaning.com\/wp-content\/uploads\/2021\/05\/primark.jpg\" alt=\"\">\r\n<\/div>\r\n<\/div>\r\n<\/div>\r\n<\/div>\r\n<\/section>\r\n<section class=\"welcome-ccs\">\r\n<div class=\"container\">\r\n<div class=\"row\">\r\n<div class=\"col-lg-8 col-sm-6 col-xs-12\">\r\n<h2>CCS Heeft 4.800+ Schoonmaakprojecten Op Zijn Naam Staand<\/h2>\r\n<p>Netheid bepaalt hoe uw bedrijf eruitziet. Een sprankelend schone werkomgeving geeft aan dat u zorg heeft voor uw medewerkers en klanten. Laat ons u helpen om dit te tonen. Wij zorgen voor een schone, comfortabele en veilige omgeving die perfect is om klanten aan te trekken. Onze diensten zijn geschikt voor alle soorten bedrijven in Utrecht, zoals schoonmaak van scholen, hotels, ziekenhuizen en meer.<\/p>\r\n\r\n<p>Na bijna zes decennia in het vak, waarin we honderden klanten hebben bediend met duizenden succesvolle projecten, hebben we de kunst van perfectie in schoonmaak onder de knie. Wij zijn toegewijd aan een hogere standaard van netheid die op maat is gemaakt om aan uw behoeften te voldoen.<\/p>\r\n<div class=\"btn-sec\">\r\n<a href=\"https:\/\/ccscleaning.com\/nl\/commercial-cleaning-case-study\/\" class=\"cta-btn\">Case Study<\/a>\r\n<a href=\"https:\/\/ccscleaning.com\/contact-us\/\" class=\"btns-link\">CONTACT US TODAY<\/a>\r\n<\/div>\r\n<\/div>\r\n<div class=\"col-lg-4 col-sm-6 col-xs-12\">\r\n<div class=\"welcome-vdo\">\r\n<!--<iframe src=\"https:\/\/www.youtube.com\/embed\/BziUHZ7kSXw?controls=0\" title=\"YouTube video player\" frameborder=\"0\" allow=\"accelerometer; autoplay; clipboard-write; encrypted-media; gyroscope; picture-in-picture\" allowfullscreen><\/iframe>-->\r\n<iframe src=\"\/\/player.vimeo.com\/video\/547506670?title=0&#038;byline=0\" frameborder=\"0\" webkitallowfullscreen mozallowfullscreen allowfullscreen><\/iframe>\r\n\r\n<\/div>\r\n<ul class=\"checklist\">\r\n<li>Specialist cleans and regular contract cleans<\/li>\r\n<li>Rapid mobilisation times<\/li>\r\n<li>Personal point of contact<\/li>\r\n<li>Full on-site service management<\/li>\r\n<li>Bespoke cleaning solutions<\/li>\r\n<\/ul>\r\n<\/div>\r\n<\/div>\r\n<\/div>\r\n<\/section>\r\n<section class=\"key-points-wrap\">\r\n<div class=\"container\">\r\n<div class=\"row\">\r\n<ul>\r\n<li><img decoding=\"async\" src=\"https:\/\/ccscleaning.com\/wp-content\/uploads\/2021\/05\/keypoint1.png\"\/> QUALITY CONTROL CHECK<\/li>\r\n<li><img decoding=\"async\" src=\"https:\/\/ccscleaning.com\/wp-content\/uploads\/2021\/05\/keypoint2.png\"\/> AT A FIXED PRICE<\/li>\r\n<li><img decoding=\"async\" src=\"https:\/\/ccscleaning.com\/wp-content\/uploads\/2021\/05\/keypoint3.png\"\/> AT THE DESIRED DATE<\/li>\r\n<li><img decoding=\"async\" src=\"https:\/\/ccscleaning.com\/wp-content\/uploads\/2021\/05\/keypoint4.png\"\/> WE PROVIDE THE MATERIAL<\/li>\r\n<li><img decoding=\"async\" src=\"https:\/\/ccscleaning.com\/wp-content\/uploads\/2021\/05\/keypoint5.png\"\/> NO TRAVEL COST<\/li>\r\n<\/ul>\r\n<\/div>\r\n<\/div>\r\n<\/section>\r\n<section class=\"top-features-wrap\">\r\n<div class=\"top-features-head\">\r\n<h2>Vier Hoekstenen van Commerci\u00eble Schoonmaak<\/h2>\r\n<\/div>\r\n<div class=\"top-features-sec\">\r\n<div class=\"container\">\r\n<div class=\"row\">\r\n<fieldset class=\"col-lg-6 col-md-6 col-sm-6 col-xs-12 pos-rel\">\r\n<img decoding=\"async\" src=\"https:\/\/ccscleaning.com\/wp-content\/uploads\/2022\/02\/Your-Store.png\"\/>\r\n<div class=\"features-block-cont\">\r\n<h3>Gezonde Werkomgevingen <\/h3>\r\n<p>Een schone werkplek vermindert ziekteverzuim en beschermt medewerkers en klanten tegen bacteri\u00ebn en ziektekiemen. Dit betekent dat uw bedrijf minimaal hinder ondervindt van uitval en dat de klanttevredenheid maximaal is. Trek meer zaken aan met een sprankelend schone aanpak.<\/p>\r\n<\/div>\r\n<\/fieldset>\r\n<fieldset class=\"col-lg-6 col-md-6 col-sm-6 col-xs-12 pos-rel\">\r\n<img decoding=\"async\" src=\"https:\/\/ccscleaning.com\/wp-content\/uploads\/2021\/10\/shared-teams.jpg\"\/>\r\n<div class=\"features-block-cont\">\r\n<h3>Aangepast Schema<\/h3>\r\n<p>We maken onszelf vertrouwd met uw wensen om een gepersonaliseerd schoonmaak- en desinfectieprogramma aan te bieden. We begrijpen dat uw bedrijfsvoering moet doorgaan, dus we reinigen alleen wanneer u dat wenst.<\/p>\r\n<\/div>\r\n<\/fieldset>\r\n<fieldset class=\"col-lg-6 col-md-6 col-sm-6 col-xs-12 pos-rel\">\r\n<img decoding=\"async\" src=\"https:\/\/ccscleaning.com\/wp-content\/uploads\/2022\/02\/Shared-Customer.png\"\/>\r\n<div class=\"features-block-cont\">\r\n<h3>Aangepast Schoonmaakschema<\/h3>\r\n<p>Wij maken ons vertrouwd met uw wensen om een gepersonaliseerd schoonmaak- en desinfectieregime aan te bieden. Wij begrijpen dat uw bedrijf operationeel moet blijven, dus we reinigen alleen wanneer u dat wilt, rekening houdend met uw behoeften.<\/p>\r\n<\/div>\r\n<\/fieldset>\r\n<fieldset class=\"col-lg-6 col-md-6 col-sm-6 col-xs-12 pos-rel\">\r\n<img decoding=\"async\" src=\"https:\/\/ccscleaning.com\/wp-content\/uploads\/2021\/10\/shared-knowledge.jpg\"\/>\r\n<div class=\"features-block-cont\">\r\n<h3>Gedeelde Kennis<\/h3>\r\n<p>Effectieve communicatie is essentieel in een zakelijke omgeving waarin verschillende werkstijlen samenkomen. We trainen onze specialisten om goede communicators te zijn en voegen gedeelde kennis toe aan hun vaardigheden, zodat ze uw bedrijfswaarden begrijpen en dubbel zo effectief kunnen zijn.<\/p>\r\n<\/div>\r\n<\/fieldset>\r\n<div class=\"clearfix\"><\/div>\r\n<div><a class=\"btns-link\" href=\"https:\/\/ccscleaning.com\/contact-us\/\">CONTACT US TODAY<\/a><\/div>\r\n<\/div>\r\n<\/div>\r\n<\/div>\r\n<\/section>\r\n\r\n\r\n<section class=\"why-choose-us-wraper\">\r\n<div class=\"container\">\r\n<div class=\"row\">\r\n<div class=\"col-lg-6 col-sm-6 col-xs-12 left-cont\">\r\n<h2>Why Choose Us?<\/h2>\r\n<ul class=\"checklist\">\r\n<li>Over 50 years of experience and vast industry knowledge allowing us to deliver exceptional service.<\/li>\r\n<li>Trained and certified cleaning teams who deliver amazing cleaning results!<\/li>\r\n<li>Our cleaning services kill harmful germs and viruses, making your building healthier.<\/li>\r\n<li>We\u2019re adaptable and listen to our customers.<\/li>\r\n<li>Our service is consistent and improves our customers workplaces.<\/li>\r\n<li>We\u2019re competitive offering transparent and affordable pricing for commercial cleaning results.<\/li>\r\n<\/ul>\r\n<\/div>\r\n<div class=\"col-lg-6 col-sm-6 col-xs-12 right-cont pos-rel\">\r\n<img decoding=\"async\" src=\"https:\/\/ccscleaning.com\/wp-content\/uploads\/2021\/06\/team-ccs.jpg\"\/>\r\n<div class=\"our-people-sec\">\r\n<h3>OUR PEOPLE<\/h3>\r\n<p>Being a family business means that strong and positive relationships are so important to us. CCS never forget that it\u2019s our people who make us. We train, support and mentor every single person that comes to work with us and promote an egalitarian culture.<\/p>\r\n<\/div>\r\n<div><a href=\"https:\/\/ccscleaning.com\/smart-team\/\" class=\"btns-link\">READ MORE<\/a><\/div>\r\n<\/div>\r\n<div class=\"clearfix\"><\/div>\r\n<\/div>\r\n<\/div>\r\n<\/section>\r\n<section class=\"certification-wraper\">\r\n<div class=\"container\">\r\n<div class=\"row\">\r\n<h2><span>Certifications<\/span><\/h2>\r\n<div class=\"clients-pic\">\r\n<a href=\"https:\/\/www.sgs.com\/en\/certified-clients-and-products\/certified-client-directory\" target=\"_blank\" rel=\"nofollow noopener\"><img decoding=\"async\" src=\"https:\/\/ccscleaning.com\/wp-content\/uploads\/2022\/02\/clients-pic.jpg\"\/><\/a>\r\n<\/div>\r\n<\/div>\r\n<\/div>\r\n<\/section>\r\n<section class=\"othr-srvc-block\">\r\n<h2>OTHER SERVICES<\/h2>\r\n<div class=\"container\">\r\n<div class=\"row\">\r\n<div class=\"othr-srvc-sec\">\r\n<div class=\"frst\">\r\n<img decoding=\"async\" src=\"https:\/\/ccscleaning.com\/wp-content\/uploads\/2021\/06\/OC.png\"\/>\r\n<div class=\"bubble\"><p><a href=\"https:\/\/ccscleaning.com\/office-cleaning-services\/\" >Office Cleaning<\/a><\/p><\/div>\r\n<\/div>\r\n<div class=\"scnd\">\r\n<img decoding=\"async\" src=\"https:\/\/ccscleaning.com\/wp-content\/uploads\/2021\/05\/othr-srvc2.png\"\/>\r\n<div class=\"bubble\"><p><a href=\"https:\/\/ccscleaning.com\/industrial-cleaning-services\/\">Industrial Cleaning<\/a><\/p><\/div>\r\n<\/div>\r\n<div class=\"thrd\">\r\n<img decoding=\"async\" src=\"https:\/\/ccscleaning.com\/wp-content\/uploads\/2021\/05\/othr-srvc3.png\"\/>\r\n<div class=\"bubble\"><p><a href=\"https:\/\/ccscleaning.com\/commercial-cleaning-services\/\">Commercial Cleaning<\/a><\/p><\/div>\r\n<\/div>\r\n<div class=\"frth\">\r\n<img decoding=\"async\" src=\"https:\/\/ccscleaning.com\/wp-content\/uploads\/2021\/06\/DC.png\"\/>\r\n<div class=\"bubble\"><p><a href=\"https:\/\/ccscleaning.com\/data-centre-cleaning-services\/\">Data Center Cleaning<\/a><\/p><\/div>\r\n<\/div>\r\n<\/div>\r\n<\/div>\r\n<\/div>\r\n<\/section>\r\n<section class=\"histry mbottom0 mtop30\">\r\n<div class=\"container\">\r\n<div class=\"row\">\r\n<div class=\"col-lg-4 col-sm-4 col-xs-4 busyears\">\r\n<strong>50<\/strong>\r\n<p>YEARS <b>IN<\/b><br>BUSINESS<\/p>\r\n<\/div>\r\n<div class=\"col-lg-4 col-sm-4 col-xs-4 projects\">\r\n<strong>4800<\/strong>\r\n<p>Projects<\/p>\r\n<\/div>\r\n<div class=\"col-lg-4 col-sm-4 col-xs-4 happyclients\">\r\n<div class=\"innerdiv\">\r\n<strong>100<small>s<\/small><\/strong>\r\n<p>OF <b>HAPPY<\/b><br>CLIENTS<\/p>\r\n<\/div>\r\n<\/div>\r\n<\/div>\r\n<\/div>\r\n<\/section>","protected":false},"excerpt":{"rendered":"<p>De Beste Commerci\u00eble Schoonmaakonderneming in Utrecht CCS heeft meer dan 50 jaar ervaring in het schoonmaken van allerlei commerci\u00eble ruimtes. Onze uitstekende toewijding aan netheid en hygi\u00ebne maakt ons de eersteklas professionele schoonmaakonderneming in Utrecht. CONTACT US CCS Heeft 4.800+ Schoonmaakprojecten Op Zijn Naam Staand Netheid bepaalt hoe uw bedrijf eruitziet. Een sprankelend schone werkomgeving&#8230;  <a href=\"https:\/\/ccscleaning.com\/nl\/schoonmaakdienst-utrecht\/\" class=\"more-link\" title=\"Read Schoonmaakdienst Utrecht\">Read more &raquo;<\/a><\/p>\n","protected":false},"author":1,"featured_media":0,"parent":0,"menu_order":0,"comment_status":"closed","ping_status":"closed","template":"page-templates\/page-sector.php","meta":{"footnotes":""},"class_list":["post-6902","page","type-page","status-publish","hentry"],"yoast_head":"<!-- This site is optimized with the Yoast SEO plugin v27.1.1 - https:\/\/yoast.com\/product\/yoast-seo-wordpress\/ -->\n<title>Commerci\u00eble &amp; Professionele Schoonmaakdiensten In Utrecht<\/title>\n<meta name=\"description\" content=\"Op zoek naar zakelijke en professionele schoonmaakdiensten in Utrecht? Zoek niet verder dan CCS Cleaning. Neem vandaag nog contact met ons op!\" \/>\n<meta name=\"robots\" content=\"index, follow, max-snippet:-1, max-image-preview:large, max-video-preview:-1\" \/>\n<link rel=\"canonical\" href=\"https:\/\/ccscleaning.com\/nl\/schoonmaakdienst-utrecht\/\" \/>\n<meta property=\"og:locale\" content=\"nl_NL\" \/>\n<meta property=\"og:type\" content=\"article\" \/>\n<meta property=\"og:title\" content=\"Commerci\u00eble &amp; Professionele Schoonmaakdiensten In Utrecht\" \/>\n<meta property=\"og:description\" content=\"Op zoek naar zakelijke en professionele schoonmaakdiensten in Utrecht? Zoek niet verder dan CCS Cleaning. Neem vandaag nog contact met ons op!\" \/>\n<meta property=\"og:url\" content=\"https:\/\/ccscleaning.com\/nl\/schoonmaakdienst-utrecht\/\" \/>\n<meta property=\"og:site_name\" content=\"CCS Cleaning Dutch\" \/>\n<meta property=\"article:modified_time\" content=\"2025-08-19T09:13:15+00:00\" \/>\n<meta property=\"og:image\" content=\"https:\/\/ccscleaning.com\/nl\/wp-content\/uploads\/sites\/3\/2023\/04\/Landing-Page-Banner-Utrecht.jpg\" \/>\n<meta name=\"twitter:card\" content=\"summary_large_image\" \/>\n<meta name=\"twitter:label1\" content=\"Est. reading time\" \/>\n\t<meta name=\"twitter:data1\" content=\"10 minuten\" \/>\n<!-- \/ Yoast SEO plugin. -->","yoast_head_json":{"title":"Commerci\u00eble & Professionele Schoonmaakdiensten In Utrecht","description":"Op zoek naar zakelijke en professionele schoonmaakdiensten in Utrecht? Zoek niet verder dan CCS Cleaning. Neem vandaag nog contact met ons op!","robots":{"index":"index","follow":"follow","max-snippet":"max-snippet:-1","max-image-preview":"max-image-preview:large","max-video-preview":"max-video-preview:-1"},"canonical":"https:\/\/ccscleaning.com\/nl\/schoonmaakdienst-utrecht\/","og_locale":"nl_NL","og_type":"article","og_title":"Commerci\u00eble & Professionele Schoonmaakdiensten In Utrecht","og_description":"Op zoek naar zakelijke en professionele schoonmaakdiensten in Utrecht? Zoek niet verder dan CCS Cleaning. Neem vandaag nog contact met ons op!","og_url":"https:\/\/ccscleaning.com\/nl\/schoonmaakdienst-utrecht\/","og_site_name":"CCS Cleaning Dutch","article_modified_time":"2025-08-19T09:13:15+00:00","og_image":[{"url":"https:\/\/ccscleaning.com\/nl\/wp-content\/uploads\/sites\/3\/2023\/04\/Landing-Page-Banner-Utrecht.jpg","type":"","width":"","height":""}],"twitter_card":"summary_large_image","twitter_misc":{"Est. reading time":"10 minuten"},"schema":{"@context":"https:\/\/schema.org","@graph":[{"@type":"WebPage","@id":"https:\/\/ccscleaning.com\/nl\/schoonmaakdienst-utrecht\/","url":"https:\/\/ccscleaning.com\/nl\/schoonmaakdienst-utrecht\/","name":"Commerci\u00eble & Professionele Schoonmaakdiensten In Utrecht","isPartOf":{"@id":"https:\/\/ccscleaning.com\/nl\/#website"},"primaryImageOfPage":{"@id":"https:\/\/ccscleaning.com\/nl\/schoonmaakdienst-utrecht\/#primaryimage"},"image":{"@id":"https:\/\/ccscleaning.com\/nl\/schoonmaakdienst-utrecht\/#primaryimage"},"thumbnailUrl":"https:\/\/ccscleaning.com\/nl\/wp-content\/uploads\/sites\/3\/2023\/04\/Landing-Page-Banner-Utrecht.jpg","datePublished":"2025-03-21T10:20:55+00:00","dateModified":"2025-08-19T09:13:15+00:00","description":"Op zoek naar zakelijke en professionele schoonmaakdiensten in Utrecht? Zoek niet verder dan CCS Cleaning. Neem vandaag nog contact met ons op!","breadcrumb":{"@id":"https:\/\/ccscleaning.com\/nl\/schoonmaakdienst-utrecht\/#breadcrumb"},"inLanguage":"nl-NL","potentialAction":[{"@type":"ReadAction","target":["https:\/\/ccscleaning.com\/nl\/schoonmaakdienst-utrecht\/"]}]},{"@type":"ImageObject","inLanguage":"nl-NL","@id":"https:\/\/ccscleaning.com\/nl\/schoonmaakdienst-utrecht\/#primaryimage","url":"https:\/\/ccscleaning.com\/nl\/wp-content\/uploads\/sites\/3\/2023\/04\/Landing-Page-Banner-Utrecht.jpg","contentUrl":"https:\/\/ccscleaning.com\/nl\/wp-content\/uploads\/sites\/3\/2023\/04\/Landing-Page-Banner-Utrecht.jpg"},{"@type":"BreadcrumbList","@id":"https:\/\/ccscleaning.com\/nl\/schoonmaakdienst-utrecht\/#breadcrumb","itemListElement":[{"@type":"ListItem","position":1,"name":"Home","item":"https:\/\/ccscleaning.com\/nl\/"},{"@type":"ListItem","position":2,"name":"Schoonmaakdienst Utrecht"}]},{"@type":"WebSite","@id":"https:\/\/ccscleaning.com\/nl\/#website","url":"https:\/\/ccscleaning.com\/nl\/","name":"CCS Cleaning Dutch","description":"","potentialAction":[{"@type":"SearchAction","target":{"@type":"EntryPoint","urlTemplate":"https:\/\/ccscleaning.com\/nl\/?s={search_term_string}"},"query-input":{"@type":"PropertyValueSpecification","valueRequired":true,"valueName":"search_term_string"}}],"inLanguage":"nl-NL"}]}},"acf":[],"_links":{"self":[{"href":"https:\/\/ccscleaning.com\/nl\/wp-json\/wp\/v2\/pages\/6902","targetHints":{"allow":["GET"]}}],"collection":[{"href":"https:\/\/ccscleaning.com\/nl\/wp-json\/wp\/v2\/pages"}],"about":[{"href":"https:\/\/ccscleaning.com\/nl\/wp-json\/wp\/v2\/types\/page"}],"author":[{"embeddable":true,"href":"https:\/\/ccscleaning.com\/nl\/wp-json\/wp\/v2\/users\/1"}],"replies":[{"embeddable":true,"href":"https:\/\/ccscleaning.com\/nl\/wp-json\/wp\/v2\/comments?post=6902"}],"version-history":[{"count":15,"href":"https:\/\/ccscleaning.com\/nl\/wp-json\/wp\/v2\/pages\/6902\/revisions"}],"predecessor-version":[{"id":7324,"href":"https:\/\/ccscleaning.com\/nl\/wp-json\/wp\/v2\/pages\/6902\/revisions\/7324"}],"wp:attachment":[{"href":"https:\/\/ccscleaning.com\/nl\/wp-json\/wp\/v2\/media?parent=6902"}],"curies":[{"name":"wp","href":"https:\/\/api.w.org\/{rel}","templated":true}]}}