{"id":2065,"date":"2018-10-04T12:32:16","date_gmt":"2018-10-04T12:32:16","guid":{"rendered":"https:\/\/ccscleaning.com\/?page_id=2065"},"modified":"2025-08-19T08:10:26","modified_gmt":"2025-08-19T08:10:26","slug":"janitorial-cleaning-services","status":"publish","type":"page","link":"https:\/\/ccscleaning.com\/pl\/janitorial-cleaning-services\/","title":{"rendered":"Janitorial Services"},"content":{"rendered":"","protected":false},"excerpt":{"rendered":"","protected":false},"author":1,"featured_media":0,"parent":0,"menu_order":0,"comment_status":"closed","ping_status":"closed","template":"page-templates\/page-others-services.php","meta":{"footnotes":""},"class_list":["post-2065","page","type-page","status-publish","hentry"],"yoast_head":"<!-- This site is optimized with the Yoast SEO plugin v27.1.1 - https:\/\/yoast.com\/product\/yoast-seo-wordpress\/ -->\n<title>Janitorial Sprz\u0105tanie Us\u0142ugi W Europe | CCS Cleaning<\/title>\n<meta name=\"description\" content=\"Czyszczenie CCS ma basen wyszkolonych i certyfikowanych wo\u017anych, oferuje kompleksowe sprz\u0105tanie w Europie, aby utrzyma\u0107 porz\u0105dek w budynku. Call @ + 48 (0) 778881583\" \/>\n<meta name=\"robots\" content=\"index, follow, max-snippet:-1, max-image-preview:large, max-video-preview:-1\" \/>\n<link rel=\"canonical\" href=\"https:\/\/ccscleaning.com\/pl\/janitorial-cleaning-services\/\" \/>\n<meta property=\"og:locale\" content=\"pl_PL\" \/>\n<meta property=\"og:type\" content=\"article\" \/>\n<meta property=\"og:title\" content=\"Janitorial Sprz\u0105tanie Us\u0142ugi W Europe | CCS Cleaning\" \/>\n<meta property=\"og:description\" content=\"Czyszczenie CCS ma basen wyszkolonych i certyfikowanych wo\u017anych, oferuje kompleksowe sprz\u0105tanie w Europie, aby utrzyma\u0107 porz\u0105dek w budynku. Call @ + 48 (0) 778881583\" \/>\n<meta property=\"og:url\" content=\"https:\/\/ccscleaning.com\/pl\/janitorial-cleaning-services\/\" \/>\n<meta property=\"og:site_name\" content=\"CCS Cleaning Poland\" \/>\n<meta property=\"article:modified_time\" content=\"2025-08-19T08:10:26+00:00\" \/>\n<meta name=\"twitter:card\" content=\"summary_large_image\" \/>\n<!-- \/ Yoast SEO plugin. -->","yoast_head_json":{"title":"Janitorial Sprz\u0105tanie Us\u0142ugi W Europe | CCS Cleaning","description":"Czyszczenie CCS ma basen wyszkolonych i certyfikowanych wo\u017anych, oferuje kompleksowe sprz\u0105tanie w Europie, aby utrzyma\u0107 porz\u0105dek w budynku. Call @ + 48 (0) 778881583","robots":{"index":"index","follow":"follow","max-snippet":"max-snippet:-1","max-image-preview":"max-image-preview:large","max-video-preview":"max-video-preview:-1"},"canonical":"https:\/\/ccscleaning.com\/pl\/janitorial-cleaning-services\/","og_locale":"pl_PL","og_type":"article","og_title":"Janitorial Sprz\u0105tanie Us\u0142ugi W Europe | CCS Cleaning","og_description":"Czyszczenie CCS ma basen wyszkolonych i certyfikowanych wo\u017anych, oferuje kompleksowe sprz\u0105tanie w Europie, aby utrzyma\u0107 porz\u0105dek w budynku. Call @ + 48 (0) 778881583","og_url":"https:\/\/ccscleaning.com\/pl\/janitorial-cleaning-services\/","og_site_name":"CCS Cleaning Poland","article_modified_time":"2025-08-19T08:10:26+00:00","twitter_card":"summary_large_image","schema":{"@context":"https:\/\/schema.org","@graph":[{"@type":"WebPage","@id":"https:\/\/ccscleaning.com\/pl\/janitorial-cleaning-services\/","url":"https:\/\/ccscleaning.com\/pl\/janitorial-cleaning-services\/","name":"Janitorial Sprz\u0105tanie Us\u0142ugi W Europe | CCS Cleaning","isPartOf":{"@id":"https:\/\/ccscleaning.com\/pl\/#website"},"datePublished":"2018-10-04T12:32:16+00:00","dateModified":"2025-08-19T08:10:26+00:00","description":"Czyszczenie CCS ma basen wyszkolonych i certyfikowanych wo\u017anych, oferuje kompleksowe sprz\u0105tanie w Europie, aby utrzyma\u0107 porz\u0105dek w budynku. Call @ + 48 (0) 778881583","breadcrumb":{"@id":"https:\/\/ccscleaning.com\/pl\/janitorial-cleaning-services\/#breadcrumb"},"inLanguage":"pl-PL","potentialAction":[{"@type":"ReadAction","target":["https:\/\/ccscleaning.com\/pl\/janitorial-cleaning-services\/"]}]},{"@type":"BreadcrumbList","@id":"https:\/\/ccscleaning.com\/pl\/janitorial-cleaning-services\/#breadcrumb","itemListElement":[{"@type":"ListItem","position":1,"name":"Strona g\u0142\u00f3wna","item":"https:\/\/ccscleaning.com\/pl\/"},{"@type":"ListItem","position":2,"name":"Janitorial Services"}]},{"@type":"WebSite","@id":"https:\/\/ccscleaning.com\/pl\/#website","url":"https:\/\/ccscleaning.com\/pl\/","name":"CCS Cleaning Poland","description":"","potentialAction":[{"@type":"SearchAction","target":{"@type":"EntryPoint","urlTemplate":"https:\/\/ccscleaning.com\/pl\/?s={search_term_string}"},"query-input":{"@type":"PropertyValueSpecification","valueRequired":true,"valueName":"search_term_string"}}],"inLanguage":"pl-PL"}]}},"acf":[],"_links":{"self":[{"href":"https:\/\/ccscleaning.com\/pl\/wp-json\/wp\/v2\/pages\/2065","targetHints":{"allow":["GET"]}}],"collection":[{"href":"https:\/\/ccscleaning.com\/pl\/wp-json\/wp\/v2\/pages"}],"about":[{"href":"https:\/\/ccscleaning.com\/pl\/wp-json\/wp\/v2\/types\/page"}],"author":[{"embeddable":true,"href":"https:\/\/ccscleaning.com\/pl\/wp-json\/wp\/v2\/users\/1"}],"replies":[{"embeddable":true,"href":"https:\/\/ccscleaning.com\/pl\/wp-json\/wp\/v2\/comments?post=2065"}],"version-history":[{"count":4,"href":"https:\/\/ccscleaning.com\/pl\/wp-json\/wp\/v2\/pages\/2065\/revisions"}],"predecessor-version":[{"id":7039,"href":"https:\/\/ccscleaning.com\/pl\/wp-json\/wp\/v2\/pages\/2065\/revisions\/7039"}],"wp:attachment":[{"href":"https:\/\/ccscleaning.com\/pl\/wp-json\/wp\/v2\/media?parent=2065"}],"curies":[{"name":"wp","href":"https:\/\/api.w.org\/{rel}","templated":true}]}}