{"id":2071,"date":"2018-10-04T12:33:15","date_gmt":"2018-10-04T12:33:15","guid":{"rendered":"https:\/\/ccscleaning.com\/?page_id=2071"},"modified":"2025-09-24T11:24:19","modified_gmt":"2025-09-24T11:24:19","slug":"industrial-cleaning-services","status":"publish","type":"page","link":"https:\/\/ccscleaning.com\/pl\/industrial-cleaning-services\/","title":{"rendered":"Industrial Cleaning Services"},"content":{"rendered":"","protected":false},"excerpt":{"rendered":"","protected":false},"author":1,"featured_media":0,"parent":0,"menu_order":0,"comment_status":"closed","ping_status":"closed","template":"page-templates\/page-sector.php","meta":{"footnotes":""},"class_list":["post-2071","page","type-page","status-publish","hentry"],"yoast_head":"<!-- This site is optimized with the Yoast SEO plugin v27.1.1 - https:\/\/yoast.com\/product\/yoast-seo-wordpress\/ -->\n<title>Ci\u0119\u017ckie Us\u0142ugi czyszczenia Przemys\u0142owego | Sprz\u0105tanie Fabryk | Sprzatanie Magazynow<\/title>\n<meta name=\"description\" content=\"Poszukuje us\u0142ug sprz\u0105tania przemys\u0142owego w Poland? CCS with 40+ lat do\u015bwiadczenia, 600+ zadowolonych klient\u00f3w 4800+ projekt\u00f3w zako\u0144czonych. Zadzwo\u0144 do nas pod numer + 48 (0) 77 888 1583\" \/>\n<meta name=\"robots\" content=\"index, follow, max-snippet:-1, max-image-preview:large, max-video-preview:-1\" \/>\n<link rel=\"canonical\" href=\"https:\/\/ccscleaning.com\/pl\/industrial-cleaning-services\/\" \/>\n<meta property=\"og:locale\" content=\"pl_PL\" \/>\n<meta property=\"og:type\" content=\"article\" \/>\n<meta property=\"og:title\" content=\"Ci\u0119\u017ckie Us\u0142ugi czyszczenia Przemys\u0142owego | Sprz\u0105tanie Fabryk | Sprzatanie Magazynow\" \/>\n<meta property=\"og:description\" content=\"Poszukuje us\u0142ug sprz\u0105tania przemys\u0142owego w Poland? CCS with 40+ lat do\u015bwiadczenia, 600+ zadowolonych klient\u00f3w 4800+ projekt\u00f3w zako\u0144czonych. Zadzwo\u0144 do nas pod numer + 48 (0) 77 888 1583\" \/>\n<meta property=\"og:url\" content=\"https:\/\/ccscleaning.com\/pl\/industrial-cleaning-services\/\" \/>\n<meta property=\"og:site_name\" content=\"CCS Cleaning Poland\" \/>\n<meta property=\"article:modified_time\" content=\"2025-09-24T11:24:19+00:00\" \/>\n<meta name=\"twitter:card\" content=\"summary_large_image\" \/>\n<!-- \/ Yoast SEO plugin. -->","yoast_head_json":{"title":"Ci\u0119\u017ckie Us\u0142ugi czyszczenia Przemys\u0142owego | Sprz\u0105tanie Fabryk | Sprzatanie Magazynow","description":"Poszukuje us\u0142ug sprz\u0105tania przemys\u0142owego w Poland? CCS with 40+ lat do\u015bwiadczenia, 600+ zadowolonych klient\u00f3w 4800+ projekt\u00f3w zako\u0144czonych. Zadzwo\u0144 do nas pod numer + 48 (0) 77 888 1583","robots":{"index":"index","follow":"follow","max-snippet":"max-snippet:-1","max-image-preview":"max-image-preview:large","max-video-preview":"max-video-preview:-1"},"canonical":"https:\/\/ccscleaning.com\/pl\/industrial-cleaning-services\/","og_locale":"pl_PL","og_type":"article","og_title":"Ci\u0119\u017ckie Us\u0142ugi czyszczenia Przemys\u0142owego | Sprz\u0105tanie Fabryk | Sprzatanie Magazynow","og_description":"Poszukuje us\u0142ug sprz\u0105tania przemys\u0142owego w Poland? CCS with 40+ lat do\u015bwiadczenia, 600+ zadowolonych klient\u00f3w 4800+ projekt\u00f3w zako\u0144czonych. Zadzwo\u0144 do nas pod numer + 48 (0) 77 888 1583","og_url":"https:\/\/ccscleaning.com\/pl\/industrial-cleaning-services\/","og_site_name":"CCS Cleaning Poland","article_modified_time":"2025-09-24T11:24:19+00:00","twitter_card":"summary_large_image","schema":{"@context":"https:\/\/schema.org","@graph":[{"@type":"WebPage","@id":"https:\/\/ccscleaning.com\/pl\/industrial-cleaning-services\/","url":"https:\/\/ccscleaning.com\/pl\/industrial-cleaning-services\/","name":"Ci\u0119\u017ckie Us\u0142ugi czyszczenia Przemys\u0142owego | Sprz\u0105tanie Fabryk | Sprzatanie Magazynow","isPartOf":{"@id":"https:\/\/ccscleaning.com\/pl\/#website"},"datePublished":"2018-10-04T12:33:15+00:00","dateModified":"2025-09-24T11:24:19+00:00","description":"Poszukuje us\u0142ug sprz\u0105tania przemys\u0142owego w Poland? CCS with 40+ lat do\u015bwiadczenia, 600+ zadowolonych klient\u00f3w 4800+ projekt\u00f3w zako\u0144czonych. Zadzwo\u0144 do nas pod numer + 48 (0) 77 888 1583","breadcrumb":{"@id":"https:\/\/ccscleaning.com\/pl\/industrial-cleaning-services\/#breadcrumb"},"inLanguage":"pl-PL","potentialAction":[{"@type":"ReadAction","target":["https:\/\/ccscleaning.com\/pl\/industrial-cleaning-services\/"]}]},{"@type":"BreadcrumbList","@id":"https:\/\/ccscleaning.com\/pl\/industrial-cleaning-services\/#breadcrumb","itemListElement":[{"@type":"ListItem","position":1,"name":"Strona g\u0142\u00f3wna","item":"https:\/\/ccscleaning.com\/pl\/"},{"@type":"ListItem","position":2,"name":"Industrial Cleaning Services"}]},{"@type":"WebSite","@id":"https:\/\/ccscleaning.com\/pl\/#website","url":"https:\/\/ccscleaning.com\/pl\/","name":"CCS Cleaning Poland","description":"","potentialAction":[{"@type":"SearchAction","target":{"@type":"EntryPoint","urlTemplate":"https:\/\/ccscleaning.com\/pl\/?s={search_term_string}"},"query-input":{"@type":"PropertyValueSpecification","valueRequired":true,"valueName":"search_term_string"}}],"inLanguage":"pl-PL"}]}},"acf":[],"_links":{"self":[{"href":"https:\/\/ccscleaning.com\/pl\/wp-json\/wp\/v2\/pages\/2071","targetHints":{"allow":["GET"]}}],"collection":[{"href":"https:\/\/ccscleaning.com\/pl\/wp-json\/wp\/v2\/pages"}],"about":[{"href":"https:\/\/ccscleaning.com\/pl\/wp-json\/wp\/v2\/types\/page"}],"author":[{"embeddable":true,"href":"https:\/\/ccscleaning.com\/pl\/wp-json\/wp\/v2\/users\/1"}],"replies":[{"embeddable":true,"href":"https:\/\/ccscleaning.com\/pl\/wp-json\/wp\/v2\/comments?post=2071"}],"version-history":[{"count":9,"href":"https:\/\/ccscleaning.com\/pl\/wp-json\/wp\/v2\/pages\/2071\/revisions"}],"predecessor-version":[{"id":7103,"href":"https:\/\/ccscleaning.com\/pl\/wp-json\/wp\/v2\/pages\/2071\/revisions\/7103"}],"wp:attachment":[{"href":"https:\/\/ccscleaning.com\/pl\/wp-json\/wp\/v2\/media?parent=2071"}],"curies":[{"name":"wp","href":"https:\/\/api.w.org\/{rel}","templated":true}]}}