{"id":2098,"date":"2018-10-09T05:02:50","date_gmt":"2018-10-09T05:02:50","guid":{"rendered":"https:\/\/ccscleaning.com\/?page_id=2098"},"modified":"2025-08-19T08:10:26","modified_gmt":"2025-08-19T08:10:26","slug":"contact-us","status":"publish","type":"page","link":"https:\/\/ccscleaning.com\/pl\/contact-us\/","title":{"rendered":"Contact Us"},"content":{"rendered":"<div class=\"contact-page-block\">\r\n<div class=\"container\">\r\n<div class=\"row\">\r\n<div class=\"col-lg-6 \">\r\n<h3>CONTACT US<\/h3>\r\n\n<div class=\"wpcf7 no-js\" id=\"wpcf7-f2164-o1\" lang=\"en-US\" dir=\"ltr\" data-wpcf7-id=\"2164\">\n<div class=\"screen-reader-response\"><p role=\"status\" aria-live=\"polite\" aria-atomic=\"true\"><\/p> <ul><\/ul><\/div>\n<form action=\"\/pl\/wp-json\/wp\/v2\/pages\/2098#wpcf7-f2164-o1\" method=\"post\" class=\"wpcf7-form init\" aria-label=\"Contact form\" novalidate=\"novalidate\" data-status=\"init\">\n<fieldset class=\"hidden-fields-container\"><input type=\"hidden\" name=\"_wpcf7\" value=\"2164\" \/><input type=\"hidden\" name=\"_wpcf7_version\" value=\"6.1.3\" \/><input type=\"hidden\" name=\"_wpcf7_locale\" value=\"en_US\" \/><input type=\"hidden\" name=\"_wpcf7_unit_tag\" value=\"wpcf7-f2164-o1\" \/><input type=\"hidden\" name=\"_wpcf7_container_post\" value=\"0\" \/><input type=\"hidden\" name=\"_wpcf7_posted_data_hash\" value=\"\" \/><input type=\"hidden\" name=\"_wpcf7_recaptcha_response\" value=\"\" \/>\n<\/fieldset>\n<h3>Om\u00f3wmy Twoje wymagania dotycz\u0105ce czyszczenia\n<\/h3>\n<div class=\"form-group\">\n\t<p><span class=\"wpcf7-form-control-wrap\" data-name=\"your-team\"><select class=\"wpcf7-form-control wpcf7-select wpcf7-validates-as-required form-control\" id=\"teamSelect\" aria-required=\"true\" aria-invalid=\"false\" name=\"your-team\"><option value=\"\">Select Team<\/option><option value=\"Sales\">Sales<\/option><option value=\"Recruitment\">Recruitment<\/option><option value=\"Marketing\">Marketing<\/option><\/select><\/span>\n\t<\/p>\n<\/div>\n<div class=\"form-group\">\n\t<p><span class=\"wpcf7-form-control-wrap\" data-name=\"your-name\"><input size=\"40\" maxlength=\"400\" class=\"wpcf7-form-control wpcf7-text wpcf7-validates-as-required form-control\" id=\"exampleFormControlInput1\" aria-required=\"true\" aria-invalid=\"false\" placeholder=\"Nazwa\" value=\"\" type=\"text\" name=\"your-name\" \/><\/span>\n\t<\/p>\n<\/div>\n<div class=\"form-group\">\n\t<p><span class=\"wpcf7-form-control-wrap\" data-name=\"your-company\"><input size=\"40\" maxlength=\"400\" class=\"wpcf7-form-control wpcf7-text wpcf7-validates-as-required form-control\" id=\"exampleFormControlInput4\" aria-required=\"true\" aria-invalid=\"false\" placeholder=\"Nazwa firmy\" value=\"\" type=\"text\" name=\"your-company\" \/><\/span>\n\t<\/p>\n<\/div>\n<div class=\"form-group\">\n\t<p><span class=\"wpcf7-form-control-wrap\" data-name=\"your-num\"><input size=\"40\" maxlength=\"400\" class=\"wpcf7-form-control wpcf7-tel wpcf7-validates-as-required wpcf7-text wpcf7-validates-as-tel form-control\" id=\"exampleFormControlInput2\" aria-required=\"true\" aria-invalid=\"false\" placeholder=\"Telefon\" value=\"\" type=\"tel\" name=\"your-num\" \/><\/span>\n\t<\/p>\n<\/div>\n<div class=\"form-group\">\n\t<p><span class=\"wpcf7-form-control-wrap\" data-name=\"your-email\"><input size=\"40\" maxlength=\"400\" class=\"wpcf7-form-control wpcf7-email wpcf7-validates-as-required wpcf7-text wpcf7-validates-as-email form-control\" id=\"exampleFormControlInput3\" aria-required=\"true\" aria-invalid=\"false\" placeholder=\"E-mail\" value=\"\" type=\"email\" name=\"your-email\" \/><\/span>\n\t<\/p>\n<\/div>\n<div class=\"form-group\">\n\t<p><span class=\"wpcf7-form-control-wrap\" data-name=\"your-message\"><textarea cols=\"40\" rows=\"3\" maxlength=\"2000\" class=\"wpcf7-form-control wpcf7-textarea form-control\" id=\"exampleFormControlTextarea1\" aria-invalid=\"false\" placeholder=\"Twoja wiadomo\u015b\u0107\" name=\"your-message\"><\/textarea><\/span>\n\t<\/p>\n<\/div>\n<div class=\"form-group\">\n\n<\/div>\n<input class=\"wpcf7-form-control wpcf7-hidden\" value=\"\" type=\"hidden\" name=\"page-origin-name\" \/>\n<input class=\"wpcf7-form-control wpcf7-hidden\" value=\"\" type=\"hidden\" name=\"page-origin-url\" \/>\n<div class=\"btn-group\">\n\t<p><input class=\"wpcf7-form-control wpcf7-submit has-spinner btn-submit\" type=\"submit\" value=\"Uzyskaj wycen\u0119 teraz\" \/>\n\t<\/p>\n<\/div><div class=\"wpcf7-response-output\" aria-hidden=\"true\"><\/div>\n<\/form>\n<\/div>\n\r\n\r\n<\/div>\r\n<div class=\"col-lg-6\">\r\n<h3>Quick Contact<\/h3>\r\n<address>UK: <a href=\"tel:+44 (0) 161 820 9967\"> +44 (0) 161 820 9967<\/a>\r\n\r\nIRELAND: <a href=\"tel:+353 (0) 1811 8926\"> +353 (0) 1811 8926<\/a>\r\n\r\nAUSTRIA <a href=\"tel:+49 (0)211 38789834\">+49 (0)211 38789834<\/a>\r\n\r\nBELGIUM <a href=\"tel:+32 (0)28082219\">+32 (0)28082219<\/a>\r\n\r\nFRANCE <a href=\"tel:+33 (0)1 84885189\">+33 (0)1 84885189<\/a>\r\n\r\nGERMANY <a href=\"tel:+49 (0)211 38789834\">+49 (0)211 38789834<\/a>\r\n\r\nNETHERLANDS <a href=\"tel:+31 (0)23 808 0256\">+31 (0)23 808 0256<\/a>\r\n\r\nPOLAND <a href=\"tel:+48 (0) 77 888 1583\">+48 (0) 77 888 1583<\/a>\r\n\r\n<\/address><\/div>\r\n<div class=\"clearfix\"><\/div>\r\n<\/div>\r\n<\/div>\r\n<\/div>\r\n<section class=\"certification-wraper\">\r\n<div class=\"container\">\r\n<div class=\"row\">\r\n<h2>Certifications<\/h2>\r\n<div class=\"clients-pic\"><img decoding=\"async\" src=\"https:\/\/ccscleaning.com\/pl\/wp-content\/uploads\/sites\/6\/2022\/02\/clients-pic.jpg\" \/><\/div>\r\n<\/div>\r\n<\/div>\r\n<\/section><section class=\"histry mbottom0 mtop30\">\r\n<div class=\"container\">\r\n<div class=\"row\">\r\n<div class=\"col-lg-4 busyears\"><strong>50<\/strong>YEARS <b>IN<\/b>\r\nBUSINESS\r\n\r\n<\/div>\r\n<div class=\"col-lg-4 projects\"><strong>4800<\/strong>Projects\r\n\r\n<\/div>\r\n<div class=\"col-lg-4 happyclients\">\r\n<div class=\"innerdiv\"><strong>100<small>s<\/small><\/strong>OF <b>HAPPY<\/b>\r\nCLIENTS\r\n\r\n<\/div>\r\n<\/div>\r\n<\/div>\r\n<\/div>\r\n<\/section>","protected":false},"excerpt":{"rendered":"<p>CONTACT US Quick Contact UK: +44 (0) 161 820 9967 IRELAND: +353 (0) 1811 8926 AUSTRIA +49 (0)211 38789834 BELGIUM +32 (0)28082219 FRANCE +33 (0)1 84885189 GERMANY +49 (0)211 38789834 NETHERLANDS +31 (0)23 808 0256 POLAND +48 (0) 77 888 1583 Certifications 50YEARS IN BUSINESS 4800Projects 100sOF HAPPY CLIENTS<\/p>\n","protected":false},"author":1,"featured_media":0,"parent":0,"menu_order":0,"comment_status":"closed","ping_status":"closed","template":"page-templates\/page-contact.php","meta":{"footnotes":""},"class_list":["post-2098","page","type-page","status-publish","hentry"],"yoast_head":"<!-- This site is optimized with the Yoast SEO plugin v27.1.1 - https:\/\/yoast.com\/product\/yoast-seo-wordpress\/ -->\n<title>Skontaktuj si\u0119 z CCS dla Commercial Cleaning Services Europe<\/title>\n<meta name=\"description\" content=\"Skontaktuj si\u0119 z CCS w sprawie czyszczenia powierzchni komercyjnych w Europie. Nasza ca\u0142odobowa infolinia to +48 (0) 778881583\" \/>\n<meta name=\"robots\" content=\"index, follow, max-snippet:-1, max-image-preview:large, max-video-preview:-1\" \/>\n<link rel=\"canonical\" href=\"https:\/\/ccscleaning.com\/pl\/contact-us\/\" \/>\n<meta property=\"og:locale\" content=\"pl_PL\" \/>\n<meta property=\"og:type\" content=\"article\" \/>\n<meta property=\"og:title\" content=\"Skontaktuj si\u0119 z CCS dla Commercial Cleaning Services Europe\" \/>\n<meta property=\"og:description\" content=\"Skontaktuj si\u0119 z CCS w sprawie czyszczenia powierzchni komercyjnych w Europie. Nasza ca\u0142odobowa infolinia to +48 (0) 778881583\" \/>\n<meta property=\"og:url\" content=\"https:\/\/ccscleaning.com\/pl\/contact-us\/\" \/>\n<meta property=\"og:site_name\" content=\"CCS Cleaning Poland\" \/>\n<meta property=\"article:modified_time\" content=\"2025-08-19T08:10:26+00:00\" \/>\n<meta property=\"og:image\" content=\"https:\/\/ccscleaning.com\/pl\/wp-content\/uploads\/sites\/6\/2022\/02\/clients-pic.jpg\" \/>\n<meta name=\"twitter:card\" content=\"summary_large_image\" \/>\n<meta name=\"twitter:label1\" content=\"Est. reading time\" \/>\n\t<meta name=\"twitter:data1\" content=\"1 minuta\" \/>\n<!-- \/ Yoast SEO plugin. -->","yoast_head_json":{"title":"Skontaktuj si\u0119 z CCS dla Commercial Cleaning Services Europe","description":"Skontaktuj si\u0119 z CCS w sprawie czyszczenia powierzchni komercyjnych w Europie. Nasza ca\u0142odobowa infolinia to +48 (0) 778881583","robots":{"index":"index","follow":"follow","max-snippet":"max-snippet:-1","max-image-preview":"max-image-preview:large","max-video-preview":"max-video-preview:-1"},"canonical":"https:\/\/ccscleaning.com\/pl\/contact-us\/","og_locale":"pl_PL","og_type":"article","og_title":"Skontaktuj si\u0119 z CCS dla Commercial Cleaning Services Europe","og_description":"Skontaktuj si\u0119 z CCS w sprawie czyszczenia powierzchni komercyjnych w Europie. Nasza ca\u0142odobowa infolinia to +48 (0) 778881583","og_url":"https:\/\/ccscleaning.com\/pl\/contact-us\/","og_site_name":"CCS Cleaning Poland","article_modified_time":"2025-08-19T08:10:26+00:00","og_image":[{"url":"https:\/\/ccscleaning.com\/pl\/wp-content\/uploads\/sites\/6\/2022\/02\/clients-pic.jpg","type":"","width":"","height":""}],"twitter_card":"summary_large_image","twitter_misc":{"Est. reading time":"1 minuta"},"schema":{"@context":"https:\/\/schema.org","@graph":[{"@type":"WebPage","@id":"https:\/\/ccscleaning.com\/pl\/contact-us\/","url":"https:\/\/ccscleaning.com\/pl\/contact-us\/","name":"Skontaktuj si\u0119 z CCS dla Commercial Cleaning Services Europe","isPartOf":{"@id":"https:\/\/ccscleaning.com\/pl\/#website"},"primaryImageOfPage":{"@id":"https:\/\/ccscleaning.com\/pl\/contact-us\/#primaryimage"},"image":{"@id":"https:\/\/ccscleaning.com\/pl\/contact-us\/#primaryimage"},"thumbnailUrl":"https:\/\/ccscleaning.com\/pl\/wp-content\/uploads\/sites\/6\/2022\/02\/clients-pic.jpg","datePublished":"2018-10-09T05:02:50+00:00","dateModified":"2025-08-19T08:10:26+00:00","description":"Skontaktuj si\u0119 z CCS w sprawie czyszczenia powierzchni komercyjnych w Europie. Nasza ca\u0142odobowa infolinia to +48 (0) 778881583","breadcrumb":{"@id":"https:\/\/ccscleaning.com\/pl\/contact-us\/#breadcrumb"},"inLanguage":"pl-PL","potentialAction":[{"@type":"ReadAction","target":["https:\/\/ccscleaning.com\/pl\/contact-us\/"]}]},{"@type":"ImageObject","inLanguage":"pl-PL","@id":"https:\/\/ccscleaning.com\/pl\/contact-us\/#primaryimage","url":"https:\/\/ccscleaning.com\/pl\/wp-content\/uploads\/sites\/6\/2022\/02\/clients-pic.jpg","contentUrl":"https:\/\/ccscleaning.com\/pl\/wp-content\/uploads\/sites\/6\/2022\/02\/clients-pic.jpg"},{"@type":"BreadcrumbList","@id":"https:\/\/ccscleaning.com\/pl\/contact-us\/#breadcrumb","itemListElement":[{"@type":"ListItem","position":1,"name":"Strona g\u0142\u00f3wna","item":"https:\/\/ccscleaning.com\/pl\/"},{"@type":"ListItem","position":2,"name":"Contact Us"}]},{"@type":"WebSite","@id":"https:\/\/ccscleaning.com\/pl\/#website","url":"https:\/\/ccscleaning.com\/pl\/","name":"CCS Cleaning Poland","description":"","potentialAction":[{"@type":"SearchAction","target":{"@type":"EntryPoint","urlTemplate":"https:\/\/ccscleaning.com\/pl\/?s={search_term_string}"},"query-input":{"@type":"PropertyValueSpecification","valueRequired":true,"valueName":"search_term_string"}}],"inLanguage":"pl-PL"}]}},"acf":[],"_links":{"self":[{"href":"https:\/\/ccscleaning.com\/pl\/wp-json\/wp\/v2\/pages\/2098","targetHints":{"allow":["GET"]}}],"collection":[{"href":"https:\/\/ccscleaning.com\/pl\/wp-json\/wp\/v2\/pages"}],"about":[{"href":"https:\/\/ccscleaning.com\/pl\/wp-json\/wp\/v2\/types\/page"}],"author":[{"embeddable":true,"href":"https:\/\/ccscleaning.com\/pl\/wp-json\/wp\/v2\/users\/1"}],"replies":[{"embeddable":true,"href":"https:\/\/ccscleaning.com\/pl\/wp-json\/wp\/v2\/comments?post=2098"}],"version-history":[{"count":1,"href":"https:\/\/ccscleaning.com\/pl\/wp-json\/wp\/v2\/pages\/2098\/revisions"}],"predecessor-version":[{"id":6947,"href":"https:\/\/ccscleaning.com\/pl\/wp-json\/wp\/v2\/pages\/2098\/revisions\/6947"}],"wp:attachment":[{"href":"https:\/\/ccscleaning.com\/pl\/wp-json\/wp\/v2\/media?parent=2098"}],"curies":[{"name":"wp","href":"https:\/\/api.w.org\/{rel}","templated":true}]}}