{"id":2417,"date":"2018-10-13T07:00:05","date_gmt":"2018-10-13T07:00:05","guid":{"rendered":"https:\/\/ccscleaning.com\/?page_id=2417"},"modified":"2025-08-19T08:10:26","modified_gmt":"2025-08-19T08:10:26","slug":"daily-dusting","status":"publish","type":"page","link":"https:\/\/ccscleaning.com\/pl\/daily-dusting\/","title":{"rendered":"Daily Dusting"},"content":{"rendered":"<div class=\"container-fluid inner-banner-wrap\">\r\n\t<div class=\"row\">\r\n\t\t<img decoding=\"async\" src=\"https:\/\/ccscleaning.com\/pl\/wp-content\/uploads\/sites\/6\/2018\/12\/daily-dusting-banner.jpg\" alt=\"Daily Dusting\" \/>\r\n\t\t<div class=\"inner-banner-cont\">\r\n\t\t\t<div class=\"container\">\r\n\t\t\t\t<div class=\"row\">\r\n\t\t\t\t\t<div class=\"col-lg-6\">\r\n\t\t\t\t\t\t<div class=\"inner-banner-left-content\">\r\n\t\t\t\t\t\t\t<h1>Daily Dusting<\/h1>\t\t\t\t\t\t\t\r\n\t\t\t\t\t\t<\/div>\r\n\t\t\t\t\t<\/div>\r\n\t\t\t\t\t<div class=\"col-lg-6\">\r\n\t\t\t\t\t\t<div class=\"banner-contact\">\r\n\t\t\t\t\t\t\t<h3>CONTACT US<\/h3>\r\n\t\t\t\t\t\t\t\n<div class=\"wpcf7 no-js\" id=\"wpcf7-f2164-o1\" lang=\"en-US\" dir=\"ltr\" data-wpcf7-id=\"2164\">\n<div class=\"screen-reader-response\"><p role=\"status\" aria-live=\"polite\" aria-atomic=\"true\"><\/p> <ul><\/ul><\/div>\n<form action=\"\/pl\/wp-json\/wp\/v2\/pages\/2417#wpcf7-f2164-o1\" method=\"post\" class=\"wpcf7-form init\" aria-label=\"Contact form\" novalidate=\"novalidate\" data-status=\"init\">\n<fieldset class=\"hidden-fields-container\"><input type=\"hidden\" name=\"_wpcf7\" value=\"2164\" \/><input type=\"hidden\" name=\"_wpcf7_version\" value=\"6.1.3\" \/><input type=\"hidden\" name=\"_wpcf7_locale\" value=\"en_US\" \/><input type=\"hidden\" name=\"_wpcf7_unit_tag\" value=\"wpcf7-f2164-o1\" \/><input type=\"hidden\" name=\"_wpcf7_container_post\" value=\"0\" \/><input type=\"hidden\" name=\"_wpcf7_posted_data_hash\" value=\"\" \/><input type=\"hidden\" name=\"_wpcf7_recaptcha_response\" value=\"\" \/>\n<\/fieldset>\n<h3>Om\u00f3wmy Twoje wymagania dotycz\u0105ce czyszczenia\n<\/h3>\n<div class=\"form-group\">\n\t<p><span class=\"wpcf7-form-control-wrap\" data-name=\"your-team\"><select class=\"wpcf7-form-control wpcf7-select wpcf7-validates-as-required form-control\" id=\"teamSelect\" aria-required=\"true\" aria-invalid=\"false\" name=\"your-team\"><option value=\"\">Select Team<\/option><option value=\"Sales\">Sales<\/option><option value=\"Recruitment\">Recruitment<\/option><option value=\"Marketing\">Marketing<\/option><\/select><\/span>\n\t<\/p>\n<\/div>\n<div class=\"form-group\">\n\t<p><span class=\"wpcf7-form-control-wrap\" data-name=\"your-name\"><input size=\"40\" maxlength=\"400\" class=\"wpcf7-form-control wpcf7-text wpcf7-validates-as-required form-control\" id=\"exampleFormControlInput1\" aria-required=\"true\" aria-invalid=\"false\" placeholder=\"Nazwa\" value=\"\" type=\"text\" name=\"your-name\" \/><\/span>\n\t<\/p>\n<\/div>\n<div class=\"form-group\">\n\t<p><span class=\"wpcf7-form-control-wrap\" data-name=\"your-company\"><input size=\"40\" maxlength=\"400\" class=\"wpcf7-form-control wpcf7-text wpcf7-validates-as-required form-control\" id=\"exampleFormControlInput4\" aria-required=\"true\" aria-invalid=\"false\" placeholder=\"Nazwa firmy\" value=\"\" type=\"text\" name=\"your-company\" \/><\/span>\n\t<\/p>\n<\/div>\n<div class=\"form-group\">\n\t<p><span class=\"wpcf7-form-control-wrap\" data-name=\"your-num\"><input size=\"40\" maxlength=\"400\" class=\"wpcf7-form-control wpcf7-tel wpcf7-validates-as-required wpcf7-text wpcf7-validates-as-tel form-control\" id=\"exampleFormControlInput2\" aria-required=\"true\" aria-invalid=\"false\" placeholder=\"Telefon\" value=\"\" type=\"tel\" name=\"your-num\" \/><\/span>\n\t<\/p>\n<\/div>\n<div class=\"form-group\">\n\t<p><span class=\"wpcf7-form-control-wrap\" data-name=\"your-email\"><input size=\"40\" maxlength=\"400\" class=\"wpcf7-form-control wpcf7-email wpcf7-validates-as-required wpcf7-text wpcf7-validates-as-email form-control\" id=\"exampleFormControlInput3\" aria-required=\"true\" aria-invalid=\"false\" placeholder=\"E-mail\" value=\"\" type=\"email\" name=\"your-email\" \/><\/span>\n\t<\/p>\n<\/div>\n<div class=\"form-group\">\n\t<p><span class=\"wpcf7-form-control-wrap\" data-name=\"your-message\"><textarea cols=\"40\" rows=\"3\" maxlength=\"2000\" class=\"wpcf7-form-control wpcf7-textarea form-control\" id=\"exampleFormControlTextarea1\" aria-invalid=\"false\" placeholder=\"Twoja wiadomo\u015b\u0107\" name=\"your-message\"><\/textarea><\/span>\n\t<\/p>\n<\/div>\n<div class=\"form-group\">\n\n<\/div>\n<input class=\"wpcf7-form-control wpcf7-hidden\" value=\"\" type=\"hidden\" name=\"page-origin-name\" \/>\n<input class=\"wpcf7-form-control wpcf7-hidden\" value=\"\" type=\"hidden\" name=\"page-origin-url\" \/>\n<div class=\"btn-group\">\n\t<p><input class=\"wpcf7-form-control wpcf7-submit has-spinner btn-submit\" type=\"submit\" value=\"Uzyskaj wycen\u0119 teraz\" \/>\n\t<\/p>\n<\/div><div class=\"wpcf7-response-output\" aria-hidden=\"true\"><\/div>\n<\/form>\n<\/div>\n\r\n\t\t\t\t\t\t<\/div>\r\n\t\t\t\t\t<\/div>\r\n\t\t\t\t\t<div class=\"clearfix\"><\/div>\r\n\t\t\t\t<\/div>\r\n\t\t\t<\/div>\r\n\t\t<\/div>\r\n\t<\/div>\r\n<\/div>\r\n<section class=\"spec-wraper\">\r\n\t<div class=\"container\">\r\n\t\t<div class=\"col-lg-8\">\r\n\t\t\t<fieldset>\r\n\t\t\t\t<h3>Daily Dusting<\/h3>\r\n\t\t\t\t<hr \/>\t\r\n<p>When it comes to cleaning there are some tasks that just can not be neglected. Daily dusting is one of those tasks that should be carried out every day. By doing so each day dust and debris will not accumulate and your surfaces will always be presentable.<\/p>\r\n<p>CCS are consummate professionals in all areas of their business, so you can rest assured that dust will no longer be an issue when using CCS.<\/p>\r\n<p>CCS\u2019 cleaning operatives are highly trained people with experience and the very best equipment at their disposal.<\/p>\r\n<\/fieldset>\r\n\t\t\t\r\n\t\t<\/div>\r\n\t\t<div class=\"col-lg-4\">\r\n\t\t\t<div class=\"proposal-result-sec\">\r\n\t\t\t\t<h3>Related Services<\/h3>\r\n\t\t\t\t<ul>\r\n\t\t\t\t\t<li><a href=\"https:\/\/ccscleaning.com\/daily-dusting\">Daily dusting<\/a><\/li>\r\n\t\t\t\t\t<li><a href=\"https:\/\/ccscleaning.com\/mirror-cleaning\">Mirror cleaning<\/a><\/li>\r\n\t\t\t\t\t<li><a href=\"https:\/\/ccscleaning.com\/window-cleaning-services\">Window Cleaning<\/a><\/li>\r\n\t\t\t\t\t<li><a href=\"https:\/\/ccscleaning.com\/high-glass-cleaning\">High glass cleaning<\/a><\/li>\r\n\t\t\t\t\t<li><a href=\"https:\/\/ccscleaning.com\/high-dusting\">High dusting<\/a><\/li>\r\n\t\t\t\t\t<li><a href=\"https:\/\/ccscleaning.com\/mopping\">Mopping<\/a><\/li>\r\n\t\t\t\t<\/ul>\r\n\t\t\t<\/div>\t\t\t\r\n\t\t<\/div>\r\n\t\t<div class=\"clearfix\"><\/div>\r\n\t<\/div>\r\n<\/section>\r\n","protected":false},"excerpt":{"rendered":"<p>Daily Dusting CONTACT US Daily Dusting When it comes to cleaning there are some tasks that just can not be neglected. Daily dusting is one of those tasks that should be carried out every day. By doing so each day dust and debris will not accumulate and your surfaces will always be presentable. CCS are&#8230;  <a href=\"https:\/\/ccscleaning.com\/pl\/daily-dusting\/\" class=\"more-link\" title=\"Read Daily Dusting\">Read more &raquo;<\/a><\/p>\n","protected":false},"author":1,"featured_media":0,"parent":0,"menu_order":0,"comment_status":"closed","ping_status":"closed","template":"page-templates\/page-others-services.php","meta":{"footnotes":""},"class_list":["post-2417","page","type-page","status-publish","hentry"],"yoast_head":"<!-- This site is optimized with the Yoast SEO plugin v27.1.1 - https:\/\/yoast.com\/product\/yoast-seo-wordpress\/ -->\n<title>Codziennie Dusting Dla Biznes | Kurz Leczenie | CCS Cleaning<\/title>\n<meta name=\"description\" content=\"Zatrudni\u0107 CCS cleaning ekspert\u00f3w do codziennego Codziennie Dusting Dla Biznes. Zapewniamy profesjonalne kurz us\u0142ugi sprz\u0105tania Tworzy twoje lokal o dobrej prezencji.\" \/>\n<meta name=\"robots\" content=\"index, follow, max-snippet:-1, max-image-preview:large, max-video-preview:-1\" \/>\n<link rel=\"canonical\" href=\"https:\/\/ccscleaning.com\/pl\/daily-dusting\/\" \/>\n<meta property=\"og:locale\" content=\"pl_PL\" \/>\n<meta property=\"og:type\" content=\"article\" \/>\n<meta property=\"og:title\" content=\"Codziennie Dusting Dla Biznes | Kurz Leczenie | CCS Cleaning\" \/>\n<meta property=\"og:description\" content=\"Zatrudni\u0107 CCS cleaning ekspert\u00f3w do codziennego Codziennie Dusting Dla Biznes. Zapewniamy profesjonalne kurz us\u0142ugi sprz\u0105tania Tworzy twoje lokal o dobrej prezencji.\" \/>\n<meta property=\"og:url\" content=\"https:\/\/ccscleaning.com\/pl\/daily-dusting\/\" \/>\n<meta property=\"og:site_name\" content=\"CCS Cleaning Poland\" \/>\n<meta property=\"article:modified_time\" content=\"2025-08-19T08:10:26+00:00\" \/>\n<meta property=\"og:image\" content=\"https:\/\/ccscleaning.com\/pl\/wp-content\/uploads\/sites\/6\/2018\/12\/daily-dusting-banner.jpg\" \/>\n<meta name=\"twitter:card\" content=\"summary_large_image\" \/>\n<meta name=\"twitter:label1\" content=\"Est. reading time\" \/>\n\t<meta name=\"twitter:data1\" content=\"1 minuta\" \/>\n<!-- \/ Yoast SEO plugin. -->","yoast_head_json":{"title":"Codziennie Dusting Dla Biznes | Kurz Leczenie | CCS Cleaning","description":"Zatrudni\u0107 CCS cleaning ekspert\u00f3w do codziennego Codziennie Dusting Dla Biznes. Zapewniamy profesjonalne kurz us\u0142ugi sprz\u0105tania Tworzy twoje lokal o dobrej prezencji.","robots":{"index":"index","follow":"follow","max-snippet":"max-snippet:-1","max-image-preview":"max-image-preview:large","max-video-preview":"max-video-preview:-1"},"canonical":"https:\/\/ccscleaning.com\/pl\/daily-dusting\/","og_locale":"pl_PL","og_type":"article","og_title":"Codziennie Dusting Dla Biznes | Kurz Leczenie | CCS Cleaning","og_description":"Zatrudni\u0107 CCS cleaning ekspert\u00f3w do codziennego Codziennie Dusting Dla Biznes. Zapewniamy profesjonalne kurz us\u0142ugi sprz\u0105tania Tworzy twoje lokal o dobrej prezencji.","og_url":"https:\/\/ccscleaning.com\/pl\/daily-dusting\/","og_site_name":"CCS Cleaning Poland","article_modified_time":"2025-08-19T08:10:26+00:00","og_image":[{"url":"https:\/\/ccscleaning.com\/pl\/wp-content\/uploads\/sites\/6\/2018\/12\/daily-dusting-banner.jpg","type":"","width":"","height":""}],"twitter_card":"summary_large_image","twitter_misc":{"Est. reading time":"1 minuta"},"schema":{"@context":"https:\/\/schema.org","@graph":[{"@type":"WebPage","@id":"https:\/\/ccscleaning.com\/pl\/daily-dusting\/","url":"https:\/\/ccscleaning.com\/pl\/daily-dusting\/","name":"Codziennie Dusting Dla Biznes | Kurz Leczenie | CCS Cleaning","isPartOf":{"@id":"https:\/\/ccscleaning.com\/pl\/#website"},"primaryImageOfPage":{"@id":"https:\/\/ccscleaning.com\/pl\/daily-dusting\/#primaryimage"},"image":{"@id":"https:\/\/ccscleaning.com\/pl\/daily-dusting\/#primaryimage"},"thumbnailUrl":"https:\/\/ccscleaning.com\/pl\/wp-content\/uploads\/sites\/6\/2018\/12\/daily-dusting-banner.jpg","datePublished":"2018-10-13T07:00:05+00:00","dateModified":"2025-08-19T08:10:26+00:00","description":"Zatrudni\u0107 CCS cleaning ekspert\u00f3w do codziennego Codziennie Dusting Dla Biznes. Zapewniamy profesjonalne kurz us\u0142ugi sprz\u0105tania Tworzy twoje lokal o dobrej prezencji.","breadcrumb":{"@id":"https:\/\/ccscleaning.com\/pl\/daily-dusting\/#breadcrumb"},"inLanguage":"pl-PL","potentialAction":[{"@type":"ReadAction","target":["https:\/\/ccscleaning.com\/pl\/daily-dusting\/"]}]},{"@type":"ImageObject","inLanguage":"pl-PL","@id":"https:\/\/ccscleaning.com\/pl\/daily-dusting\/#primaryimage","url":"https:\/\/ccscleaning.com\/pl\/wp-content\/uploads\/sites\/6\/2018\/12\/daily-dusting-banner.jpg","contentUrl":"https:\/\/ccscleaning.com\/pl\/wp-content\/uploads\/sites\/6\/2018\/12\/daily-dusting-banner.jpg"},{"@type":"BreadcrumbList","@id":"https:\/\/ccscleaning.com\/pl\/daily-dusting\/#breadcrumb","itemListElement":[{"@type":"ListItem","position":1,"name":"Strona g\u0142\u00f3wna","item":"https:\/\/ccscleaning.com\/pl\/"},{"@type":"ListItem","position":2,"name":"Daily Dusting"}]},{"@type":"WebSite","@id":"https:\/\/ccscleaning.com\/pl\/#website","url":"https:\/\/ccscleaning.com\/pl\/","name":"CCS Cleaning Poland","description":"","potentialAction":[{"@type":"SearchAction","target":{"@type":"EntryPoint","urlTemplate":"https:\/\/ccscleaning.com\/pl\/?s={search_term_string}"},"query-input":{"@type":"PropertyValueSpecification","valueRequired":true,"valueName":"search_term_string"}}],"inLanguage":"pl-PL"}]}},"acf":[],"_links":{"self":[{"href":"https:\/\/ccscleaning.com\/pl\/wp-json\/wp\/v2\/pages\/2417","targetHints":{"allow":["GET"]}}],"collection":[{"href":"https:\/\/ccscleaning.com\/pl\/wp-json\/wp\/v2\/pages"}],"about":[{"href":"https:\/\/ccscleaning.com\/pl\/wp-json\/wp\/v2\/types\/page"}],"author":[{"embeddable":true,"href":"https:\/\/ccscleaning.com\/pl\/wp-json\/wp\/v2\/users\/1"}],"replies":[{"embeddable":true,"href":"https:\/\/ccscleaning.com\/pl\/wp-json\/wp\/v2\/comments?post=2417"}],"version-history":[{"count":9,"href":"https:\/\/ccscleaning.com\/pl\/wp-json\/wp\/v2\/pages\/2417\/revisions"}],"predecessor-version":[{"id":7168,"href":"https:\/\/ccscleaning.com\/pl\/wp-json\/wp\/v2\/pages\/2417\/revisions\/7168"}],"wp:attachment":[{"href":"https:\/\/ccscleaning.com\/pl\/wp-json\/wp\/v2\/media?parent=2417"}],"curies":[{"name":"wp","href":"https:\/\/api.w.org\/{rel}","templated":true}]}}