{"id":2421,"date":"2018-10-13T07:03:22","date_gmt":"2018-10-13T07:03:22","guid":{"rendered":"https:\/\/ccscleaning.com\/?page_id=2421"},"modified":"2025-08-19T11:21:41","modified_gmt":"2025-08-19T11:21:41","slug":"mopping","status":"publish","type":"page","link":"https:\/\/ccscleaning.com\/pl\/mopping\/","title":{"rendered":"Mopping"},"content":{"rendered":"","protected":false},"excerpt":{"rendered":"","protected":false},"author":1,"featured_media":0,"parent":0,"menu_order":0,"comment_status":"closed","ping_status":"closed","template":"page-templates\/page-others-services.php","meta":{"footnotes":""},"class_list":["post-2421","page","type-page","status-publish","hentry"],"yoast_head":"<!-- This site is optimized with the Yoast SEO plugin v27.1.1 - https:\/\/yoast.com\/product\/yoast-seo-wordpress\/ -->\n<title>Us\u0142ugi mopingu | Corporate Floor Mopping | Czyszczenie CCS<\/title>\n<meta name=\"description\" content=\"Us\u0142uga mopowania pomaga utrzyma\u0107 pod\u0142ogi w czysto\u015bci. Nasi wysoko wykwalifikowani profesjonali\u015bci CCS s\u0105 przygotowani na Twoje potrzeby zwi\u0105zane z mopem. Zapyta\u0107 teraz!\" \/>\n<meta name=\"robots\" content=\"index, follow, max-snippet:-1, max-image-preview:large, max-video-preview:-1\" \/>\n<link rel=\"canonical\" href=\"https:\/\/ccscleaning.com\/pl\/mopping\/\" \/>\n<meta property=\"og:locale\" content=\"pl_PL\" \/>\n<meta property=\"og:type\" content=\"article\" \/>\n<meta property=\"og:title\" content=\"Us\u0142ugi mopingu | Corporate Floor Mopping | Czyszczenie CCS\" \/>\n<meta property=\"og:description\" content=\"Us\u0142uga mopowania pomaga utrzyma\u0107 pod\u0142ogi w czysto\u015bci. Nasi wysoko wykwalifikowani profesjonali\u015bci CCS s\u0105 przygotowani na Twoje potrzeby zwi\u0105zane z mopem. Zapyta\u0107 teraz!\" \/>\n<meta property=\"og:url\" content=\"https:\/\/ccscleaning.com\/pl\/mopping\/\" \/>\n<meta property=\"og:site_name\" content=\"CCS Cleaning Poland\" \/>\n<meta property=\"article:modified_time\" content=\"2025-08-19T11:21:41+00:00\" \/>\n<meta name=\"twitter:card\" content=\"summary_large_image\" \/>\n<!-- \/ Yoast SEO plugin. -->","yoast_head_json":{"title":"Us\u0142ugi mopingu | Corporate Floor Mopping | Czyszczenie CCS","description":"Us\u0142uga mopowania pomaga utrzyma\u0107 pod\u0142ogi w czysto\u015bci. Nasi wysoko wykwalifikowani profesjonali\u015bci CCS s\u0105 przygotowani na Twoje potrzeby zwi\u0105zane z mopem. Zapyta\u0107 teraz!","robots":{"index":"index","follow":"follow","max-snippet":"max-snippet:-1","max-image-preview":"max-image-preview:large","max-video-preview":"max-video-preview:-1"},"canonical":"https:\/\/ccscleaning.com\/pl\/mopping\/","og_locale":"pl_PL","og_type":"article","og_title":"Us\u0142ugi mopingu | Corporate Floor Mopping | Czyszczenie CCS","og_description":"Us\u0142uga mopowania pomaga utrzyma\u0107 pod\u0142ogi w czysto\u015bci. Nasi wysoko wykwalifikowani profesjonali\u015bci CCS s\u0105 przygotowani na Twoje potrzeby zwi\u0105zane z mopem. Zapyta\u0107 teraz!","og_url":"https:\/\/ccscleaning.com\/pl\/mopping\/","og_site_name":"CCS Cleaning Poland","article_modified_time":"2025-08-19T11:21:41+00:00","twitter_card":"summary_large_image","schema":{"@context":"https:\/\/schema.org","@graph":[{"@type":"WebPage","@id":"https:\/\/ccscleaning.com\/pl\/mopping\/","url":"https:\/\/ccscleaning.com\/pl\/mopping\/","name":"Us\u0142ugi mopingu | Corporate Floor Mopping | Czyszczenie CCS","isPartOf":{"@id":"https:\/\/ccscleaning.com\/pl\/#website"},"datePublished":"2018-10-13T07:03:22+00:00","dateModified":"2025-08-19T11:21:41+00:00","description":"Us\u0142uga mopowania pomaga utrzyma\u0107 pod\u0142ogi w czysto\u015bci. Nasi wysoko wykwalifikowani profesjonali\u015bci CCS s\u0105 przygotowani na Twoje potrzeby zwi\u0105zane z mopem. Zapyta\u0107 teraz!","breadcrumb":{"@id":"https:\/\/ccscleaning.com\/pl\/mopping\/#breadcrumb"},"inLanguage":"pl-PL","potentialAction":[{"@type":"ReadAction","target":["https:\/\/ccscleaning.com\/pl\/mopping\/"]}]},{"@type":"BreadcrumbList","@id":"https:\/\/ccscleaning.com\/pl\/mopping\/#breadcrumb","itemListElement":[{"@type":"ListItem","position":1,"name":"Strona g\u0142\u00f3wna","item":"https:\/\/ccscleaning.com\/pl\/"},{"@type":"ListItem","position":2,"name":"Mopping"}]},{"@type":"WebSite","@id":"https:\/\/ccscleaning.com\/pl\/#website","url":"https:\/\/ccscleaning.com\/pl\/","name":"CCS Cleaning Poland","description":"","potentialAction":[{"@type":"SearchAction","target":{"@type":"EntryPoint","urlTemplate":"https:\/\/ccscleaning.com\/pl\/?s={search_term_string}"},"query-input":{"@type":"PropertyValueSpecification","valueRequired":true,"valueName":"search_term_string"}}],"inLanguage":"pl-PL"}]}},"acf":[],"_links":{"self":[{"href":"https:\/\/ccscleaning.com\/pl\/wp-json\/wp\/v2\/pages\/2421","targetHints":{"allow":["GET"]}}],"collection":[{"href":"https:\/\/ccscleaning.com\/pl\/wp-json\/wp\/v2\/pages"}],"about":[{"href":"https:\/\/ccscleaning.com\/pl\/wp-json\/wp\/v2\/types\/page"}],"author":[{"embeddable":true,"href":"https:\/\/ccscleaning.com\/pl\/wp-json\/wp\/v2\/users\/1"}],"replies":[{"embeddable":true,"href":"https:\/\/ccscleaning.com\/pl\/wp-json\/wp\/v2\/comments?post=2421"}],"version-history":[{"count":9,"href":"https:\/\/ccscleaning.com\/pl\/wp-json\/wp\/v2\/pages\/2421\/revisions"}],"predecessor-version":[{"id":7159,"href":"https:\/\/ccscleaning.com\/pl\/wp-json\/wp\/v2\/pages\/2421\/revisions\/7159"}],"wp:attachment":[{"href":"https:\/\/ccscleaning.com\/pl\/wp-json\/wp\/v2\/media?parent=2421"}],"curies":[{"name":"wp","href":"https:\/\/api.w.org\/{rel}","templated":true}]}}