{"id":2523,"date":"2018-11-26T12:21:26","date_gmt":"2018-11-26T12:21:26","guid":{"rendered":"https:\/\/ccscleaning.com\/?page_id=2523"},"modified":"2025-08-19T08:10:25","modified_gmt":"2025-08-19T08:10:25","slug":"diversity","status":"publish","type":"page","link":"https:\/\/ccscleaning.com\/pl\/diversity\/","title":{"rendered":"Diversity"},"content":{"rendered":"<div class=\"diver\">\r\n<div class=\"container\">\r\n<div class=\"row\">\r\n<div class=\"innerpage-content center\">\r\n<h2>KARTA R\u00d3\u017bNORODNO\u015aCI<\/h2>\r\n<p>Jeste\u015bmy dumni z tego, \u017ce nasza firma zatrudnia w 8 krajach ponad 3000 os\u00f3b o 88 r\u00f3\u017cnych narodowo\u015bciach. R\u00f3\u017cnorodno\u015b\u0107 jest jednym z naszych istotnych sukces\u00f3w i aby udowodni\u0107 nasze zobowi\u0105zanie wobec niej, przyst\u0105pili\u015bmy do Karty R\u00f3\u017cnorodno\u015bci w ka\u017cdym pa\u0144stwie, w kt\u00f3rym dzia\u0142amy.<\/p>\r\n<ul class=\"content-list\">\r\n<li>Nieustanne d\u0105\u017cenie do zapewnienia, \u017ce nasza kultura korporacyjna charakteryzuje si\u0119 szacunkiem i uznaniem wobec naszej r\u00f3\u017cnorodno\u015bci.<\/li>\r\n<li>Promowanie naszego zaanga\u017cowania na rzecz r\u00f3\u017cnorodno\u015bci w miejscu pracy poprzez odpowiednie szkolenie kadry zarz\u0105dzaj\u0105cej oraz personelu.<\/li>\r\n<li>Szacunek i promowanie wszelkich aspekt\u00f3w zasady niedyskryminacji w organizacjach.<\/li>\r\n<li>D\u0105\u017cenie do odzwierciedlenia r\u00f3\u017cnorodno\u015bci spo\u0142ecze\u0144stwa na ka\u017cdym poziomie naszej organizacji.<\/li>\r\n<li>Anga\u017cowanie naszych pracownik\u00f3w, klient\u00f3w i dostawc\u00f3w w nasze inicjatywy dotycz\u0105ce r\u00f3\u017cnorodno\u015bci i r\u00f3wno\u015bci.<\/li>\r\n<li>Podkre\u015blanie w naszych publikacjach, tam, gdzie to stosowne, zobowi\u0105zania naszej firmy do niedyskryminacji i zachowania r\u00f3\u017cnorodno\u015bci.<\/li>\r\n<\/ul>\r\n<div class=\"diversity-logo\" style=\"text-align: center\"><img loading=\"lazy\" decoding=\"async\" class=\"alignnone wp-image-2571\" src=\"https:\/\/ccscleaning.com\/nl\/wp-content\/uploads\/sites\/4\/2018\/11\/CCS_Diversity_bar-1.jpg\" alt=\"\" width=\"1109\" height=\"152\" \/><\/div>\r\n<\/div>\r\n<\/div>\r\n<\/div>\r\n<\/div>","protected":false},"excerpt":{"rendered":"<p>KARTA R\u00d3\u017bNORODNO\u015aCI Jeste\u015bmy dumni z tego, \u017ce nasza firma zatrudnia w 8 krajach ponad 3000 os\u00f3b o 88 r\u00f3\u017cnych narodowo\u015bciach. R\u00f3\u017cnorodno\u015b\u0107 jest jednym z naszych istotnych sukces\u00f3w i aby udowodni\u0107 nasze zobowi\u0105zanie wobec niej, przyst\u0105pili\u015bmy do Karty R\u00f3\u017cnorodno\u015bci w ka\u017cdym pa\u0144stwie, w kt\u00f3rym dzia\u0142amy. Nieustanne d\u0105\u017cenie do zapewnienia, \u017ce nasza kultura korporacyjna charakteryzuje si\u0119 szacunkiem&#8230;  <a href=\"https:\/\/ccscleaning.com\/pl\/diversity\/\" class=\"more-link\" title=\"Read Diversity\">Read more &raquo;<\/a><\/p>\n","protected":false},"author":1,"featured_media":0,"parent":0,"menu_order":0,"comment_status":"closed","ping_status":"closed","template":"","meta":{"footnotes":""},"class_list":["post-2523","page","type-page","status-publish","hentry"],"yoast_head":"<!-- This site is optimized with the Yoast SEO plugin v27.1.1 - https:\/\/yoast.com\/product\/yoast-seo-wordpress\/ -->\n<title>Karta R\u00f3\u017cnorodno\u015bci - CCS Cleaning<\/title>\n<meta name=\"description\" content=\"Firma CCS sk\u0142ada si\u0119 z ponad 2000 os\u00f3b pracuj\u0105cych w 8 krajach, bierze udzia\u0142 w Diversity Charter Ireland.\" \/>\n<meta name=\"robots\" content=\"index, follow, max-snippet:-1, max-image-preview:large, max-video-preview:-1\" \/>\n<link rel=\"canonical\" href=\"https:\/\/ccscleaning.com\/pl\/diversity\/\" \/>\n<meta property=\"og:locale\" content=\"pl_PL\" \/>\n<meta property=\"og:type\" content=\"article\" \/>\n<meta property=\"og:title\" content=\"Karta R\u00f3\u017cnorodno\u015bci - CCS Cleaning\" \/>\n<meta property=\"og:description\" content=\"Firma CCS sk\u0142ada si\u0119 z ponad 2000 os\u00f3b pracuj\u0105cych w 8 krajach, bierze udzia\u0142 w Diversity Charter Ireland.\" \/>\n<meta property=\"og:url\" content=\"https:\/\/ccscleaning.com\/pl\/diversity\/\" \/>\n<meta property=\"og:site_name\" content=\"CCS Cleaning Poland\" \/>\n<meta property=\"article:modified_time\" content=\"2025-08-19T08:10:25+00:00\" \/>\n<meta property=\"og:image\" content=\"https:\/\/ccscleaning.com\/nl\/wp-content\/uploads\/sites\/4\/2018\/11\/CCS_Diversity_bar-1.jpg\" \/>\n<meta name=\"twitter:card\" content=\"summary_large_image\" \/>\n<meta name=\"twitter:label1\" content=\"Est. reading time\" \/>\n\t<meta name=\"twitter:data1\" content=\"1 minuta\" \/>\n<!-- \/ Yoast SEO plugin. -->","yoast_head_json":{"title":"Karta R\u00f3\u017cnorodno\u015bci - CCS Cleaning","description":"Firma CCS sk\u0142ada si\u0119 z ponad 2000 os\u00f3b pracuj\u0105cych w 8 krajach, bierze udzia\u0142 w Diversity Charter Ireland.","robots":{"index":"index","follow":"follow","max-snippet":"max-snippet:-1","max-image-preview":"max-image-preview:large","max-video-preview":"max-video-preview:-1"},"canonical":"https:\/\/ccscleaning.com\/pl\/diversity\/","og_locale":"pl_PL","og_type":"article","og_title":"Karta R\u00f3\u017cnorodno\u015bci - CCS Cleaning","og_description":"Firma CCS sk\u0142ada si\u0119 z ponad 2000 os\u00f3b pracuj\u0105cych w 8 krajach, bierze udzia\u0142 w Diversity Charter Ireland.","og_url":"https:\/\/ccscleaning.com\/pl\/diversity\/","og_site_name":"CCS Cleaning Poland","article_modified_time":"2025-08-19T08:10:25+00:00","og_image":[{"url":"https:\/\/ccscleaning.com\/nl\/wp-content\/uploads\/sites\/4\/2018\/11\/CCS_Diversity_bar-1.jpg","type":"","width":"","height":""}],"twitter_card":"summary_large_image","twitter_misc":{"Est. reading time":"1 minuta"},"schema":{"@context":"https:\/\/schema.org","@graph":[{"@type":"WebPage","@id":"https:\/\/ccscleaning.com\/pl\/diversity\/","url":"https:\/\/ccscleaning.com\/pl\/diversity\/","name":"Karta R\u00f3\u017cnorodno\u015bci - CCS Cleaning","isPartOf":{"@id":"https:\/\/ccscleaning.com\/pl\/#website"},"primaryImageOfPage":{"@id":"https:\/\/ccscleaning.com\/pl\/diversity\/#primaryimage"},"image":{"@id":"https:\/\/ccscleaning.com\/pl\/diversity\/#primaryimage"},"thumbnailUrl":"https:\/\/ccscleaning.com\/nl\/wp-content\/uploads\/sites\/4\/2018\/11\/CCS_Diversity_bar-1.jpg","datePublished":"2018-11-26T12:21:26+00:00","dateModified":"2025-08-19T08:10:25+00:00","description":"Firma CCS sk\u0142ada si\u0119 z ponad 2000 os\u00f3b pracuj\u0105cych w 8 krajach, bierze udzia\u0142 w Diversity Charter Ireland.","breadcrumb":{"@id":"https:\/\/ccscleaning.com\/pl\/diversity\/#breadcrumb"},"inLanguage":"pl-PL","potentialAction":[{"@type":"ReadAction","target":["https:\/\/ccscleaning.com\/pl\/diversity\/"]}]},{"@type":"ImageObject","inLanguage":"pl-PL","@id":"https:\/\/ccscleaning.com\/pl\/diversity\/#primaryimage","url":"https:\/\/ccscleaning.com\/nl\/wp-content\/uploads\/sites\/4\/2018\/11\/CCS_Diversity_bar-1.jpg","contentUrl":"https:\/\/ccscleaning.com\/nl\/wp-content\/uploads\/sites\/4\/2018\/11\/CCS_Diversity_bar-1.jpg"},{"@type":"BreadcrumbList","@id":"https:\/\/ccscleaning.com\/pl\/diversity\/#breadcrumb","itemListElement":[{"@type":"ListItem","position":1,"name":"Strona g\u0142\u00f3wna","item":"https:\/\/ccscleaning.com\/pl\/"},{"@type":"ListItem","position":2,"name":"Diversity"}]},{"@type":"WebSite","@id":"https:\/\/ccscleaning.com\/pl\/#website","url":"https:\/\/ccscleaning.com\/pl\/","name":"CCS Cleaning Poland","description":"","potentialAction":[{"@type":"SearchAction","target":{"@type":"EntryPoint","urlTemplate":"https:\/\/ccscleaning.com\/pl\/?s={search_term_string}"},"query-input":{"@type":"PropertyValueSpecification","valueRequired":true,"valueName":"search_term_string"}}],"inLanguage":"pl-PL"}]}},"acf":[],"_links":{"self":[{"href":"https:\/\/ccscleaning.com\/pl\/wp-json\/wp\/v2\/pages\/2523","targetHints":{"allow":["GET"]}}],"collection":[{"href":"https:\/\/ccscleaning.com\/pl\/wp-json\/wp\/v2\/pages"}],"about":[{"href":"https:\/\/ccscleaning.com\/pl\/wp-json\/wp\/v2\/types\/page"}],"author":[{"embeddable":true,"href":"https:\/\/ccscleaning.com\/pl\/wp-json\/wp\/v2\/users\/1"}],"replies":[{"embeddable":true,"href":"https:\/\/ccscleaning.com\/pl\/wp-json\/wp\/v2\/comments?post=2523"}],"version-history":[{"count":3,"href":"https:\/\/ccscleaning.com\/pl\/wp-json\/wp\/v2\/pages\/2523\/revisions"}],"predecessor-version":[{"id":7184,"href":"https:\/\/ccscleaning.com\/pl\/wp-json\/wp\/v2\/pages\/2523\/revisions\/7184"}],"wp:attachment":[{"href":"https:\/\/ccscleaning.com\/pl\/wp-json\/wp\/v2\/media?parent=2523"}],"curies":[{"name":"wp","href":"https:\/\/api.w.org\/{rel}","templated":true}]}}