{"id":2700,"date":"2018-11-29T04:54:17","date_gmt":"2018-11-29T04:54:17","guid":{"rendered":"https:\/\/ccscleaning.com\/?page_id=2700"},"modified":"2025-09-24T11:20:20","modified_gmt":"2025-09-24T11:20:20","slug":"office-cleaning-services","status":"publish","type":"page","link":"https:\/\/ccscleaning.com\/pl\/office-cleaning-services\/","title":{"rendered":"Office Cleaning Services"},"content":{"rendered":"","protected":false},"excerpt":{"rendered":"","protected":false},"author":1,"featured_media":0,"parent":0,"menu_order":0,"comment_status":"closed","ping_status":"closed","template":"page-templates\/page-sector.php","meta":{"footnotes":""},"class_list":["post-2700","page","type-page","status-publish","hentry"],"yoast_head":"<!-- This site is optimized with the Yoast SEO plugin v27.1.1 - https:\/\/yoast.com\/product\/yoast-seo-wordpress\/ -->\n<title>Us\u0142ugi Sprz\u0105tania Biur | Codzienne Sprz\u0105tanie Biura | Sprz\u0105tanie Biurowc\u00f3w<\/title>\n<meta name=\"description\" content=\"Profesjonalne us\u0142ugi sprz\u0105tania biur z CCS Cleaning z ponad 40-letnim do\u015bwiadczeniem i ponad 4800 zrealizowanych. Zadzwo\u0144 + 48 (0) 77 888 1583 dla Codzienne Sprz\u0105tanie Biura.\" \/>\n<meta name=\"robots\" content=\"index, follow, max-snippet:-1, max-image-preview:large, max-video-preview:-1\" \/>\n<link rel=\"canonical\" href=\"https:\/\/ccscleaning.com\/pl\/office-cleaning-services\/\" \/>\n<meta property=\"og:locale\" content=\"pl_PL\" \/>\n<meta property=\"og:type\" content=\"article\" \/>\n<meta property=\"og:title\" content=\"Us\u0142ugi Sprz\u0105tania Biur | Codzienne Sprz\u0105tanie Biura | Sprz\u0105tanie Biurowc\u00f3w\" \/>\n<meta property=\"og:description\" content=\"Profesjonalne us\u0142ugi sprz\u0105tania biur z CCS Cleaning z ponad 40-letnim do\u015bwiadczeniem i ponad 4800 zrealizowanych. Zadzwo\u0144 + 48 (0) 77 888 1583 dla Codzienne Sprz\u0105tanie Biura.\" \/>\n<meta property=\"og:url\" content=\"https:\/\/ccscleaning.com\/pl\/office-cleaning-services\/\" \/>\n<meta property=\"og:site_name\" content=\"CCS Cleaning Poland\" \/>\n<meta property=\"article:modified_time\" content=\"2025-09-24T11:20:20+00:00\" \/>\n<meta name=\"twitter:card\" content=\"summary_large_image\" \/>\n<!-- \/ Yoast SEO plugin. -->","yoast_head_json":{"title":"Us\u0142ugi Sprz\u0105tania Biur | Codzienne Sprz\u0105tanie Biura | Sprz\u0105tanie Biurowc\u00f3w","description":"Profesjonalne us\u0142ugi sprz\u0105tania biur z CCS Cleaning z ponad 40-letnim do\u015bwiadczeniem i ponad 4800 zrealizowanych. Zadzwo\u0144 + 48 (0) 77 888 1583 dla Codzienne Sprz\u0105tanie Biura.","robots":{"index":"index","follow":"follow","max-snippet":"max-snippet:-1","max-image-preview":"max-image-preview:large","max-video-preview":"max-video-preview:-1"},"canonical":"https:\/\/ccscleaning.com\/pl\/office-cleaning-services\/","og_locale":"pl_PL","og_type":"article","og_title":"Us\u0142ugi Sprz\u0105tania Biur | Codzienne Sprz\u0105tanie Biura | Sprz\u0105tanie Biurowc\u00f3w","og_description":"Profesjonalne us\u0142ugi sprz\u0105tania biur z CCS Cleaning z ponad 40-letnim do\u015bwiadczeniem i ponad 4800 zrealizowanych. Zadzwo\u0144 + 48 (0) 77 888 1583 dla Codzienne Sprz\u0105tanie Biura.","og_url":"https:\/\/ccscleaning.com\/pl\/office-cleaning-services\/","og_site_name":"CCS Cleaning Poland","article_modified_time":"2025-09-24T11:20:20+00:00","twitter_card":"summary_large_image","schema":{"@context":"https:\/\/schema.org","@graph":[{"@type":"WebPage","@id":"https:\/\/ccscleaning.com\/pl\/office-cleaning-services\/","url":"https:\/\/ccscleaning.com\/pl\/office-cleaning-services\/","name":"Us\u0142ugi Sprz\u0105tania Biur | Codzienne Sprz\u0105tanie Biura | Sprz\u0105tanie Biurowc\u00f3w","isPartOf":{"@id":"https:\/\/ccscleaning.com\/pl\/#website"},"datePublished":"2018-11-29T04:54:17+00:00","dateModified":"2025-09-24T11:20:20+00:00","description":"Profesjonalne us\u0142ugi sprz\u0105tania biur z CCS Cleaning z ponad 40-letnim do\u015bwiadczeniem i ponad 4800 zrealizowanych. Zadzwo\u0144 + 48 (0) 77 888 1583 dla Codzienne Sprz\u0105tanie Biura.","breadcrumb":{"@id":"https:\/\/ccscleaning.com\/pl\/office-cleaning-services\/#breadcrumb"},"inLanguage":"pl-PL","potentialAction":[{"@type":"ReadAction","target":["https:\/\/ccscleaning.com\/pl\/office-cleaning-services\/"]}]},{"@type":"BreadcrumbList","@id":"https:\/\/ccscleaning.com\/pl\/office-cleaning-services\/#breadcrumb","itemListElement":[{"@type":"ListItem","position":1,"name":"Strona g\u0142\u00f3wna","item":"https:\/\/ccscleaning.com\/pl\/"},{"@type":"ListItem","position":2,"name":"Office Cleaning Services"}]},{"@type":"WebSite","@id":"https:\/\/ccscleaning.com\/pl\/#website","url":"https:\/\/ccscleaning.com\/pl\/","name":"CCS Cleaning Poland","description":"","potentialAction":[{"@type":"SearchAction","target":{"@type":"EntryPoint","urlTemplate":"https:\/\/ccscleaning.com\/pl\/?s={search_term_string}"},"query-input":{"@type":"PropertyValueSpecification","valueRequired":true,"valueName":"search_term_string"}}],"inLanguage":"pl-PL"}]}},"acf":[],"_links":{"self":[{"href":"https:\/\/ccscleaning.com\/pl\/wp-json\/wp\/v2\/pages\/2700","targetHints":{"allow":["GET"]}}],"collection":[{"href":"https:\/\/ccscleaning.com\/pl\/wp-json\/wp\/v2\/pages"}],"about":[{"href":"https:\/\/ccscleaning.com\/pl\/wp-json\/wp\/v2\/types\/page"}],"author":[{"embeddable":true,"href":"https:\/\/ccscleaning.com\/pl\/wp-json\/wp\/v2\/users\/1"}],"replies":[{"embeddable":true,"href":"https:\/\/ccscleaning.com\/pl\/wp-json\/wp\/v2\/comments?post=2700"}],"version-history":[{"count":9,"href":"https:\/\/ccscleaning.com\/pl\/wp-json\/wp\/v2\/pages\/2700\/revisions"}],"predecessor-version":[{"id":7102,"href":"https:\/\/ccscleaning.com\/pl\/wp-json\/wp\/v2\/pages\/2700\/revisions\/7102"}],"wp:attachment":[{"href":"https:\/\/ccscleaning.com\/pl\/wp-json\/wp\/v2\/media?parent=2700"}],"curies":[{"name":"wp","href":"https:\/\/api.w.org\/{rel}","templated":true}]}}