{"id":2914,"date":"2018-12-03T06:52:00","date_gmt":"2018-12-03T06:52:00","guid":{"rendered":"https:\/\/ccscleaning.com\/?page_id=2914"},"modified":"2025-08-19T12:12:36","modified_gmt":"2025-08-19T12:12:36","slug":"thank-you","status":"publish","type":"page","link":"https:\/\/ccscleaning.com\/pl\/thank-you\/","title":{"rendered":"Thank You"},"content":{"rendered":"<div id=\"main\" class=\"site-main thank-you-wrap\">\r\n    <div id=\"main-content\" class=\"main-content\">\r\n        <div class=\"innerpage-content thank-you-sec\">\r\n           <h3>Dzi\u0119kujemy za skontaktowanie si\u0119 z nami.<\/h3>\r\n           <p>Jeden z naszych przedstawicieli wkr\u00f3tce si\u0119 z Tob\u0105 skontaktuje.<\/p>\r\n        <\/div>\r\n    <\/div>\r\n<\/div>","protected":false},"excerpt":{"rendered":"<p>Dzi\u0119kujemy za skontaktowanie si\u0119 z nami. Jeden z naszych przedstawicieli wkr\u00f3tce si\u0119 z Tob\u0105 skontaktuje.<\/p>\n","protected":false},"author":1,"featured_media":0,"parent":0,"menu_order":0,"comment_status":"closed","ping_status":"closed","template":"page-templates\/page-thankyou.php","meta":{"footnotes":""},"class_list":["post-2914","page","type-page","status-publish","hentry"],"yoast_head":"<!-- This site is optimized with the Yoast SEO plugin v27.1.1 - https:\/\/yoast.com\/product\/yoast-seo-wordpress\/ -->\n<title>Thank You - CCS Cleaning Poland<\/title>\n<meta name=\"description\" content=\"Thank you for contacting us. One of our representatives will get back to you soon.\" \/>\n<meta name=\"robots\" content=\"index, follow, max-snippet:-1, max-image-preview:large, max-video-preview:-1\" \/>\n<link rel=\"canonical\" href=\"https:\/\/ccscleaning.com\/pl\/thank-you\/\" \/>\n<meta property=\"og:locale\" content=\"pl_PL\" \/>\n<meta property=\"og:type\" content=\"article\" \/>\n<meta property=\"og:title\" content=\"Thank You - CCS Cleaning Poland\" \/>\n<meta property=\"og:description\" content=\"Thank you for contacting us. One of our representatives will get back to you soon.\" \/>\n<meta property=\"og:url\" content=\"https:\/\/ccscleaning.com\/pl\/thank-you\/\" \/>\n<meta property=\"og:site_name\" content=\"CCS Cleaning Poland\" \/>\n<meta property=\"article:modified_time\" content=\"2025-08-19T12:12:36+00:00\" \/>\n<meta name=\"twitter:card\" content=\"summary_large_image\" \/>\n<meta name=\"twitter:label1\" content=\"Est. reading time\" \/>\n\t<meta name=\"twitter:data1\" content=\"1 minuta\" \/>\n<!-- \/ Yoast SEO plugin. -->","yoast_head_json":{"title":"Thank You - CCS Cleaning Poland","description":"Thank you for contacting us. One of our representatives will get back to you soon.","robots":{"index":"index","follow":"follow","max-snippet":"max-snippet:-1","max-image-preview":"max-image-preview:large","max-video-preview":"max-video-preview:-1"},"canonical":"https:\/\/ccscleaning.com\/pl\/thank-you\/","og_locale":"pl_PL","og_type":"article","og_title":"Thank You - CCS Cleaning Poland","og_description":"Thank you for contacting us. One of our representatives will get back to you soon.","og_url":"https:\/\/ccscleaning.com\/pl\/thank-you\/","og_site_name":"CCS Cleaning Poland","article_modified_time":"2025-08-19T12:12:36+00:00","twitter_card":"summary_large_image","twitter_misc":{"Est. reading time":"1 minuta"},"schema":{"@context":"https:\/\/schema.org","@graph":[{"@type":"WebPage","@id":"https:\/\/ccscleaning.com\/pl\/thank-you\/","url":"https:\/\/ccscleaning.com\/pl\/thank-you\/","name":"Thank You - CCS Cleaning Poland","isPartOf":{"@id":"https:\/\/ccscleaning.com\/pl\/#website"},"datePublished":"2018-12-03T06:52:00+00:00","dateModified":"2025-08-19T12:12:36+00:00","description":"Thank you for contacting us. One of our representatives will get back to you soon.","breadcrumb":{"@id":"https:\/\/ccscleaning.com\/pl\/thank-you\/#breadcrumb"},"inLanguage":"pl-PL","potentialAction":[{"@type":"ReadAction","target":["https:\/\/ccscleaning.com\/pl\/thank-you\/"]}]},{"@type":"BreadcrumbList","@id":"https:\/\/ccscleaning.com\/pl\/thank-you\/#breadcrumb","itemListElement":[{"@type":"ListItem","position":1,"name":"Strona g\u0142\u00f3wna","item":"https:\/\/ccscleaning.com\/pl\/"},{"@type":"ListItem","position":2,"name":"Thank You"}]},{"@type":"WebSite","@id":"https:\/\/ccscleaning.com\/pl\/#website","url":"https:\/\/ccscleaning.com\/pl\/","name":"CCS Cleaning Poland","description":"","potentialAction":[{"@type":"SearchAction","target":{"@type":"EntryPoint","urlTemplate":"https:\/\/ccscleaning.com\/pl\/?s={search_term_string}"},"query-input":{"@type":"PropertyValueSpecification","valueRequired":true,"valueName":"search_term_string"}}],"inLanguage":"pl-PL"}]}},"acf":[],"_links":{"self":[{"href":"https:\/\/ccscleaning.com\/pl\/wp-json\/wp\/v2\/pages\/2914","targetHints":{"allow":["GET"]}}],"collection":[{"href":"https:\/\/ccscleaning.com\/pl\/wp-json\/wp\/v2\/pages"}],"about":[{"href":"https:\/\/ccscleaning.com\/pl\/wp-json\/wp\/v2\/types\/page"}],"author":[{"embeddable":true,"href":"https:\/\/ccscleaning.com\/pl\/wp-json\/wp\/v2\/users\/1"}],"replies":[{"embeddable":true,"href":"https:\/\/ccscleaning.com\/pl\/wp-json\/wp\/v2\/comments?post=2914"}],"version-history":[{"count":2,"href":"https:\/\/ccscleaning.com\/pl\/wp-json\/wp\/v2\/pages\/2914\/revisions"}],"predecessor-version":[{"id":7316,"href":"https:\/\/ccscleaning.com\/pl\/wp-json\/wp\/v2\/pages\/2914\/revisions\/7316"}],"wp:attachment":[{"href":"https:\/\/ccscleaning.com\/pl\/wp-json\/wp\/v2\/media?parent=2914"}],"curies":[{"name":"wp","href":"https:\/\/api.w.org\/{rel}","templated":true}]}}