{"id":2917,"date":"2018-12-03T07:23:15","date_gmt":"2018-12-03T07:23:15","guid":{"rendered":"https:\/\/ccscleaning.com\/?page_id=2917"},"modified":"2025-08-19T08:10:25","modified_gmt":"2025-08-19T08:10:25","slug":"smart-clean","status":"publish","type":"page","link":"https:\/\/ccscleaning.com\/pl\/smart-clean\/","title":{"rendered":"Smart Clean"},"content":{"rendered":"<div class=\"smteam\">\r\n<div class=\"container\">\r\n<div class=\"row\">\r\n<div class=\"innerpage-content center\">\r\n<h2>INNOVATION. CUSTOMISATION.<\/h2>\r\n<p>CCS is a smart and innovative cleaning company. All of our employees are vetted and their progress is monitored closely. This clear and focused approach is supported by our interactive IT systems. CCS is already bringing the benefits of artificial intelligence, real-time metrics and customised web portals to our clients.<\/p>\r\n<\/br>\r\n<h2>SMART. AUDIT.<\/h2>\r\n<p>Every day our smart IT systems are utilized by our smart teams. Our end of shift audits are completed every day by our supervisors on our client\u2019s sites, reviewing the cleaning standards, environmental health and safety checks and staff feedback. Our specialised audits are carried out monthly for every client site by our experienced management team. Our real- time information can produce valuable reports for our clients from a cleaning standard and compliance perspective.<\/p>\r\n<\/br>\r\n<h2>SMART. RESPONSE.<\/h2>\r\n<p>CCS has the ability to monitor all of our cleaning machinery through our unique SAMGO service and maintenance tool. This ensures that time and efficiency are optimized.<\/p>\r\n<\/br>\r\n<h2>BESPOKE. PORTAL.<\/h2>\r\n<p>CCS can offer clients a bespoke Management Information Portal. The system can be accessed by a secure internet connection 365 days a year. The portal allows us to collaborate with you in real-time to resolve issues quickly.<\/p>\r\n<\/br>\r\n<h2>HR ACTIVATED.<\/h2>\r\n<p>CCS has invested in a cloud based HR platform that enables us to access and update personnel information, leave entitlements and requests and performance and disciplinary issue reporting. This ensures that you receive a brilliantly reliable and accountable service.<\/p>\r\n<\/div>\r\n<\/div>\r\n<\/div>\r\n<\/div>","protected":false},"excerpt":{"rendered":"<p>INNOVATION. CUSTOMISATION. CCS is a smart and innovative cleaning company. All of our employees are vetted and their progress is monitored closely. This clear and focused approach is supported by our interactive IT systems. CCS is already bringing the benefits of artificial intelligence, real-time metrics and customised web portals to our clients. SMART. AUDIT. Every&#8230;  <a href=\"https:\/\/ccscleaning.com\/pl\/smart-clean\/\" class=\"more-link\" title=\"Read Smart Clean\">Read more &raquo;<\/a><\/p>\n","protected":false},"author":1,"featured_media":0,"parent":0,"menu_order":0,"comment_status":"closed","ping_status":"closed","template":"","meta":{"footnotes":""},"class_list":["post-2917","page","type-page","status-publish","hentry"],"yoast_head":"<!-- This site is optimized with the Yoast SEO plugin v27.1.1 - https:\/\/yoast.com\/product\/yoast-seo-wordpress\/ -->\n<title>Smart Czyste us\u0142ugi - sklep\u00f3w detalicznych Czyszczenie<\/title>\n<meta name=\"description\" content=\"CCS Cleaning, Firma posiadaj\u0105ca certyfikat ISO stosuje inteligentne \u015brodki czyszcz\u0105ce, urz\u0105dzenia do czyszczenia sklep\u00f3w detalicznych. Wykonano ponad 4800 projekt\u00f3w.\" \/>\n<meta name=\"robots\" content=\"index, follow, max-snippet:-1, max-image-preview:large, max-video-preview:-1\" \/>\n<link rel=\"canonical\" href=\"https:\/\/ccscleaning.com\/pl\/smart-clean\/\" \/>\n<meta property=\"og:locale\" content=\"pl_PL\" \/>\n<meta property=\"og:type\" content=\"article\" \/>\n<meta property=\"og:title\" content=\"Smart Czyste us\u0142ugi - sklep\u00f3w detalicznych Czyszczenie\" \/>\n<meta property=\"og:description\" content=\"CCS Cleaning, Firma posiadaj\u0105ca certyfikat ISO stosuje inteligentne \u015brodki czyszcz\u0105ce, urz\u0105dzenia do czyszczenia sklep\u00f3w detalicznych. Wykonano ponad 4800 projekt\u00f3w.\" \/>\n<meta property=\"og:url\" content=\"https:\/\/ccscleaning.com\/pl\/smart-clean\/\" \/>\n<meta property=\"og:site_name\" content=\"CCS Cleaning Poland\" \/>\n<meta property=\"article:modified_time\" content=\"2025-08-19T08:10:25+00:00\" \/>\n<meta name=\"twitter:card\" content=\"summary_large_image\" \/>\n<meta name=\"twitter:label1\" content=\"Est. reading time\" \/>\n\t<meta name=\"twitter:data1\" content=\"2 minuty\" \/>\n<!-- \/ Yoast SEO plugin. -->","yoast_head_json":{"title":"Smart Czyste us\u0142ugi - sklep\u00f3w detalicznych Czyszczenie","description":"CCS Cleaning, Firma posiadaj\u0105ca certyfikat ISO stosuje inteligentne \u015brodki czyszcz\u0105ce, urz\u0105dzenia do czyszczenia sklep\u00f3w detalicznych. Wykonano ponad 4800 projekt\u00f3w.","robots":{"index":"index","follow":"follow","max-snippet":"max-snippet:-1","max-image-preview":"max-image-preview:large","max-video-preview":"max-video-preview:-1"},"canonical":"https:\/\/ccscleaning.com\/pl\/smart-clean\/","og_locale":"pl_PL","og_type":"article","og_title":"Smart Czyste us\u0142ugi - sklep\u00f3w detalicznych Czyszczenie","og_description":"CCS Cleaning, Firma posiadaj\u0105ca certyfikat ISO stosuje inteligentne \u015brodki czyszcz\u0105ce, urz\u0105dzenia do czyszczenia sklep\u00f3w detalicznych. Wykonano ponad 4800 projekt\u00f3w.","og_url":"https:\/\/ccscleaning.com\/pl\/smart-clean\/","og_site_name":"CCS Cleaning Poland","article_modified_time":"2025-08-19T08:10:25+00:00","twitter_card":"summary_large_image","twitter_misc":{"Est. reading time":"2 minuty"},"schema":{"@context":"https:\/\/schema.org","@graph":[{"@type":"WebPage","@id":"https:\/\/ccscleaning.com\/pl\/smart-clean\/","url":"https:\/\/ccscleaning.com\/pl\/smart-clean\/","name":"Smart Czyste us\u0142ugi - sklep\u00f3w detalicznych Czyszczenie","isPartOf":{"@id":"https:\/\/ccscleaning.com\/pl\/#website"},"datePublished":"2018-12-03T07:23:15+00:00","dateModified":"2025-08-19T08:10:25+00:00","description":"CCS Cleaning, Firma posiadaj\u0105ca certyfikat ISO stosuje inteligentne \u015brodki czyszcz\u0105ce, urz\u0105dzenia do czyszczenia sklep\u00f3w detalicznych. Wykonano ponad 4800 projekt\u00f3w.","breadcrumb":{"@id":"https:\/\/ccscleaning.com\/pl\/smart-clean\/#breadcrumb"},"inLanguage":"pl-PL","potentialAction":[{"@type":"ReadAction","target":["https:\/\/ccscleaning.com\/pl\/smart-clean\/"]}]},{"@type":"BreadcrumbList","@id":"https:\/\/ccscleaning.com\/pl\/smart-clean\/#breadcrumb","itemListElement":[{"@type":"ListItem","position":1,"name":"Strona g\u0142\u00f3wna","item":"https:\/\/ccscleaning.com\/pl\/"},{"@type":"ListItem","position":2,"name":"Smart Clean"}]},{"@type":"WebSite","@id":"https:\/\/ccscleaning.com\/pl\/#website","url":"https:\/\/ccscleaning.com\/pl\/","name":"CCS Cleaning Poland","description":"","potentialAction":[{"@type":"SearchAction","target":{"@type":"EntryPoint","urlTemplate":"https:\/\/ccscleaning.com\/pl\/?s={search_term_string}"},"query-input":{"@type":"PropertyValueSpecification","valueRequired":true,"valueName":"search_term_string"}}],"inLanguage":"pl-PL"}]}},"acf":[],"_links":{"self":[{"href":"https:\/\/ccscleaning.com\/pl\/wp-json\/wp\/v2\/pages\/2917","targetHints":{"allow":["GET"]}}],"collection":[{"href":"https:\/\/ccscleaning.com\/pl\/wp-json\/wp\/v2\/pages"}],"about":[{"href":"https:\/\/ccscleaning.com\/pl\/wp-json\/wp\/v2\/types\/page"}],"author":[{"embeddable":true,"href":"https:\/\/ccscleaning.com\/pl\/wp-json\/wp\/v2\/users\/1"}],"replies":[{"embeddable":true,"href":"https:\/\/ccscleaning.com\/pl\/wp-json\/wp\/v2\/comments?post=2917"}],"version-history":[{"count":3,"href":"https:\/\/ccscleaning.com\/pl\/wp-json\/wp\/v2\/pages\/2917\/revisions"}],"predecessor-version":[{"id":7211,"href":"https:\/\/ccscleaning.com\/pl\/wp-json\/wp\/v2\/pages\/2917\/revisions\/7211"}],"wp:attachment":[{"href":"https:\/\/ccscleaning.com\/pl\/wp-json\/wp\/v2\/media?parent=2917"}],"curies":[{"name":"wp","href":"https:\/\/api.w.org\/{rel}","templated":true}]}}