{"id":35,"date":"2018-10-03T07:30:32","date_gmt":"2018-10-03T07:30:32","guid":{"rendered":"https:\/\/ccscleaning.com\/?page_id=35"},"modified":"2025-08-19T08:10:27","modified_gmt":"2025-08-19T08:10:27","slug":"smart-team","status":"publish","type":"page","link":"https:\/\/ccscleaning.com\/pl\/smart-team\/","title":{"rendered":"Team"},"content":{"rendered":"","protected":false},"excerpt":{"rendered":"","protected":false},"author":1,"featured_media":0,"parent":0,"menu_order":0,"comment_status":"closed","ping_status":"closed","template":"page-templates\/page-team.php","meta":{"footnotes":""},"class_list":["post-35","page","type-page","status-publish","hentry"],"yoast_head":"<!-- This site is optimized with the Yoast SEO plugin v27.1.1 - https:\/\/yoast.com\/product\/yoast-seo-wordpress\/ -->\n<title>Poznaj nasz Smart zesp\u00f3\u0142 \u2013 CCS Cleaning<\/title>\n<meta name=\"description\" content=\"CCS Cleaning z ponad 40-letnim do\u015bwiadczeniem w profesjonalnym czyszczeniu w Europie i ponad 4800 zrealizowanych projekt\u00f3w. Zadzwo\u0144 @ +44-1618209967, aby zatrudni\u0107\" \/>\n<meta name=\"robots\" content=\"index, follow, max-snippet:-1, max-image-preview:large, max-video-preview:-1\" \/>\n<link rel=\"canonical\" href=\"https:\/\/ccscleaning.com\/pl\/smart-team\/\" \/>\n<meta property=\"og:locale\" content=\"pl_PL\" \/>\n<meta property=\"og:type\" content=\"article\" \/>\n<meta property=\"og:title\" content=\"Poznaj nasz Smart zesp\u00f3\u0142 \u2013 CCS Cleaning\" \/>\n<meta property=\"og:description\" content=\"CCS Cleaning z ponad 40-letnim do\u015bwiadczeniem w profesjonalnym czyszczeniu w Europie i ponad 4800 zrealizowanych projekt\u00f3w. Zadzwo\u0144 @ +44-1618209967, aby zatrudni\u0107\" \/>\n<meta property=\"og:url\" content=\"https:\/\/ccscleaning.com\/pl\/smart-team\/\" \/>\n<meta property=\"og:site_name\" content=\"CCS Cleaning Poland\" \/>\n<meta property=\"article:modified_time\" content=\"2025-08-19T08:10:27+00:00\" \/>\n<meta name=\"twitter:card\" content=\"summary_large_image\" \/>\n<!-- \/ Yoast SEO plugin. -->","yoast_head_json":{"title":"Poznaj nasz Smart zesp\u00f3\u0142 \u2013 CCS Cleaning","description":"CCS Cleaning z ponad 40-letnim do\u015bwiadczeniem w profesjonalnym czyszczeniu w Europie i ponad 4800 zrealizowanych projekt\u00f3w. Zadzwo\u0144 @ +44-1618209967, aby zatrudni\u0107","robots":{"index":"index","follow":"follow","max-snippet":"max-snippet:-1","max-image-preview":"max-image-preview:large","max-video-preview":"max-video-preview:-1"},"canonical":"https:\/\/ccscleaning.com\/pl\/smart-team\/","og_locale":"pl_PL","og_type":"article","og_title":"Poznaj nasz Smart zesp\u00f3\u0142 \u2013 CCS Cleaning","og_description":"CCS Cleaning z ponad 40-letnim do\u015bwiadczeniem w profesjonalnym czyszczeniu w Europie i ponad 4800 zrealizowanych projekt\u00f3w. Zadzwo\u0144 @ +44-1618209967, aby zatrudni\u0107","og_url":"https:\/\/ccscleaning.com\/pl\/smart-team\/","og_site_name":"CCS Cleaning Poland","article_modified_time":"2025-08-19T08:10:27+00:00","twitter_card":"summary_large_image","schema":{"@context":"https:\/\/schema.org","@graph":[{"@type":"WebPage","@id":"https:\/\/ccscleaning.com\/pl\/smart-team\/","url":"https:\/\/ccscleaning.com\/pl\/smart-team\/","name":"Poznaj nasz Smart zesp\u00f3\u0142 \u2013 CCS Cleaning","isPartOf":{"@id":"https:\/\/ccscleaning.com\/pl\/#website"},"datePublished":"2018-10-03T07:30:32+00:00","dateModified":"2025-08-19T08:10:27+00:00","description":"CCS Cleaning z ponad 40-letnim do\u015bwiadczeniem w profesjonalnym czyszczeniu w Europie i ponad 4800 zrealizowanych projekt\u00f3w. Zadzwo\u0144 @ +44-1618209967, aby zatrudni\u0107","breadcrumb":{"@id":"https:\/\/ccscleaning.com\/pl\/smart-team\/#breadcrumb"},"inLanguage":"pl-PL","potentialAction":[{"@type":"ReadAction","target":["https:\/\/ccscleaning.com\/pl\/smart-team\/"]}]},{"@type":"BreadcrumbList","@id":"https:\/\/ccscleaning.com\/pl\/smart-team\/#breadcrumb","itemListElement":[{"@type":"ListItem","position":1,"name":"Strona g\u0142\u00f3wna","item":"https:\/\/ccscleaning.com\/pl\/"},{"@type":"ListItem","position":2,"name":"Team"}]},{"@type":"WebSite","@id":"https:\/\/ccscleaning.com\/pl\/#website","url":"https:\/\/ccscleaning.com\/pl\/","name":"CCS Cleaning Poland","description":"","potentialAction":[{"@type":"SearchAction","target":{"@type":"EntryPoint","urlTemplate":"https:\/\/ccscleaning.com\/pl\/?s={search_term_string}"},"query-input":{"@type":"PropertyValueSpecification","valueRequired":true,"valueName":"search_term_string"}}],"inLanguage":"pl-PL"}]}},"acf":[],"_links":{"self":[{"href":"https:\/\/ccscleaning.com\/pl\/wp-json\/wp\/v2\/pages\/35","targetHints":{"allow":["GET"]}}],"collection":[{"href":"https:\/\/ccscleaning.com\/pl\/wp-json\/wp\/v2\/pages"}],"about":[{"href":"https:\/\/ccscleaning.com\/pl\/wp-json\/wp\/v2\/types\/page"}],"author":[{"embeddable":true,"href":"https:\/\/ccscleaning.com\/pl\/wp-json\/wp\/v2\/users\/1"}],"replies":[{"embeddable":true,"href":"https:\/\/ccscleaning.com\/pl\/wp-json\/wp\/v2\/comments?post=35"}],"version-history":[{"count":7,"href":"https:\/\/ccscleaning.com\/pl\/wp-json\/wp\/v2\/pages\/35\/revisions"}],"predecessor-version":[{"id":7063,"href":"https:\/\/ccscleaning.com\/pl\/wp-json\/wp\/v2\/pages\/35\/revisions\/7063"}],"wp:attachment":[{"href":"https:\/\/ccscleaning.com\/pl\/wp-json\/wp\/v2\/media?parent=35"}],"curies":[{"name":"wp","href":"https:\/\/api.w.org\/{rel}","templated":true}]}}