{"id":3570,"date":"2019-07-29T12:42:28","date_gmt":"2019-07-29T12:42:28","guid":{"rendered":"https:\/\/ccscleaning.com\/?page_id=3570"},"modified":"2025-08-19T08:10:24","modified_gmt":"2025-08-19T08:10:24","slug":"office-cleaning-case-study","status":"publish","type":"page","link":"https:\/\/ccscleaning.com\/pl\/office-cleaning-case-study\/","title":{"rendered":"Office Cleaning Case Study"},"content":{"rendered":"<div class=\"container-fluid inner-banner-wrap\">\r\n\t<div class=\"row\">\r\n\t\t<img decoding=\"async\" src=\"https:\/\/ccscleaning.com\/pl\/wp-content\/uploads\/sites\/6\/2019\/11\/office-cleaning-case-study.jpg?x20396\" class=\"img-fluid\" alt=\"Retail Cleaning Services\">\t\t\r\n\t\t<div class=\"inner-banner-cont\">\r\n\t\t\t<div class=\"container\">\r\n\t\t\t\t<div class=\"row\">\r\n\t\t\t\t\t<div class=\"col-lg-6\">\r\n\t\t\t\t\t\t<div class=\"inner-banner-left-content\">\r\n\t\t\t\t\t\t\t<h1>Office Cleaning Case Study<\/h1>\t\t\t\t\t\t\t\t\t\t\t\t\t\r\n\t\t\t\t\t\t<\/div>\r\n\t\t\t\t\t<\/div>\r\n\t\t\t\t\t<div class=\"col-lg-6\">\r\n\t\t\t\t\t\t<div class=\"banner-contact\">\r\n\t\t\t\t\t\t\t<h3>CONTACT US<\/h3>\r\n\t\t\t\t\t\t\t\n<div class=\"wpcf7 no-js\" id=\"wpcf7-f2164-o1\" lang=\"en-US\" dir=\"ltr\" data-wpcf7-id=\"2164\">\n<div class=\"screen-reader-response\"><p role=\"status\" aria-live=\"polite\" aria-atomic=\"true\"><\/p> <ul><\/ul><\/div>\n<form action=\"\/pl\/wp-json\/wp\/v2\/pages\/3570#wpcf7-f2164-o1\" method=\"post\" class=\"wpcf7-form init\" aria-label=\"Contact form\" novalidate=\"novalidate\" data-status=\"init\">\n<fieldset class=\"hidden-fields-container\"><input type=\"hidden\" name=\"_wpcf7\" value=\"2164\" \/><input type=\"hidden\" name=\"_wpcf7_version\" value=\"6.1.3\" \/><input type=\"hidden\" name=\"_wpcf7_locale\" value=\"en_US\" \/><input type=\"hidden\" name=\"_wpcf7_unit_tag\" value=\"wpcf7-f2164-o1\" \/><input type=\"hidden\" name=\"_wpcf7_container_post\" value=\"0\" \/><input type=\"hidden\" name=\"_wpcf7_posted_data_hash\" value=\"\" \/><input type=\"hidden\" name=\"_wpcf7_recaptcha_response\" value=\"\" \/>\n<\/fieldset>\n<h3>Om\u00f3wmy Twoje wymagania dotycz\u0105ce czyszczenia\n<\/h3>\n<div class=\"form-group\">\n\t<p><span class=\"wpcf7-form-control-wrap\" data-name=\"your-team\"><select class=\"wpcf7-form-control wpcf7-select wpcf7-validates-as-required form-control\" id=\"teamSelect\" aria-required=\"true\" aria-invalid=\"false\" name=\"your-team\"><option value=\"\">Select Team<\/option><option value=\"Sales\">Sales<\/option><option value=\"Recruitment\">Recruitment<\/option><option value=\"Marketing\">Marketing<\/option><\/select><\/span>\n\t<\/p>\n<\/div>\n<div class=\"form-group\">\n\t<p><span class=\"wpcf7-form-control-wrap\" data-name=\"your-name\"><input size=\"40\" maxlength=\"400\" class=\"wpcf7-form-control wpcf7-text wpcf7-validates-as-required form-control\" id=\"exampleFormControlInput1\" aria-required=\"true\" aria-invalid=\"false\" placeholder=\"Nazwa\" value=\"\" type=\"text\" name=\"your-name\" \/><\/span>\n\t<\/p>\n<\/div>\n<div class=\"form-group\">\n\t<p><span class=\"wpcf7-form-control-wrap\" data-name=\"your-company\"><input size=\"40\" maxlength=\"400\" class=\"wpcf7-form-control wpcf7-text wpcf7-validates-as-required form-control\" id=\"exampleFormControlInput4\" aria-required=\"true\" aria-invalid=\"false\" placeholder=\"Nazwa firmy\" value=\"\" type=\"text\" name=\"your-company\" \/><\/span>\n\t<\/p>\n<\/div>\n<div class=\"form-group\">\n\t<p><span class=\"wpcf7-form-control-wrap\" data-name=\"your-num\"><input size=\"40\" maxlength=\"400\" class=\"wpcf7-form-control wpcf7-tel wpcf7-validates-as-required wpcf7-text wpcf7-validates-as-tel form-control\" id=\"exampleFormControlInput2\" aria-required=\"true\" aria-invalid=\"false\" placeholder=\"Telefon\" value=\"\" type=\"tel\" name=\"your-num\" \/><\/span>\n\t<\/p>\n<\/div>\n<div class=\"form-group\">\n\t<p><span class=\"wpcf7-form-control-wrap\" data-name=\"your-email\"><input size=\"40\" maxlength=\"400\" class=\"wpcf7-form-control wpcf7-email wpcf7-validates-as-required wpcf7-text wpcf7-validates-as-email form-control\" id=\"exampleFormControlInput3\" aria-required=\"true\" aria-invalid=\"false\" placeholder=\"E-mail\" value=\"\" type=\"email\" name=\"your-email\" \/><\/span>\n\t<\/p>\n<\/div>\n<div class=\"form-group\">\n\t<p><span class=\"wpcf7-form-control-wrap\" data-name=\"your-message\"><textarea cols=\"40\" rows=\"3\" maxlength=\"2000\" class=\"wpcf7-form-control wpcf7-textarea form-control\" id=\"exampleFormControlTextarea1\" aria-invalid=\"false\" placeholder=\"Twoja wiadomo\u015b\u0107\" name=\"your-message\"><\/textarea><\/span>\n\t<\/p>\n<\/div>\n<div class=\"form-group\">\n\n<\/div>\n<input class=\"wpcf7-form-control wpcf7-hidden\" value=\"\" type=\"hidden\" name=\"page-origin-name\" \/>\n<input class=\"wpcf7-form-control wpcf7-hidden\" value=\"\" type=\"hidden\" name=\"page-origin-url\" \/>\n<div class=\"btn-group\">\n\t<p><input class=\"wpcf7-form-control wpcf7-submit has-spinner btn-submit\" type=\"submit\" value=\"Uzyskaj wycen\u0119 teraz\" \/>\n\t<\/p>\n<\/div><div class=\"wpcf7-response-output\" aria-hidden=\"true\"><\/div>\n<\/form>\n<\/div>\n\r\n\t\t\t\t\t\t<\/div>\r\n\t\t\t\t\t<\/div>\r\n\t\t\t\t\t<div class=\"clearfix\"><\/div>\r\n\t\t\t\t<\/div>\r\n\t\t\t<\/div>\r\n\t\t<\/div>\r\n\t<\/div>\r\n<\/div>\r\n<section class=\"client-logos padbottom0 subhasis\">\r\n<div class=\"container\">\t\r\n<div class=\"row\">\r\n<div class=\"owl-carousel owl-theme\">\r\n<div class=\"item\">\r\n<img decoding=\"async\" src=\"https:\/\/ccscleaning.com\/pl\/wp-content\/uploads\/sites\/6\/2021\/04\/cbre.jpg\" alt=\"\">              \r\n<\/div>\r\n<div class=\"item\">\r\n<img decoding=\"async\" src=\"https:\/\/ccscleaning.com\/pl\/wp-content\/uploads\/sites\/6\/2021\/04\/aramark.jpg\" alt=\"\">\r\n<\/div>\r\n<div class=\"item\">\r\n<img decoding=\"async\" src=\"https:\/\/ccscleaning.com\/pl\/wp-content\/uploads\/sites\/6\/2021\/04\/akor.jpg\" alt=\"\">\r\n<\/div>\r\n<div class=\"item\">\r\n<img decoding=\"async\" src=\"https:\/\/ccscleaning.com\/pl\/wp-content\/uploads\/sites\/6\/2021\/04\/converse.jpg\" alt=\"\">\r\n<\/div>\r\n<div class=\"item\">\r\n<img decoding=\"async\" src=\"https:\/\/ccscleaning.com\/pl\/wp-content\/uploads\/sites\/6\/2021\/04\/dsv.jpg\" alt=\"\">\r\n<\/div>\r\n<div class=\"item\">\r\n<img decoding=\"async\" src=\"https:\/\/ccscleaning.com\/pl\/wp-content\/uploads\/sites\/6\/2021\/04\/mercury.jpg\" alt=\"\">\r\n<\/div>\r\n<div class=\"item\">\r\n<img decoding=\"async\" src=\"https:\/\/ccscleaning.com\/pl\/wp-content\/uploads\/sites\/6\/2021\/04\/wework.jpg\" alt=\"\">\r\n<\/div>\r\n<div class=\"item\">\r\n<img decoding=\"async\" src=\"https:\/\/ccscleaning.com\/pl\/wp-content\/uploads\/sites\/6\/2021\/05\/de-bijenkorf.jpg\" alt=\"\">\r\n<\/div>\r\n<div class=\"item\">\r\n<img decoding=\"async\" src=\"https:\/\/ccscleaning.com\/pl\/wp-content\/uploads\/sites\/6\/2021\/05\/hm.jpg\" alt=\"\">\r\n<\/div>\r\n<div class=\"item\">\r\n<img decoding=\"async\" src=\"https:\/\/ccscleaning.com\/pl\/wp-content\/uploads\/sites\/6\/2021\/05\/irish-foreign-affairs.jpg\" alt=\"\">\r\n<\/div>\r\n<div class=\"item\">\r\n<img decoding=\"async\" src=\"https:\/\/ccscleaning.com\/pl\/wp-content\/uploads\/sites\/6\/2021\/05\/mace.jpg\" alt=\"\">\r\n<\/div>\r\n<div class=\"item\">\r\n<img decoding=\"async\" src=\"https:\/\/ccscleaning.com\/pl\/wp-content\/uploads\/sites\/6\/2021\/05\/super-dry.jpg\" alt=\"\">\r\n<\/div>          \r\n<div class=\"item\">\r\n<img decoding=\"async\" src=\"https:\/\/ccscleaning.com\/pl\/wp-content\/uploads\/sites\/6\/2021\/05\/transfer.jpg\" alt=\"\">\r\n<\/div>\r\n<div class=\"item\">\r\n<img decoding=\"async\" src=\"https:\/\/ccscleaning.com\/pl\/wp-content\/uploads\/sites\/6\/2021\/05\/under-armour.jpg\" alt=\"\">\r\n<\/div>\r\n<div class=\"item\">\r\n<img decoding=\"async\" src=\"https:\/\/ccscleaning.com\/pl\/wp-content\/uploads\/sites\/6\/2021\/05\/visma.jpg\" alt=\"\">\r\n<\/div>\r\n<div class=\"item\">\r\n<img decoding=\"async\" src=\"https:\/\/ccscleaning.com\/pl\/wp-content\/uploads\/sites\/6\/2021\/05\/argos.jpg\" alt=\"\">\r\n<\/div>\r\n<div class=\"item\">\r\n<img decoding=\"async\" src=\"https:\/\/ccscleaning.com\/pl\/wp-content\/uploads\/sites\/6\/2021\/05\/homebase.jpg\" alt=\"\">\r\n<\/div>\r\n<div class=\"item\">\r\n<img decoding=\"async\" src=\"https:\/\/ccscleaning.com\/pl\/wp-content\/uploads\/sites\/6\/2021\/05\/primark.jpg\" alt=\"\">\r\n<\/div>   \t\r\n<\/div>\r\n<\/div>\r\n<\/div>\r\n<\/section>\r\n<section class=\"welcome-ccs\">\r\n\t<div class=\"container\">\r\n\t\t<div class=\"row\">\r\n\t\t\t<div class=\"col-lg-8\">\t\t\t\t\r\n\t\t\t\t<p>Every day our cleaning teams are in offices across Europe ensuring that they are clean and fresh for the week ahead. In fact, each day CCS clean thousands of square feet of commercial office space. So, you could say that we are confident about our office cleaning skills! While each office is different, the unapparelled and professional cleaning results delivered remain consistent.<\/p>\r\n\t\t\t\t<p>One of our most recent office cleaning projects involved the mobilisation and continued service of a client\u2019s Global Headquarters, located in Dublin.<\/p>\r\n\t\t\t\t<div class=\"btn-sec\">\t\t\t\t\t\r\n\t\t\t\t\t<a href=\"https:\/\/ccscleaning.com\/contact-us\/\" class=\"btns-link\">CONTACT US TODAY<\/a>\r\n\t\t\t\t<\/div>\r\n\t\t\t<\/div>\r\n\t\t\t<div class=\"col-lg-4\">\r\n\t\t\t\t<div class=\"ceo-slogan-section\">\r\n\t\t\t\t\t<div class=\"ceo-pic\">\r\n\t\t\t\t\t\t<img decoding=\"async\" src=\"https:\/\/ccscleaning.com\/pl\/wp-content\/uploads\/sites\/6\/2019\/07\/PEOPLE-David.jpg?x20396\" \/>\r\n\t\t\t\t\t<\/div>\r\n\t\t\t\t\t<div class=\"ceo-message\">\r\n\t\t\t\t\t\t<h3>Message from our CEO<\/h3>\r\n\t\t\t\t\t\t<p>\u201cIf you are frustrated with your current supplier, you should choose CCS. We make the TUPE process easy and implement simple changes that can make a real difference to your business.\u201d<\/p>\r\n\t\t\t\t\t<\/div>\r\n\t\t\t\t<\/div>\r\n\t\t\t<\/div>\r\n\t\t<\/div>\r\n\t<\/div>\r\n<\/section>\r\n<section class=\"business-head-wrap\">\r\n\t<div class=\"container\">\r\n\t\t<div class=\"row\">\r\n\t\t\t<div class=\"col-lg-4 bsnshead-pic\">\r\n\t\t\t\t<img decoding=\"async\" src=\"https:\/\/ccscleaning.com\/pl\/wp-content\/uploads\/sites\/6\/2021\/05\/DSC03823.jpg\" \/>\r\n\t\t\t<\/div>\r\n\t\t\t<div class=\"col-lg-8 bsnshead-cont\">\r\n\t\t\t\t<p><strong>Julian Colton, our Director of Business Development and Operations gives us a run-down of the project.<\/strong><\/p>\r\n\t\t\t\t<p>\u201cWe were tasked with providing the office cleaning during an initial mobilisation and changeover phase and thereafter providing the daily office clean. For a job like this preparation is key and when the time came to mobilise, we were equipped, prepared and ready to swing into action.\u201d<\/p>\r\n\t\t\t<\/div>\r\n\t\t\t<div class=\"clearfix\"><\/div>\r\n\t\t<\/div>\r\n\t<\/div>\r\n<\/section>\r\n<section class=\"spec-wraper\">\r\n\t<div class=\"container\">\r\n\t\t<div class=\"col-lg-8\">\r\n\t\t\t<fieldset>\r\n\t\t\t\t<h3>The Specs<\/h3>\r\n\t\t\t\t<hr \/>\r\n\t\t\t\t<p>This was a really exciting project to work on. The client\u2019s offices are in a converted modern space and house over 750 employees. The space is contemporary, open-plan and spread over several floors. It\u2019s an energetic and vibrant space with plenty of glass and high imposing ceilings.<\/p>\t\t\t\t\r\n\t\t\t<\/fieldset>\r\n\t\t\t<fieldset>\r\n\t\t\t\t<h3>The Challenges<\/h3>\r\n\t\t\t\t<hr \/>\r\n\t\t\t\t<p>As this office cleaning involved a change of service provider, a lot of foundation work was done to make this as smooth a transition for the client as possible. Our fundamental goal was to ensure that there was no interruption of service and that we provided professional and high-quality cleaning results.<\/p>\r\n\t\t\t\t<p>For us, an in-depth understanding of our clients\u2019 needs is imperative. We recognise that every customer has a different set of expectations and goals and thus sit down with the client to create a bespoke cleaning plan that can fulfil their expectations.<\/p>\r\n\t\t\t\t<p>For this project our client was concerned with maximising efficiency. We were able to deliver this expectation through our unique auditing system. Our client was given full access to this allowing them complete transparency. We also developed a way of working that meant our teams coordinated to manage and prioritise certain tasks.<\/p>\r\n\t\t\t\t<p>This is a modern building with glass atriums and many unique architectural features. This meant that we collaborated with the client to create a totally bespoke cleaning plan.<\/p>\r\n\t\t\t<\/fieldset>\r\n\t\t<\/div>\r\n\t\t<div class=\"col-lg-4\">\r\n\t\t\t<div class=\"proposal-result-sec\">\r\n\t\t\t\t<h3>Our Proposal<\/h3>\r\n\t\t\t\t<ul>\r\n\t\t\t\t\t<li>Online Portal<\/li>\r\n\t\t\t\t\t<li>Secure Login<\/li>\r\n\t\t\t\t\t<li>Real Time Information System<\/li>\r\n\t\t\t\t\t<li>Detailed Site-Specific Data<\/li>\r\n\t\t\t\t<\/ul>\r\n\t\t\t<\/div>\r\n\t\t\t<div class=\"proposal-result-sec\">\r\n\t\t\t\t<h3>The Results<\/h3>\r\n\t\t\t\t<p>In a period of uncertainty and changeover, we provided a consistent and reliable cleaning service that our client was extremely satisfied with. Initially, they noticed the obvious changes such as our local CCS management team on site, new staff uniforms and innovative cleaning methods and tools being used. As time went on, the client also noticed the smaller changes implemented that have a real impact. They will observe differences such as daily auditing of service, the upskilling of the supervisor and their operatives, the improved frequency of cleaning and the chemical-free methods we use to do this. All of these changes combine to deliver a high-functioning and professional cleaning service that makes the client\u2019s life easier.<\/p>\r\n\t\t\t<\/div>\r\n\t\t<\/div>\r\n\t\t<div class=\"clearfix\"><\/div>\r\n\t<\/div>\r\n<\/section>\r\n\r\n\r\n<section class=\"certification-wraper\">\r\n\t<div class=\"container\">\r\n\t\t<div class=\"row\">\r\n\t\t\t<h2><span>Certifications<\/span><\/h2>\r\n\t\t\t<div class=\"clients-pic\">\r\n\t\t\t\t<img decoding=\"async\" src=\"https:\/\/ccscleaning.com\/pl\/wp-content\/uploads\/sites\/6\/2021\/05\/clients-pic.png\" \/>\r\n\t\t\t<\/div>\r\n\t\t<\/div>\r\n\t<\/div>\r\n<\/section>\r\n<section class=\"histry mbottom0 mtop30\">\r\n\t<div class=\"container\">\r\n\t\t<div class=\"row\">\r\n\t\t\t<div class=\"col-lg-4 busyears\">\r\n\t\t\t\t<strong>50<\/strong>\r\n\t\t\t\t<p>YEARS <b>IN<\/b><br>BUSINESS<\/p>\r\n\t\t\t<\/div>\r\n\t\t\t<div class=\"col-lg-4 projects\">\r\n\t\t\t\t<strong>4800<\/strong>\r\n\t\t\t\t<p>Projects<\/p>\r\n\t\t\t<\/div>\r\n\t\t\t<div class=\"col-lg-4 happyclients\">\r\n\t\t\t\t<div class=\"innerdiv\">\r\n\t\t\t\t<strong>100<small>s<\/small><\/strong>\r\n\t\t\t\t<p>OF <b>HAPPY<\/b><br>CLIENTS<\/p>\r\n\t\t\t\t<\/div>\r\n\t\t\t<\/div>\r\n\t\t<\/div>\r\n\t<\/div>\r\n<\/section>","protected":false},"excerpt":{"rendered":"<p>Office Cleaning Case Study CONTACT US Every day our cleaning teams are in offices across Europe ensuring that they are clean and fresh for the week ahead. In fact, each day CCS clean thousands of square feet of commercial office space. So, you could say that we are confident about our office cleaning skills! While&#8230;  <a href=\"https:\/\/ccscleaning.com\/pl\/office-cleaning-case-study\/\" class=\"more-link\" title=\"Read Office Cleaning Case Study\">Read more &raquo;<\/a><\/p>\n","protected":false},"author":1,"featured_media":0,"parent":0,"menu_order":0,"comment_status":"closed","ping_status":"closed","template":"page-templates\/sector-casestudy.php","meta":{"footnotes":""},"class_list":["post-3570","page","type-page","status-publish","hentry"],"yoast_head":"<!-- This site is optimized with the Yoast SEO plugin v27.1.1 - https:\/\/yoast.com\/product\/yoast-seo-wordpress\/ -->\n<title>Studium Przypadku Dotycz\u0105ce Czyszczenia Handlowych | CCS<\/title>\n<meta name=\"description\" content=\"Podane studium przypadku pokazuje, w jaki spos\u00f3b nasze czyszczenia handlowych us\u0142ugi pomog\u0142y naszemu klientowi zmniejszy\u0107 dzienny bud\u017cet na sprz\u0105tanie. Szukasz us\u0142ug sprz\u0105tania swojego biura lub budynku? Skontaktuj si\u0119 z nami ju\u017c teraz!\" \/>\n<meta name=\"robots\" content=\"index, follow, max-snippet:-1, max-image-preview:large, max-video-preview:-1\" \/>\n<link rel=\"canonical\" href=\"https:\/\/ccscleaning.com\/pl\/office-cleaning-case-study\/\" \/>\n<meta property=\"og:locale\" content=\"pl_PL\" \/>\n<meta property=\"og:type\" content=\"article\" \/>\n<meta property=\"og:title\" content=\"Studium Przypadku Dotycz\u0105ce Czyszczenia Handlowych | CCS\" \/>\n<meta property=\"og:description\" content=\"Podane studium przypadku pokazuje, w jaki spos\u00f3b nasze czyszczenia handlowych us\u0142ugi pomog\u0142y naszemu klientowi zmniejszy\u0107 dzienny bud\u017cet na sprz\u0105tanie. Szukasz us\u0142ug sprz\u0105tania swojego biura lub budynku? Skontaktuj si\u0119 z nami ju\u017c teraz!\" \/>\n<meta property=\"og:url\" content=\"https:\/\/ccscleaning.com\/pl\/office-cleaning-case-study\/\" \/>\n<meta property=\"og:site_name\" content=\"CCS Cleaning Poland\" \/>\n<meta property=\"article:modified_time\" content=\"2025-08-19T08:10:24+00:00\" \/>\n<meta property=\"og:image\" content=\"https:\/\/ccscleaning.com\/pl\/wp-content\/uploads\/sites\/6\/2019\/11\/office-cleaning-case-study.jpg?x20396\" \/>\n<meta name=\"twitter:card\" content=\"summary_large_image\" \/>\n<meta name=\"twitter:label1\" content=\"Est. reading time\" \/>\n\t<meta name=\"twitter:data1\" content=\"8 minut\" \/>\n<!-- \/ Yoast SEO plugin. -->","yoast_head_json":{"title":"Studium Przypadku Dotycz\u0105ce Czyszczenia Handlowych | CCS","description":"Podane studium przypadku pokazuje, w jaki spos\u00f3b nasze czyszczenia handlowych us\u0142ugi pomog\u0142y naszemu klientowi zmniejszy\u0107 dzienny bud\u017cet na sprz\u0105tanie. Szukasz us\u0142ug sprz\u0105tania swojego biura lub budynku? Skontaktuj si\u0119 z nami ju\u017c teraz!","robots":{"index":"index","follow":"follow","max-snippet":"max-snippet:-1","max-image-preview":"max-image-preview:large","max-video-preview":"max-video-preview:-1"},"canonical":"https:\/\/ccscleaning.com\/pl\/office-cleaning-case-study\/","og_locale":"pl_PL","og_type":"article","og_title":"Studium Przypadku Dotycz\u0105ce Czyszczenia Handlowych | CCS","og_description":"Podane studium przypadku pokazuje, w jaki spos\u00f3b nasze czyszczenia handlowych us\u0142ugi pomog\u0142y naszemu klientowi zmniejszy\u0107 dzienny bud\u017cet na sprz\u0105tanie. Szukasz us\u0142ug sprz\u0105tania swojego biura lub budynku? Skontaktuj si\u0119 z nami ju\u017c teraz!","og_url":"https:\/\/ccscleaning.com\/pl\/office-cleaning-case-study\/","og_site_name":"CCS Cleaning Poland","article_modified_time":"2025-08-19T08:10:24+00:00","og_image":[{"url":"https:\/\/ccscleaning.com\/pl\/wp-content\/uploads\/sites\/6\/2019\/11\/office-cleaning-case-study.jpg?x20396","type":"","width":"","height":""}],"twitter_card":"summary_large_image","twitter_misc":{"Est. reading time":"8 minut"},"schema":{"@context":"https:\/\/schema.org","@graph":[{"@type":"WebPage","@id":"https:\/\/ccscleaning.com\/pl\/office-cleaning-case-study\/","url":"https:\/\/ccscleaning.com\/pl\/office-cleaning-case-study\/","name":"Studium Przypadku Dotycz\u0105ce Czyszczenia Handlowych | CCS","isPartOf":{"@id":"https:\/\/ccscleaning.com\/pl\/#website"},"primaryImageOfPage":{"@id":"https:\/\/ccscleaning.com\/pl\/office-cleaning-case-study\/#primaryimage"},"image":{"@id":"https:\/\/ccscleaning.com\/pl\/office-cleaning-case-study\/#primaryimage"},"thumbnailUrl":"https:\/\/ccscleaning.com\/pl\/wp-content\/uploads\/sites\/6\/2019\/11\/office-cleaning-case-study.jpg?x20396","datePublished":"2019-07-29T12:42:28+00:00","dateModified":"2025-08-19T08:10:24+00:00","description":"Podane studium przypadku pokazuje, w jaki spos\u00f3b nasze czyszczenia handlowych us\u0142ugi pomog\u0142y naszemu klientowi zmniejszy\u0107 dzienny bud\u017cet na sprz\u0105tanie. Szukasz us\u0142ug sprz\u0105tania swojego biura lub budynku? Skontaktuj si\u0119 z nami ju\u017c teraz!","breadcrumb":{"@id":"https:\/\/ccscleaning.com\/pl\/office-cleaning-case-study\/#breadcrumb"},"inLanguage":"pl-PL","potentialAction":[{"@type":"ReadAction","target":["https:\/\/ccscleaning.com\/pl\/office-cleaning-case-study\/"]}]},{"@type":"ImageObject","inLanguage":"pl-PL","@id":"https:\/\/ccscleaning.com\/pl\/office-cleaning-case-study\/#primaryimage","url":"https:\/\/ccscleaning.com\/pl\/wp-content\/uploads\/sites\/6\/2019\/11\/office-cleaning-case-study.jpg?x20396","contentUrl":"https:\/\/ccscleaning.com\/pl\/wp-content\/uploads\/sites\/6\/2019\/11\/office-cleaning-case-study.jpg?x20396"},{"@type":"BreadcrumbList","@id":"https:\/\/ccscleaning.com\/pl\/office-cleaning-case-study\/#breadcrumb","itemListElement":[{"@type":"ListItem","position":1,"name":"Strona g\u0142\u00f3wna","item":"https:\/\/ccscleaning.com\/pl\/"},{"@type":"ListItem","position":2,"name":"Office Cleaning Case Study"}]},{"@type":"WebSite","@id":"https:\/\/ccscleaning.com\/pl\/#website","url":"https:\/\/ccscleaning.com\/pl\/","name":"CCS Cleaning Poland","description":"","potentialAction":[{"@type":"SearchAction","target":{"@type":"EntryPoint","urlTemplate":"https:\/\/ccscleaning.com\/pl\/?s={search_term_string}"},"query-input":{"@type":"PropertyValueSpecification","valueRequired":true,"valueName":"search_term_string"}}],"inLanguage":"pl-PL"}]}},"acf":[],"_links":{"self":[{"href":"https:\/\/ccscleaning.com\/pl\/wp-json\/wp\/v2\/pages\/3570","targetHints":{"allow":["GET"]}}],"collection":[{"href":"https:\/\/ccscleaning.com\/pl\/wp-json\/wp\/v2\/pages"}],"about":[{"href":"https:\/\/ccscleaning.com\/pl\/wp-json\/wp\/v2\/types\/page"}],"author":[{"embeddable":true,"href":"https:\/\/ccscleaning.com\/pl\/wp-json\/wp\/v2\/users\/1"}],"replies":[{"embeddable":true,"href":"https:\/\/ccscleaning.com\/pl\/wp-json\/wp\/v2\/comments?post=3570"}],"version-history":[{"count":5,"href":"https:\/\/ccscleaning.com\/pl\/wp-json\/wp\/v2\/pages\/3570\/revisions"}],"predecessor-version":[{"id":7136,"href":"https:\/\/ccscleaning.com\/pl\/wp-json\/wp\/v2\/pages\/3570\/revisions\/7136"}],"wp:attachment":[{"href":"https:\/\/ccscleaning.com\/pl\/wp-json\/wp\/v2\/media?parent=3570"}],"curies":[{"name":"wp","href":"https:\/\/api.w.org\/{rel}","templated":true}]}}