{"id":3619,"date":"2019-07-30T09:15:53","date_gmt":"2019-07-30T09:15:53","guid":{"rendered":"https:\/\/ccscleaning.com\/?page_id=3619"},"modified":"2025-08-19T08:10:24","modified_gmt":"2025-08-19T08:10:24","slug":"audits","status":"publish","type":"page","link":"https:\/\/ccscleaning.com\/pl\/audits\/","title":{"rendered":"Audyty"},"content":{"rendered":"","protected":false},"excerpt":{"rendered":"","protected":false},"author":1,"featured_media":0,"parent":0,"menu_order":0,"comment_status":"closed","ping_status":"closed","template":"page-templates\/page-solutions-audits.php","meta":{"footnotes":""},"class_list":["post-3619","page","type-page","status-publish","hentry"],"yoast_head":"<!-- This site is optimized with the Yoast SEO plugin v27.1.1 - https:\/\/yoast.com\/product\/yoast-seo-wordpress\/ -->\n<title>Zespo\u0142y Audytu CCS | Audyt Us\u0142ugi Sprz\u0105tania<\/title>\n<meta name=\"description\" content=\"Zespo\u0142y audytu CCS wsp\u00f3\u0142pracuj\u0105 z klientami, oferuj\u0105c wskaz\u00f3wki i wsparcie. Zapewniaj\u0105 r\u00f3wnie\u017c wysok\u0105 jako\u015b\u0107 czyszczenia dla swojego rodzaju dzia\u0142alno\u015bci.\" \/>\n<meta name=\"robots\" content=\"index, follow, max-snippet:-1, max-image-preview:large, max-video-preview:-1\" \/>\n<link rel=\"canonical\" href=\"https:\/\/ccscleaning.com\/pl\/audits\/\" \/>\n<meta property=\"og:locale\" content=\"pl_PL\" \/>\n<meta property=\"og:type\" content=\"article\" \/>\n<meta property=\"og:title\" content=\"Zespo\u0142y Audytu CCS | Audyt Us\u0142ugi Sprz\u0105tania\" \/>\n<meta property=\"og:description\" content=\"Zespo\u0142y audytu CCS wsp\u00f3\u0142pracuj\u0105 z klientami, oferuj\u0105c wskaz\u00f3wki i wsparcie. Zapewniaj\u0105 r\u00f3wnie\u017c wysok\u0105 jako\u015b\u0107 czyszczenia dla swojego rodzaju dzia\u0142alno\u015bci.\" \/>\n<meta property=\"og:url\" content=\"https:\/\/ccscleaning.com\/pl\/audits\/\" \/>\n<meta property=\"og:site_name\" content=\"CCS Cleaning Poland\" \/>\n<meta property=\"article:modified_time\" content=\"2025-08-19T08:10:24+00:00\" \/>\n<meta name=\"twitter:card\" content=\"summary_large_image\" \/>\n<!-- \/ Yoast SEO plugin. -->","yoast_head_json":{"title":"Zespo\u0142y Audytu CCS | Audyt Us\u0142ugi Sprz\u0105tania","description":"Zespo\u0142y audytu CCS wsp\u00f3\u0142pracuj\u0105 z klientami, oferuj\u0105c wskaz\u00f3wki i wsparcie. Zapewniaj\u0105 r\u00f3wnie\u017c wysok\u0105 jako\u015b\u0107 czyszczenia dla swojego rodzaju dzia\u0142alno\u015bci.","robots":{"index":"index","follow":"follow","max-snippet":"max-snippet:-1","max-image-preview":"max-image-preview:large","max-video-preview":"max-video-preview:-1"},"canonical":"https:\/\/ccscleaning.com\/pl\/audits\/","og_locale":"pl_PL","og_type":"article","og_title":"Zespo\u0142y Audytu CCS | Audyt Us\u0142ugi Sprz\u0105tania","og_description":"Zespo\u0142y audytu CCS wsp\u00f3\u0142pracuj\u0105 z klientami, oferuj\u0105c wskaz\u00f3wki i wsparcie. Zapewniaj\u0105 r\u00f3wnie\u017c wysok\u0105 jako\u015b\u0107 czyszczenia dla swojego rodzaju dzia\u0142alno\u015bci.","og_url":"https:\/\/ccscleaning.com\/pl\/audits\/","og_site_name":"CCS Cleaning Poland","article_modified_time":"2025-08-19T08:10:24+00:00","twitter_card":"summary_large_image","schema":{"@context":"https:\/\/schema.org","@graph":[{"@type":"WebPage","@id":"https:\/\/ccscleaning.com\/pl\/audits\/","url":"https:\/\/ccscleaning.com\/pl\/audits\/","name":"Zespo\u0142y Audytu CCS | Audyt Us\u0142ugi Sprz\u0105tania","isPartOf":{"@id":"https:\/\/ccscleaning.com\/pl\/#website"},"datePublished":"2019-07-30T09:15:53+00:00","dateModified":"2025-08-19T08:10:24+00:00","description":"Zespo\u0142y audytu CCS wsp\u00f3\u0142pracuj\u0105 z klientami, oferuj\u0105c wskaz\u00f3wki i wsparcie. Zapewniaj\u0105 r\u00f3wnie\u017c wysok\u0105 jako\u015b\u0107 czyszczenia dla swojego rodzaju dzia\u0142alno\u015bci.","breadcrumb":{"@id":"https:\/\/ccscleaning.com\/pl\/audits\/#breadcrumb"},"inLanguage":"pl-PL","potentialAction":[{"@type":"ReadAction","target":["https:\/\/ccscleaning.com\/pl\/audits\/"]}]},{"@type":"BreadcrumbList","@id":"https:\/\/ccscleaning.com\/pl\/audits\/#breadcrumb","itemListElement":[{"@type":"ListItem","position":1,"name":"Strona g\u0142\u00f3wna","item":"https:\/\/ccscleaning.com\/pl\/"},{"@type":"ListItem","position":2,"name":"Audyty"}]},{"@type":"WebSite","@id":"https:\/\/ccscleaning.com\/pl\/#website","url":"https:\/\/ccscleaning.com\/pl\/","name":"CCS Cleaning Poland","description":"","potentialAction":[{"@type":"SearchAction","target":{"@type":"EntryPoint","urlTemplate":"https:\/\/ccscleaning.com\/pl\/?s={search_term_string}"},"query-input":{"@type":"PropertyValueSpecification","valueRequired":true,"valueName":"search_term_string"}}],"inLanguage":"pl-PL"}]}},"acf":[],"_links":{"self":[{"href":"https:\/\/ccscleaning.com\/pl\/wp-json\/wp\/v2\/pages\/3619","targetHints":{"allow":["GET"]}}],"collection":[{"href":"https:\/\/ccscleaning.com\/pl\/wp-json\/wp\/v2\/pages"}],"about":[{"href":"https:\/\/ccscleaning.com\/pl\/wp-json\/wp\/v2\/types\/page"}],"author":[{"embeddable":true,"href":"https:\/\/ccscleaning.com\/pl\/wp-json\/wp\/v2\/users\/1"}],"replies":[{"embeddable":true,"href":"https:\/\/ccscleaning.com\/pl\/wp-json\/wp\/v2\/comments?post=3619"}],"version-history":[{"count":5,"href":"https:\/\/ccscleaning.com\/pl\/wp-json\/wp\/v2\/pages\/3619\/revisions"}],"predecessor-version":[{"id":7112,"href":"https:\/\/ccscleaning.com\/pl\/wp-json\/wp\/v2\/pages\/3619\/revisions\/7112"}],"wp:attachment":[{"href":"https:\/\/ccscleaning.com\/pl\/wp-json\/wp\/v2\/media?parent=3619"}],"curies":[{"name":"wp","href":"https:\/\/api.w.org\/{rel}","templated":true}]}}