{"id":3623,"date":"2019-07-30T09:28:15","date_gmt":"2019-07-30T09:28:15","guid":{"rendered":"https:\/\/ccscleaning.com\/?page_id=3623"},"modified":"2025-08-19T08:10:24","modified_gmt":"2025-08-19T08:10:24","slug":"compliance","status":"publish","type":"page","link":"https:\/\/ccscleaning.com\/pl\/compliance\/","title":{"rendered":"Zgodno\u015b\u0107"},"content":{"rendered":"","protected":false},"excerpt":{"rendered":"","protected":false},"author":1,"featured_media":0,"parent":0,"menu_order":0,"comment_status":"closed","ping_status":"closed","template":"page-templates\/page-solution.php","meta":{"footnotes":""},"class_list":["post-3623","page","type-page","status-publish","hentry"],"yoast_head":"<!-- This site is optimized with the Yoast SEO plugin v27.1.1 - https:\/\/yoast.com\/product\/yoast-seo-wordpress\/ -->\n<title>Zgodno\u015b\u0107 z CCS<\/title>\n<meta name=\"description\" content=\"CCS to firma posiadaj\u0105ca certyfikat ISO, zachowuj\u0105ca wszystkie mi\u0119dzynarodowe standardy dotycz\u0105ce zatrudnienia i klient\u00f3w. Skontaktuj si\u0119 z CCS ju\u017c dzi\u015b!\" \/>\n<meta name=\"robots\" content=\"index, follow, max-snippet:-1, max-image-preview:large, max-video-preview:-1\" \/>\n<link rel=\"canonical\" href=\"https:\/\/ccscleaning.com\/pl\/compliance\/\" \/>\n<meta property=\"og:locale\" content=\"pl_PL\" \/>\n<meta property=\"og:type\" content=\"article\" \/>\n<meta property=\"og:title\" content=\"Zgodno\u015b\u0107 z CCS\" \/>\n<meta property=\"og:description\" content=\"CCS to firma posiadaj\u0105ca certyfikat ISO, zachowuj\u0105ca wszystkie mi\u0119dzynarodowe standardy dotycz\u0105ce zatrudnienia i klient\u00f3w. Skontaktuj si\u0119 z CCS ju\u017c dzi\u015b!\" \/>\n<meta property=\"og:url\" content=\"https:\/\/ccscleaning.com\/pl\/compliance\/\" \/>\n<meta property=\"og:site_name\" content=\"CCS Cleaning Poland\" \/>\n<meta property=\"article:modified_time\" content=\"2025-08-19T08:10:24+00:00\" \/>\n<meta name=\"twitter:card\" content=\"summary_large_image\" \/>\n<!-- \/ Yoast SEO plugin. -->","yoast_head_json":{"title":"Zgodno\u015b\u0107 z CCS","description":"CCS to firma posiadaj\u0105ca certyfikat ISO, zachowuj\u0105ca wszystkie mi\u0119dzynarodowe standardy dotycz\u0105ce zatrudnienia i klient\u00f3w. Skontaktuj si\u0119 z CCS ju\u017c dzi\u015b!","robots":{"index":"index","follow":"follow","max-snippet":"max-snippet:-1","max-image-preview":"max-image-preview:large","max-video-preview":"max-video-preview:-1"},"canonical":"https:\/\/ccscleaning.com\/pl\/compliance\/","og_locale":"pl_PL","og_type":"article","og_title":"Zgodno\u015b\u0107 z CCS","og_description":"CCS to firma posiadaj\u0105ca certyfikat ISO, zachowuj\u0105ca wszystkie mi\u0119dzynarodowe standardy dotycz\u0105ce zatrudnienia i klient\u00f3w. Skontaktuj si\u0119 z CCS ju\u017c dzi\u015b!","og_url":"https:\/\/ccscleaning.com\/pl\/compliance\/","og_site_name":"CCS Cleaning Poland","article_modified_time":"2025-08-19T08:10:24+00:00","twitter_card":"summary_large_image","schema":{"@context":"https:\/\/schema.org","@graph":[{"@type":"WebPage","@id":"https:\/\/ccscleaning.com\/pl\/compliance\/","url":"https:\/\/ccscleaning.com\/pl\/compliance\/","name":"Zgodno\u015b\u0107 z CCS","isPartOf":{"@id":"https:\/\/ccscleaning.com\/pl\/#website"},"datePublished":"2019-07-30T09:28:15+00:00","dateModified":"2025-08-19T08:10:24+00:00","description":"CCS to firma posiadaj\u0105ca certyfikat ISO, zachowuj\u0105ca wszystkie mi\u0119dzynarodowe standardy dotycz\u0105ce zatrudnienia i klient\u00f3w. Skontaktuj si\u0119 z CCS ju\u017c dzi\u015b!","breadcrumb":{"@id":"https:\/\/ccscleaning.com\/pl\/compliance\/#breadcrumb"},"inLanguage":"pl-PL","potentialAction":[{"@type":"ReadAction","target":["https:\/\/ccscleaning.com\/pl\/compliance\/"]}]},{"@type":"BreadcrumbList","@id":"https:\/\/ccscleaning.com\/pl\/compliance\/#breadcrumb","itemListElement":[{"@type":"ListItem","position":1,"name":"Strona g\u0142\u00f3wna","item":"https:\/\/ccscleaning.com\/pl\/"},{"@type":"ListItem","position":2,"name":"Zgodno\u015b\u0107"}]},{"@type":"WebSite","@id":"https:\/\/ccscleaning.com\/pl\/#website","url":"https:\/\/ccscleaning.com\/pl\/","name":"CCS Cleaning Poland","description":"","potentialAction":[{"@type":"SearchAction","target":{"@type":"EntryPoint","urlTemplate":"https:\/\/ccscleaning.com\/pl\/?s={search_term_string}"},"query-input":{"@type":"PropertyValueSpecification","valueRequired":true,"valueName":"search_term_string"}}],"inLanguage":"pl-PL"}]}},"acf":[],"_links":{"self":[{"href":"https:\/\/ccscleaning.com\/pl\/wp-json\/wp\/v2\/pages\/3623","targetHints":{"allow":["GET"]}}],"collection":[{"href":"https:\/\/ccscleaning.com\/pl\/wp-json\/wp\/v2\/pages"}],"about":[{"href":"https:\/\/ccscleaning.com\/pl\/wp-json\/wp\/v2\/types\/page"}],"author":[{"embeddable":true,"href":"https:\/\/ccscleaning.com\/pl\/wp-json\/wp\/v2\/users\/1"}],"replies":[{"embeddable":true,"href":"https:\/\/ccscleaning.com\/pl\/wp-json\/wp\/v2\/comments?post=3623"}],"version-history":[{"count":4,"href":"https:\/\/ccscleaning.com\/pl\/wp-json\/wp\/v2\/pages\/3623\/revisions"}],"predecessor-version":[{"id":7113,"href":"https:\/\/ccscleaning.com\/pl\/wp-json\/wp\/v2\/pages\/3623\/revisions\/7113"}],"wp:attachment":[{"href":"https:\/\/ccscleaning.com\/pl\/wp-json\/wp\/v2\/media?parent=3623"}],"curies":[{"name":"wp","href":"https:\/\/api.w.org\/{rel}","templated":true}]}}