{"id":3647,"date":"2019-07-30T10:47:38","date_gmt":"2019-07-30T10:47:38","guid":{"rendered":"https:\/\/ccscleaning.com\/?page_id=3647"},"modified":"2025-08-19T08:10:23","modified_gmt":"2025-08-19T08:10:23","slug":"local-green-initiatives","status":"publish","type":"page","link":"https:\/\/ccscleaning.com\/pl\/local-green-initiatives\/","title":{"rendered":"Local Green Initiatives"},"content":{"rendered":"","protected":false},"excerpt":{"rendered":"","protected":false},"author":1,"featured_media":0,"parent":0,"menu_order":0,"comment_status":"closed","ping_status":"closed","template":"page-templates\/page-csr-inner.php","meta":{"footnotes":""},"class_list":["post-3647","page","type-page","status-publish","hentry"],"yoast_head":"<!-- This site is optimized with the Yoast SEO plugin v27.1.1 - https:\/\/yoast.com\/product\/yoast-seo-wordpress\/ -->\n<title>CCS - Lokalne Zielone Inicjatywy<\/title>\n<meta name=\"description\" content=\"Pozytywny wk\u0142ad CCS w spo\u0142eczno\u015bci za wprowadzanie ekologicznych inicjatyw poprzez sadzenie drzew na zewn\u0105trz pomieszcze\u0144 biurowych lub wsp\u00f3\u0142prac\u0119 z organizacjami wybrze\u017cy w celu czyszczenia pla\u017cy.\" \/>\n<meta name=\"robots\" content=\"index, follow, max-snippet:-1, max-image-preview:large, max-video-preview:-1\" \/>\n<link rel=\"canonical\" href=\"https:\/\/ccscleaning.com\/pl\/local-green-initiatives\/\" \/>\n<meta property=\"og:locale\" content=\"pl_PL\" \/>\n<meta property=\"og:type\" content=\"article\" \/>\n<meta property=\"og:title\" content=\"CCS - Lokalne Zielone Inicjatywy\" \/>\n<meta property=\"og:description\" content=\"Pozytywny wk\u0142ad CCS w spo\u0142eczno\u015bci za wprowadzanie ekologicznych inicjatyw poprzez sadzenie drzew na zewn\u0105trz pomieszcze\u0144 biurowych lub wsp\u00f3\u0142prac\u0119 z organizacjami wybrze\u017cy w celu czyszczenia pla\u017cy.\" \/>\n<meta property=\"og:url\" content=\"https:\/\/ccscleaning.com\/pl\/local-green-initiatives\/\" \/>\n<meta property=\"og:site_name\" content=\"CCS Cleaning Poland\" \/>\n<meta property=\"article:modified_time\" content=\"2025-08-19T08:10:23+00:00\" \/>\n<meta name=\"twitter:card\" content=\"summary_large_image\" \/>\n<!-- \/ Yoast SEO plugin. -->","yoast_head_json":{"title":"CCS - Lokalne Zielone Inicjatywy","description":"Pozytywny wk\u0142ad CCS w spo\u0142eczno\u015bci za wprowadzanie ekologicznych inicjatyw poprzez sadzenie drzew na zewn\u0105trz pomieszcze\u0144 biurowych lub wsp\u00f3\u0142prac\u0119 z organizacjami wybrze\u017cy w celu czyszczenia pla\u017cy.","robots":{"index":"index","follow":"follow","max-snippet":"max-snippet:-1","max-image-preview":"max-image-preview:large","max-video-preview":"max-video-preview:-1"},"canonical":"https:\/\/ccscleaning.com\/pl\/local-green-initiatives\/","og_locale":"pl_PL","og_type":"article","og_title":"CCS - Lokalne Zielone Inicjatywy","og_description":"Pozytywny wk\u0142ad CCS w spo\u0142eczno\u015bci za wprowadzanie ekologicznych inicjatyw poprzez sadzenie drzew na zewn\u0105trz pomieszcze\u0144 biurowych lub wsp\u00f3\u0142prac\u0119 z organizacjami wybrze\u017cy w celu czyszczenia pla\u017cy.","og_url":"https:\/\/ccscleaning.com\/pl\/local-green-initiatives\/","og_site_name":"CCS Cleaning Poland","article_modified_time":"2025-08-19T08:10:23+00:00","twitter_card":"summary_large_image","schema":{"@context":"https:\/\/schema.org","@graph":[{"@type":"WebPage","@id":"https:\/\/ccscleaning.com\/pl\/local-green-initiatives\/","url":"https:\/\/ccscleaning.com\/pl\/local-green-initiatives\/","name":"CCS - Lokalne Zielone Inicjatywy","isPartOf":{"@id":"https:\/\/ccscleaning.com\/pl\/#website"},"datePublished":"2019-07-30T10:47:38+00:00","dateModified":"2025-08-19T08:10:23+00:00","description":"Pozytywny wk\u0142ad CCS w spo\u0142eczno\u015bci za wprowadzanie ekologicznych inicjatyw poprzez sadzenie drzew na zewn\u0105trz pomieszcze\u0144 biurowych lub wsp\u00f3\u0142prac\u0119 z organizacjami wybrze\u017cy w celu czyszczenia pla\u017cy.","breadcrumb":{"@id":"https:\/\/ccscleaning.com\/pl\/local-green-initiatives\/#breadcrumb"},"inLanguage":"pl-PL","potentialAction":[{"@type":"ReadAction","target":["https:\/\/ccscleaning.com\/pl\/local-green-initiatives\/"]}]},{"@type":"BreadcrumbList","@id":"https:\/\/ccscleaning.com\/pl\/local-green-initiatives\/#breadcrumb","itemListElement":[{"@type":"ListItem","position":1,"name":"Strona g\u0142\u00f3wna","item":"https:\/\/ccscleaning.com\/pl\/"},{"@type":"ListItem","position":2,"name":"Local Green Initiatives"}]},{"@type":"WebSite","@id":"https:\/\/ccscleaning.com\/pl\/#website","url":"https:\/\/ccscleaning.com\/pl\/","name":"CCS Cleaning Poland","description":"","potentialAction":[{"@type":"SearchAction","target":{"@type":"EntryPoint","urlTemplate":"https:\/\/ccscleaning.com\/pl\/?s={search_term_string}"},"query-input":{"@type":"PropertyValueSpecification","valueRequired":true,"valueName":"search_term_string"}}],"inLanguage":"pl-PL"}]}},"acf":[],"_links":{"self":[{"href":"https:\/\/ccscleaning.com\/pl\/wp-json\/wp\/v2\/pages\/3647","targetHints":{"allow":["GET"]}}],"collection":[{"href":"https:\/\/ccscleaning.com\/pl\/wp-json\/wp\/v2\/pages"}],"about":[{"href":"https:\/\/ccscleaning.com\/pl\/wp-json\/wp\/v2\/types\/page"}],"author":[{"embeddable":true,"href":"https:\/\/ccscleaning.com\/pl\/wp-json\/wp\/v2\/users\/1"}],"replies":[{"embeddable":true,"href":"https:\/\/ccscleaning.com\/pl\/wp-json\/wp\/v2\/comments?post=3647"}],"version-history":[{"count":3,"href":"https:\/\/ccscleaning.com\/pl\/wp-json\/wp\/v2\/pages\/3647\/revisions"}],"predecessor-version":[{"id":7038,"href":"https:\/\/ccscleaning.com\/pl\/wp-json\/wp\/v2\/pages\/3647\/revisions\/7038"}],"wp:attachment":[{"href":"https:\/\/ccscleaning.com\/pl\/wp-json\/wp\/v2\/media?parent=3647"}],"curies":[{"name":"wp","href":"https:\/\/api.w.org\/{rel}","templated":true}]}}